{"id":6967,"date":"2024-10-11T12:12:26","date_gmt":"2024-10-11T12:12:26","guid":{"rendered":"https:\/\/festiwalrymkiewiczowski.pl\/?page_id=6967"},"modified":"2024-10-16T09:58:15","modified_gmt":"2024-10-16T09:58:15","slug":"teatr-program","status":"publish","type":"page","link":"https:\/\/festiwalrymkiewiczowski.pl\/en\/teatr-program\/","title":{"rendered":"Teatr &#8211; program"},"content":{"rendered":"<div data-elementor-type=\"wp-page\" data-elementor-id=\"6967\" class=\"elementor elementor-6967\">\n\t\t\t\t\t\t<section class=\"elementor-section elementor-top-section elementor-element elementor-element-10e98d0 elementor-section-stretched elementor-section-boxed elementor-section-height-default elementor-section-height-default\" data-id=\"10e98d0\" data-element_type=\"section\" data-settings=\"{&quot;stretch_section&quot;:&quot;section-stretched&quot;,&quot;background_background&quot;:&quot;classic&quot;}\">\n\t\t\t\t\t\t\t<div class=\"elementor-background-overlay\"><\/div>\n\t\t\t\t\t\t\t<div class=\"elementor-container elementor-column-gap-default\">\n\t\t\t\t\t<div class=\"aux-parallax-section elementor-column elementor-col-100 elementor-top-column elementor-element elementor-element-da374f1\" data-id=\"da374f1\" data-element_type=\"column\">\n\t\t\t<div class=\"elementor-widget-wrap elementor-element-populated\">\n\t\t\t\t\t\t<div class=\"elementor-element elementor-element-4d9fcf0 elementor-invisible elementor-widget elementor-widget-text-editor\" data-id=\"4d9fcf0\" data-element_type=\"widget\" data-settings=\"{&quot;_animation&quot;:&quot;fadeIn&quot;}\" data-widget_type=\"text-editor.default\">\n\t\t\t\t<div class=\"elementor-widget-container\">\n\t\t\t\t\t\t\t\t\tTeatr\t\t\t\t\t\t\t\t<\/div>\n\t\t\t\t<\/div>\n\t\t\t\t\t<\/div>\n\t\t<\/div>\n\t\t\t\t\t<\/div>\n\t\t<\/section>\n\t\t\t\t<section class=\"elementor-section elementor-top-section elementor-element elementor-element-c1c8ba0 elementor-section-stretched elementor-section-boxed elementor-section-height-default elementor-section-height-default\" data-id=\"c1c8ba0\" data-element_type=\"section\" data-settings=\"{&quot;stretch_section&quot;:&quot;section-stretched&quot;,&quot;background_background&quot;:&quot;classic&quot;}\">\n\t\t\t\t\t\t\t<div class=\"elementor-background-overlay\"><\/div>\n\t\t\t\t\t\t\t<div class=\"elementor-container elementor-column-gap-default\">\n\t\t\t\t\t<div class=\"aux-parallax-section elementor-column elementor-col-50 elementor-top-column elementor-element elementor-element-eab93e1\" data-id=\"eab93e1\" data-element_type=\"column\">\n\t\t\t<div class=\"elementor-widget-wrap elementor-element-populated\">\n\t\t\t\t\t\t<div class=\"elementor-element elementor-element-ddf0157 elementor-invisible elementor-widget elementor-widget-text-editor\" data-id=\"ddf0157\" data-element_type=\"widget\" data-settings=\"{&quot;_animation&quot;:&quot;fadeInLeft&quot;}\" data-widget_type=\"text-editor.default\">\n\t\t\t\t<div class=\"elementor-widget-container\">\n\t\t\t\t\t\t\t\t\tSortuj<br>tematycznie:\t\t\t\t\t\t\t\t<\/div>\n\t\t\t\t<\/div>\n\t\t\t\t<div class=\"elementor-element elementor-element-e4c95ba elementor-widget__width-initial elementor-widget-mobile__width-initial elementor-invisible elementor-widget elementor-widget-aux_menu_box\" data-id=\"e4c95ba\" data-element_type=\"widget\" data-settings=\"{&quot;_animation&quot;:&quot;fadeInLeft&quot;}\" data-widget_type=\"aux_menu_box.default\">\n\t\t\t\t<div class=\"elementor-widget-container\">\n\t\t\t\t\t<div class=\"aux-elementor-header-menu aux-nav-menu-element aux-nav-menu-element-e4c95ba\"><div class=\"aux-burger-box\" data-target-panel=\"toggle-bar\" data-target-content=\".elementor-element-e4c95ba .aux-master-menu\"><div class=\"aux-burger aux-custom-burger\"><\/div><\/div><!-- start master menu -->\n<nav id=\"master-menu-elementor-e4c95ba\" class=\"menu-program-2024-container\">\n\n\t<ul id=\"menu-program-2024\" class=\"aux-master-menu aux-no-js aux-skin-classic aux-vertical\" data-type=\"vertical\"  data-switch-type=\"toggle\" data-switch-parent=\".elementor-element-e4c95ba .aux-toggle-menu-bar\" data-switch-width=\"768\"  >\n\t\t<!-- start single menu -->\n\t\t<li id=\"menu-item-6999\" class=\"menu-item menu-item-type-post_type menu-item-object-page menu-item-6999 aux-menu-depth-0 aux-menu-root-1 aux-menu-item\">\n\t\t\t<a href=\"https:\/\/festiwalrymkiewiczowski.pl\/en\/filmy-program\/\" class=\"aux-item-content\">\n\t\t\t\t<span class=\"aux-menu-label\">Pokazy film\u00f3w<\/span>\n\t\t\t<\/a>\n\t\t<\/li>\n\t\t<!-- end single menu -->\n\t\t<!-- start single menu -->\n\t\t<li id=\"menu-item-7000\" class=\"menu-item menu-item-type-post_type menu-item-object-page menu-item-7000 aux-menu-depth-0 aux-menu-root-2 aux-menu-item\">\n\t\t\t<a href=\"https:\/\/festiwalrymkiewiczowski.pl\/en\/warsztaty-program\/\" class=\"aux-item-content\">\n\t\t\t\t<span class=\"aux-menu-label\">WORKSHOPS<\/span>\n\t\t\t<\/a>\n\t\t<\/li>\n\t\t<!-- end single menu -->\n\t\t<!-- start single menu -->\n\t\t<li id=\"menu-item-7001\" class=\"menu-item menu-item-type-post_type menu-item-object-page menu-item-7001 aux-menu-depth-0 aux-menu-root-3 aux-menu-item\">\n\t\t\t<a href=\"https:\/\/festiwalrymkiewiczowski.pl\/en\/wystawy-program\/\" class=\"aux-item-content\">\n\t\t\t\t<span class=\"aux-menu-label\">EXHIBITIONS<\/span>\n\t\t\t<\/a>\n\t\t<\/li>\n\t\t<!-- end single menu -->\n\t\t<!-- start single menu -->\n\t\t<li id=\"menu-item-7002\" class=\"menu-item menu-item-type-post_type menu-item-object-page menu-item-7002 aux-menu-depth-0 aux-menu-root-4 aux-menu-item\">\n\t\t\t<a href=\"https:\/\/festiwalrymkiewiczowski.pl\/en\/muzyka-program\/\" class=\"aux-item-content\">\n\t\t\t\t<span class=\"aux-menu-label\">Muzyka<\/span>\n\t\t\t<\/a>\n\t\t<\/li>\n\t\t<!-- end single menu -->\n\t\t<!-- start single menu -->\n\t\t<li id=\"menu-item-7003\" class=\"menu-item menu-item-type-post_type menu-item-object-page menu-item-7003 aux-menu-depth-0 aux-menu-root-5 aux-menu-item\">\n\t\t\t<a href=\"https:\/\/festiwalrymkiewiczowski.pl\/en\/debaty-program\/\" class=\"aux-item-content\">\n\t\t\t\t<span class=\"aux-menu-label\">Debaty \/ dyskusje<\/span>\n\t\t\t<\/a>\n\t\t<\/li>\n\t\t<!-- end single menu -->\n\t\t<!-- start single menu -->\n\t\t<li id=\"menu-item-7004\" class=\"menu-item menu-item-type-post_type menu-item-object-page menu-item-7004 aux-menu-depth-0 aux-menu-root-6 aux-menu-item\">\n\t\t\t<a href=\"https:\/\/festiwalrymkiewiczowski.pl\/en\/teatr-program\/\" class=\"aux-item-content\">\n\t\t\t\t<span class=\"aux-menu-label\">Teatr<\/span>\n\t\t\t<\/a>\n\t\t<\/li>\n\t\t<!-- end single menu -->\n\t<\/ul>\n\n<\/nav>\n<!-- end master menu -->\n<div class=\"aux-toggle-menu-bar\"><\/div><\/div><style>@media only screen and (min-width: 769px) { .elementor-element-e4c95ba .aux-burger-box { display: none } }<\/style>\t\t\t\t<\/div>\n\t\t\t\t<\/div>\n\t\t\t\t\t<\/div>\n\t\t<\/div>\n\t\t\t\t<div class=\"aux-parallax-section elementor-column elementor-col-50 elementor-top-column elementor-element elementor-element-e598560 elementor-invisible\" data-id=\"e598560\" data-element_type=\"column\" data-settings=\"{&quot;animation&quot;:&quot;fadeInRight&quot;}\">\n\t\t\t<div class=\"elementor-widget-wrap elementor-element-populated\">\n\t\t\t\t\t\t<section class=\"elementor-section elementor-inner-section elementor-element elementor-element-ce97da5 elementor-section-full_width elementor-section-content-middle elementor-section-height-default elementor-section-height-default\" data-id=\"ce97da5\" data-element_type=\"section\" data-settings=\"{&quot;background_background&quot;:&quot;classic&quot;}\">\n\t\t\t\t\t\t<div class=\"elementor-container elementor-column-gap-extended\">\n\t\t\t\t\t<div class=\"aux-parallax-section elementor-column elementor-col-50 elementor-inner-column elementor-element elementor-element-b7ccff2\" data-id=\"b7ccff2\" data-element_type=\"column\" data-settings=\"{&quot;background_background&quot;:&quot;classic&quot;}\">\n\t\t\t<div class=\"elementor-widget-wrap elementor-element-populated\">\n\t\t\t\t\t<div class=\"elementor-background-overlay\"><\/div>\n\t\t\t\t\t\t<div class=\"elementor-element elementor-element-0b2620e elementor-widget__width-initial elementor-widget elementor-widget-text-editor\" data-id=\"0b2620e\" data-element_type=\"widget\" data-widget_type=\"text-editor.default\">\n\t\t\t\t<div class=\"elementor-widget-container\">\n\t\t\t\t\t\t\t\t\t<p>30.10.2024<\/p>\t\t\t\t\t\t\t\t<\/div>\n\t\t\t\t<\/div>\n\t\t\t\t<div class=\"elementor-element elementor-element-7a041d8 elementor-widget elementor-widget-text-editor\" data-id=\"7a041d8\" data-element_type=\"widget\" data-widget_type=\"text-editor.default\">\n\t\t\t\t<div class=\"elementor-widget-container\">\n\t\t\t\t\t\t\t\t\t<div class=\"elementor-element elementor-element-cdb0825 elementor-widget elementor-widget-text-editor animated fadeInRight\" data-id=\"cdb0825\" data-element_type=\"widget\" data-settings=\"{&quot;_animation&quot;:&quot;fadeInRight&quot;}\" data-widget_type=\"text-editor.default\"><div class=\"elementor-widget-container\">Uniwersytet Warszawski, g. 18:30<\/div><\/div>\t\t\t\t\t\t\t\t<\/div>\n\t\t\t\t<\/div>\n\t\t\t\t<div class=\"elementor-element elementor-element-1f441ad elementor-absolute elementor-widget elementor-widget-aux_button\" data-id=\"1f441ad\" data-element_type=\"widget\" data-settings=\"{&quot;_position&quot;:&quot;absolute&quot;}\" data-widget_type=\"aux_button.default\">\n\t\t\t\t<div class=\"elementor-widget-container\">\n\t\t\t\t\t<a  href=\"https:\/\/festiwalrymkiewiczowski.pl\/en\/teatr-program\/\" target=\"_self\"   class=\"aux-button aux-tiny aux-masala aux-none aux-uppercase\" ><span class=\"aux-overlay\"><\/span><span class=\"aux-text\">TEATR<\/span><\/a>\t\t\t\t<\/div>\n\t\t\t\t<\/div>\n\t\t\t\t\t<\/div>\n\t\t<\/div>\n\t\t\t\t<div class=\"aux-parallax-section elementor-column elementor-col-50 elementor-inner-column elementor-element elementor-element-6eedc81\" data-id=\"6eedc81\" data-element_type=\"column\">\n\t\t\t<div class=\"elementor-widget-wrap elementor-element-populated\">\n\t\t\t\t\t\t<div class=\"elementor-element elementor-element-0472f0e elementor-widget elementor-widget-text-editor\" data-id=\"0472f0e\" data-element_type=\"widget\" data-settings=\"{&quot;_animation&quot;:&quot;none&quot;}\" data-widget_type=\"text-editor.default\">\n\t\t\t\t<div class=\"elementor-widget-container\">\n\t\t\t\t\t\t\t\t\tMickiewicz: Ksi\u0119gi narodu i pielgrzymstwa polskiego\u2026\t\t\t\t\t\t\t\t<\/div>\n\t\t\t\t<\/div>\n\t\t\t\t<div class=\"elementor-element elementor-element-8803fee elementor-widget elementor-widget-text-editor\" data-id=\"8803fee\" data-element_type=\"widget\" data-settings=\"{&quot;_animation&quot;:&quot;none&quot;}\" data-widget_type=\"text-editor.default\">\n\t\t\t\t<div class=\"elementor-widget-container\">\n\t\t\t\t\t\t\t\t\tCzytanie performatywne<br>\nw wykonaniu aktor\u00f3w Teatru Klasyki Polskiej\t\t\t\t\t\t\t\t<\/div>\n\t\t\t\t<\/div>\n\t\t\t\t<div class=\"elementor-element elementor-element-749d983 elementor-widget elementor-widget-image\" data-id=\"749d983\" data-element_type=\"widget\" data-widget_type=\"image.default\">\n\t\t\t\t<div class=\"elementor-widget-container\">\n\t\t\t\t\t\t\t\t\t\t\t\t\t\t\t<img fetchpriority=\"high\" decoding=\"async\" width=\"360\" height=\"147\" src=\"https:\/\/festiwalrymkiewiczowski.pl\/wp-content\/uploads\/2024\/10\/UW_white.svg\" class=\"attachment-full size-full wp-image-6760\" alt=\"\" \/>\t\t\t\t\t\t\t\t\t\t\t\t\t\t\t<\/div>\n\t\t\t\t<\/div>\n\t\t\t\t<div class=\"elementor-element elementor-element-babb439 elementor-invisible elementor-widget elementor-widget-aux_modern_button\" data-id=\"babb439\" data-element_type=\"widget\" data-settings=\"{&quot;_animation&quot;:&quot;fadeIn&quot;}\" data-widget_type=\"aux_modern_button.default\">\n\t\t\t\t<div class=\"elementor-widget-container\">\n\t\t\t\t\t    <div class=\"aux-modern-button-wrapper aux-modern-button-align-center\" >\n                    <a class=\"aux-modern-button aux-white aux-modern-button-md aux-modern-button-normal aux-modern-button-outline aux-icon-\" href=\"https:\/\/festiwalrymkiewiczowski.pl\/en\/ksieginarodu\/\">\n                <div class=\"aux-overlay\"><\/div>\n                                    <div class=\"aux-icon\">\n                                            <\/div>\n                                <div class=\"aux-text\">\n<span class=\"aux-text-before\">zobacz szczeg\u00f3\u0142y<\/span>                <\/div>\n            <\/a>\n            \n    <\/div>\n\n    \t\t\t\t<\/div>\n\t\t\t\t<\/div>\n\t\t\t\t\t<\/div>\n\t\t<\/div>\n\t\t\t\t\t<\/div>\n\t\t<\/section>\n\t\t\t\t<section class=\"elementor-section elementor-inner-section elementor-element elementor-element-4e6bc43 elementor-section-full_width elementor-section-content-middle elementor-section-height-default elementor-section-height-default\" data-id=\"4e6bc43\" data-element_type=\"section\" data-settings=\"{&quot;background_background&quot;:&quot;classic&quot;}\">\n\t\t\t\t\t\t<div class=\"elementor-container elementor-column-gap-extended\">\n\t\t\t\t\t<div class=\"aux-parallax-section elementor-column elementor-col-50 elementor-inner-column elementor-element elementor-element-5a6c0bf\" data-id=\"5a6c0bf\" data-element_type=\"column\" data-settings=\"{&quot;background_background&quot;:&quot;classic&quot;}\">\n\t\t\t<div class=\"elementor-widget-wrap elementor-element-populated\">\n\t\t\t\t\t<div class=\"elementor-background-overlay\"><\/div>\n\t\t\t\t\t\t<div class=\"elementor-element elementor-element-0073962 elementor-widget__width-initial elementor-widget elementor-widget-text-editor\" data-id=\"0073962\" data-element_type=\"widget\" data-widget_type=\"text-editor.default\">\n\t\t\t\t<div class=\"elementor-widget-container\">\n\t\t\t\t\t\t\t\t\t<p>31.10.2024<\/p>\t\t\t\t\t\t\t\t<\/div>\n\t\t\t\t<\/div>\n\t\t\t\t<div class=\"elementor-element elementor-element-19f2ac8 elementor-widget elementor-widget-text-editor\" data-id=\"19f2ac8\" data-element_type=\"widget\" data-widget_type=\"text-editor.default\">\n\t\t\t\t<div class=\"elementor-widget-container\">\n\t\t\t\t\t\t\t\t\t<div class=\"elementor-element elementor-element-cdb0825 elementor-widget elementor-widget-text-editor animated fadeInRight\" data-id=\"cdb0825\" data-element_type=\"widget\" data-settings=\"{&quot;_animation&quot;:&quot;fadeInRight&quot;}\" data-widget_type=\"text-editor.default\"><div class=\"elementor-widget-container\">Instytut Teatralny, g. 19:00<\/div><\/div>\t\t\t\t\t\t\t\t<\/div>\n\t\t\t\t<\/div>\n\t\t\t\t<div class=\"elementor-element elementor-element-0e75b62 elementor-absolute elementor-widget elementor-widget-aux_button\" data-id=\"0e75b62\" data-element_type=\"widget\" data-settings=\"{&quot;_position&quot;:&quot;absolute&quot;}\" data-widget_type=\"aux_button.default\">\n\t\t\t\t<div class=\"elementor-widget-container\">\n\t\t\t\t\t<a  href=\"https:\/\/festiwalrymkiewiczowski.pl\/en\/teatr-program\/\" target=\"_self\"   class=\"aux-button aux-tiny aux-masala aux-none aux-uppercase\" ><span class=\"aux-overlay\"><\/span><span class=\"aux-text\">TEATR<\/span><\/a>\t\t\t\t<\/div>\n\t\t\t\t<\/div>\n\t\t\t\t\t<\/div>\n\t\t<\/div>\n\t\t\t\t<div class=\"aux-parallax-section elementor-column elementor-col-50 elementor-inner-column elementor-element elementor-element-cdc461b\" data-id=\"cdc461b\" data-element_type=\"column\">\n\t\t\t<div class=\"elementor-widget-wrap elementor-element-populated\">\n\t\t\t\t\t\t<div class=\"elementor-element elementor-element-b56d16e elementor-widget elementor-widget-text-editor\" data-id=\"b56d16e\" data-element_type=\"widget\" data-settings=\"{&quot;_animation&quot;:&quot;none&quot;}\" data-widget_type=\"text-editor.default\">\n\t\t\t\t<div class=\"elementor-widget-container\">\n\t\t\t\t\t\t\t\t\tRymkiewicz: Porwanie Europy\t\t\t\t\t\t\t\t<\/div>\n\t\t\t\t<\/div>\n\t\t\t\t<div class=\"elementor-element elementor-element-bed2b18 elementor-widget elementor-widget-text-editor\" data-id=\"bed2b18\" data-element_type=\"widget\" data-settings=\"{&quot;_animation&quot;:&quot;none&quot;}\" data-widget_type=\"text-editor.default\">\n\t\t\t\t<div class=\"elementor-widget-container\">\n\t\t\t\t\t\t\t\t\tCzytanie performatywne w wykonaniu aktor\u00f3w Teatru Klasyki Polskiej\t\t\t\t\t\t\t\t<\/div>\n\t\t\t\t<\/div>\n\t\t\t\t<div class=\"elementor-element elementor-element-662a4ad elementor-widget elementor-widget-image\" data-id=\"662a4ad\" data-element_type=\"widget\" data-widget_type=\"image.default\">\n\t\t\t\t<div class=\"elementor-widget-container\">\n\t\t\t\t\t\t\t\t\t\t\t\t\t\t\t<img decoding=\"async\" width=\"68\" height=\"19\" src=\"https:\/\/festiwalrymkiewiczowski.pl\/wp-content\/uploads\/2023\/10\/IT_white.svg\" class=\"attachment-full size-full wp-image-2448\" alt=\"\" \/>\t\t\t\t\t\t\t\t\t\t\t\t\t\t\t<\/div>\n\t\t\t\t<\/div>\n\t\t\t\t<div class=\"elementor-element elementor-element-dcfa400 elementor-invisible elementor-widget elementor-widget-aux_modern_button\" data-id=\"dcfa400\" data-element_type=\"widget\" data-settings=\"{&quot;_animation&quot;:&quot;fadeIn&quot;}\" data-widget_type=\"aux_modern_button.default\">\n\t\t\t\t<div class=\"elementor-widget-container\">\n\t\t\t\t\t    <div class=\"aux-modern-button-wrapper aux-modern-button-align-center\" >\n                    <a class=\"aux-modern-button aux-white aux-modern-button-md aux-modern-button-normal aux-modern-button-outline aux-icon-\" href=\"https:\/\/festiwalrymkiewiczowski.pl\/en\/porwanieeuropy\/\">\n                <div class=\"aux-overlay\"><\/div>\n                                    <div class=\"aux-icon\">\n                                            <\/div>\n                                <div class=\"aux-text\">\n<span class=\"aux-text-before\">zobacz szczeg\u00f3\u0142y<\/span>                <\/div>\n            <\/a>\n            \n    <\/div>\n\n    \t\t\t\t<\/div>\n\t\t\t\t<\/div>\n\t\t\t\t\t<\/div>\n\t\t<\/div>\n\t\t\t\t\t<\/div>\n\t\t<\/section>\n\t\t\t\t\t<\/div>\n\t\t<\/div>\n\t\t\t\t\t<\/div>\n\t\t<\/section>\n\t\t\t\t<\/div>","protected":false},"excerpt":{"rendered":"<p>TeatrSortujtematycznie: Pokazy film\u00f3w Warsztaty Wystawy Muzyka Debaty \/ dyskusje Teatr 30.10.2024 Uniwersytet Warszawski, g. 18:30 TEATR Mickiewicz: Ksi\u0119gi narodu i pielgrzymstwa polskiego\u2026Czytanie performatywne w wykonaniu aktor\u00f3w Teatru Klasyki Polskiej zobacz szczeg\u00f3\u0142y 31.10.2024 Instytut Teatralny, g. 19:00 TEATR Rymkiewicz: Porwanie EuropyCzytanie performatywne w wykonaniu aktor\u00f3w Teatru Klasyki Polskiej zobacz szczeg\u00f3\u0142y<\/p>","protected":false},"author":1,"featured_media":0,"parent":0,"menu_order":0,"comment_status":"closed","ping_status":"closed","template":"","meta":{"_monsterinsights_skip_tracking":false,"_monsterinsights_sitenote_active":false,"_monsterinsights_sitenote_note":"","_monsterinsights_sitenote_category":0,"footnotes":""},"class_list":["post-6967","page","type-page","status-publish","hentry"],"_links":{"self":[{"href":"https:\/\/festiwalrymkiewiczowski.pl\/en\/wp-json\/wp\/v2\/pages\/6967","targetHints":{"allow":["GET"]}}],"collection":[{"href":"https:\/\/festiwalrymkiewiczowski.pl\/en\/wp-json\/wp\/v2\/pages"}],"about":[{"href":"https:\/\/festiwalrymkiewiczowski.pl\/en\/wp-json\/wp\/v2\/types\/page"}],"author":[{"embeddable":true,"href":"https:\/\/festiwalrymkiewiczowski.pl\/en\/wp-json\/wp\/v2\/users\/1"}],"replies":[{"embeddable":true,"href":"https:\/\/festiwalrymkiewiczowski.pl\/en\/wp-json\/wp\/v2\/comments?post=6967"}],"version-history":[{"count":13,"href":"https:\/\/festiwalrymkiewiczowski.pl\/en\/wp-json\/wp\/v2\/pages\/6967\/revisions"}],"predecessor-version":[{"id":7114,"href":"https:\/\/festiwalrymkiewiczowski.pl\/en\/wp-json\/wp\/v2\/pages\/6967\/revisions\/7114"}],"wp:attachment":[{"href":"https:\/\/festiwalrymkiewiczowski.pl\/en\/wp-json\/wp\/v2\/media?parent=6967"}],"curies":[{"name":"wp","href":"https:\/\/api.w.org\/{rel}","templated":true}]}}