{"id":6809,"date":"2024-10-08T10:06:48","date_gmt":"2024-10-08T10:06:48","guid":{"rendered":"https:\/\/festiwalrymkiewiczowski.pl\/?page_id=6809"},"modified":"2024-10-18T06:55:43","modified_gmt":"2024-10-18T06:55:43","slug":"calun","status":"publish","type":"page","link":"https:\/\/festiwalrymkiewiczowski.pl\/en\/calun\/","title":{"rendered":"Ca\u0142un &#8211; wystawa fotografii"},"content":{"rendered":"<div data-elementor-type=\"wp-page\" data-elementor-id=\"6809\" class=\"elementor elementor-6809\">\n\t\t\t\t\t\t<section class=\"elementor-section elementor-top-section elementor-element elementor-element-c8378e1 elementor-section-stretched elementor-section-boxed elementor-section-height-default elementor-section-height-default\" data-id=\"c8378e1\" data-element_type=\"section\" data-settings=\"{&quot;stretch_section&quot;:&quot;section-stretched&quot;,&quot;background_background&quot;:&quot;gradient&quot;}\">\n\t\t\t\t\t\t<div class=\"elementor-container elementor-column-gap-default\">\n\t\t\t\t\t<div class=\"aux-parallax-section elementor-column elementor-col-50 elementor-top-column elementor-element elementor-element-a04f1c6\" data-id=\"a04f1c6\" data-element_type=\"column\">\n\t\t\t<div class=\"elementor-widget-wrap elementor-element-populated\">\n\t\t\t\t\t\t<div class=\"elementor-element elementor-element-ff2fdd2 elementor-widget-tablet__width-initial elementor-invisible elementor-widget elementor-widget-image\" data-id=\"ff2fdd2\" data-element_type=\"widget\" data-settings=\"{&quot;_animation&quot;:&quot;fadeInLeft&quot;}\" data-widget_type=\"image.default\">\n\t\t\t\t<div class=\"elementor-widget-container\">\n\t\t\t\t\t\t\t\t\t\t\t\t\t\t\t\t<a href=\"https:\/\/festiwalrymkiewiczowski.pl\/wp-content\/uploads\/2024\/10\/Calun_2024.jpg\" data-elementor-open-lightbox=\"yes\" data-elementor-lightbox-title=\"Calun_2024\" data-e-action-hash=\"#elementor-action%3Aaction%3Dlightbox%26settings%3DeyJpZCI6NzA3MSwidXJsIjoiaHR0cHM6XC9cL2Zlc3Rpd2Fscnlta2lld2ljem93c2tpLnBsXC93cC1jb250ZW50XC91cGxvYWRzXC8yMDI0XC8xMFwvQ2FsdW5fMjAyNC5qcGcifQ%3D%3D\">\n\t\t\t\t\t\t\t<img decoding=\"async\" src=\"https:\/\/festiwalrymkiewiczowski.pl\/wp-content\/uploads\/2024\/10\/Calun_2024.jpg\" title=\"Calun_2024\" alt=\"Calun_2024\" loading=\"lazy\" \/>\t\t\t\t\t\t\t\t<\/a>\n\t\t\t\t\t\t\t\t\t\t\t\t\t\t\t<\/div>\n\t\t\t\t<\/div>\n\t\t\t\t\t<\/div>\n\t\t<\/div>\n\t\t\t\t<div class=\"aux-parallax-section elementor-column elementor-col-50 elementor-top-column elementor-element elementor-element-915fcd9\" data-id=\"915fcd9\" data-element_type=\"column\">\n\t\t\t<div class=\"elementor-widget-wrap elementor-element-populated\">\n\t\t\t\t\t\t<div class=\"elementor-element elementor-element-bc832da elementor-widget__width-initial elementor-invisible elementor-widget elementor-widget-text-editor\" data-id=\"bc832da\" data-element_type=\"widget\" data-settings=\"{&quot;_animation&quot;:&quot;fadeInRight&quot;}\" data-widget_type=\"text-editor.default\">\n\t\t\t\t<div class=\"elementor-widget-container\">\n\t\t\t\t\t\t\t\t\tCA\u0141UN<br>\t\t\t\t\t\t\t\t<\/div>\n\t\t\t\t<\/div>\n\t\t\t\t<div class=\"elementor-element elementor-element-39fa042 elementor-invisible elementor-widget elementor-widget-text-editor\" data-id=\"39fa042\" data-element_type=\"widget\" data-settings=\"{&quot;_animation&quot;:&quot;fadeInRight&quot;}\" data-widget_type=\"text-editor.default\">\n\t\t\t\t<div class=\"elementor-widget-container\">\n\t\t\t\t\t\t\t\t\twystawa fotografii,<br>spotkanie z artystk\u0105\t\t\t\t\t\t\t\t<\/div>\n\t\t\t\t<\/div>\n\t\t\t\t<div class=\"elementor-element elementor-element-468595d elementor-invisible elementor-widget elementor-widget-text-editor\" data-id=\"468595d\" data-element_type=\"widget\" data-settings=\"{&quot;_animation&quot;:&quot;fadeInRight&quot;}\" data-widget_type=\"text-editor.default\">\n\t\t\t\t<div class=\"elementor-widget-container\">\n\t\t\t\t\t\t\t\t\t<b>26 PA\u0179DZIERNIKA,\u00a0 g. 19:00<\/b><br>\nPrze\u015bwit\t\t\t\t\t\t\t\t<\/div>\n\t\t\t\t<\/div>\n\t\t\t\t<div class=\"elementor-element elementor-element-91d00e1 elementor-invisible elementor-widget elementor-widget-text-editor\" data-id=\"91d00e1\" data-element_type=\"widget\" data-settings=\"{&quot;_animation&quot;:&quot;fadeInRight&quot;}\" data-widget_type=\"text-editor.default\">\n\t\t\t\t<div class=\"elementor-widget-container\">\n\t\t\t\t\t\t\t\t\t<div><strong>Wystaw\u0119 mo\u017cna ogl\u0105da\u0107 w nast\u0119puj\u0105ce dni:<br \/><br \/><\/strong><\/div><div><strong>24.10<\/strong>, w g. 16-20<\/div><div><strong>26.10<\/strong>, w g. 15-21 (o g. 19.00 zapraszamy na spotkanie z artystk\u0105, kt\u00f3ra opowie o wystawie.)<\/div><div><strong>28 .10<\/strong> i <strong>30.10<\/strong>, w g. 15-20<\/div><div><strong>31.10<\/strong>, w g. 15-19.<\/div>\t\t\t\t\t\t\t\t<\/div>\n\t\t\t\t<\/div>\n\t\t\t\t<div class=\"elementor-element elementor-element-3918b42 elementor-invisible elementor-widget elementor-widget-text-editor\" data-id=\"3918b42\" data-element_type=\"widget\" data-settings=\"{&quot;_animation&quot;:&quot;fadeInRight&quot;}\" data-widget_type=\"text-editor.default\">\n\t\t\t\t<div class=\"elementor-widget-container\">\n\t\t\t\t\t\t\t\t\t<p>Kolektywna Instytucja Kultury<br \/>Freta 39, Warszawa<\/p>\t\t\t\t\t\t\t\t<\/div>\n\t\t\t\t<\/div>\n\t\t\t\t<div class=\"elementor-element elementor-element-17e277f elementor-invisible elementor-widget elementor-widget-image\" data-id=\"17e277f\" data-element_type=\"widget\" data-settings=\"{&quot;_animation&quot;:&quot;fadeInRight&quot;}\" data-widget_type=\"image.default\">\n\t\t\t\t<div class=\"elementor-widget-container\">\n\t\t\t\t\t\t\t\t\t\t\t\t\t\t\t<img decoding=\"async\" width=\"47\" height=\"6\" src=\"https:\/\/festiwalrymkiewiczowski.pl\/wp-content\/uploads\/2023\/10\/P.svg\" class=\"attachment-full size-full wp-image-2248\" alt=\"\" \/>\t\t\t\t\t\t\t\t\t\t\t\t\t\t\t<\/div>\n\t\t\t\t<\/div>\n\t\t\t\t\t<\/div>\n\t\t<\/div>\n\t\t\t\t\t<\/div>\n\t\t<\/section>\n\t\t\t\t<section class=\"elementor-section elementor-top-section elementor-element elementor-element-129efe1 elementor-section-stretched elementor-section-boxed elementor-section-height-default elementor-section-height-default\" data-id=\"129efe1\" data-element_type=\"section\" data-settings=\"{&quot;stretch_section&quot;:&quot;section-stretched&quot;,&quot;background_background&quot;:&quot;classic&quot;}\">\n\t\t\t\t\t\t\t<div class=\"elementor-background-overlay\"><\/div>\n\t\t\t\t\t\t\t<div class=\"elementor-container elementor-column-gap-default\">\n\t\t\t\t\t<div class=\"aux-parallax-section elementor-column elementor-col-100 elementor-top-column elementor-element elementor-element-1b63cb0\" data-id=\"1b63cb0\" data-element_type=\"column\">\n\t\t\t<div class=\"elementor-widget-wrap elementor-element-populated\">\n\t\t\t\t\t\t<div class=\"elementor-element elementor-element-9789b73 elementor-widget elementor-widget-image\" data-id=\"9789b73\" data-element_type=\"widget\" data-widget_type=\"image.default\">\n\t\t\t\t<div class=\"elementor-widget-container\">\n\t\t\t\t\t\t\t\t\t\t\t\t\t\t\t<img fetchpriority=\"high\" decoding=\"async\" width=\"467\" height=\"526\" src=\"https:\/\/festiwalrymkiewiczowski.pl\/wp-content\/uploads\/2023\/09\/purple_sign.png\" class=\"attachment-large size-large wp-image-1940\" alt=\"\" srcset=\"https:\/\/festiwalrymkiewiczowski.pl\/wp-content\/uploads\/2023\/09\/purple_sign.png 467w, https:\/\/festiwalrymkiewiczowski.pl\/wp-content\/uploads\/2023\/09\/purple_sign-11x12.png 11w\" sizes=\"(max-width: 467px) 100vw, 467px\" \/>\t\t\t\t\t\t\t\t\t\t\t\t\t\t\t<\/div>\n\t\t\t\t<\/div>\n\t\t\t\t<div class=\"elementor-element elementor-element-1cd4b72 elementor-invisible elementor-widget elementor-widget-text-editor\" data-id=\"1cd4b72\" data-element_type=\"widget\" data-settings=\"{&quot;_animation&quot;:&quot;fadeIn&quot;}\" data-widget_type=\"text-editor.default\">\n\t\t\t\t<div class=\"elementor-widget-container\">\n\t\t\t\t\t\t\t\t\tO wystawie\t\t\t\t\t\t\t\t<\/div>\n\t\t\t\t<\/div>\n\t\t\t\t<div class=\"elementor-element elementor-element-4e24758 elementor-widget__width-initial elementor-invisible elementor-widget elementor-widget-text-editor\" data-id=\"4e24758\" data-element_type=\"widget\" data-settings=\"{&quot;_animation&quot;:&quot;fadeIn&quot;}\" data-widget_type=\"text-editor.default\">\n\t\t\t\t<div class=\"elementor-widget-container\">\n\t\t\t\t\t\t\t\t\tInspiracj\u0105 do tej pracy sta\u0142a si\u0119 funkcja ca\u0142unu, kt\u00f3ry ma za zadanie odgrodzi\u0107 cia\u0142o zmar\u0142ego od \u015bwiata \u017cyj\u0105cych oraz u\u0142atwia\u0107 przej\u015bcie duszy do za\u015bwiat\u00f3w.\t\t\t\t\t\t\t\t<\/div>\n\t\t\t\t<\/div>\n\t\t\t\t<div class=\"elementor-element elementor-element-7c48a85 elementor-widget-divider--view-line elementor-widget elementor-widget-divider\" data-id=\"7c48a85\" data-element_type=\"widget\" data-widget_type=\"divider.default\">\n\t\t\t\t<div class=\"elementor-widget-container\">\n\t\t\t\t\t\t\t<div class=\"elementor-divider\">\n\t\t\t<span class=\"elementor-divider-separator\">\n\t\t\t\t\t\t<\/span>\n\t\t<\/div>\n\t\t\t\t\t\t<\/div>\n\t\t\t\t<\/div>\n\t\t\t\t<div class=\"elementor-element elementor-element-c76d9de elementor-widget__width-initial elementor-invisible elementor-widget elementor-widget-text-editor\" data-id=\"c76d9de\" data-element_type=\"widget\" data-settings=\"{&quot;_animation&quot;:&quot;fadeIn&quot;}\" data-widget_type=\"text-editor.default\">\n\t\t\t\t<div class=\"elementor-widget-container\">\n\t\t\t\t\t\t\t\t\tW trakcie pracy nad projektem zorientowa\u0142am si\u0119, \u017ce s\u0142owo \u201eca\u0142un\u201d zawiera w sobie r\u00f3wnie\u017c skojarzenie ze s\u0142owem \u201eca\u0142owa\u0107\u201d. W tym sensie \u0142\u0105cz\u0119 to z dotykiem tkaniny na sk\u00f3rze, kt\u00f3ry przypomina dotyk w romantycznej blisko\u015bci.\n<br><br>\nCa\u0142un z cia\u0142em znajduje si\u0119 w intymnej relacji, okala mi\u0119kko cia\u0142o jedwabiem i sprawia, \u017ce\nto, co w \u015brodku, jest widoczne jedynie\u00a0w zarysie. Ca\u0142a scena rozgrywa si\u0119 pod ca\u0142unem. Ten kawa\u0142ek materia\u0142u zapewnia odizolowanie, intymno\u015b\u0107 oraz bezpieczn\u0105 przestrze\u0144, wspieraj\u0105c\u0105 proces przej\u015bcia z jednego \u015bwiata do drugiego. Dla mnie jest r\u00f3wnie\u017c symbolem wewn\u0119trznej transformacji, gdy czasem jaka\u015b cz\u0119\u015b\u0107 we mnie musi umrze\u0107, aby inna mog\u0142a si\u0119 narodzi\u0107 lub doj\u015b\u0107 do g\u0142osu. Cz\u0119sto, tym procesom towarzyszy\u00a0tak\u017ce \u017ca\u0142oba, smutek, a nawet depresja.\n<br><br>\nCa\u0142un rozumiem tak\u017ce, jako swoisty kokon, w kt\u00f3rym dusza i cia\u0142o dojrzewaj\u0105 do nowej\nformy istnienia. \n<br><br>\nTo przede wszystkim projekt o wewn\u0119trznym umieraniu i przeistoczeniu; w dojrza\u0142o\u015bci,\nzrozumieniu, niezale\u017cno\u015bci, \u015bwiadomo\u015bci, o\u015bwieceniu. Umiera we mnie dawny element,\nokalam go ca\u0142unem, odprowadzam i obserwuj\u0119, jak rodzi si\u0119 we mnie nowy obszar \u017cycia, kt\u00f3ry by\u0142 dot\u0105d nieznany i niedost\u0119pny \u2013 jakby pochodzi\u0142 z innego \u015bwiata.&#8221;\t\t\t\t\t\t\t\t<\/div>\n\t\t\t\t<\/div>\n\t\t\t\t<div class=\"elementor-element elementor-element-26dbd9b elementor-widget-divider--view-line elementor-widget elementor-widget-divider\" data-id=\"26dbd9b\" data-element_type=\"widget\" data-widget_type=\"divider.default\">\n\t\t\t\t<div class=\"elementor-widget-container\">\n\t\t\t\t\t\t\t<div class=\"elementor-divider\">\n\t\t\t<span class=\"elementor-divider-separator\">\n\t\t\t\t\t\t<\/span>\n\t\t<\/div>\n\t\t\t\t\t\t<\/div>\n\t\t\t\t<\/div>\n\t\t\t\t<div class=\"elementor-element elementor-element-c2691af elementor-invisible elementor-widget elementor-widget-text-editor\" data-id=\"c2691af\" data-element_type=\"widget\" data-settings=\"{&quot;_animation&quot;:&quot;fadeIn&quot;}\" data-widget_type=\"text-editor.default\">\n\t\t\t\t<div class=\"elementor-widget-container\">\n\t\t\t\t\t\t\t\t\tKatarzyna Wro\u0144ska-K\u0119dzior\t\t\t\t\t\t\t\t<\/div>\n\t\t\t\t<\/div>\n\t\t\t\t<div class=\"elementor-element elementor-element-703f1aa elementor-widget__width-initial elementor-invisible elementor-widget elementor-widget-text-editor\" data-id=\"703f1aa\" data-element_type=\"widget\" data-settings=\"{&quot;_animation&quot;:&quot;fadeIn&quot;}\" data-widget_type=\"text-editor.default\">\n\t\t\t\t<div class=\"elementor-widget-container\">\n\t\t\t\t\t\t\t\t\trocznik &#39;79, traktuje fotografi\u0119 jako narz\u0119dzie komunikacji ze swoj\u0105 sfer\u0105 nie\u015bwiadomo\u015bci oraz form\u0119 autoterapii. Jej przygoda z fotografi\u0105 zacz\u0119\u0142a\nsi\u0119 w 1997 roku, kiedy praktykowa\u0142a pod okiem fotografa Leonarda Karpi\u0142owskiego, poznaj\u0105c warsztat. Uczy\u0142a si\u0119 r\u00f3wnie\u017c w Europejskiej Akademii Fotografii Izabeli Jaroszewskiej oraz w ZPAF.<br><br>\nPochodzi z Warszawy, a od dziewi\u0119ciu lat mieszka i tworzy w Norwegii. Blisko\u015b\u0107\nmajestatycznej skandynawskiej przyrody, spok\u00f3j oraz minimalistyczne \u017cycie zbli\u017cy\u0142y j\u0105 poprzez rozw\u00f3j osobisty do odnalezienia \u017ar\u00f3d\u0142a swoich artystycznych wizji w tw\u00f3rczo\u015bci egzystencjalnej, terapeutycznej, opartej g\u0142\u00f3wnie na introspekcji. Poprzez swoj\u0105 tw\u00f3rczo\u015b\u0107\nposzukuje przynale\u017cno\u015bci, wsp\u00f3lnotowo\u015bci i \u0142\u0105cznik\u00f3w mi\u0119dzy lud\u017ami. M\u00f3wi\u0105c o prostych, czasem oczywistych procesach, d\u0105\u017cy do integralno\u015bci ze \u015bwiatem zewn\u0119trznym.<br><br>Jej prace by\u0142y wyr\u00f3\u017cniane w mi\u0119dzynarodowych konkursach fotograficznych, takich jak ND Awards, IPA Photo Awards, Monochrome Photography Awards, Monovision Photography Awards, Fine Art Photography Awards, FotoArt Festival i innych. Prezentowa\u0142a swoje\nprace na wystawach indywidualnych i zbiorowych w Polsce oraz w Norwegii.\t\t\t\t\t\t\t\t<\/div>\n\t\t\t\t<\/div>\n\t\t\t\t\t<\/div>\n\t\t<\/div>\n\t\t\t\t\t<\/div>\n\t\t<\/section>\n\t\t\t\t<\/div>","protected":false},"excerpt":{"rendered":"<p>CA\u0141UNwystawa fotografii,spotkanie z artystk\u010526 PA\u0179DZIERNIKA,\u00a0 g. 19:00 Prze\u015bwitWystaw\u0119 mo\u017cna ogl\u0105da\u0107 w nast\u0119puj\u0105ce dni: 24.10, w g. 16-2026.10, w g. 15-21 (o g. 19.00 zapraszamy na spotkanie z artystk\u0105, kt\u00f3ra opowie o wystawie.)28 .10 i 30.10, w g. 15-2031.10, w g. 15-19. Kolektywna Instytucja KulturyFreta 39, Warszawa O wystawieInspiracj\u0105 do tej pracy sta\u0142a si\u0119 funkcja ca\u0142unu, [&hellip;]<\/p>","protected":false},"author":1,"featured_media":0,"parent":0,"menu_order":0,"comment_status":"closed","ping_status":"closed","template":"","meta":{"_monsterinsights_skip_tracking":false,"_monsterinsights_sitenote_active":false,"_monsterinsights_sitenote_note":"","_monsterinsights_sitenote_category":0,"footnotes":""},"class_list":["post-6809","page","type-page","status-publish","hentry"],"_links":{"self":[{"href":"https:\/\/festiwalrymkiewiczowski.pl\/en\/wp-json\/wp\/v2\/pages\/6809","targetHints":{"allow":["GET"]}}],"collection":[{"href":"https:\/\/festiwalrymkiewiczowski.pl\/en\/wp-json\/wp\/v2\/pages"}],"about":[{"href":"https:\/\/festiwalrymkiewiczowski.pl\/en\/wp-json\/wp\/v2\/types\/page"}],"author":[{"embeddable":true,"href":"https:\/\/festiwalrymkiewiczowski.pl\/en\/wp-json\/wp\/v2\/users\/1"}],"replies":[{"embeddable":true,"href":"https:\/\/festiwalrymkiewiczowski.pl\/en\/wp-json\/wp\/v2\/comments?post=6809"}],"version-history":[{"count":19,"href":"https:\/\/festiwalrymkiewiczowski.pl\/en\/wp-json\/wp\/v2\/pages\/6809\/revisions"}],"predecessor-version":[{"id":7142,"href":"https:\/\/festiwalrymkiewiczowski.pl\/en\/wp-json\/wp\/v2\/pages\/6809\/revisions\/7142"}],"wp:attachment":[{"href":"https:\/\/festiwalrymkiewiczowski.pl\/en\/wp-json\/wp\/v2\/media?parent=6809"}],"curies":[{"name":"wp","href":"https:\/\/api.w.org\/{rel}","templated":true}]}}