{"id":5206,"date":"2023-10-31T11:06:39","date_gmt":"2023-10-31T11:06:39","guid":{"rendered":"https:\/\/festiwalrymkiewiczowski.pl\/?page_id=5206"},"modified":"2023-10-31T11:09:15","modified_gmt":"2023-10-31T11:09:15","slug":"remigiusz-mazur-hanaj","status":"publish","type":"page","link":"https:\/\/festiwalrymkiewiczowski.pl\/en\/remigiusz-mazur-hanaj\/","title":{"rendered":"Remigiusz Mazur-Hanaj"},"content":{"rendered":"<div data-elementor-type=\"wp-page\" data-elementor-id=\"5206\" class=\"elementor elementor-5206\">\n\t\t\t\t\t\t<section class=\"elementor-section elementor-top-section elementor-element elementor-element-c8378e1 elementor-section-stretched elementor-section-boxed elementor-section-height-default elementor-section-height-default\" data-id=\"c8378e1\" data-element_type=\"section\" data-settings=\"{&quot;stretch_section&quot;:&quot;section-stretched&quot;,&quot;background_background&quot;:&quot;gradient&quot;}\">\n\t\t\t\t\t\t<div class=\"elementor-container elementor-column-gap-default\">\n\t\t\t\t\t<div class=\"aux-parallax-section elementor-column elementor-col-50 elementor-top-column elementor-element elementor-element-a04f1c6\" data-id=\"a04f1c6\" data-element_type=\"column\">\n\t\t\t<div class=\"elementor-widget-wrap elementor-element-populated\">\n\t\t\t\t\t\t<div class=\"elementor-element elementor-element-ff2fdd2 elementor-widget-tablet__width-initial elementor-invisible elementor-widget elementor-widget-image\" data-id=\"ff2fdd2\" data-element_type=\"widget\" data-settings=\"{&quot;_animation&quot;:&quot;fadeInLeft&quot;}\" data-widget_type=\"image.default\">\n\t\t\t\t<div class=\"elementor-widget-container\">\n\t\t\t\t\t\t\t\t\t\t\t\t\t\t\t\t<a href=\"https:\/\/festiwalrymkiewiczowski.pl\/wp-content\/uploads\/2023\/10\/Remigiusz_Mazur-Hanaj_1.jpg\" data-elementor-open-lightbox=\"yes\" data-elementor-lightbox-title=\"Remigiusz_Mazur-Hanaj_1\" data-e-action-hash=\"#elementor-action%3Aaction%3Dlightbox%26settings%3DeyJpZCI6NTIwOCwidXJsIjoiaHR0cHM6XC9cL2Zlc3Rpd2Fscnlta2lld2ljem93c2tpLnBsXC93cC1jb250ZW50XC91cGxvYWRzXC8yMDIzXC8xMFwvUmVtaWdpdXN6X01henVyLUhhbmFqXzEuanBnIn0%3D\">\n\t\t\t\t\t\t\t<img decoding=\"async\" src=\"https:\/\/festiwalrymkiewiczowski.pl\/wp-content\/uploads\/2023\/10\/Remigiusz_Mazur-Hanaj_1.jpg\" title=\"Remigiusz_Mazur-Hanaj_1\" alt=\"Remigiusz_Mazur-Hanaj_1\" loading=\"lazy\" \/>\t\t\t\t\t\t\t\t<\/a>\n\t\t\t\t\t\t\t\t\t\t\t\t\t\t\t<\/div>\n\t\t\t\t<\/div>\n\t\t\t\t\t<\/div>\n\t\t<\/div>\n\t\t\t\t<div class=\"aux-parallax-section elementor-column elementor-col-50 elementor-top-column elementor-element elementor-element-915fcd9\" data-id=\"915fcd9\" data-element_type=\"column\">\n\t\t\t<div class=\"elementor-widget-wrap elementor-element-populated\">\n\t\t\t\t\t\t<div class=\"elementor-element elementor-element-bc832da elementor-invisible elementor-widget elementor-widget-text-editor\" data-id=\"bc832da\" data-element_type=\"widget\" data-settings=\"{&quot;_animation&quot;:&quot;fadeInRight&quot;}\" data-widget_type=\"text-editor.default\">\n\t\t\t\t<div class=\"elementor-widget-container\">\n\t\t\t\t\t\t\t\t\tRemigiusz Mazur-Hanaj\t\t\t\t\t\t\t\t<\/div>\n\t\t\t\t<\/div>\n\t\t\t\t<div class=\"elementor-element elementor-element-468595d elementor-widget-tablet__width-initial elementor-widget-mobile__width-initial elementor-invisible elementor-widget elementor-widget-text-editor\" data-id=\"468595d\" data-element_type=\"widget\" data-settings=\"{&quot;_animation&quot;:&quot;fadeInRight&quot;}\" data-widget_type=\"text-editor.default\">\n\t\t\t\t<div class=\"elementor-widget-container\">\n\t\t\t\t\t\t\t\t\tMuzyk, etnograf, animator kultury, publicysta\t\t\t\t\t\t\t\t<\/div>\n\t\t\t\t<\/div>\n\t\t\t\t<div class=\"elementor-element elementor-element-3918b42 elementor-widget-tablet__width-initial elementor-widget-mobile__width-initial elementor-invisible elementor-widget elementor-widget-text-editor\" data-id=\"3918b42\" data-element_type=\"widget\" data-settings=\"{&quot;_animation&quot;:&quot;fadeInRight&quot;}\" data-widget_type=\"text-editor.default\">\n\t\t\t\t<div class=\"elementor-widget-container\">\n\t\t\t\t\t\t\t\t\t<p>Wsp\u00f3\u0142tw\u00f3rca ruchu\u00a0Dom\u00f3w Ta\u0144ca\u00a0oraz wielu przedsi\u0119wzi\u0119\u0107 edukacyjnych i artystycznych zwi\u0105zanych z muzyk\u0105 tradycyjn\u0105, muzyk\u0105 awangardow\u0105, folkiem.<\/p><p>Muzyk i autor tekst\u00f3w w\u00a0zespole Ksi\u0119\u017cyc\u00a0(1991\u201394, 2014\u2013). Wsp\u00f3\u0142tworzy\u0142 kr\u0105g przyjaci\u00f3\u0142 wraz z kapel\u0105\u00a0Bractwo Ubogich, eksploruj\u0105c niestylizowan\u0105 muzyk\u0119 polskiej wsi (1992\u201394). By\u0142 tak\u017ce cz\u0142onkiem grup muzycznych Pies Szczeka (1999\u20132004) oraz\u00a0W\u0119drowiec\u00a0(2004\u20132009). Obecnie prowadzi r\u00f3wnie\u017c solow\u0105 dzia\u0142alno\u015b\u0107 muzyczn\u0105 jako Remek Hanaj \u2013 nagra\u0142 dwa albumy <em>Nagrania terenowe sn\u00f3w<\/em> (Requiem Records 2016) oraz <em>Wysiadywanie g\u00f3ry<\/em> (Requiem Records 2018).<\/p><p>W 1994 zak\u0142ada\u0142\u00a0Warszawski Dom Ta\u0144ca, kt\u00f3rego by\u0142 przez 16 lat jednym z najaktywniejszych cz\u0142onk\u00f3w, a w latach 2002\u201305 pe\u0142ni\u0142 funkcj\u0119 prezesa. Pomys\u0142odawca i realizator kilkuset wydarze\u0144 edukacyjno-artystyczno-naukowych, m.in. cykle pota\u0144c\u00f3wek, koncert\u00f3w (\u201eJest drabina do nieba\u201d), letnie festiwale (Tabor Domu Ta\u0144ca, Tabor Lubelski, Akademia Muzyk\u00f3w W\u0119drownych).<\/p><p>Zrealizowa\u0142 tak\u017ce ponad 200 godzin nagra\u0144 terenowych muzyki tradycyjnej, z kt\u00f3rych cz\u0119\u015b\u0107 opublikowa\u0142 w latach 1999\u20132013 na kilkunastu p\u0142ytach w ramach powo\u0142anej do tego celu serii wydawniczej \u201eIn crudo\u201d. Cz\u0119\u015b\u0107 z tych zbior\u00f3w dost\u0119pna jest online. Ponadto jako scenarzysta wsp\u00f3\u0142pracowa\u0142 przy produkcji kilkunastu film\u00f3w dokumentalnych, jest r\u00f3wnie\u017c autorem wielu audycji radiowych.<\/p>\t\t\t\t\t\t\t\t<\/div>\n\t\t\t\t<\/div>\n\t\t\t\t<div class=\"elementor-element elementor-element-cb9d9be elementor-widget-tablet__width-initial elementor-widget-mobile__width-initial elementor-invisible elementor-widget elementor-widget-text-editor\" data-id=\"cb9d9be\" data-element_type=\"widget\" data-settings=\"{&quot;_animation&quot;:&quot;fadeInRight&quot;}\" data-widget_type=\"text-editor.default\">\n\t\t\t\t<div class=\"elementor-widget-container\">\n\t\t\t\t\t\t\t\t\t<strong>Remigiusz Mazur-Hanaj \u2013 wsp\u00f3lnie z Izabel\u0105 Michalsk\u0105 \u2013 jest kuratorem konferencji \u201eDziady. Spotkanie \u017cywych i umar\u0142ych\u201d. Wyst\u0105pi tak\u017ce, jako cz\u0142onek zespo\u0142u W\u0119drowiec, na Koncercie Rymkiewiczowskim \u201eJe\u015bli mo\u017cesz, co\u015b mi powiedz, daj znak jaki\u015b\u201d.<\/strong>\t\t\t\t\t\t\t\t<\/div>\n\t\t\t\t<\/div>\n\t\t\t\t<div class=\"elementor-element elementor-element-8b5c792 elementor-widget-tablet__width-initial elementor-invisible elementor-widget elementor-widget-aux_modern_button\" data-id=\"8b5c792\" data-element_type=\"widget\" data-settings=\"{&quot;_animation&quot;:&quot;fadeInRight&quot;}\" data-widget_type=\"aux_modern_button.default\">\n\t\t\t\t<div class=\"elementor-widget-container\">\n\t\t\t\t\t    <div class=\"aux-modern-button-wrapper aux-modern-button-align-left\" >\n                    <a class=\"aux-modern-button aux-black aux-modern-button-md aux-modern-button-normal aux-modern-button-default aux-icon-\" href=\"https:\/\/festiwalrymkiewiczowski.pl\/en\/dziady\/\">\n                <div class=\"aux-overlay\"><\/div>\n                                    <div class=\"aux-icon\">\n                                            <\/div>\n                                <div class=\"aux-text\">\n<span class=\"aux-text-before\">szczeg\u00f3\u0142y spotkania<\/span>                <\/div>\n            <\/a>\n            \n    <\/div>\n\n    \t\t\t\t<\/div>\n\t\t\t\t<\/div>\n\t\t\t\t<div class=\"elementor-element elementor-element-7f160a2 elementor-widget-tablet__width-initial elementor-invisible elementor-widget elementor-widget-aux_modern_button\" data-id=\"7f160a2\" data-element_type=\"widget\" data-settings=\"{&quot;_animation&quot;:&quot;fadeInRight&quot;}\" data-widget_type=\"aux_modern_button.default\">\n\t\t\t\t<div class=\"elementor-widget-container\">\n\t\t\t\t\t    <div class=\"aux-modern-button-wrapper aux-modern-button-align-left\" >\n                    <a class=\"aux-modern-button aux-black aux-modern-button-md aux-modern-button-normal aux-modern-button-default aux-icon-\" href=\"https:\/\/festiwalrymkiewiczowski.pl\/en\/jesli-mozesz\/\">\n                <div class=\"aux-overlay\"><\/div>\n                                    <div class=\"aux-icon\">\n                                            <\/div>\n                                <div class=\"aux-text\">\n<span class=\"aux-text-before\">szczeg\u00f3\u0142y koncertu<\/span>                <\/div>\n            <\/a>\n            \n    <\/div>\n\n    \t\t\t\t<\/div>\n\t\t\t\t<\/div>\n\t\t\t\t\t<\/div>\n\t\t<\/div>\n\t\t\t\t\t<\/div>\n\t\t<\/section>\n\t\t\t\t<\/div>","protected":false},"excerpt":{"rendered":"<p>Remigiusz Mazur-HanajMuzyk, etnograf, animator kultury, publicysta Wsp\u00f3\u0142tw\u00f3rca ruchu\u00a0Dom\u00f3w Ta\u0144ca\u00a0oraz wielu przedsi\u0119wzi\u0119\u0107 edukacyjnych i artystycznych zwi\u0105zanych z muzyk\u0105 tradycyjn\u0105, muzyk\u0105 awangardow\u0105, folkiem. Muzyk i autor tekst\u00f3w w\u00a0zespole Ksi\u0119\u017cyc\u00a0(1991\u201394, 2014\u2013). Wsp\u00f3\u0142tworzy\u0142 kr\u0105g przyjaci\u00f3\u0142 wraz z kapel\u0105\u00a0Bractwo Ubogich, eksploruj\u0105c niestylizowan\u0105 muzyk\u0119 polskiej wsi (1992\u201394). By\u0142 tak\u017ce cz\u0142onkiem grup muzycznych Pies Szczeka (1999\u20132004) oraz\u00a0W\u0119drowiec\u00a0(2004\u20132009). Obecnie prowadzi r\u00f3wnie\u017c solow\u0105 dzia\u0142alno\u015b\u0107 [&hellip;]<\/p>","protected":false},"author":1,"featured_media":0,"parent":0,"menu_order":0,"comment_status":"closed","ping_status":"closed","template":"","meta":{"_monsterinsights_skip_tracking":false,"_monsterinsights_sitenote_active":false,"_monsterinsights_sitenote_note":"","_monsterinsights_sitenote_category":0,"footnotes":""},"class_list":["post-5206","page","type-page","status-publish","hentry"],"_links":{"self":[{"href":"https:\/\/festiwalrymkiewiczowski.pl\/en\/wp-json\/wp\/v2\/pages\/5206","targetHints":{"allow":["GET"]}}],"collection":[{"href":"https:\/\/festiwalrymkiewiczowski.pl\/en\/wp-json\/wp\/v2\/pages"}],"about":[{"href":"https:\/\/festiwalrymkiewiczowski.pl\/en\/wp-json\/wp\/v2\/types\/page"}],"author":[{"embeddable":true,"href":"https:\/\/festiwalrymkiewiczowski.pl\/en\/wp-json\/wp\/v2\/users\/1"}],"replies":[{"embeddable":true,"href":"https:\/\/festiwalrymkiewiczowski.pl\/en\/wp-json\/wp\/v2\/comments?post=5206"}],"version-history":[{"count":4,"href":"https:\/\/festiwalrymkiewiczowski.pl\/en\/wp-json\/wp\/v2\/pages\/5206\/revisions"}],"predecessor-version":[{"id":5211,"href":"https:\/\/festiwalrymkiewiczowski.pl\/en\/wp-json\/wp\/v2\/pages\/5206\/revisions\/5211"}],"wp:attachment":[{"href":"https:\/\/festiwalrymkiewiczowski.pl\/en\/wp-json\/wp\/v2\/media?parent=5206"}],"curies":[{"name":"wp","href":"https:\/\/api.w.org\/{rel}","templated":true}]}}