{"id":509,"date":"2023-06-14T08:48:42","date_gmt":"2023-06-14T08:48:42","guid":{"rendered":"https:\/\/festiwalrymkiewiczowski.pl\/?page_id=509"},"modified":"2024-09-13T08:54:42","modified_gmt":"2024-09-13T08:54:42","slug":"o-festiwalu","status":"publish","type":"page","link":"https:\/\/festiwalrymkiewiczowski.pl\/en\/o-festiwalu\/","title":{"rendered":"O Festiwalu"},"content":{"rendered":"<div data-elementor-type=\"wp-page\" data-elementor-id=\"509\" class=\"elementor elementor-509\">\n\t\t\t\t\t\t<section class=\"elementor-section elementor-top-section elementor-element elementor-element-a6c8aa8 elementor-section-stretched elementor-section-boxed elementor-section-height-default elementor-section-height-default\" data-id=\"a6c8aa8\" data-element_type=\"section\" data-settings=\"{&quot;stretch_section&quot;:&quot;section-stretched&quot;,&quot;background_background&quot;:&quot;classic&quot;}\">\n\t\t\t\t\t\t\t<div class=\"elementor-background-overlay\"><\/div>\n\t\t\t\t\t\t\t<div class=\"elementor-container elementor-column-gap-default\">\n\t\t\t\t\t<div class=\"aux-parallax-section elementor-column elementor-col-100 elementor-top-column elementor-element elementor-element-d192d19\" data-id=\"d192d19\" data-element_type=\"column\">\n\t\t\t<div class=\"elementor-widget-wrap elementor-element-populated\">\n\t\t\t\t\t\t<div class=\"elementor-element elementor-element-013e14e elementor-invisible elementor-widget elementor-widget-text-editor\" data-id=\"013e14e\" data-element_type=\"widget\" data-settings=\"{&quot;_animation&quot;:&quot;fadeIn&quot;}\" data-widget_type=\"text-editor.default\">\n\t\t\t\t<div class=\"elementor-widget-container\">\n\t\t\t\t\t\t\t\t\tFestiwal Rymkiewiczowski 2024: <br>\u015aWIATY PODZIEMNE\t\t\t\t\t\t\t\t<\/div>\n\t\t\t\t<\/div>\n\t\t\t\t<div class=\"elementor-element elementor-element-9bafa85 elementor-invisible elementor-widget elementor-widget-text-editor\" data-id=\"9bafa85\" data-element_type=\"widget\" data-settings=\"{&quot;_animation&quot;:&quot;fadeIn&quot;}\" data-widget_type=\"text-editor.default\">\n\t\t\t\t<div class=\"elementor-widget-container\">\n\t\t\t\t\t\t\t\t\t<p>Idziemy wi\u0119c oboje \u2013 ona troch\u0119 z przodu<br \/>\u015alepa ciemno\u015b\u0107 z poet\u0105 \u015blepego ogrodu<\/p>\t\t\t\t\t\t\t\t<\/div>\n\t\t\t\t<\/div>\n\t\t\t\t<div class=\"elementor-element elementor-element-1162bf8 elementor-widget__width-initial elementor-invisible elementor-widget elementor-widget-text-editor\" data-id=\"1162bf8\" data-element_type=\"widget\" data-settings=\"{&quot;_animation&quot;:&quot;fadeIn&quot;}\" data-widget_type=\"text-editor.default\">\n\t\t\t\t<div class=\"elementor-widget-container\">\n\t\t\t\t\t\t\t\t\t<p>Gdzie znale\u017a\u0107 ten \u015blepy ogr\u00f3d \u2013 na ziemi, czy raczej p o d ziemi\u0105?<\/p><p>W tym roku zapraszamy Pa\u0144stwa do wsp\u00f3lnych poszukiwa\u0144 ukrytych pod ziemi\u0105 ziaren i korzeni, pogrzebanych tam ko\u015bci i zakopanych traum, temat\u00f3w niewygodnych albo bolesnych, zapomnianych historii. Jak wygl\u0105daj\u0105 \u015blepe, ciemne ogrody, \u015bwiaty podziemne? Czy panuje tam cisza czy s\u0142ycha\u0107 jakie\u015b d\u017awi\u0119ki? Rymkiewicz nas\u0142uchiwa\u0142 g\u0142os\u00f3w z podziemi, wi\u0119cej \u2013 odpowiada\u0142 na nie. Namawia\u0142 nas wszystkich do rozm\u00f3w z wielkimi nie\u017cyj\u0105cymi i z przesz\u0142o\u015bci\u0105. By\u0142 te\u017c pisarzem temat\u00f3w trudnych, przez lata wypieranych: pisa\u0142 o Powstaniu Warszawskim, wyw\u00f3zkach z Umschlagplatzu i o wieszaniu.<\/p><p>\u015awiat podziemny to miejsce, w kt\u00f3rym ma szans\u0119 przetrwa\u0107 wsp\u00f3lnota. To, co nie mo\u017ce by\u0107 na wierzchu, znajduje schronienie pod spodem. \u201eNasz nar\u00f3d jak lawa, Z wierzchu zimna i twarda, sucha i plugawa, Lecz wewn\u0119trznego ognia sto lat nie wyzi\u0119bi; Plwajmy na t\u0119 skorup\u0119 i zst\u0105pmy do g\u0142\u0119bi\u201d. Pa\u0144stwo, kiedy nie mo\u017ce istnie\u0107 w jawnej, zewn\u0119trznej formie, musi zej\u015b\u0107 do podziemia. Do podziemia niekiedy schodzi r\u00f3wnie\u017c literatura. W g\u0142\u0119bi, w ciemnym j\u0105drze, jak pisa\u0142 Mochnacki, znajduje si\u0119 prawdziwe jestestwo. Nar\u00f3d istnieje wtedy jako zbiorowa nie\u015bwiadomo\u015b\u0107 o wulkanicznej naturze. \u015awiat podziemny to tak\u017ce dom duszy. Wiedzie przez niego droga bohatera, kt\u00f3ry \u2013 \u017ceby wiedzie\u0107 wi\u0119cej, \u017ceby zrozumie\u0107, \u017ceby sta\u0107 si\u0119 sob\u0105 \u2013 musi wyruszy\u0107 w w\u0119dr\u00f3wk\u0119, zej\u015b\u0107 do g\u0142\u0119bin, zmierzy\u0107 si\u0119 z ciemno\u015bci\u0105. Wszyscy czasem tam schodzimy, \u017ceby odnale\u017a\u0107 nasze sny i nasze l\u0119ki, inn\u0105 stron\u0119 nas samych.<\/p><p>\u00a0<\/p><p>Zapraszamy zatem Pa\u0144stwa do wsp\u00f3lnej w\u0119dr\u00f3wki do \u015bwiat\u00f3w podziemnych, do \u015blepego ogrodu, po kt\u00f3rym naszym przewodnikiem b\u0119dzie \u015blepy poeta.<\/p>\t\t\t\t\t\t\t\t<\/div>\n\t\t\t\t<\/div>\n\t\t\t\t<div class=\"elementor-element elementor-element-6d251b2 elementor-invisible elementor-widget elementor-widget-text-editor\" data-id=\"6d251b2\" data-element_type=\"widget\" data-settings=\"{&quot;_animation&quot;:&quot;fadeInLeft&quot;}\" data-widget_type=\"text-editor.default\">\n\t\t\t\t<div class=\"elementor-widget-container\">\n\t\t\t\t\t\t\t\t\t<p>EDYCJA II<br>23\u201331 PA\u0179DZIERNIKA<br>2024<\/p>\t\t\t\t\t\t\t\t<\/div>\n\t\t\t\t<\/div>\n\t\t\t\t\t<\/div>\n\t\t<\/div>\n\t\t\t\t\t<\/div>\n\t\t<\/section>\n\t\t\t\t<\/div>","protected":false},"excerpt":{"rendered":"<p>Festiwal Rymkiewiczowski 2024: \u015aWIATY PODZIEMNE Idziemy wi\u0119c oboje \u2013 ona troch\u0119 z przodu\u015alepa ciemno\u015b\u0107 z poet\u0105 \u015blepego ogrodu Gdzie znale\u017a\u0107 ten \u015blepy ogr\u00f3d \u2013 na ziemi, czy raczej p o d ziemi\u0105? W tym roku zapraszamy Pa\u0144stwa do wsp\u00f3lnych poszukiwa\u0144 ukrytych pod ziemi\u0105 ziaren i korzeni, pogrzebanych tam ko\u015bci i zakopanych traum, temat\u00f3w niewygodnych albo [&hellip;]<\/p>","protected":false},"author":1,"featured_media":0,"parent":0,"menu_order":0,"comment_status":"closed","ping_status":"closed","template":"","meta":{"_monsterinsights_skip_tracking":false,"_monsterinsights_sitenote_active":false,"_monsterinsights_sitenote_note":"","_monsterinsights_sitenote_category":0,"footnotes":""},"class_list":["post-509","page","type-page","status-publish","hentry"],"_links":{"self":[{"href":"https:\/\/festiwalrymkiewiczowski.pl\/en\/wp-json\/wp\/v2\/pages\/509","targetHints":{"allow":["GET"]}}],"collection":[{"href":"https:\/\/festiwalrymkiewiczowski.pl\/en\/wp-json\/wp\/v2\/pages"}],"about":[{"href":"https:\/\/festiwalrymkiewiczowski.pl\/en\/wp-json\/wp\/v2\/types\/page"}],"author":[{"embeddable":true,"href":"https:\/\/festiwalrymkiewiczowski.pl\/en\/wp-json\/wp\/v2\/users\/1"}],"replies":[{"embeddable":true,"href":"https:\/\/festiwalrymkiewiczowski.pl\/en\/wp-json\/wp\/v2\/comments?post=509"}],"version-history":[{"count":118,"href":"https:\/\/festiwalrymkiewiczowski.pl\/en\/wp-json\/wp\/v2\/pages\/509\/revisions"}],"predecessor-version":[{"id":6462,"href":"https:\/\/festiwalrymkiewiczowski.pl\/en\/wp-json\/wp\/v2\/pages\/509\/revisions\/6462"}],"wp:attachment":[{"href":"https:\/\/festiwalrymkiewiczowski.pl\/en\/wp-json\/wp\/v2\/media?parent=509"}],"curies":[{"name":"wp","href":"https:\/\/api.w.org\/{rel}","templated":true}]}}