{"id":5052,"date":"2023-10-26T14:09:01","date_gmt":"2023-10-26T14:09:01","guid":{"rendered":"https:\/\/festiwalrymkiewiczowski.pl\/?page_id=5052"},"modified":"2023-10-26T16:53:12","modified_gmt":"2023-10-26T16:53:12","slug":"polskie-znaki-biogram","status":"publish","type":"page","link":"https:\/\/festiwalrymkiewiczowski.pl\/en\/polskie-znaki-biogram\/","title":{"rendered":"Polskie Znaki"},"content":{"rendered":"<div data-elementor-type=\"wp-page\" data-elementor-id=\"5052\" class=\"elementor elementor-5052\">\n\t\t\t\t\t\t<section class=\"elementor-section elementor-top-section elementor-element elementor-element-c8378e1 elementor-section-stretched elementor-section-boxed elementor-section-height-default elementor-section-height-default\" data-id=\"c8378e1\" data-element_type=\"section\" data-settings=\"{&quot;stretch_section&quot;:&quot;section-stretched&quot;,&quot;background_background&quot;:&quot;gradient&quot;}\">\n\t\t\t\t\t\t<div class=\"elementor-container elementor-column-gap-default\">\n\t\t\t\t\t<div class=\"aux-parallax-section elementor-column elementor-col-50 elementor-top-column elementor-element elementor-element-a04f1c6\" data-id=\"a04f1c6\" data-element_type=\"column\">\n\t\t\t<div class=\"elementor-widget-wrap elementor-element-populated\">\n\t\t\t\t\t\t<div class=\"elementor-element elementor-element-ff2fdd2 elementor-widget-tablet__width-initial elementor-invisible elementor-widget elementor-widget-image\" data-id=\"ff2fdd2\" data-element_type=\"widget\" data-settings=\"{&quot;_animation&quot;:&quot;fadeInLeft&quot;}\" data-widget_type=\"image.default\">\n\t\t\t\t<div class=\"elementor-widget-container\">\n\t\t\t\t\t\t\t\t\t\t\t\t\t\t\t\t<a href=\"https:\/\/festiwalrymkiewiczowski.pl\/wp-content\/uploads\/2023\/10\/Polskie_Znaki_1.jpg\" data-elementor-open-lightbox=\"yes\" data-elementor-lightbox-title=\"Polskie_Znaki_1\" data-e-action-hash=\"#elementor-action%3Aaction%3Dlightbox%26settings%3DeyJpZCI6NTA1NCwidXJsIjoiaHR0cHM6XC9cL2Zlc3Rpd2Fscnlta2lld2ljem93c2tpLnBsXC93cC1jb250ZW50XC91cGxvYWRzXC8yMDIzXC8xMFwvUG9sc2tpZV9abmFraV8xLmpwZyJ9\">\n\t\t\t\t\t\t\t<img decoding=\"async\" src=\"https:\/\/festiwalrymkiewiczowski.pl\/wp-content\/uploads\/2023\/10\/Polskie_Znaki_1.jpg\" title=\"Polskie_Znaki_1\" alt=\"Polskie_Znaki_1\" loading=\"lazy\" \/>\t\t\t\t\t\t\t\t<\/a>\n\t\t\t\t\t\t\t\t\t\t\t\t\t\t\t<\/div>\n\t\t\t\t<\/div>\n\t\t\t\t\t<\/div>\n\t\t<\/div>\n\t\t\t\t<div class=\"aux-parallax-section elementor-column elementor-col-50 elementor-top-column elementor-element elementor-element-915fcd9\" data-id=\"915fcd9\" data-element_type=\"column\">\n\t\t\t<div class=\"elementor-widget-wrap elementor-element-populated\">\n\t\t\t\t\t\t<div class=\"elementor-element elementor-element-bc832da elementor-invisible elementor-widget elementor-widget-text-editor\" data-id=\"bc832da\" data-element_type=\"widget\" data-settings=\"{&quot;_animation&quot;:&quot;fadeInRight&quot;}\" data-widget_type=\"text-editor.default\">\n\t\t\t\t<div class=\"elementor-widget-container\">\n\t\t\t\t\t\t\t\t\tPolskie Znaki\t\t\t\t\t\t\t\t<\/div>\n\t\t\t\t<\/div>\n\t\t\t\t<div class=\"elementor-element elementor-element-468595d elementor-widget-tablet__width-initial elementor-widget-mobile__width-initial elementor-invisible elementor-widget elementor-widget-text-editor\" data-id=\"468595d\" data-element_type=\"widget\" data-settings=\"{&quot;_animation&quot;:&quot;fadeInRight&quot;}\" data-widget_type=\"text-editor.default\">\n\t\t\t\t<div class=\"elementor-widget-container\">\n\t\t\t\t\t\t\t\t\tZesp\u00f3\u0142 muzyczny\t\t\t\t\t\t\t\t<\/div>\n\t\t\t\t<\/div>\n\t\t\t\t<div class=\"elementor-element elementor-element-3918b42 elementor-widget-tablet__width-initial elementor-widget-mobile__width-initial elementor-invisible elementor-widget elementor-widget-text-editor\" data-id=\"3918b42\" data-element_type=\"widget\" data-settings=\"{&quot;_animation&quot;:&quot;fadeInRight&quot;}\" data-widget_type=\"text-editor.default\">\n\t\t\t\t<div class=\"elementor-widget-container\">\n\t\t\t\t\t\t\t\t\t<p>Polskie Znaki to projekt za\u0142o\u017cony przez Radka \u0141ukasiewicza (Bisz\/Radex, Pustki, Artur Rojek), Jarka Wa\u017cnego (Kult) oraz Janusza Zdunka (Kult), kt\u00f3rzy postanowili zmierzy\u0107 si\u0119 z tematem przemijania, \u015bmierci i \u017ca\u0142oby. Nagrali \u015bwietnie przyj\u0119ty album \u201eRzeczy ostatnie\u201d, przedstawiaj\u0105cy interpretacje polskich pie\u015bni ludowych.Mimo, i\u017c to elementy nieuchronne, b\u0119d\u0105ce cz\u0119\u015bci\u0105 codzienno\u015bci, stanowi\u0105 w naszym kraju kulturowe tabu. Muzycy stworzyli niezwyk\u0142e kompozycje, kt\u00f3re pomog\u0105 s\u0142uchaczowi spojrze\u0107 na kwestie ostateczne z innej perspektywy i dzi\u0119ki temu pom\u00f3c mu w oswajaniu trudnych do\u015bwiadcze\u0144.\u00a0<\/p><p>Materia\u0142y do \u201eRzeczy ostatnich\u201d to wynik wielu godzin rozm\u00f3w i spotka\u0144 z pasjonatami tematu z ca\u0142ego kraju; tw\u00f3rcami ludowymi z Zamojszczyzny, Lubelszczyzny i Podkarpacia; wiejskimi kantorami, \u015bpiewakami i \u015bpiewaczkami. Na podstawie zebranych przez Jarka Wa\u017cnego tekst\u00f3w i nagra\u0144 \u017ar\u00f3d\u0142owych (nagrywanych na dyktafon np. w ko\u0142ach gospody\u0144 wiejskich) powsta\u0142y kompozycje skierowane do wsp\u00f3\u0142czesnego odbiorcy. Utwory zosta\u0142y nagrane z wokalistami uprawiaj\u0105cymi na co dzie\u0144 r\u00f3\u017cne style, kt\u00f3rych barwy g\u0142osu i emocjonalno\u015b\u0107 pozwol\u0105 odnale\u017a\u0107 si\u0119 w tej materii. Za produkcj\u0119 muzyczn\u0105 albumu odpowiada Radek \u0141ukasiewicz.<\/p><p>Matylda \u2013 \u015bpiew<br \/>Ma\u0142gorzata Sobczyk \u2013 \u015bpiew<br \/>Radek \u0141ukasiewicz \u2013 bas, \u015bpiew<br \/>Marcin Januszkiewicz \u2013 \u015bpiew<br \/>Janusz Zdunek \u2013 tr\u0105bka<br \/>Jarek Wa\u017cny \u2013 puzon<br \/>Micha\u0142 Jastrz\u0119bski \u2013 perkusja<\/p>\t\t\t\t\t\t\t\t<\/div>\n\t\t\t\t<\/div>\n\t\t\t\t<div class=\"elementor-element elementor-element-cb9d9be elementor-widget-tablet__width-initial elementor-widget-mobile__width-initial elementor-invisible elementor-widget elementor-widget-text-editor\" data-id=\"cb9d9be\" data-element_type=\"widget\" data-settings=\"{&quot;_animation&quot;:&quot;fadeInRight&quot;}\" data-widget_type=\"text-editor.default\">\n\t\t\t\t<div class=\"elementor-widget-container\">\n\t\t\t\t\t\t\t\t\t<strong>Koncert zespo\u0142u Polskie Znaki otworzy program muzyczny Festiwalu Rymkiewiczowskiego<\/strong>.\t\t\t\t\t\t\t\t<\/div>\n\t\t\t\t<\/div>\n\t\t\t\t<div class=\"elementor-element elementor-element-8b5c792 elementor-widget-tablet__width-initial elementor-invisible elementor-widget elementor-widget-aux_modern_button\" data-id=\"8b5c792\" data-element_type=\"widget\" data-settings=\"{&quot;_animation&quot;:&quot;fadeInRight&quot;}\" data-widget_type=\"aux_modern_button.default\">\n\t\t\t\t<div class=\"elementor-widget-container\">\n\t\t\t\t\t    <div class=\"aux-modern-button-wrapper aux-modern-button-align-left\" >\n                    <a class=\"aux-modern-button aux-black aux-modern-button-md aux-modern-button-normal aux-modern-button-default aux-icon-\" href=\"https:\/\/festiwalrymkiewiczowski.pl\/en\/polskieznaki\/\">\n                <div class=\"aux-overlay\"><\/div>\n                                    <div class=\"aux-icon\">\n                                            <\/div>\n                                <div class=\"aux-text\">\n<span class=\"aux-text-before\">szczeg\u00f3\u0142y koncertu<\/span>                <\/div>\n            <\/a>\n            \n    <\/div>\n\n    \t\t\t\t<\/div>\n\t\t\t\t<\/div>\n\t\t\t\t\t<\/div>\n\t\t<\/div>\n\t\t\t\t\t<\/div>\n\t\t<\/section>\n\t\t\t\t<\/div>","protected":false},"excerpt":{"rendered":"<p>Polskie ZnakiZesp\u00f3\u0142 muzyczny Polskie Znaki to projekt za\u0142o\u017cony przez Radka \u0141ukasiewicza (Bisz\/Radex, Pustki, Artur Rojek), Jarka Wa\u017cnego (Kult) oraz Janusza Zdunka (Kult), kt\u00f3rzy postanowili zmierzy\u0107 si\u0119 z tematem przemijania, \u015bmierci i \u017ca\u0142oby. Nagrali \u015bwietnie przyj\u0119ty album \u201eRzeczy ostatnie\u201d, przedstawiaj\u0105cy interpretacje polskich pie\u015bni ludowych.Mimo, i\u017c to elementy nieuchronne, b\u0119d\u0105ce cz\u0119\u015bci\u0105 codzienno\u015bci, stanowi\u0105 w naszym kraju kulturowe [&hellip;]<\/p>","protected":false},"author":1,"featured_media":0,"parent":0,"menu_order":0,"comment_status":"closed","ping_status":"closed","template":"","meta":{"_monsterinsights_skip_tracking":false,"_monsterinsights_sitenote_active":false,"_monsterinsights_sitenote_note":"","_monsterinsights_sitenote_category":0,"footnotes":""},"class_list":["post-5052","page","type-page","status-publish","hentry"],"_links":{"self":[{"href":"https:\/\/festiwalrymkiewiczowski.pl\/en\/wp-json\/wp\/v2\/pages\/5052","targetHints":{"allow":["GET"]}}],"collection":[{"href":"https:\/\/festiwalrymkiewiczowski.pl\/en\/wp-json\/wp\/v2\/pages"}],"about":[{"href":"https:\/\/festiwalrymkiewiczowski.pl\/en\/wp-json\/wp\/v2\/types\/page"}],"author":[{"embeddable":true,"href":"https:\/\/festiwalrymkiewiczowski.pl\/en\/wp-json\/wp\/v2\/users\/1"}],"replies":[{"embeddable":true,"href":"https:\/\/festiwalrymkiewiczowski.pl\/en\/wp-json\/wp\/v2\/comments?post=5052"}],"version-history":[{"count":7,"href":"https:\/\/festiwalrymkiewiczowski.pl\/en\/wp-json\/wp\/v2\/pages\/5052\/revisions"}],"predecessor-version":[{"id":5116,"href":"https:\/\/festiwalrymkiewiczowski.pl\/en\/wp-json\/wp\/v2\/pages\/5052\/revisions\/5116"}],"wp:attachment":[{"href":"https:\/\/festiwalrymkiewiczowski.pl\/en\/wp-json\/wp\/v2\/media?parent=5052"}],"curies":[{"name":"wp","href":"https:\/\/api.w.org\/{rel}","templated":true}]}}