{"id":4844,"date":"2023-10-25T11:53:21","date_gmt":"2023-10-25T11:53:21","guid":{"rendered":"https:\/\/festiwalrymkiewiczowski.pl\/?page_id=4844"},"modified":"2023-10-25T11:56:16","modified_gmt":"2023-10-25T11:56:16","slug":"jerzy-ziemacki","status":"publish","type":"page","link":"https:\/\/festiwalrymkiewiczowski.pl\/en\/jerzy-ziemacki\/","title":{"rendered":"Jerzy Ziemacki"},"content":{"rendered":"<div data-elementor-type=\"wp-page\" data-elementor-id=\"4844\" class=\"elementor elementor-4844\">\n\t\t\t\t\t\t<section class=\"elementor-section elementor-top-section elementor-element elementor-element-c8378e1 elementor-section-stretched elementor-section-boxed elementor-section-height-default elementor-section-height-default\" data-id=\"c8378e1\" data-element_type=\"section\" data-settings=\"{&quot;stretch_section&quot;:&quot;section-stretched&quot;,&quot;background_background&quot;:&quot;gradient&quot;}\">\n\t\t\t\t\t\t<div class=\"elementor-container elementor-column-gap-default\">\n\t\t\t\t\t<div class=\"aux-parallax-section elementor-column elementor-col-50 elementor-top-column elementor-element elementor-element-a04f1c6\" data-id=\"a04f1c6\" data-element_type=\"column\">\n\t\t\t<div class=\"elementor-widget-wrap elementor-element-populated\">\n\t\t\t\t\t\t<div class=\"elementor-element elementor-element-ff2fdd2 elementor-widget-tablet__width-initial elementor-invisible elementor-widget elementor-widget-image\" data-id=\"ff2fdd2\" data-element_type=\"widget\" data-settings=\"{&quot;_animation&quot;:&quot;fadeInLeft&quot;}\" data-widget_type=\"image.default\">\n\t\t\t\t<div class=\"elementor-widget-container\">\n\t\t\t\t\t\t\t\t\t\t\t\t\t\t\t\t<a href=\"https:\/\/festiwalrymkiewiczowski.pl\/wp-content\/uploads\/2023\/10\/Jerzy_Ziemacki_1.jpg\" data-elementor-open-lightbox=\"yes\" data-elementor-lightbox-title=\"Jerzy_Ziemacki_1\" data-e-action-hash=\"#elementor-action%3Aaction%3Dlightbox%26settings%3DeyJpZCI6NDg0NiwidXJsIjoiaHR0cHM6XC9cL2Zlc3Rpd2Fscnlta2lld2ljem93c2tpLnBsXC93cC1jb250ZW50XC91cGxvYWRzXC8yMDIzXC8xMFwvSmVyenlfWmllbWFja2lfMS5qcGcifQ%3D%3D\">\n\t\t\t\t\t\t\t<img decoding=\"async\" src=\"https:\/\/festiwalrymkiewiczowski.pl\/wp-content\/uploads\/2023\/10\/Jerzy_Ziemacki_1.jpg\" title=\"Jerzy_Ziemacki_1\" alt=\"Jerzy_Ziemacki_1\" loading=\"lazy\" \/>\t\t\t\t\t\t\t\t<\/a>\n\t\t\t\t\t\t\t\t\t\t\t\t\t\t\t<\/div>\n\t\t\t\t<\/div>\n\t\t\t\t\t<\/div>\n\t\t<\/div>\n\t\t\t\t<div class=\"aux-parallax-section elementor-column elementor-col-50 elementor-top-column elementor-element elementor-element-915fcd9\" data-id=\"915fcd9\" data-element_type=\"column\">\n\t\t\t<div class=\"elementor-widget-wrap elementor-element-populated\">\n\t\t\t\t\t\t<div class=\"elementor-element elementor-element-bc832da elementor-invisible elementor-widget elementor-widget-text-editor\" data-id=\"bc832da\" data-element_type=\"widget\" data-settings=\"{&quot;_animation&quot;:&quot;fadeInRight&quot;}\" data-widget_type=\"text-editor.default\">\n\t\t\t\t<div class=\"elementor-widget-container\">\n\t\t\t\t\t\t\t\t\tJerzy Ziemacki\t\t\t\t\t\t\t\t<\/div>\n\t\t\t\t<\/div>\n\t\t\t\t<div class=\"elementor-element elementor-element-468595d elementor-widget-tablet__width-initial elementor-widget-mobile__width-initial elementor-invisible elementor-widget elementor-widget-text-editor\" data-id=\"468595d\" data-element_type=\"widget\" data-settings=\"{&quot;_animation&quot;:&quot;fadeInRight&quot;}\" data-widget_type=\"text-editor.default\">\n\t\t\t\t<div class=\"elementor-widget-container\">\n\t\t\t\t\t\t\t\t\tFilozof\t\t\t\t\t\t\t\t<\/div>\n\t\t\t\t<\/div>\n\t\t\t\t<div class=\"elementor-element elementor-element-3918b42 elementor-widget-tablet__width-initial elementor-widget-mobile__width-initial elementor-invisible elementor-widget elementor-widget-text-editor\" data-id=\"3918b42\" data-element_type=\"widget\" data-settings=\"{&quot;_animation&quot;:&quot;fadeInRight&quot;}\" data-widget_type=\"text-editor.default\">\n\t\t\t\t<div class=\"elementor-widget-container\">\n\t\t\t\t\t\t\t\t\t<p>Doktor filozofii, absolwent dw\u00f3ch wydzia\u0142\u00f3w Uniwersytetu Warszawskiego. Pracuje dla Mi\u0119dzynarodowego Czerwonego Krzy\u017ca i Czerwonego P\u00f3\u0142ksi\u0119\u017cyca. Publikowa\u0142 reporta\u017ce i wywiady m.in. we \u201eWprost\u201d, \u201ePrzekroju\u201d, \u201eNational Geographic\u201d i \u201eRzeczpospolitej\u201d. Fascynuje si\u0119 architektur\u0105, histori\u0105 filozofii i dziejami Polski. W mediach spo\u0142eczno\u015bciowych wsp\u00f3\u0142tworzy popularne profile kwartalnika \u201eKronos\u201d i Fundacji Evviva L\u2019arte. Jest tak\u017ce autorem strony \u201eJaros\u0142aw Marek Rymkiewicz\u201d na Facebooku. Szcz\u0119\u015bliwy w\u0142a\u015bciciel trzech kot\u00f3w. Mieszka na Saskiej K\u0119pie.<\/p>\t\t\t\t\t\t\t\t<\/div>\n\t\t\t\t<\/div>\n\t\t\t\t<div class=\"elementor-element elementor-element-cb9d9be elementor-widget-tablet__width-initial elementor-widget-mobile__width-initial elementor-invisible elementor-widget elementor-widget-text-editor\" data-id=\"cb9d9be\" data-element_type=\"widget\" data-settings=\"{&quot;_animation&quot;:&quot;fadeInRight&quot;}\" data-widget_type=\"text-editor.default\">\n\t\t\t\t<div class=\"elementor-widget-container\">\n\t\t\t\t\t\t\t\t\t<strong>Jerzy Ziemacki poprowadzi spacer \u201e\u015aladami <em>Wieszania<\/em>\u201d, towarzysz\u0105cy wystawie \u201eRymkiewicz. Encyklopedia\u201d.<\/strong>\t\t\t\t\t\t\t\t<\/div>\n\t\t\t\t<\/div>\n\t\t\t\t<div class=\"elementor-element elementor-element-8b5c792 elementor-widget-tablet__width-initial elementor-invisible elementor-widget elementor-widget-aux_modern_button\" data-id=\"8b5c792\" data-element_type=\"widget\" data-settings=\"{&quot;_animation&quot;:&quot;fadeInRight&quot;}\" data-widget_type=\"aux_modern_button.default\">\n\t\t\t\t<div class=\"elementor-widget-container\">\n\t\t\t\t\t    <div class=\"aux-modern-button-wrapper aux-modern-button-align-left\" >\n                    <a class=\"aux-modern-button aux-black aux-modern-button-md aux-modern-button-normal aux-modern-button-default aux-icon-\" href=\"https:\/\/festiwalrymkiewiczowski.pl\/en\/sladami-wieszania\/\">\n                <div class=\"aux-overlay\"><\/div>\n                                    <div class=\"aux-icon\">\n                                            <\/div>\n                                <div class=\"aux-text\">\n<span class=\"aux-text-before\">szczeg\u00f3\u0142y spaceru<\/span>                <\/div>\n            <\/a>\n            \n    <\/div>\n\n    \t\t\t\t<\/div>\n\t\t\t\t<\/div>\n\t\t\t\t\t<\/div>\n\t\t<\/div>\n\t\t\t\t\t<\/div>\n\t\t<\/section>\n\t\t\t\t<\/div>","protected":false},"excerpt":{"rendered":"<p>Jerzy ZiemackiFilozof Doktor filozofii, absolwent dw\u00f3ch wydzia\u0142\u00f3w Uniwersytetu Warszawskiego. Pracuje dla Mi\u0119dzynarodowego Czerwonego Krzy\u017ca i Czerwonego P\u00f3\u0142ksi\u0119\u017cyca. Publikowa\u0142 reporta\u017ce i wywiady m.in. we \u201eWprost\u201d, \u201ePrzekroju\u201d, \u201eNational Geographic\u201d i \u201eRzeczpospolitej\u201d. Fascynuje si\u0119 architektur\u0105, histori\u0105 filozofii i dziejami Polski. W mediach spo\u0142eczno\u015bciowych wsp\u00f3\u0142tworzy popularne profile kwartalnika \u201eKronos\u201d i Fundacji Evviva L\u2019arte. Jest tak\u017ce autorem strony \u201eJaros\u0142aw Marek [&hellip;]<\/p>","protected":false},"author":1,"featured_media":0,"parent":0,"menu_order":0,"comment_status":"closed","ping_status":"closed","template":"","meta":{"_monsterinsights_skip_tracking":false,"_monsterinsights_sitenote_active":false,"_monsterinsights_sitenote_note":"","_monsterinsights_sitenote_category":0,"footnotes":""},"class_list":["post-4844","page","type-page","status-publish","hentry"],"_links":{"self":[{"href":"https:\/\/festiwalrymkiewiczowski.pl\/en\/wp-json\/wp\/v2\/pages\/4844","targetHints":{"allow":["GET"]}}],"collection":[{"href":"https:\/\/festiwalrymkiewiczowski.pl\/en\/wp-json\/wp\/v2\/pages"}],"about":[{"href":"https:\/\/festiwalrymkiewiczowski.pl\/en\/wp-json\/wp\/v2\/types\/page"}],"author":[{"embeddable":true,"href":"https:\/\/festiwalrymkiewiczowski.pl\/en\/wp-json\/wp\/v2\/users\/1"}],"replies":[{"embeddable":true,"href":"https:\/\/festiwalrymkiewiczowski.pl\/en\/wp-json\/wp\/v2\/comments?post=4844"}],"version-history":[{"count":4,"href":"https:\/\/festiwalrymkiewiczowski.pl\/en\/wp-json\/wp\/v2\/pages\/4844\/revisions"}],"predecessor-version":[{"id":4849,"href":"https:\/\/festiwalrymkiewiczowski.pl\/en\/wp-json\/wp\/v2\/pages\/4844\/revisions\/4849"}],"wp:attachment":[{"href":"https:\/\/festiwalrymkiewiczowski.pl\/en\/wp-json\/wp\/v2\/media?parent=4844"}],"curies":[{"name":"wp","href":"https:\/\/api.w.org\/{rel}","templated":true}]}}