{"id":4554,"date":"2023-10-23T08:40:33","date_gmt":"2023-10-23T08:40:33","guid":{"rendered":"https:\/\/festiwalrymkiewiczowski.pl\/?page_id=4554"},"modified":"2023-11-04T06:46:37","modified_gmt":"2023-11-04T06:46:37","slug":"wawrzyniec-rymkiewicz","status":"publish","type":"page","link":"https:\/\/festiwalrymkiewiczowski.pl\/en\/wawrzyniec-rymkiewicz\/","title":{"rendered":"Wawrzyniec Rymkiewicz"},"content":{"rendered":"<div data-elementor-type=\"wp-page\" data-elementor-id=\"4554\" class=\"elementor elementor-4554\">\n\t\t\t\t\t\t<section class=\"elementor-section elementor-top-section elementor-element elementor-element-c8378e1 elementor-section-stretched elementor-section-boxed elementor-section-height-default elementor-section-height-default\" data-id=\"c8378e1\" data-element_type=\"section\" data-settings=\"{&quot;stretch_section&quot;:&quot;section-stretched&quot;,&quot;background_background&quot;:&quot;gradient&quot;}\">\n\t\t\t\t\t\t<div class=\"elementor-container elementor-column-gap-default\">\n\t\t\t\t\t<div class=\"aux-parallax-section elementor-column elementor-col-50 elementor-top-column elementor-element elementor-element-a04f1c6\" data-id=\"a04f1c6\" data-element_type=\"column\">\n\t\t\t<div class=\"elementor-widget-wrap elementor-element-populated\">\n\t\t\t\t\t\t<div class=\"elementor-element elementor-element-ff2fdd2 elementor-widget-tablet__width-initial elementor-invisible elementor-widget elementor-widget-image\" data-id=\"ff2fdd2\" data-element_type=\"widget\" data-settings=\"{&quot;_animation&quot;:&quot;fadeInLeft&quot;}\" data-widget_type=\"image.default\">\n\t\t\t\t<div class=\"elementor-widget-container\">\n\t\t\t\t\t\t\t\t\t\t\t\t\t\t\t\t<a href=\"https:\/\/festiwalrymkiewiczowski.pl\/wp-content\/uploads\/2023\/10\/Wawrzyniec_Rymkiewicz_1.jpg\" data-elementor-open-lightbox=\"yes\" data-elementor-lightbox-title=\"Wawrzyniec_Rymkiewicz_1\" data-e-action-hash=\"#elementor-action%3Aaction%3Dlightbox%26settings%3DeyJpZCI6NDU2MCwidXJsIjoiaHR0cHM6XC9cL2Zlc3Rpd2Fscnlta2lld2ljem93c2tpLnBsXC93cC1jb250ZW50XC91cGxvYWRzXC8yMDIzXC8xMFwvV2F3cnp5bmllY19SeW1raWV3aWN6XzEuanBnIn0%3D\">\n\t\t\t\t\t\t\t<img decoding=\"async\" src=\"https:\/\/festiwalrymkiewiczowski.pl\/wp-content\/uploads\/2023\/10\/Wawrzyniec_Rymkiewicz_1.jpg\" title=\"Wawrzyniec_Rymkiewicz_1\" alt=\"Wawrzyniec_Rymkiewicz_1\" loading=\"lazy\" \/>\t\t\t\t\t\t\t\t<\/a>\n\t\t\t\t\t\t\t\t\t\t\t\t\t\t\t<\/div>\n\t\t\t\t<\/div>\n\t\t\t\t\t<\/div>\n\t\t<\/div>\n\t\t\t\t<div class=\"aux-parallax-section elementor-column elementor-col-50 elementor-top-column elementor-element elementor-element-915fcd9\" data-id=\"915fcd9\" data-element_type=\"column\">\n\t\t\t<div class=\"elementor-widget-wrap elementor-element-populated\">\n\t\t\t\t\t\t<div class=\"elementor-element elementor-element-bc832da elementor-widget-mobile__width-initial elementor-invisible elementor-widget elementor-widget-text-editor\" data-id=\"bc832da\" data-element_type=\"widget\" data-settings=\"{&quot;_animation&quot;:&quot;fadeInRight&quot;}\" data-widget_type=\"text-editor.default\">\n\t\t\t\t<div class=\"elementor-widget-container\">\n\t\t\t\t\t\t\t\t\tWawrzyniec Rymkiewicz\t\t\t\t\t\t\t\t<\/div>\n\t\t\t\t<\/div>\n\t\t\t\t<div class=\"elementor-element elementor-element-468595d elementor-widget-tablet__width-initial elementor-widget-mobile__width-initial elementor-invisible elementor-widget elementor-widget-text-editor\" data-id=\"468595d\" data-element_type=\"widget\" data-settings=\"{&quot;_animation&quot;:&quot;fadeInRight&quot;}\" data-widget_type=\"text-editor.default\">\n\t\t\t\t<div class=\"elementor-widget-container\">\n\t\t\t\t\t\t\t\t\t<span class=\"TextRun SCXW202351374 BCX0\" lang=\"PL-PL\" xml:lang=\"PL-PL\" data-contrast=\"auto\"><span class=\"NormalTextRun SCXW202351374 BCX0\">Filozof, redaktor, t\u0142umacz<\/span><span class=\"NormalTextRun SCXW202351374 BCX0\">, wyk\u0142adowca<\/span><\/span>\t\t\t\t\t\t\t\t<\/div>\n\t\t\t\t<\/div>\n\t\t\t\t<div class=\"elementor-element elementor-element-3918b42 elementor-widget-tablet__width-initial elementor-widget-mobile__width-initial elementor-invisible elementor-widget elementor-widget-text-editor\" data-id=\"3918b42\" data-element_type=\"widget\" data-settings=\"{&quot;_animation&quot;:&quot;fadeInRight&quot;}\" data-widget_type=\"text-editor.default\">\n\t\t\t\t<div class=\"elementor-widget-container\">\n\t\t\t\t\t\t\t\t\tKierownik Zak\u0142adu Historii Filozofii Polskiej na Wydziale Filozofii Uniwersytetu Warszawskiego. W roku 2000 obroni\u0142 dysertacj\u0119 doktorsk\u0105 po\u015bwi\u0119con\u0105 to\u017csamo\u015bci cz\u0142owieka w pierwszej filozofii Heideggera, a w roku 2015 uzyska\u0142 stopie\u0144 doktora habilitowanego na podstawie rozprawy\u00a0<em>Formy istnienia. Heidegger wed\u0142ug Arystotelesa<\/em>\u00a0(Fundacja Augusta hr. Cieszkowskiego, 2015). Autor ksi\u0105\u017cki\u00a0<em>Kto\u015b i nikt. Wprowadzenie do lektury Heideggera<\/em>\u00a0(Wroc\u0142aw 2002 \u2013 seria Fundacji na Rzecz Nauki Polskiej), by\u0142 jednym z t\u0142umaczy ksi\u0105\u017cki Heideggera o Nietzschem (PWN, tom 1 \u2013 1998, tom 2 \u2013 1999), t\u0142umaczy\u0142 tak\u017ce Schellinga (<em>\u015awiatowieki<\/em>, IFIS PAN, Warszawa 2007) oraz wiersze Baudelaire\u2019a (\u201eTw\u00f3rczo\u015b\u0107\u201d, 9\/1993 i 2\u20133\/2005).\n<br><br>\nZa\u0142o\u017cyciel i redaktor naczelny kwartalnika \u201eKronos\u201d. Przewodnicz\u0105cy Rady Fundacji Augusta hr. Cieszkowskiego. Przed rokiem 1989 w redakcjach pism podziemnych: anarchistycznej \u201eKatatymii\u201d (1987\u201388) i niepodleg\u0142o\u015bciowego \u201eUcznia Polskiego\u201d (1988\u201389). W latach 1995\u201396 redagowa\u0142 dzia\u0142 poezji kwartalnika \u201eFronda\u201d.\t\t\t\t\t\t\t\t<\/div>\n\t\t\t\t<\/div>\n\t\t\t\t<div class=\"elementor-element elementor-element-cb9d9be elementor-widget-tablet__width-initial elementor-widget-mobile__width-initial elementor-invisible elementor-widget elementor-widget-text-editor\" data-id=\"cb9d9be\" data-element_type=\"widget\" data-settings=\"{&quot;_animation&quot;:&quot;fadeInRight&quot;}\" data-widget_type=\"text-editor.default\">\n\t\t\t\t<div class=\"elementor-widget-container\">\n\t\t\t\t\t\t\t\t\t<p><strong>Podczas Festiwalu Wawrzyniec Rymkiewicz wyst\u0105pi na obu Debatach Rymkiewiczowskich \u2013 \u201ePrzemoc i polityka\u201d oraz \u201ePo co nam polonistyka?\u201d, kt\u00f3r\u0105 poprowadzi. Wsp\u00f3lnie z Dari\u0105 Chibner poprowadzi tak\u017ce II sesj\u0119 warsztat\u00f3w filozoficznych kwartalnika \u201eKronos\u201d.<\/strong><\/p>\t\t\t\t\t\t\t\t<\/div>\n\t\t\t\t<\/div>\n\t\t\t\t<div class=\"elementor-element elementor-element-8b5c792 elementor-widget-tablet__width-initial elementor-widget-mobile__width-initial elementor-invisible elementor-widget elementor-widget-aux_modern_button\" data-id=\"8b5c792\" data-element_type=\"widget\" data-settings=\"{&quot;_animation&quot;:&quot;fadeInRight&quot;}\" data-widget_type=\"aux_modern_button.default\">\n\t\t\t\t<div class=\"elementor-widget-container\">\n\t\t\t\t\t    <div class=\"aux-modern-button-wrapper aux-modern-button-align-left\" >\n                    <a class=\"aux-modern-button aux-black aux-modern-button-xs aux-modern-button-normal aux-modern-button-default aux-icon-\" href=\"https:\/\/festiwalrymkiewiczowski.pl\/en\/debata-rymkiewiczowska\/\">\n                <div class=\"aux-overlay\"><\/div>\n                                    <div class=\"aux-icon\">\n                                            <\/div>\n                                <div class=\"aux-text\">\n<span class=\"aux-text-before\">szczeg\u00f3\u0142y debaty<br> \"Przemoc i polityka\"<\/span>                <\/div>\n            <\/a>\n            \n    <\/div>\n\n    \t\t\t\t<\/div>\n\t\t\t\t<\/div>\n\t\t\t\t<div class=\"elementor-element elementor-element-55011e4 elementor-widget-tablet__width-initial elementor-invisible elementor-widget elementor-widget-aux_modern_button\" data-id=\"55011e4\" data-element_type=\"widget\" data-settings=\"{&quot;_animation&quot;:&quot;fadeInRight&quot;}\" data-widget_type=\"aux_modern_button.default\">\n\t\t\t\t<div class=\"elementor-widget-container\">\n\t\t\t\t\t    <div class=\"aux-modern-button-wrapper aux-modern-button-align-left\" >\n                    <a class=\"aux-modern-button aux-black aux-modern-button-xs aux-modern-button-normal aux-modern-button-default aux-icon-\" href=\"https:\/\/festiwalrymkiewiczowski.pl\/en\/debata-rymkiewiczowska-2\/\">\n                <div class=\"aux-overlay\"><\/div>\n                                    <div class=\"aux-icon\">\n                                            <\/div>\n                                <div class=\"aux-text\">\n<span class=\"aux-text-before\">szczeg\u00f3\u0142y debaty<br> \"Po co nam polonistyka?\"<\/span>                <\/div>\n            <\/a>\n            \n    <\/div>\n\n    \t\t\t\t<\/div>\n\t\t\t\t<\/div>\n\t\t\t\t<div class=\"elementor-element elementor-element-bd1683f elementor-widget-tablet__width-initial elementor-invisible elementor-widget elementor-widget-aux_modern_button\" data-id=\"bd1683f\" data-element_type=\"widget\" data-settings=\"{&quot;_animation&quot;:&quot;fadeInRight&quot;}\" data-widget_type=\"aux_modern_button.default\">\n\t\t\t\t<div class=\"elementor-widget-container\">\n\t\t\t\t\t    <div class=\"aux-modern-button-wrapper aux-modern-button-align-left\" >\n                    <a class=\"aux-modern-button aux-black aux-modern-button-xs aux-modern-button-normal aux-modern-button-default aux-icon-\" href=\"https:\/\/festiwalrymkiewiczowski.pl\/en\/warsztaty-filozoficzne\/\">\n                <div class=\"aux-overlay\"><\/div>\n                                    <div class=\"aux-icon\">\n                                            <\/div>\n                                <div class=\"aux-text\">\n<span class=\"aux-text-before\">szczeg\u00f3\u0142y warsztat\u00f3w<\/span>                <\/div>\n            <\/a>\n            \n    <\/div>\n\n    \t\t\t\t<\/div>\n\t\t\t\t<\/div>\n\t\t\t\t\t<\/div>\n\t\t<\/div>\n\t\t\t\t\t<\/div>\n\t\t<\/section>\n\t\t\t\t<\/div>","protected":false},"excerpt":{"rendered":"<p>Wawrzyniec RymkiewiczFilozof, redaktor, t\u0142umacz, wyk\u0142adowcaKierownik Zak\u0142adu Historii Filozofii Polskiej na Wydziale Filozofii Uniwersytetu Warszawskiego. W roku 2000 obroni\u0142 dysertacj\u0119 doktorsk\u0105 po\u015bwi\u0119con\u0105 to\u017csamo\u015bci cz\u0142owieka w pierwszej filozofii Heideggera, a w roku 2015 uzyska\u0142 stopie\u0144 doktora habilitowanego na podstawie rozprawy\u00a0Formy istnienia. Heidegger wed\u0142ug Arystotelesa\u00a0(Fundacja Augusta hr. Cieszkowskiego, 2015). Autor ksi\u0105\u017cki\u00a0Kto\u015b i nikt. Wprowadzenie do lektury Heideggera\u00a0(Wroc\u0142aw 2002 [&hellip;]<\/p>","protected":false},"author":1,"featured_media":0,"parent":0,"menu_order":0,"comment_status":"closed","ping_status":"closed","template":"","meta":{"_monsterinsights_skip_tracking":false,"_monsterinsights_sitenote_active":false,"_monsterinsights_sitenote_note":"","_monsterinsights_sitenote_category":0,"footnotes":""},"class_list":["post-4554","page","type-page","status-publish","hentry"],"_links":{"self":[{"href":"https:\/\/festiwalrymkiewiczowski.pl\/en\/wp-json\/wp\/v2\/pages\/4554","targetHints":{"allow":["GET"]}}],"collection":[{"href":"https:\/\/festiwalrymkiewiczowski.pl\/en\/wp-json\/wp\/v2\/pages"}],"about":[{"href":"https:\/\/festiwalrymkiewiczowski.pl\/en\/wp-json\/wp\/v2\/types\/page"}],"author":[{"embeddable":true,"href":"https:\/\/festiwalrymkiewiczowski.pl\/en\/wp-json\/wp\/v2\/users\/1"}],"replies":[{"embeddable":true,"href":"https:\/\/festiwalrymkiewiczowski.pl\/en\/wp-json\/wp\/v2\/comments?post=4554"}],"version-history":[{"count":28,"href":"https:\/\/festiwalrymkiewiczowski.pl\/en\/wp-json\/wp\/v2\/pages\/4554\/revisions"}],"predecessor-version":[{"id":5290,"href":"https:\/\/festiwalrymkiewiczowski.pl\/en\/wp-json\/wp\/v2\/pages\/4554\/revisions\/5290"}],"wp:attachment":[{"href":"https:\/\/festiwalrymkiewiczowski.pl\/en\/wp-json\/wp\/v2\/media?parent=4554"}],"curies":[{"name":"wp","href":"https:\/\/api.w.org\/{rel}","templated":true}]}}