{"id":4383,"date":"2023-10-23T07:01:17","date_gmt":"2023-10-23T07:01:17","guid":{"rendered":"https:\/\/festiwalrymkiewiczowski.pl\/?page_id=4383"},"modified":"2023-10-23T07:49:46","modified_gmt":"2023-10-23T07:49:46","slug":"agata-piotrowska-mastalerz","status":"publish","type":"page","link":"https:\/\/festiwalrymkiewiczowski.pl\/en\/agata-piotrowska-mastalerz\/","title":{"rendered":"Agata Piotrowska-Mastalerz"},"content":{"rendered":"<div data-elementor-type=\"wp-page\" data-elementor-id=\"4383\" class=\"elementor elementor-4383\">\n\t\t\t\t\t\t<section class=\"elementor-section elementor-top-section elementor-element elementor-element-c8378e1 elementor-section-stretched elementor-section-boxed elementor-section-height-default elementor-section-height-default\" data-id=\"c8378e1\" data-element_type=\"section\" data-settings=\"{&quot;stretch_section&quot;:&quot;section-stretched&quot;,&quot;background_background&quot;:&quot;gradient&quot;}\">\n\t\t\t\t\t\t<div class=\"elementor-container elementor-column-gap-default\">\n\t\t\t\t\t<div class=\"aux-parallax-section elementor-column elementor-col-50 elementor-top-column elementor-element elementor-element-a04f1c6\" data-id=\"a04f1c6\" data-element_type=\"column\">\n\t\t\t<div class=\"elementor-widget-wrap elementor-element-populated\">\n\t\t\t\t\t\t<div class=\"elementor-element elementor-element-ff2fdd2 elementor-widget-tablet__width-initial elementor-invisible elementor-widget elementor-widget-image\" data-id=\"ff2fdd2\" data-element_type=\"widget\" data-settings=\"{&quot;_animation&quot;:&quot;fadeInLeft&quot;}\" data-widget_type=\"image.default\">\n\t\t\t\t<div class=\"elementor-widget-container\">\n\t\t\t\t\t\t\t\t\t\t\t\t\t\t\t\t<a href=\"https:\/\/festiwalrymkiewiczowski.pl\/wp-content\/uploads\/2023\/10\/Agata-Piotrowska-Mastalerz_1.jpg\" data-elementor-open-lightbox=\"yes\" data-elementor-lightbox-title=\"Agata-Piotrowska-Mastalerz_1\" data-e-action-hash=\"#elementor-action%3Aaction%3Dlightbox%26settings%3DeyJpZCI6NDM4OSwidXJsIjoiaHR0cHM6XC9cL2Zlc3Rpd2Fscnlta2lld2ljem93c2tpLnBsXC93cC1jb250ZW50XC91cGxvYWRzXC8yMDIzXC8xMFwvQWdhdGEtUGlvdHJvd3NrYS1NYXN0YWxlcnpfMS5qcGcifQ%3D%3D\">\n\t\t\t\t\t\t\t<img decoding=\"async\" src=\"https:\/\/festiwalrymkiewiczowski.pl\/wp-content\/uploads\/2023\/10\/Agata-Piotrowska-Mastalerz_1.jpg\" title=\"Agata-Piotrowska-Mastalerz_1\" alt=\"Agata-Piotrowska-Mastalerz_1\" loading=\"lazy\" \/>\t\t\t\t\t\t\t\t<\/a>\n\t\t\t\t\t\t\t\t\t\t\t\t\t\t\t<\/div>\n\t\t\t\t<\/div>\n\t\t\t\t\t<\/div>\n\t\t<\/div>\n\t\t\t\t<div class=\"aux-parallax-section elementor-column elementor-col-50 elementor-top-column elementor-element elementor-element-915fcd9\" data-id=\"915fcd9\" data-element_type=\"column\">\n\t\t\t<div class=\"elementor-widget-wrap elementor-element-populated\">\n\t\t\t\t\t\t<div class=\"elementor-element elementor-element-bc832da elementor-invisible elementor-widget elementor-widget-text-editor\" data-id=\"bc832da\" data-element_type=\"widget\" data-settings=\"{&quot;_animation&quot;:&quot;fadeInRight&quot;}\" data-widget_type=\"text-editor.default\">\n\t\t\t\t<div class=\"elementor-widget-container\">\n\t\t\t\t\t\t\t\t\tAgata Piotrowska-Mastalerz\t\t\t\t\t\t\t\t<\/div>\n\t\t\t\t<\/div>\n\t\t\t\t<div class=\"elementor-element elementor-element-468595d elementor-widget-tablet__width-initial elementor-widget-mobile__width-initial elementor-invisible elementor-widget elementor-widget-text-editor\" data-id=\"468595d\" data-element_type=\"widget\" data-settings=\"{&quot;_animation&quot;:&quot;fadeInRight&quot;}\" data-widget_type=\"text-editor.default\">\n\t\t\t\t<div class=\"elementor-widget-container\">\n\t\t\t\t\t\t\t\t\tAktorka, wyk\u0142adowczyni\t\t\t\t\t\t\t\t<\/div>\n\t\t\t\t<\/div>\n\t\t\t\t<div class=\"elementor-element elementor-element-3918b42 elementor-widget-tablet__width-initial elementor-widget-mobile__width-initial elementor-invisible elementor-widget elementor-widget-text-editor\" data-id=\"3918b42\" data-element_type=\"widget\" data-settings=\"{&quot;_animation&quot;:&quot;fadeInRight&quot;}\" data-widget_type=\"text-editor.default\">\n\t\t\t\t<div class=\"elementor-widget-container\">\n\t\t\t\t\t\t\t\t\tZ wykszta\u0142cenia aktorka i nauczycielka emisji g\u0142osu \u2013 absolwentka Pa\u0144stwowej Wy\u017cszej Szko\u0142y Teatralnej w Krakowie oraz absolwentka podyplomowych studi\u00f3w na kierunku Emisja i higiena g\u0142osu. W 2013 roku uzyska\u0142a stopie\u0144 Doktora Sztuki Teatralnej w Pa\u0144stwowej Wy\u017cszej Szkole Teatralnej w Krakowie. Pracowa\u0142a w Teatrze im. Stefana Jaracza w \u0141odzi, Teatrze Studio w Warszawie. Obecnie wsp\u00f3\u0142pracuje z Teatrem Warsawy. W latach 2007\u20132017 prowadzi\u0142a zaj\u0119cia z techniki mowy i emisji g\u0142osu w Warszawskiej Szkole Filmowej; 2013\u20132014 \u2013 zaj\u0119cia z emisji i higieny g\u0142osu w Wy\u017cszej Szkole Pedagogicznej im. Korczaka w Warszawie; 2014\u20132015 \u2013 elementarne zadania aktorskie w Warszawskiej Szkole Filmowej; od 2012 wyk\u0142ada przedmiot \u201eEmisja g\u0142osu i technika mowy\u201d na Uniwersytecie Warszawskim; od 2014 \u2013 \u201eTechnika mowy\u201d w Akademii Teatralnej im. Aleksandra Zelwerowicza w Warszawie. Prowadzi szkolenia dla os\u00f3b pracuj\u0105cych g\u0142osem i wyst\u0119puj\u0105cych publicznie. Od kilku lat wsp\u00f3\u0142pracuje z festiwalem tw\u00f3rczo\u015bci Zbigniewa Herberta w Ko\u0142obrzegu \u201eHerbertiada\u201c, podczas kt\u00f3rego prowadzi warsztaty recytatorskie.\t\t\t\t\t\t\t\t<\/div>\n\t\t\t\t<\/div>\n\t\t\t\t<div class=\"elementor-element elementor-element-cb9d9be elementor-widget-tablet__width-initial elementor-widget-mobile__width-initial elementor-invisible elementor-widget elementor-widget-text-editor\" data-id=\"cb9d9be\" data-element_type=\"widget\" data-settings=\"{&quot;_animation&quot;:&quot;fadeInRight&quot;}\" data-widget_type=\"text-editor.default\">\n\t\t\t\t<div class=\"elementor-widget-container\">\n\t\t\t\t\t\t\t\t\t<strong>Agata Piotrowska-Mastalerz poprowadzi \u2013 wsp\u00f3lnie z Andrzejem Mastalerzem \u2013 warsztaty aktorskie dla finalist\u00f3w konkursu recytatorskiego \u201eS\u0142owem Rymkiewicz!\u201d.<\/strong>\t\t\t\t\t\t\t\t<\/div>\n\t\t\t\t<\/div>\n\t\t\t\t<div class=\"elementor-element elementor-element-8b5c792 elementor-widget-tablet__width-initial elementor-invisible elementor-widget elementor-widget-aux_modern_button\" data-id=\"8b5c792\" data-element_type=\"widget\" data-settings=\"{&quot;_animation&quot;:&quot;fadeInRight&quot;}\" data-widget_type=\"aux_modern_button.default\">\n\t\t\t\t<div class=\"elementor-widget-container\">\n\t\t\t\t\t    <div class=\"aux-modern-button-wrapper aux-modern-button-align-left\" >\n                    <a class=\"aux-modern-button aux-black aux-modern-button-md aux-modern-button-normal aux-modern-button-default aux-icon-\" href=\"https:\/\/festiwalrymkiewiczowski.pl\/en\/warsztaty-aktorskie\/\">\n                <div class=\"aux-overlay\"><\/div>\n                                    <div class=\"aux-icon\">\n                                            <\/div>\n                                <div class=\"aux-text\">\n<span class=\"aux-text-before\">szczeg\u00f3\u0142y warsztat\u00f3w<\/span>                <\/div>\n            <\/a>\n            \n    <\/div>\n\n    \t\t\t\t<\/div>\n\t\t\t\t<\/div>\n\t\t\t\t\t<\/div>\n\t\t<\/div>\n\t\t\t\t\t<\/div>\n\t\t<\/section>\n\t\t\t\t<\/div>","protected":false},"excerpt":{"rendered":"<p>Agata Piotrowska-MastalerzAktorka, wyk\u0142adowczyniZ wykszta\u0142cenia aktorka i nauczycielka emisji g\u0142osu \u2013 absolwentka Pa\u0144stwowej Wy\u017cszej Szko\u0142y Teatralnej w Krakowie oraz absolwentka podyplomowych studi\u00f3w na kierunku Emisja i higiena g\u0142osu. W 2013 roku uzyska\u0142a stopie\u0144 Doktora Sztuki Teatralnej w Pa\u0144stwowej Wy\u017cszej Szkole Teatralnej w Krakowie. Pracowa\u0142a w Teatrze im. Stefana Jaracza w \u0141odzi, Teatrze Studio w Warszawie. Obecnie [&hellip;]<\/p>","protected":false},"author":1,"featured_media":0,"parent":0,"menu_order":0,"comment_status":"closed","ping_status":"closed","template":"","meta":{"_monsterinsights_skip_tracking":false,"_monsterinsights_sitenote_active":false,"_monsterinsights_sitenote_note":"","_monsterinsights_sitenote_category":0,"footnotes":""},"class_list":["post-4383","page","type-page","status-publish","hentry"],"_links":{"self":[{"href":"https:\/\/festiwalrymkiewiczowski.pl\/en\/wp-json\/wp\/v2\/pages\/4383","targetHints":{"allow":["GET"]}}],"collection":[{"href":"https:\/\/festiwalrymkiewiczowski.pl\/en\/wp-json\/wp\/v2\/pages"}],"about":[{"href":"https:\/\/festiwalrymkiewiczowski.pl\/en\/wp-json\/wp\/v2\/types\/page"}],"author":[{"embeddable":true,"href":"https:\/\/festiwalrymkiewiczowski.pl\/en\/wp-json\/wp\/v2\/users\/1"}],"replies":[{"embeddable":true,"href":"https:\/\/festiwalrymkiewiczowski.pl\/en\/wp-json\/wp\/v2\/comments?post=4383"}],"version-history":[{"count":25,"href":"https:\/\/festiwalrymkiewiczowski.pl\/en\/wp-json\/wp\/v2\/pages\/4383\/revisions"}],"predecessor-version":[{"id":4471,"href":"https:\/\/festiwalrymkiewiczowski.pl\/en\/wp-json\/wp\/v2\/pages\/4383\/revisions\/4471"}],"wp:attachment":[{"href":"https:\/\/festiwalrymkiewiczowski.pl\/en\/wp-json\/wp\/v2\/media?parent=4383"}],"curies":[{"name":"wp","href":"https:\/\/api.w.org\/{rel}","templated":true}]}}