{"id":3932,"date":"2023-10-19T11:39:16","date_gmt":"2023-10-19T11:39:16","guid":{"rendered":"https:\/\/festiwalrymkiewiczowski.pl\/?page_id=3932"},"modified":"2023-11-09T11:34:11","modified_gmt":"2023-11-09T11:34:11","slug":"sladami-wieszania","status":"publish","type":"page","link":"https:\/\/festiwalrymkiewiczowski.pl\/en\/sladami-wieszania\/","title":{"rendered":"\u015aLADAMI \u201eWIESZANIA\u201d &#8211; spacer z przewodnikiem"},"content":{"rendered":"<div data-elementor-type=\"wp-page\" data-elementor-id=\"3932\" class=\"elementor elementor-3932\">\n\t\t\t\t\t\t<section class=\"elementor-section elementor-top-section elementor-element elementor-element-83eff01 elementor-section-stretched elementor-section-boxed elementor-section-height-default elementor-section-height-default\" data-id=\"83eff01\" data-element_type=\"section\" data-settings=\"{&quot;stretch_section&quot;:&quot;section-stretched&quot;,&quot;background_background&quot;:&quot;gradient&quot;}\">\n\t\t\t\t\t\t<div class=\"elementor-container elementor-column-gap-default\">\n\t\t\t\t\t<div class=\"aux-parallax-section elementor-column elementor-col-50 elementor-top-column elementor-element elementor-element-e1b4b51\" data-id=\"e1b4b51\" data-element_type=\"column\">\n\t\t\t<div class=\"elementor-widget-wrap elementor-element-populated\">\n\t\t\t\t\t\t<div class=\"elementor-element elementor-element-1228d2e elementor-widget-tablet__width-initial elementor-invisible elementor-widget elementor-widget-image\" data-id=\"1228d2e\" data-element_type=\"widget\" data-settings=\"{&quot;_animation&quot;:&quot;fadeInLeft&quot;}\" data-widget_type=\"image.default\">\n\t\t\t\t<div class=\"elementor-widget-container\">\n\t\t\t\t\t\t\t\t\t\t\t\t\t\t\t\t<a href=\"https:\/\/festiwalrymkiewiczowski.pl\/wp-content\/uploads\/2023\/10\/okladka_Wieszanie_2048-.jpg\" data-elementor-open-lightbox=\"yes\" data-elementor-lightbox-title=\"okladka_Wieszanie_2048-\" data-e-action-hash=\"#elementor-action%3Aaction%3Dlightbox%26settings%3DeyJpZCI6Mzk0OSwidXJsIjoiaHR0cHM6XC9cL2Zlc3Rpd2Fscnlta2lld2ljem93c2tpLnBsXC93cC1jb250ZW50XC91cGxvYWRzXC8yMDIzXC8xMFwvb2tsYWRrYV9XaWVzemFuaWVfMjA0OC0uanBnIn0%3D\">\n\t\t\t\t\t\t\t<img fetchpriority=\"high\" decoding=\"async\" width=\"1250\" height=\"1920\" src=\"https:\/\/festiwalrymkiewiczowski.pl\/wp-content\/uploads\/2023\/10\/okladka_Wieszanie_2048-.jpg\" class=\"attachment-full size-full wp-image-3949\" alt=\"\" srcset=\"https:\/\/festiwalrymkiewiczowski.pl\/wp-content\/uploads\/2023\/10\/okladka_Wieszanie_2048-.jpg 1250w, https:\/\/festiwalrymkiewiczowski.pl\/wp-content\/uploads\/2023\/10\/okladka_Wieszanie_2048--1000x1536.jpg 1000w, https:\/\/festiwalrymkiewiczowski.pl\/wp-content\/uploads\/2023\/10\/okladka_Wieszanie_2048--8x12.jpg 8w\" sizes=\"(max-width: 1250px) 100vw, 1250px\" \/>\t\t\t\t\t\t\t\t<\/a>\n\t\t\t\t\t\t\t\t\t\t\t\t\t\t\t<\/div>\n\t\t\t\t<\/div>\n\t\t\t\t\t<\/div>\n\t\t<\/div>\n\t\t\t\t<div class=\"aux-parallax-section elementor-column elementor-col-50 elementor-top-column elementor-element elementor-element-f0ee2e0\" data-id=\"f0ee2e0\" data-element_type=\"column\">\n\t\t\t<div class=\"elementor-widget-wrap elementor-element-populated\">\n\t\t\t\t\t\t<div class=\"elementor-element elementor-element-949770e elementor-invisible elementor-widget elementor-widget-text-editor\" data-id=\"949770e\" data-element_type=\"widget\" data-settings=\"{&quot;_animation&quot;:&quot;fadeInRight&quot;}\" data-widget_type=\"text-editor.default\">\n\t\t\t\t<div class=\"elementor-widget-container\">\n\t\t\t\t\t\t\t\t\t\u015aLADAMI \u201eWIESZANIA\u201d\t\t\t\t\t\t\t\t<\/div>\n\t\t\t\t<\/div>\n\t\t\t\t<div class=\"elementor-element elementor-element-dbd3b37 elementor-invisible elementor-widget elementor-widget-text-editor\" data-id=\"dbd3b37\" data-element_type=\"widget\" data-settings=\"{&quot;_animation&quot;:&quot;fadeInRight&quot;}\" data-widget_type=\"text-editor.default\">\n\t\t\t\t<div class=\"elementor-widget-container\">\n\t\t\t\t\t\t\t\t\tSpacer z przewodnikiem\t\t\t\t\t\t\t\t<\/div>\n\t\t\t\t<\/div>\n\t\t\t\t<div class=\"elementor-element elementor-element-e183980 elementor-invisible elementor-widget elementor-widget-text-editor\" data-id=\"e183980\" data-element_type=\"widget\" data-settings=\"{&quot;_animation&quot;:&quot;fadeInRight&quot;}\" data-widget_type=\"text-editor.default\">\n\t\t\t\t<div class=\"elementor-widget-container\">\n\t\t\t\t\t\t\t\t\t<strong>10 i 12 LISTOPADA, g. 12.00<\/strong><br>\nMuzeum Literatury\t\t\t\t\t\t\t\t<\/div>\n\t\t\t\t<\/div>\n\t\t\t\t<div class=\"elementor-element elementor-element-397991e elementor-invisible elementor-widget elementor-widget-text-editor\" data-id=\"397991e\" data-element_type=\"widget\" data-settings=\"{&quot;_animation&quot;:&quot;fadeInRight&quot;}\" data-widget_type=\"text-editor.default\">\n\t\t\t\t<div class=\"elementor-widget-container\">\n\t\t\t\t\t\t\t\t\tRynek Starego Miasta 20\t\t\t\t\t\t\t\t<\/div>\n\t\t\t\t<\/div>\n\t\t\t\t<div class=\"elementor-element elementor-element-e780f37 elementor-invisible elementor-widget elementor-widget-image\" data-id=\"e780f37\" data-element_type=\"widget\" data-settings=\"{&quot;_animation&quot;:&quot;fadeInRight&quot;}\" data-widget_type=\"image.default\">\n\t\t\t\t<div class=\"elementor-widget-container\">\n\t\t\t\t\t\t\t\t\t\t\t\t\t\t\t<img decoding=\"async\" width=\"67\" height=\"14\" src=\"https:\/\/festiwalrymkiewiczowski.pl\/wp-content\/uploads\/2023\/10\/ML.svg\" class=\"attachment-full size-full wp-image-2245\" alt=\"\" \/>\t\t\t\t\t\t\t\t\t\t\t\t\t\t\t<\/div>\n\t\t\t\t<\/div>\n\t\t\t\t\t<\/div>\n\t\t<\/div>\n\t\t\t\t\t<\/div>\n\t\t<\/section>\n\t\t\t\t<section class=\"elementor-section elementor-top-section elementor-element elementor-element-599309c elementor-section-stretched elementor-section-boxed elementor-section-height-default elementor-section-height-default\" data-id=\"599309c\" data-element_type=\"section\" data-settings=\"{&quot;stretch_section&quot;:&quot;section-stretched&quot;,&quot;background_background&quot;:&quot;classic&quot;}\">\n\t\t\t\t\t\t\t<div class=\"elementor-background-overlay\"><\/div>\n\t\t\t\t\t\t\t<div class=\"elementor-container elementor-column-gap-default\">\n\t\t\t\t\t<div class=\"aux-parallax-section elementor-column elementor-col-100 elementor-top-column elementor-element elementor-element-240eae7\" data-id=\"240eae7\" data-element_type=\"column\">\n\t\t\t<div class=\"elementor-widget-wrap elementor-element-populated\">\n\t\t\t\t\t\t<div class=\"elementor-element elementor-element-30bedc9 elementor-widget elementor-widget-image\" data-id=\"30bedc9\" data-element_type=\"widget\" data-widget_type=\"image.default\">\n\t\t\t\t<div class=\"elementor-widget-container\">\n\t\t\t\t\t\t\t\t\t\t\t\t\t\t\t<img decoding=\"async\" width=\"467\" height=\"526\" src=\"https:\/\/festiwalrymkiewiczowski.pl\/wp-content\/uploads\/2023\/09\/purple_sign.png\" class=\"attachment-large size-large wp-image-1940\" alt=\"\" srcset=\"https:\/\/festiwalrymkiewiczowski.pl\/wp-content\/uploads\/2023\/09\/purple_sign.png 467w, https:\/\/festiwalrymkiewiczowski.pl\/wp-content\/uploads\/2023\/09\/purple_sign-11x12.png 11w\" sizes=\"(max-width: 467px) 100vw, 467px\" \/>\t\t\t\t\t\t\t\t\t\t\t\t\t\t\t<\/div>\n\t\t\t\t<\/div>\n\t\t\t\t<div class=\"elementor-element elementor-element-0933a83 elementor-invisible elementor-widget elementor-widget-text-editor\" data-id=\"0933a83\" data-element_type=\"widget\" data-settings=\"{&quot;_animation&quot;:&quot;fadeIn&quot;}\" data-widget_type=\"text-editor.default\">\n\t\t\t\t<div class=\"elementor-widget-container\">\n\t\t\t\t\t\t\t\t\tO spacerze\t\t\t\t\t\t\t\t<\/div>\n\t\t\t\t<\/div>\n\t\t\t\t<div class=\"elementor-element elementor-element-898a116 elementor-widget__width-initial elementor-invisible elementor-widget elementor-widget-text-editor\" data-id=\"898a116\" data-element_type=\"widget\" data-settings=\"{&quot;_animation&quot;:&quot;fadeIn&quot;}\" data-widget_type=\"text-editor.default\">\n\t\t\t\t<div class=\"elementor-widget-container\">\n\t\t\t\t\t\t\t\t\t<p>Pierwsze szubienice mieszka\u0144cy Warszawy zobaczyli rankiem 9 maja 1794 roku. Trzy z nich znajdowa\u0142y si\u0119 na Rynku Starego Miasta. By\u0142y to masywne konstrukcje, dwie pionowe belki podtrzymywa\u0142y trzeci\u0105 belk\u0119 \u2013 poziom\u0105. Czwarta szubienica stan\u0119\u0142a pod ko\u015bcio\u0142em \u015bw. Anny. Wi\u0119cej szubienic rozstawiono 28 czerwca 1794 roku. Gdzie sta\u0142y? Ile os\u00f3b powieszono? Co o nich wiemy? Dlaczego byli w\u015br\u00f3d nich duchowni? Kto wiesza\u0142? Na czyje polecenie? Jak\u0105 rol\u0119 odgrywa\u0142a wtedy Ambasada Rosyjska w Polsce? Czy pr\u00f3cz szubienic stosowano gilotyny? Kim byli \u201epolscy jakobini\u201d? Jak na wieszanie w Warszawie zareagowa\u0142 Tadeusz Ko\u015bciuszko?<\/p>\t\t\t\t\t\t\t\t<\/div>\n\t\t\t\t<\/div>\n\t\t\t\t<div class=\"elementor-element elementor-element-716c9be elementor-widget-divider--view-line elementor-widget elementor-widget-divider\" data-id=\"716c9be\" data-element_type=\"widget\" data-widget_type=\"divider.default\">\n\t\t\t\t<div class=\"elementor-widget-container\">\n\t\t\t\t\t\t\t<div class=\"elementor-divider\">\n\t\t\t<span class=\"elementor-divider-separator\">\n\t\t\t\t\t\t<\/span>\n\t\t<\/div>\n\t\t\t\t\t\t<\/div>\n\t\t\t\t<\/div>\n\t\t\t\t<div class=\"elementor-element elementor-element-d63b5c2 elementor-widget__width-initial elementor-invisible elementor-widget elementor-widget-text-editor\" data-id=\"d63b5c2\" data-element_type=\"widget\" data-settings=\"{&quot;_animation&quot;:&quot;fadeIn&quot;}\" data-widget_type=\"text-editor.default\">\n\t\t\t\t<div class=\"elementor-widget-container\">\n\t\t\t\t\t\t\t\t\t<p>Wszystkich zainteresowanych zapraszamy na spacer z przewodnikiem po XVIII-wiecznej Warszawie. B\u0119dziemy spacerowa\u0107 \u015bladami miejsc i ludzi opisanych w ksi\u0105\u017cce <em>Wieszanie\u00a0[The\nHanging]<\/em> Jaros\u0142awa Marka Rymkiewicza. Ksi\u0105\u017cka zosta\u0142a napisana \u2013 jak pisze autor w przedmowie \u2013 \u201edla mi\u0142o\u015bnik\u00f3w historii ojczystej\u201d. I w\u0142a\u015bnie mi\u0142o\u015bnikom historii oraz stolicy szczeg\u00f3lnie polecamy to wydarzenie!<\/p><p>Spacer poprowadzi Jerzy Ziemacki \u2013 doktor filozofii, absolwent dw\u00f3ch wydzia\u0142\u00f3w Uniwersytetu Warszawskiego. Pracuje dla Mi\u0119dzynarodowego Czerwonego Krzy\u017ca i Czerwonego P\u00f3\u0142ksi\u0119\u017cyca. Publikowa\u0142 reporta\u017ce i wywiady m.in. we Wprost, Przekroju, National Geographic i Rzeczpospolitej. Fascynuje si\u0119 architektur\u0105, histori\u0105 filozofii i dziejami Polski. W mediach spo\u0142eczno\u015bciowych wsp\u00f3\u0142tworzy popularne profile kwartalnika Kronos i Fundacji Evviva L\u2019arte. Jest tak\u017ce autorem strony \u201eJaros\u0142aw Marek Rymkiewicz\u201d na Facebooku. Szcz\u0119\u015bliwy w\u0142a\u015bciciel trzech kot\u00f3w. Mieszka na Saskiej K\u0119pie.<\/p>\t\t\t\t\t\t\t\t<\/div>\n\t\t\t\t<\/div>\n\t\t\t\t<div class=\"elementor-element elementor-element-5ff6862 elementor-widget-divider--view-line elementor-widget elementor-widget-divider\" data-id=\"5ff6862\" data-element_type=\"widget\" data-widget_type=\"divider.default\">\n\t\t\t\t<div class=\"elementor-widget-container\">\n\t\t\t\t\t\t\t<div class=\"elementor-divider\">\n\t\t\t<span class=\"elementor-divider-separator\">\n\t\t\t\t\t\t<\/span>\n\t\t<\/div>\n\t\t\t\t\t\t<\/div>\n\t\t\t\t<\/div>\n\t\t\t\t<div class=\"elementor-element elementor-element-21ffa88 elementor-widget__width-initial elementor-invisible elementor-widget elementor-widget-text-editor\" data-id=\"21ffa88\" data-element_type=\"widget\" data-settings=\"{&quot;_animation&quot;:&quot;fadeIn&quot;}\" data-widget_type=\"text-editor.default\">\n\t\t\t\t<div class=\"elementor-widget-container\">\n\t\t\t\t\t\t\t\t\t<p><strong>Miejsce zbi\u00f3rki:<\/strong><br \/>Rynek Starego Miasta w Warszawie, przed Muzeum Literatury<br \/><br \/><strong>Czas trwania:<\/strong><br \/>2 godziny<br \/><br \/><br \/><strong>Wst\u0119p wolny<\/strong><\/p>\t\t\t\t\t\t\t\t<\/div>\n\t\t\t\t<\/div>\n\t\t\t\t\t<\/div>\n\t\t<\/div>\n\t\t\t\t\t<\/div>\n\t\t<\/section>\n\t\t\t\t<\/div>","protected":false},"excerpt":{"rendered":"<p>\u015aLADAMI \u201eWIESZANIA\u201dSpacer z przewodnikiem10 i 12 LISTOPADA, g. 12.00 Muzeum LiteraturyRynek Starego Miasta 20 O spacerze Pierwsze szubienice mieszka\u0144cy Warszawy zobaczyli rankiem 9 maja 1794 roku. Trzy z nich znajdowa\u0142y si\u0119 na Rynku Starego Miasta. By\u0142y to masywne konstrukcje, dwie pionowe belki podtrzymywa\u0142y trzeci\u0105 belk\u0119 \u2013 poziom\u0105. Czwarta szubienica stan\u0119\u0142a pod ko\u015bcio\u0142em \u015bw. Anny. Wi\u0119cej [&hellip;]<\/p>","protected":false},"author":1,"featured_media":0,"parent":0,"menu_order":0,"comment_status":"closed","ping_status":"closed","template":"","meta":{"_monsterinsights_skip_tracking":false,"_monsterinsights_sitenote_active":false,"_monsterinsights_sitenote_note":"","_monsterinsights_sitenote_category":0,"footnotes":""},"class_list":["post-3932","page","type-page","status-publish","hentry"],"_links":{"self":[{"href":"https:\/\/festiwalrymkiewiczowski.pl\/en\/wp-json\/wp\/v2\/pages\/3932","targetHints":{"allow":["GET"]}}],"collection":[{"href":"https:\/\/festiwalrymkiewiczowski.pl\/en\/wp-json\/wp\/v2\/pages"}],"about":[{"href":"https:\/\/festiwalrymkiewiczowski.pl\/en\/wp-json\/wp\/v2\/types\/page"}],"author":[{"embeddable":true,"href":"https:\/\/festiwalrymkiewiczowski.pl\/en\/wp-json\/wp\/v2\/users\/1"}],"replies":[{"embeddable":true,"href":"https:\/\/festiwalrymkiewiczowski.pl\/en\/wp-json\/wp\/v2\/comments?post=3932"}],"version-history":[{"count":37,"href":"https:\/\/festiwalrymkiewiczowski.pl\/en\/wp-json\/wp\/v2\/pages\/3932\/revisions"}],"predecessor-version":[{"id":5975,"href":"https:\/\/festiwalrymkiewiczowski.pl\/en\/wp-json\/wp\/v2\/pages\/3932\/revisions\/5975"}],"wp:attachment":[{"href":"https:\/\/festiwalrymkiewiczowski.pl\/en\/wp-json\/wp\/v2\/media?parent=3932"}],"curies":[{"name":"wp","href":"https:\/\/api.w.org\/{rel}","templated":true}]}}