{"id":3066,"date":"2023-10-12T06:13:05","date_gmt":"2023-10-12T06:13:05","guid":{"rendered":"https:\/\/festiwalrymkiewiczowski.pl\/?page_id=3066"},"modified":"2023-11-06T11:22:16","modified_gmt":"2023-11-06T11:22:16","slug":"dziady","status":"publish","type":"page","link":"https:\/\/festiwalrymkiewiczowski.pl\/en\/dziady\/","title":{"rendered":"DZIADY. SPOTKANIE \u017bYWYCH I UMAR\u0141YCH &#8211; Konferencja etnologiczno\u2011antropologiczna"},"content":{"rendered":"<div data-elementor-type=\"wp-page\" data-elementor-id=\"3066\" class=\"elementor elementor-3066\">\n\t\t\t\t\t\t<section class=\"elementor-section elementor-top-section elementor-element elementor-element-83eff01 elementor-section-stretched elementor-section-boxed elementor-section-height-default elementor-section-height-default\" data-id=\"83eff01\" data-element_type=\"section\" data-settings=\"{&quot;stretch_section&quot;:&quot;section-stretched&quot;,&quot;background_background&quot;:&quot;gradient&quot;}\">\n\t\t\t\t\t\t<div class=\"elementor-container elementor-column-gap-default\">\n\t\t\t\t\t<div class=\"aux-parallax-section elementor-column elementor-col-50 elementor-top-column elementor-element elementor-element-e1b4b51\" data-id=\"e1b4b51\" data-element_type=\"column\">\n\t\t\t<div class=\"elementor-widget-wrap elementor-element-populated\">\n\t\t\t\t\t\t<div class=\"elementor-element elementor-element-1228d2e elementor-widget-tablet__width-initial elementor-invisible elementor-widget elementor-widget-image\" data-id=\"1228d2e\" data-element_type=\"widget\" data-settings=\"{&quot;_animation&quot;:&quot;fadeInLeft&quot;}\" data-widget_type=\"image.default\">\n\t\t\t\t<div class=\"elementor-widget-container\">\n\t\t\t\t\t\t\t\t\t\t\t\t\t\t\t\t<a href=\"https:\/\/festiwalrymkiewiczowski.pl\/wp-content\/uploads\/2023\/10\/plakat-Dziady-spotkanie-zywych-i-umarlych-wersja-3-copy-scaled.jpg\" data-elementor-open-lightbox=\"yes\" data-elementor-lightbox-title=\"plakat Dziady spotkanie z\u0307ywych i umar\u0142ych wersja 3 copy\" data-e-action-hash=\"#elementor-action%3Aaction%3Dlightbox%26settings%3DeyJpZCI6MzgzOCwidXJsIjoiaHR0cHM6XC9cL2Zlc3Rpd2Fscnlta2lld2ljem93c2tpLnBsXC93cC1jb250ZW50XC91cGxvYWRzXC8yMDIzXC8xMFwvcGxha2F0LUR6aWFkeS1zcG90a2FuaWUtenl3eWNoLWktdW1hcmx5Y2gtd2Vyc2phLTMtY29weS1zY2FsZWQuanBnIn0%3D\">\n\t\t\t\t\t\t\t<img fetchpriority=\"high\" decoding=\"async\" width=\"1797\" height=\"2560\" src=\"https:\/\/festiwalrymkiewiczowski.pl\/wp-content\/uploads\/2023\/10\/plakat-Dziady-spotkanie-zywych-i-umarlych-wersja-3-copy-scaled.jpg\" class=\"attachment-full size-full wp-image-3838\" alt=\"\" srcset=\"https:\/\/festiwalrymkiewiczowski.pl\/wp-content\/uploads\/2023\/10\/plakat-Dziady-spotkanie-zywych-i-umarlych-wersja-3-copy-scaled.jpg 1797w, https:\/\/festiwalrymkiewiczowski.pl\/wp-content\/uploads\/2023\/10\/plakat-Dziady-spotkanie-zywych-i-umarlych-wersja-3-copy-1078x1536.jpg 1078w, https:\/\/festiwalrymkiewiczowski.pl\/wp-content\/uploads\/2023\/10\/plakat-Dziady-spotkanie-zywych-i-umarlych-wersja-3-copy-1437x2048.jpg 1437w, https:\/\/festiwalrymkiewiczowski.pl\/wp-content\/uploads\/2023\/10\/plakat-Dziady-spotkanie-zywych-i-umarlych-wersja-3-copy-8x12.jpg 8w\" sizes=\"(max-width: 1797px) 100vw, 1797px\" \/>\t\t\t\t\t\t\t\t<\/a>\n\t\t\t\t\t\t\t\t\t\t\t\t\t\t\t<\/div>\n\t\t\t\t<\/div>\n\t\t\t\t\t<\/div>\n\t\t<\/div>\n\t\t\t\t<div class=\"aux-parallax-section elementor-column elementor-col-50 elementor-top-column elementor-element elementor-element-f0ee2e0\" data-id=\"f0ee2e0\" data-element_type=\"column\">\n\t\t\t<div class=\"elementor-widget-wrap elementor-element-populated\">\n\t\t\t\t\t\t<div class=\"elementor-element elementor-element-949770e elementor-invisible elementor-widget elementor-widget-text-editor\" data-id=\"949770e\" data-element_type=\"widget\" data-settings=\"{&quot;_animation&quot;:&quot;fadeInRight&quot;}\" data-widget_type=\"text-editor.default\">\n\t\t\t\t<div class=\"elementor-widget-container\">\n\t\t\t\t\t\t\t\t\tDZIADY. SPOTKANIE \u017bYWYCH\nI UMAR\u0141YCH\t\t\t\t\t\t\t\t<\/div>\n\t\t\t\t<\/div>\n\t\t\t\t<div class=\"elementor-element elementor-element-dbd3b37 elementor-invisible elementor-widget elementor-widget-text-editor\" data-id=\"dbd3b37\" data-element_type=\"widget\" data-settings=\"{&quot;_animation&quot;:&quot;fadeInRight&quot;}\" data-widget_type=\"text-editor.default\">\n\t\t\t\t<div class=\"elementor-widget-container\">\n\t\t\t\t\t\t\t\t\tKonferencja etnologiczno\u2011antropologiczna\t\t\t\t\t\t\t\t<\/div>\n\t\t\t\t<\/div>\n\t\t\t\t<div class=\"elementor-element elementor-element-a97734f elementor-invisible elementor-widget elementor-widget-text-editor\" data-id=\"a97734f\" data-element_type=\"widget\" data-settings=\"{&quot;_animation&quot;:&quot;fadeInRight&quot;}\" data-widget_type=\"text-editor.default\">\n\t\t\t\t<div class=\"elementor-widget-container\">\n\t\t\t\t\t\t\t\t\t<b>6 LISTOPADA, g. 14.00\u201318.30<\/b><br>\nPa\u0144stwowe Muzeum Etnograficzne\t\t\t\t\t\t\t\t<\/div>\n\t\t\t\t<\/div>\n\t\t\t\t<div class=\"elementor-element elementor-element-c6490fe elementor-invisible elementor-widget elementor-widget-text-editor\" data-id=\"c6490fe\" data-element_type=\"widget\" data-settings=\"{&quot;_animation&quot;:&quot;fadeInRight&quot;}\" data-widget_type=\"text-editor.default\">\n\t\t\t\t<div class=\"elementor-widget-container\">\n\t\t\t\t\t\t\t\t\tKredytowa 1\t\t\t\t\t\t\t\t<\/div>\n\t\t\t\t<\/div>\n\t\t\t\t<div class=\"elementor-element elementor-element-e780f37 elementor-invisible elementor-widget elementor-widget-image\" data-id=\"e780f37\" data-element_type=\"widget\" data-settings=\"{&quot;_animation&quot;:&quot;fadeInRight&quot;}\" data-widget_type=\"image.default\">\n\t\t\t\t<div class=\"elementor-widget-container\">\n\t\t\t\t\t\t\t\t\t\t\t\t\t\t\t<img decoding=\"async\" width=\"43\" height=\"23\" src=\"https:\/\/festiwalrymkiewiczowski.pl\/wp-content\/uploads\/2023\/10\/MEWW.svg\" class=\"attachment-full size-full wp-image-2301\" alt=\"\" \/>\t\t\t\t\t\t\t\t\t\t\t\t\t\t\t<\/div>\n\t\t\t\t<\/div>\n\t\t\t\t<div class=\"elementor-element elementor-element-b2891e0 elementor-invisible elementor-widget elementor-widget-aux_modern_button\" data-id=\"b2891e0\" data-element_type=\"widget\" data-settings=\"{&quot;_animation&quot;:&quot;fadeInRight&quot;}\" data-widget_type=\"aux_modern_button.default\">\n\t\t\t\t<div class=\"elementor-widget-container\">\n\t\t\t\t\t    <div class=\"aux-modern-button-wrapper aux-modern-button-align-left\" >\n                    <a class=\"aux-modern-button aux-black aux-modern-button-md aux-modern-button-normal aux-modern-button-default aux-icon-\" href=\"https:\/\/festiwalrymkiewiczowski.pl\/wp-content\/uploads\/2023\/11\/Konferencja-program.pdf\" target=\"_blank\">\n                <div class=\"aux-overlay\"><\/div>\n                                    <div class=\"aux-icon\">\n                                            <\/div>\n                                <div class=\"aux-text\">\n<span class=\"aux-text-before\">pobierz harmonogram<\/span>                <\/div>\n            <\/a>\n            \n    <\/div>\n\n    \t\t\t\t<\/div>\n\t\t\t\t<\/div>\n\t\t\t\t\t<\/div>\n\t\t<\/div>\n\t\t\t\t\t<\/div>\n\t\t<\/section>\n\t\t\t\t<section class=\"elementor-section elementor-top-section elementor-element elementor-element-599309c elementor-section-stretched elementor-section-boxed elementor-section-height-default elementor-section-height-default\" data-id=\"599309c\" data-element_type=\"section\" data-settings=\"{&quot;stretch_section&quot;:&quot;section-stretched&quot;,&quot;background_background&quot;:&quot;classic&quot;}\">\n\t\t\t\t\t\t\t<div class=\"elementor-background-overlay\"><\/div>\n\t\t\t\t\t\t\t<div class=\"elementor-container elementor-column-gap-default\">\n\t\t\t\t\t<div class=\"aux-parallax-section elementor-column elementor-col-100 elementor-top-column elementor-element elementor-element-240eae7\" data-id=\"240eae7\" data-element_type=\"column\">\n\t\t\t<div class=\"elementor-widget-wrap elementor-element-populated\">\n\t\t\t\t\t\t<div class=\"elementor-element elementor-element-30bedc9 elementor-widget elementor-widget-image\" data-id=\"30bedc9\" data-element_type=\"widget\" data-widget_type=\"image.default\">\n\t\t\t\t<div class=\"elementor-widget-container\">\n\t\t\t\t\t\t\t\t\t\t\t\t\t\t\t<img decoding=\"async\" width=\"467\" height=\"526\" src=\"https:\/\/festiwalrymkiewiczowski.pl\/wp-content\/uploads\/2023\/09\/purple_sign.png\" class=\"attachment-large size-large wp-image-1940\" alt=\"\" srcset=\"https:\/\/festiwalrymkiewiczowski.pl\/wp-content\/uploads\/2023\/09\/purple_sign.png 467w, https:\/\/festiwalrymkiewiczowski.pl\/wp-content\/uploads\/2023\/09\/purple_sign-11x12.png 11w\" sizes=\"(max-width: 467px) 100vw, 467px\" \/>\t\t\t\t\t\t\t\t\t\t\t\t\t\t\t<\/div>\n\t\t\t\t<\/div>\n\t\t\t\t<div class=\"elementor-element elementor-element-0933a83 elementor-invisible elementor-widget elementor-widget-text-editor\" data-id=\"0933a83\" data-element_type=\"widget\" data-settings=\"{&quot;_animation&quot;:&quot;fadeIn&quot;}\" data-widget_type=\"text-editor.default\">\n\t\t\t\t<div class=\"elementor-widget-container\">\n\t\t\t\t\t\t\t\t\tO konferencji\t\t\t\t\t\t\t\t<\/div>\n\t\t\t\t<\/div>\n\t\t\t\t<div class=\"elementor-element elementor-element-898a116 elementor-widget__width-initial elementor-invisible elementor-widget elementor-widget-text-editor\" data-id=\"898a116\" data-element_type=\"widget\" data-settings=\"{&quot;_animation&quot;:&quot;fadeIn&quot;}\" data-widget_type=\"text-editor.default\">\n\t\t\t\t<div class=\"elementor-widget-container\">\n\t\t\t\t\t\t\t\t\t<p>Temat przewodni pierwszej edycji Festiwalu Rymkiewiczowskiego to \u201eDziady, upiory, przodkowie\u201d. To bezpo\u015brednie nawi\u0105zanie do tradycji romantycznej, kt\u00f3ra \u2013 poddawana coraz to nowym interpretacjom \u2013 pozostaje nieustannie \u017cywa. Wiod\u0105cy w tw\u00f3rczo\u015bci Jaros\u0142awa Marka Rymkiewicza w\u0105tek \u015bmierci i zwrot poety ku przesz\u0142o\u015bci zawi\u00f3d\u0142 nas do kultury ludowej, w kt\u00f3rej \u2013 jak kiedy\u015b Mickiewicz \u2013 dzisiaj my poszukujemy autentyczno\u015bci, \u017ar\u00f3d\u0142a, wreszcie prawdy o nas samych.<\/p>\t\t\t\t\t\t\t\t<\/div>\n\t\t\t\t<\/div>\n\t\t\t\t<div class=\"elementor-element elementor-element-716c9be elementor-widget-divider--view-line elementor-widget elementor-widget-divider\" data-id=\"716c9be\" data-element_type=\"widget\" data-widget_type=\"divider.default\">\n\t\t\t\t<div class=\"elementor-widget-container\">\n\t\t\t\t\t\t\t<div class=\"elementor-divider\">\n\t\t\t<span class=\"elementor-divider-separator\">\n\t\t\t\t\t\t<\/span>\n\t\t<\/div>\n\t\t\t\t\t\t<\/div>\n\t\t\t\t<\/div>\n\t\t\t\t<div class=\"elementor-element elementor-element-41d7c57 elementor-widget__width-initial elementor-invisible elementor-widget elementor-widget-text-editor\" data-id=\"41d7c57\" data-element_type=\"widget\" data-settings=\"{&quot;_animation&quot;:&quot;fadeIn&quot;}\" data-widget_type=\"text-editor.default\">\n\t\t\t\t<div class=\"elementor-widget-container\">\n\t\t\t\t\t\t\t\t\t<p>W nat\u0142oku kultury masowej i globalizacji, mechanicyzacji i hospitalizacji umierania, kiedy rytua\u0142 po\u017cegnania zmar\u0142ych pozostaje zamkni\u0119ty w jednym religijnym kanonie albo ulega ze\u015bwiecczeniu, kultura ludowa jako jedyna zdaje si\u0119 przechowywa\u0107 zwyczaje przekazywane z pokolenia na pokolenie. I w drug\u0105 stron\u0119: obrz\u0119dy zwi\u0105zane ze \u015bmierci\u0105 okazuj\u0105 si\u0119 w niej najbardziej trwa\u0142e i pozostaj\u0105 ostatnim punktem zaczepienia w przesz\u0142o\u015bci i w lokalno\u015bci. Podczas jednodniowej konferencji porozmawiamy o zwyczajach oko\u0142opogrzebowych, a tak\u017ce o sposobach \u017cegnania i przyzywania zmar\u0142ych i zwi\u0105zanych z tym wierzeniach w kulturze ludowej. Niekiedy wyprawa w przesz\u0142o\u015b\u0107 oka\u017ce si\u0119 dalek\u0105 w\u0119dr\u00f3wk\u0105, a przodkowie b\u0119d\u0105 przyzywani z odleg\u0142ej krainy \u2013 wyobra\u017conej \u2013 jak w przypadku pr\u00f3by odtworzenia wierze\u0144 przedchrze\u015bcija\u0144skich.<\/p><p>Chcemy przyjrze\u0107 si\u0119 temu, co w tradycyjnej obrz\u0119dowo\u015bci zwi\u0105zanej ze \u015bmierci\u0105 jest nadal \u017cywe. Co przenosi si\u0119 ze wsi na grunt miejski? Jak tworzymy nowe rytua\u0142y? Jak odtwarzamy te, kt\u00f3re uwa\u017camy za stare i najbardziej pierwotne? I do czego to wszystko jest nam potrzebne?<\/p><p>Do spotkania z \u017cywymi i umar\u0142ymi zaprosili\u015bmy go\u015bci z naszych s\u0105siednich kraj\u00f3w: Bia\u0142orusi, Litwy, Ukrainy. Praktycznym poszerzeniem konferencji b\u0119d\u0105 spotkania warsztatowe o tym, jak radzi\u0107 sobie w spotkaniu ze \u015bmierci\u0105, w sytuacjach g\u0142\u0119bokiej traumy, straty, \u017ca\u0142oby. I o tym, czy s\u0105 w zasobach tradycji i kultury polskiej narz\u0119dzia, kt\u00f3re mo\u017cna wtedy skutecznie wykorzysta\u0107.<\/p>\t\t\t\t\t\t\t\t<\/div>\n\t\t\t\t<\/div>\n\t\t\t\t<div class=\"elementor-element elementor-element-2638182 elementor-widget-divider--view-line elementor-widget elementor-widget-divider\" data-id=\"2638182\" data-element_type=\"widget\" data-widget_type=\"divider.default\">\n\t\t\t\t<div class=\"elementor-widget-container\">\n\t\t\t\t\t\t\t<div class=\"elementor-divider\">\n\t\t\t<span class=\"elementor-divider-separator\">\n\t\t\t\t\t\t<\/span>\n\t\t<\/div>\n\t\t\t\t\t\t<\/div>\n\t\t\t\t<\/div>\n\t\t\t\t<div class=\"elementor-element elementor-element-21ffa88 elementor-widget__width-initial elementor-invisible elementor-widget elementor-widget-text-editor\" data-id=\"21ffa88\" data-element_type=\"widget\" data-settings=\"{&quot;_animation&quot;:&quot;fadeIn&quot;}\" data-widget_type=\"text-editor.default\">\n\t\t\t\t<div class=\"elementor-widget-container\">\n\t\t\t\t\t\t\t\t\t<p><strong>kuratorzy:<\/strong><br>Izabela Michalska,<br>Remigiusz Mazur\u2011Hanaj<\/p>\n<p><\/p>\n<p><strong>go\u015bcie:<\/strong><br>dr \u0141ukasz Kozak, <br>dr hab. Piotr Grochowski, prof. UMK,<br>dr hab. Justyna Straczuk, prof. IFiS PAN,<br>dr Leszek Garde\u0142a,<br>dr Gra\u017cyna Charytoniuk\u2011Michiej,<br>dr hab. Ewa Mas\u0142owska, prof. IS PAN,<br>doc. Irina Maziuk (Bia\u0142oru\u015b),<br>prof. Daiva Vyciniene (Litwa)<\/p>\n<p><\/p>\n<p><strong>Wst\u0119p wolny,<br>nie wymaga rejestracji.<\/strong><\/p>\t\t\t\t\t\t\t\t<\/div>\n\t\t\t\t<\/div>\n\t\t\t\t\t<\/div>\n\t\t<\/div>\n\t\t\t\t\t<\/div>\n\t\t<\/section>\n\t\t\t\t<\/div>","protected":false},"excerpt":{"rendered":"<p>DZIADY. SPOTKANIE \u017bYWYCH I UMAR\u0141YCHKonferencja etnologiczno\u2011antropologiczna6 LISTOPADA, g. 14.00\u201318.30 Pa\u0144stwowe Muzeum EtnograficzneKredytowa 1 pobierz harmonogram O konferencji Temat przewodni pierwszej edycji Festiwalu Rymkiewiczowskiego to \u201eDziady, upiory, przodkowie\u201d. To bezpo\u015brednie nawi\u0105zanie do tradycji romantycznej, kt\u00f3ra \u2013 poddawana coraz to nowym interpretacjom \u2013 pozostaje nieustannie \u017cywa. Wiod\u0105cy w tw\u00f3rczo\u015bci Jaros\u0142awa Marka Rymkiewicza w\u0105tek \u015bmierci i zwrot poety [&hellip;]<\/p>","protected":false},"author":1,"featured_media":0,"parent":0,"menu_order":0,"comment_status":"closed","ping_status":"closed","template":"","meta":{"_monsterinsights_skip_tracking":false,"_monsterinsights_sitenote_active":false,"_monsterinsights_sitenote_note":"","_monsterinsights_sitenote_category":0,"footnotes":""},"class_list":["post-3066","page","type-page","status-publish","hentry"],"_links":{"self":[{"href":"https:\/\/festiwalrymkiewiczowski.pl\/en\/wp-json\/wp\/v2\/pages\/3066","targetHints":{"allow":["GET"]}}],"collection":[{"href":"https:\/\/festiwalrymkiewiczowski.pl\/en\/wp-json\/wp\/v2\/pages"}],"about":[{"href":"https:\/\/festiwalrymkiewiczowski.pl\/en\/wp-json\/wp\/v2\/types\/page"}],"author":[{"embeddable":true,"href":"https:\/\/festiwalrymkiewiczowski.pl\/en\/wp-json\/wp\/v2\/users\/1"}],"replies":[{"embeddable":true,"href":"https:\/\/festiwalrymkiewiczowski.pl\/en\/wp-json\/wp\/v2\/comments?post=3066"}],"version-history":[{"count":50,"href":"https:\/\/festiwalrymkiewiczowski.pl\/en\/wp-json\/wp\/v2\/pages\/3066\/revisions"}],"predecessor-version":[{"id":5595,"href":"https:\/\/festiwalrymkiewiczowski.pl\/en\/wp-json\/wp\/v2\/pages\/3066\/revisions\/5595"}],"wp:attachment":[{"href":"https:\/\/festiwalrymkiewiczowski.pl\/en\/wp-json\/wp\/v2\/media?parent=3066"}],"curies":[{"name":"wp","href":"https:\/\/api.w.org\/{rel}","templated":true}]}}