{"id":224,"date":"2023-06-13T13:59:31","date_gmt":"2023-06-13T13:59:31","guid":{"rendered":"https:\/\/festiwalrymkiewiczowski.pl\/?page_id=224"},"modified":"2024-09-12T12:51:04","modified_gmt":"2024-09-12T12:51:04","slug":"rymkiewicz","status":"publish","type":"page","link":"https:\/\/festiwalrymkiewiczowski.pl\/en\/rymkiewicz\/","title":{"rendered":"Rymkiewicz"},"content":{"rendered":"<div data-elementor-type=\"wp-page\" data-elementor-id=\"224\" class=\"elementor elementor-224\">\n\t\t\t\t\t\t<section class=\"elementor-section elementor-top-section elementor-element elementor-element-8695248 elementor-section-stretched elementor-section-full_width elementor-section-height-default elementor-section-height-default\" data-id=\"8695248\" data-element_type=\"section\" data-settings=\"{&quot;stretch_section&quot;:&quot;section-stretched&quot;,&quot;background_background&quot;:&quot;classic&quot;}\">\n\t\t\t\t\t\t<div class=\"elementor-container elementor-column-gap-default\">\n\t\t\t\t\t<div class=\"aux-parallax-section elementor-column elementor-col-33 elementor-top-column elementor-element elementor-element-8e64284 elementor-invisible\" data-id=\"8e64284\" data-element_type=\"column\" data-settings=\"{&quot;background_background&quot;:&quot;classic&quot;,&quot;animation&quot;:&quot;fadeIn&quot;}\">\n\t\t\t<div class=\"elementor-widget-wrap\">\n\t\t\t\t\t\t\t<\/div>\n\t\t<\/div>\n\t\t\t\t<div class=\"aux-parallax-section elementor-column elementor-col-66 elementor-top-column elementor-element elementor-element-da141bf\" data-id=\"da141bf\" data-element_type=\"column\">\n\t\t\t<div class=\"elementor-widget-wrap elementor-element-populated\">\n\t\t\t\t\t\t<div class=\"elementor-element elementor-element-46bbba6 elementor-invisible elementor-widget elementor-widget-text-editor\" data-id=\"46bbba6\" data-element_type=\"widget\" data-settings=\"{&quot;_animation&quot;:&quot;fadeIn&quot;}\" data-widget_type=\"text-editor.default\">\n\t\t\t\t<div class=\"elementor-widget-container\">\n\t\t\t\t\t\t\t\t\tJaros\u0142aw<br>\nMarek<br>\nRymkiewicz\t\t\t\t\t\t\t\t<\/div>\n\t\t\t\t<\/div>\n\t\t\t\t<div class=\"elementor-element elementor-element-aac6cf8 elementor-invisible elementor-widget elementor-widget-text-editor\" data-id=\"aac6cf8\" data-element_type=\"widget\" data-settings=\"{&quot;_animation&quot;:&quot;fadeIn&quot;}\" data-widget_type=\"text-editor.default\">\n\t\t\t\t<div class=\"elementor-widget-container\">\n\t\t\t\t\t\t\t\t\tPoet, essay writer, playwright, literature historian, professor of humanities.<br>His every book or even speech aroused heated discussion.\t\t\t\t\t\t\t\t<\/div>\n\t\t\t\t<\/div>\n\t\t\t\t<div class=\"elementor-element elementor-element-2e48e0a elementor-hidden-desktop elementor-hidden-tablet elementor-widget elementor-widget-image\" data-id=\"2e48e0a\" data-element_type=\"widget\" data-settings=\"{&quot;_animation_mobile&quot;:&quot;fadeInLeft&quot;}\" data-widget_type=\"image.default\">\n\t\t\t\t<div class=\"elementor-widget-container\">\n\t\t\t\t\t\t\t\t\t\t\t\t\t\t\t<img fetchpriority=\"high\" decoding=\"async\" width=\"1200\" height=\"1601\" src=\"https:\/\/festiwalrymkiewiczowski.pl\/wp-content\/uploads\/2023\/06\/Rymkiewicz_1.jpg\" class=\"attachment-full size-full wp-image-99\" alt=\"\" srcset=\"https:\/\/festiwalrymkiewiczowski.pl\/wp-content\/uploads\/2023\/06\/Rymkiewicz_1.jpg 1200w, https:\/\/festiwalrymkiewiczowski.pl\/wp-content\/uploads\/2023\/06\/Rymkiewicz_1-1151x1536.jpg 1151w\" sizes=\"(max-width: 1200px) 100vw, 1200px\" \/>\t\t\t\t\t\t\t\t\t\t\t\t\t\t\t<\/div>\n\t\t\t\t<\/div>\n\t\t\t\t<div class=\"elementor-element elementor-element-07b3406 elementor-widget__width-initial elementor-invisible elementor-widget elementor-widget-text-editor\" data-id=\"07b3406\" data-element_type=\"widget\" data-settings=\"{&quot;_animation&quot;:&quot;fadeIn&quot;}\" data-widget_type=\"text-editor.default\">\n\t\t\t\t<div class=\"elementor-widget-container\">\n\t\t\t\t\t\t\t\t\t<p>Born in 1935 in Warsaw, he was first recognized at 22 for his poetry volume <em>Conventions,<\/em> published in \u0141\u00f3d\u017a. In 1967 he announced his literary creed in the book <em>Czym jest klasycyzm. Manifesty poetyckie.\u00a0[What is Classicism. Poetic Manifestos.].<\/em> The author of many collections of poems, the best known being: <em>Thema regium<\/em> (1978), <em>Ulica Mandelsztama [Mandelstam\u2019s Street]<\/em> (1983), <em>Moje dzie\u0142o po\u015bmiertne [My Posthumous Work]<\/em> (1993), <em>Znak niejasny, ba\u015b\u0144 p\u00f3\u0142\u017cywa\u00a0[The Sign Unclear, the Fable \u2013 Half-Alive]<\/em> (1999), <em>Zach\u00f3d s\u0142o\u0144ca w Milan\u00f3wku\u00a0[Sunset in Milan\u00f3wek]<\/em> (2002), <em>Wiersze polityczne\u00a0[Political Poems]<\/em> (2010), <em>Pastuszek Che\u0142mo\u0144skiego\u00a0[Che\u0142mo\u0144ski\u2019s Shepherd Boy]<\/em> (2014) and, published in 2015, <em>Koniec lata w zdzicza\u0142ym ogrodzie\u00a0[The End of Summer in a Garden Gone Wild].<\/em>.<\/p><p>His two novels, written in the eighties and published underground: <em>Rozmowy polskie latem\n1983\u00a0[Polish Conversations in the Summer of 1983]<\/em> (1984) and <em>Umschlagplatz<\/em> (1988), attracted a great deal of interest from readers and have been translated into French, German\nand English.<\/p><p>Rymkiewicz included the results of his vast work as a literature historian in his volumes of essays and encyclopedic writings, devoted to Mickiewicz, S\u0142owacki, Le\u015bmian and Fredro. He worked in the Literary Research Institute of the Polish Academy of Sciences, from where he was dismissed in 1985 (employed again after 1989). In 1994 he was awarded the title of Professor of Humanities.<\/p><p>In the first decade of the 21 C, he wrote his famous historical essays: <em>Wieszanie\u00a0[The\nHanging]<\/em> (2007), <em>Kinderszenen<\/em> (2008), <em>Samuel Zborowski<\/em> (2010), <em>Reytan. Upadek Polski [Reytan. The Fall of Poland]<\/em> (2013). A lot of valuable thought he left in his 1983 essay <em>Wielki Ksi\u0105\u017c\u0119 z dodaniem rozwa\u017ca\u0144 o istocie i przymiotach ducha polskiego\u00a0[The Grand\nDuke, With Some Musings on the Essence and Virtues of the Polish Spirit].<\/em> (1983).<\/p><p>Author of dramas and comedies, almost incessantly played in the National Theatre since the 60-s; his <i>U\u0142ani [The Lancers],<\/i>(directed by Piotr Cieplak) are still on nowadays.<\/p><p>He translated a lot of world literature into Polish, among others the poetry of Thomas S. Eliot and Wallace Stevens, Osip Mandelstam,\u00a0 Federico Garc\u00eda Lorca and of the dramas of Calder\u00f3n de la Barca. He lived many years in Milan\u00f3wek, which he loved and where he died on February the 3 rd , 2022.<\/p><p>For his work he was rewarded numerous awards, among others: The Ko\u015bcielski Award (1967), Stanis\u0142aw Vincenz Award (1984), Zygmunt Hertz Award (1986), Nike Award (2003), and in 2015: Julian Tuwim Award as well as the Literary Award of Warsaw, of which the latter he refused to accept for political reasons. In 2016 he was awarded the Lech Kaczy\u0144ski Award. In 2022, the Parliament of the Republic of Poland \u2013 in a resolution adopted by acclamation on 9 February \u2013 commemorated the poet and recalled his outstanding creative output.<\/p>\t\t\t\t\t\t\t\t<\/div>\n\t\t\t\t<\/div>\n\t\t\t\t\t<\/div>\n\t\t<\/div>\n\t\t\t\t\t<\/div>\n\t\t<\/section>\n\t\t\t\t<section class=\"elementor-section elementor-top-section elementor-element elementor-element-a3f1026 elementor-section-stretched elementor-section-full_width elementor-section-height-default elementor-section-height-default elementor-invisible\" data-id=\"a3f1026\" data-element_type=\"section\" data-settings=\"{&quot;stretch_section&quot;:&quot;section-stretched&quot;,&quot;background_background&quot;:&quot;classic&quot;,&quot;animation&quot;:&quot;fadeIn&quot;}\">\n\t\t\t\t\t\t<div class=\"elementor-container elementor-column-gap-default\">\n\t\t\t\t\t<div class=\"aux-parallax-section elementor-column elementor-col-33 elementor-top-column elementor-element elementor-element-b7d848b\" data-id=\"b7d848b\" data-element_type=\"column\" data-settings=\"{&quot;background_background&quot;:&quot;classic&quot;,&quot;animation&quot;:&quot;none&quot;}\">\n\t\t\t<div class=\"elementor-widget-wrap\">\n\t\t\t\t\t\t\t<\/div>\n\t\t<\/div>\n\t\t\t\t<div class=\"aux-parallax-section elementor-column elementor-col-66 elementor-top-column elementor-element elementor-element-160b740\" data-id=\"160b740\" data-element_type=\"column\" data-settings=\"{&quot;background_background&quot;:&quot;classic&quot;}\">\n\t\t\t<div class=\"elementor-widget-wrap elementor-element-populated\">\n\t\t\t\t\t\t<div class=\"elementor-element elementor-element-994fe87 elementor-invisible elementor-widget elementor-widget-text-editor\" data-id=\"994fe87\" data-element_type=\"widget\" data-settings=\"{&quot;_animation&quot;:&quot;fadeIn&quot;}\" data-widget_type=\"text-editor.default\">\n\t\t\t\t<div class=\"elementor-widget-container\">\n\t\t\t\t\t\t\t\t\tBeyond time\t\t\t\t\t\t\t\t<\/div>\n\t\t\t\t<\/div>\n\t\t\t\t<div class=\"elementor-element elementor-element-3cf2c59 elementor-invisible elementor-widget elementor-widget-text-editor\" data-id=\"3cf2c59\" data-element_type=\"widget\" data-settings=\"{&quot;_animation&quot;:&quot;fadeIn&quot;}\" data-widget_type=\"text-editor.default\">\n\t\t\t\t<div class=\"elementor-widget-container\">\n\t\t\t\t\t\t\t\t\t<p>\u201eClassicism is the unceasing fight for your place in culture, and thus also in the present time,\nit is an unceasing awareness that the past is present, it is the awareness that there is no poetical\nidiom of the past or of the present, because there is one great sea of poetic language beyond\ntime, finally, it is the unceasing projection of oneself and others onto the future.\u201d<\/p>\t\t\t\t\t\t\t\t<\/div>\n\t\t\t\t<\/div>\n\t\t\t\t<div class=\"elementor-element elementor-element-0c056a9 elementor-invisible elementor-widget elementor-widget-text-editor\" data-id=\"0c056a9\" data-element_type=\"widget\" data-settings=\"{&quot;_animation&quot;:&quot;fadeIn&quot;}\" data-widget_type=\"text-editor.default\">\n\t\t\t\t<div class=\"elementor-widget-container\">\n\t\t\t\t\t\t\t\t\t(Czym jest klasycyzm. Manifesty poetyckie.\u00a0[What is Classicism. Poetic Manifestos.])\t\t\t\t\t\t\t\t<\/div>\n\t\t\t\t<\/div>\n\t\t\t\t\t<\/div>\n\t\t<\/div>\n\t\t\t\t\t<\/div>\n\t\t<\/section>\n\t\t\t\t<section class=\"elementor-section elementor-top-section elementor-element elementor-element-6b75240 elementor-section-full_width elementor-section-stretched elementor-section-height-default elementor-section-height-default\" data-id=\"6b75240\" data-element_type=\"section\" data-settings=\"{&quot;stretch_section&quot;:&quot;section-stretched&quot;}\">\n\t\t\t\t\t\t<div class=\"elementor-container elementor-column-gap-default\">\n\t\t\t\t\t<div class=\"aux-parallax-section elementor-column elementor-col-100 elementor-top-column elementor-element elementor-element-1622cfc elementor-hidden-desktop elementor-hidden-tablet\" data-id=\"1622cfc\" data-element_type=\"column\" data-settings=\"{&quot;animation_mobile&quot;:&quot;fadeInLeft&quot;}\">\n\t\t\t<div class=\"elementor-widget-wrap elementor-element-populated\">\n\t\t\t\t\t\t<div class=\"elementor-element elementor-element-d0f8ae0 elementor-widget elementor-widget-image\" data-id=\"d0f8ae0\" data-element_type=\"widget\" data-widget_type=\"image.default\">\n\t\t\t\t<div class=\"elementor-widget-container\">\n\t\t\t\t\t\t\t\t\t\t\t\t\t\t\t<img decoding=\"async\" src=\"https:\/\/festiwalrymkiewiczowski.pl\/wp-content\/uploads\/2023\/06\/Rymkiewicz_4.jpg\" title=\"Rymkiewicz_4\" alt=\"Rymkiewicz_4\" loading=\"lazy\" \/>\t\t\t\t\t\t\t\t\t\t\t\t\t\t\t<\/div>\n\t\t\t\t<\/div>\n\t\t\t\t\t<\/div>\n\t\t<\/div>\n\t\t\t\t\t<\/div>\n\t\t<\/section>\n\t\t\t\t<section class=\"elementor-section elementor-top-section elementor-element elementor-element-a93f66f elementor-section-boxed elementor-section-height-default elementor-section-height-default\" data-id=\"a93f66f\" data-element_type=\"section\">\n\t\t\t\t\t\t<div class=\"elementor-container elementor-column-gap-default\">\n\t\t\t\t\t<div class=\"aux-parallax-section elementor-column elementor-col-100 elementor-top-column elementor-element elementor-element-5a5aca0\" data-id=\"5a5aca0\" data-element_type=\"column\">\n\t\t\t<div class=\"elementor-widget-wrap elementor-element-populated\">\n\t\t\t\t\t\t<div class=\"elementor-element elementor-element-a649cc0 elementor-invisible elementor-widget elementor-widget-text-editor\" data-id=\"a649cc0\" data-element_type=\"widget\" data-settings=\"{&quot;_animation&quot;:&quot;fadeIn&quot;}\" data-widget_type=\"text-editor.default\">\n\t\t\t\t<div class=\"elementor-widget-container\">\n\t\t\t\t\t\t\t\t\tFilms\t\t\t\t\t\t\t\t<\/div>\n\t\t\t\t<\/div>\n\t\t\t\t\t<\/div>\n\t\t<\/div>\n\t\t\t\t\t<\/div>\n\t\t<\/section>\n\t\t\t\t<section class=\"elementor-section elementor-top-section elementor-element elementor-element-6c791d2 elementor-section-stretched elementor-section-content-middle elementor-section-boxed elementor-section-height-default elementor-section-height-default\" data-id=\"6c791d2\" data-element_type=\"section\" data-settings=\"{&quot;stretch_section&quot;:&quot;section-stretched&quot;,&quot;background_background&quot;:&quot;classic&quot;}\">\n\t\t\t\t\t\t<div class=\"elementor-container elementor-column-gap-default\">\n\t\t\t\t\t<div class=\"aux-parallax-section elementor-column elementor-col-100 elementor-top-column elementor-element elementor-element-99bd8f4\" data-id=\"99bd8f4\" data-element_type=\"column\">\n\t\t\t<div class=\"elementor-widget-wrap elementor-element-populated\">\n\t\t\t\t\t\t<div class=\"elementor-element elementor-element-e869283 elementor-invisible elementor-widget elementor-widget-text-editor\" data-id=\"e869283\" data-element_type=\"widget\" data-settings=\"{&quot;_animation&quot;:&quot;fadeIn&quot;}\" data-widget_type=\"text-editor.default\">\n\t\t\t\t<div class=\"elementor-widget-container\">\n\t\t\t\t\t\t\t\t\t<p>S\u0105dy, przes\u0105dy \u2013 w powi\u0119kszeniu: Rymkiewicz<br> [Judgments, prejudices \u2013 under magnifying\nglass: Rymkiewicz]<\/p>\t\t\t\t\t\t\t\t<\/div>\n\t\t\t\t<\/div>\n\t\t\t\t<div class=\"elementor-element elementor-element-aac936c elementor-invisible elementor-widget elementor-widget-aux_modern_button\" data-id=\"aac936c\" data-element_type=\"widget\" data-settings=\"{&quot;_animation&quot;:&quot;fadeIn&quot;}\" data-widget_type=\"aux_modern_button.default\">\n\t\t\t\t<div class=\"elementor-widget-container\">\n\t\t\t\t\t    <div class=\"aux-modern-button-wrapper aux-modern-button-align-center\" >\n                    <a class=\"aux-modern-button aux-black aux-modern-button-md aux-modern-button-normal aux-modern-button-default aux-icon-\" href=\"https:\/\/vod.tvp.pl\/programy,88\/sady-przesady--w-powiekszeniu-odcinki,274577\/odcinek-38,S01E38,319316\" target=\"_blank\">\n                <div class=\"aux-overlay\"><\/div>\n                                    <div class=\"aux-icon\">\n                                            <\/div>\n                                <div class=\"aux-text\">\n<span class=\"aux-text-before\">watch the film<\/span>                <\/div>\n            <\/a>\n            \n    <\/div>\n\n    \t\t\t\t<\/div>\n\t\t\t\t<\/div>\n\t\t\t\t\t<\/div>\n\t\t<\/div>\n\t\t\t\t\t<\/div>\n\t\t<\/section>\n\t\t\t\t<section class=\"elementor-section elementor-top-section elementor-element elementor-element-6ed985e elementor-section-stretched elementor-section-content-middle elementor-section-boxed elementor-section-height-default elementor-section-height-default\" data-id=\"6ed985e\" data-element_type=\"section\" data-settings=\"{&quot;stretch_section&quot;:&quot;section-stretched&quot;,&quot;background_background&quot;:&quot;classic&quot;}\">\n\t\t\t\t\t\t<div class=\"elementor-container elementor-column-gap-default\">\n\t\t\t\t\t<div class=\"aux-parallax-section elementor-column elementor-col-100 elementor-top-column elementor-element elementor-element-2229e0f\" data-id=\"2229e0f\" data-element_type=\"column\">\n\t\t\t<div class=\"elementor-widget-wrap elementor-element-populated\">\n\t\t\t\t\t\t<div class=\"elementor-element elementor-element-cc2d530 elementor-invisible elementor-widget elementor-widget-text-editor\" data-id=\"cc2d530\" data-element_type=\"widget\" data-settings=\"{&quot;_animation&quot;:&quot;fadeIn&quot;}\" data-widget_type=\"text-editor.default\">\n\t\t\t\t<div class=\"elementor-widget-container\">\n\t\t\t\t\t\t\t\t\t<p>Rymkiewicz. Historia i metafizyka<br>[Rymkiewicz. History and Metaphysics]<\/p>\t\t\t\t\t\t\t\t<\/div>\n\t\t\t\t<\/div>\n\t\t\t\t<div class=\"elementor-element elementor-element-0fa695c elementor-invisible elementor-widget elementor-widget-aux_modern_button\" data-id=\"0fa695c\" data-element_type=\"widget\" data-settings=\"{&quot;_animation&quot;:&quot;fadeIn&quot;}\" data-widget_type=\"aux_modern_button.default\">\n\t\t\t\t<div class=\"elementor-widget-container\">\n\t\t\t\t\t    <div class=\"aux-modern-button-wrapper aux-modern-button-align-center\" >\n                    <a class=\"aux-modern-button aux-black aux-modern-button-md aux-modern-button-normal aux-modern-button-default aux-icon-\" href=\"https:\/\/vod.tvp.pl\/filmy-dokumentalne,163\/rymkiewicz-historia-i-metafizyka,295782\" target=\"_blank\">\n                <div class=\"aux-overlay\"><\/div>\n                                    <div class=\"aux-icon\">\n                                            <\/div>\n                                <div class=\"aux-text\">\n<span class=\"aux-text-before\">watch the film<\/span>                <\/div>\n            <\/a>\n            \n    <\/div>\n\n    \t\t\t\t<\/div>\n\t\t\t\t<\/div>\n\t\t\t\t\t<\/div>\n\t\t<\/div>\n\t\t\t\t\t<\/div>\n\t\t<\/section>\n\t\t\t\t<section class=\"elementor-section elementor-top-section elementor-element elementor-element-78a40a8 elementor-section-stretched elementor-section-content-middle elementor-section-boxed elementor-section-height-default elementor-section-height-default\" data-id=\"78a40a8\" data-element_type=\"section\" data-settings=\"{&quot;stretch_section&quot;:&quot;section-stretched&quot;,&quot;background_background&quot;:&quot;classic&quot;}\">\n\t\t\t\t\t\t<div class=\"elementor-container elementor-column-gap-default\">\n\t\t\t\t\t<div class=\"aux-parallax-section elementor-column elementor-col-100 elementor-top-column elementor-element elementor-element-6364025\" data-id=\"6364025\" data-element_type=\"column\">\n\t\t\t<div class=\"elementor-widget-wrap elementor-element-populated\">\n\t\t\t\t\t\t<div class=\"elementor-element elementor-element-87a6613 elementor-invisible elementor-widget elementor-widget-text-editor\" data-id=\"87a6613\" data-element_type=\"widget\" data-settings=\"{&quot;_animation&quot;:&quot;fadeIn&quot;}\" data-widget_type=\"text-editor.default\">\n\t\t\t\t<div class=\"elementor-widget-container\">\n\t\t\t\t\t\t\t\t\t<p>Poeta pozwany<br> [The Poet Sued]<\/p>\t\t\t\t\t\t\t\t<\/div>\n\t\t\t\t<\/div>\n\t\t\t\t<div class=\"elementor-element elementor-element-20b4eb8 elementor-invisible elementor-widget elementor-widget-aux_modern_button\" data-id=\"20b4eb8\" data-element_type=\"widget\" data-settings=\"{&quot;_animation&quot;:&quot;fadeIn&quot;}\" data-widget_type=\"aux_modern_button.default\">\n\t\t\t\t<div class=\"elementor-widget-container\">\n\t\t\t\t\t    <div class=\"aux-modern-button-wrapper aux-modern-button-align-center\" >\n                    <a class=\"aux-modern-button aux-black aux-modern-button-md aux-modern-button-normal aux-modern-button-default aux-icon-\" href=\"https:\/\/www.dailymotion.com\/video\/xs7sf7\" target=\"_blank\">\n                <div class=\"aux-overlay\"><\/div>\n                                    <div class=\"aux-icon\">\n                                            <\/div>\n                                <div class=\"aux-text\">\n<span class=\"aux-text-before\">watch the film<\/span>                <\/div>\n            <\/a>\n            \n    <\/div>\n\n    \t\t\t\t<\/div>\n\t\t\t\t<\/div>\n\t\t\t\t\t<\/div>\n\t\t<\/div>\n\t\t\t\t\t<\/div>\n\t\t<\/section>\n\t\t\t\t<\/div>","protected":false},"excerpt":{"rendered":"<p>Jaros\u0142aw Marek RymkiewiczPoeta, eseista, dramaturg, historyk literatury, profesor nauk humanistycznych.Ka\u017cda jego ksi\u0105\u017cka, a nawet wypowied\u017a, rozpala\u0142a w Polsce gor\u0105ce dyskusje. Urodzony 13 lipca 1935 roku w Warszawie, zadebiutowa\u0142 w wieku 22 lat tomikiem wierszy Konwencje (wydanym w \u0141odzi). W roku 1967 og\u0142osi\u0142 swoje literackie credo w ksi\u0105\u017cce: Czym jest klasycyzm. Manifesty poetyckie. Autor licznych tom\u00f3w [&hellip;]<\/p>","protected":false},"author":1,"featured_media":0,"parent":0,"menu_order":0,"comment_status":"closed","ping_status":"closed","template":"","meta":{"_monsterinsights_skip_tracking":false,"_monsterinsights_sitenote_active":false,"_monsterinsights_sitenote_note":"","_monsterinsights_sitenote_category":0,"footnotes":""},"class_list":["post-224","page","type-page","status-publish","hentry"],"_links":{"self":[{"href":"https:\/\/festiwalrymkiewiczowski.pl\/en\/wp-json\/wp\/v2\/pages\/224","targetHints":{"allow":["GET"]}}],"collection":[{"href":"https:\/\/festiwalrymkiewiczowski.pl\/en\/wp-json\/wp\/v2\/pages"}],"about":[{"href":"https:\/\/festiwalrymkiewiczowski.pl\/en\/wp-json\/wp\/v2\/types\/page"}],"author":[{"embeddable":true,"href":"https:\/\/festiwalrymkiewiczowski.pl\/en\/wp-json\/wp\/v2\/users\/1"}],"replies":[{"embeddable":true,"href":"https:\/\/festiwalrymkiewiczowski.pl\/en\/wp-json\/wp\/v2\/comments?post=224"}],"version-history":[{"count":235,"href":"https:\/\/festiwalrymkiewiczowski.pl\/en\/wp-json\/wp\/v2\/pages\/224\/revisions"}],"predecessor-version":[{"id":6347,"href":"https:\/\/festiwalrymkiewiczowski.pl\/en\/wp-json\/wp\/v2\/pages\/224\/revisions\/6347"}],"wp:attachment":[{"href":"https:\/\/festiwalrymkiewiczowski.pl\/en\/wp-json\/wp\/v2\/media?parent=224"}],"curies":[{"name":"wp","href":"https:\/\/api.w.org\/{rel}","templated":true}]}}