{"id":1863,"date":"2023-09-13T09:49:27","date_gmt":"2023-09-13T09:49:27","guid":{"rendered":"http:\/\/festiwalrymkiewiczowski.pl\/2023\/?page_id=1863"},"modified":"2023-10-20T09:06:40","modified_gmt":"2023-10-20T09:06:40","slug":"wystawa","status":"publish","type":"page","link":"https:\/\/festiwalrymkiewiczowski.pl\/2023\/en\/wystawa\/","title":{"rendered":"Wystawa"},"content":{"rendered":"<div data-elementor-type=\"wp-page\" data-elementor-id=\"1863\" class=\"elementor elementor-1863\">\n\t\t\t\t\t\t<section class=\"elementor-section elementor-top-section elementor-element elementor-element-2226c46 elementor-section-stretched elementor-section-boxed elementor-section-height-default elementor-section-height-default\" data-id=\"2226c46\" data-element_type=\"section\" data-settings=\"{&quot;stretch_section&quot;:&quot;section-stretched&quot;,&quot;background_background&quot;:&quot;gradient&quot;}\">\n\t\t\t\t\t\t<div class=\"elementor-container elementor-column-gap-default\">\n\t\t\t\t\t<div class=\"aux-parallax-section elementor-column elementor-col-50 elementor-top-column elementor-element elementor-element-55a0128\" data-id=\"55a0128\" data-element_type=\"column\">\n\t\t\t<div class=\"elementor-widget-wrap elementor-element-populated\">\n\t\t\t\t\t\t<div class=\"elementor-element elementor-element-b66e198 elementor-widget-tablet__width-initial elementor-invisible elementor-widget elementor-widget-image\" data-id=\"b66e198\" data-element_type=\"widget\" data-settings=\"{&quot;_animation&quot;:&quot;fadeInLeft&quot;}\" data-widget_type=\"image.default\">\n\t\t\t\t<div class=\"elementor-widget-container\">\n\t\t\t\t\t\t\t\t\t\t\t\t\t\t\t\t<a href=\"http:\/\/festiwalrymkiewiczowski.pl\/2023\/wp-content\/uploads\/2023\/09\/plakat_wystawy_1.jpg\" data-elementor-open-lightbox=\"yes\" data-elementor-lightbox-title=\"plakat_wystawy_1\" data-e-action-hash=\"#elementor-action%3Aaction%3Dlightbox%26settings%3DeyJpZCI6MTg3MiwidXJsIjoiaHR0cHM6XC9cL2Zlc3Rpd2Fscnlta2lld2ljem93c2tpLnBsXC8yMDIzXC93cC1jb250ZW50XC91cGxvYWRzXC8yMDIzXC8wOVwvcGxha2F0X3d5c3Rhd3lfMS5qcGcifQ%3D%3D\">\n\t\t\t\t\t\t\t<img decoding=\"async\" src=\"https:\/\/festiwalrymkiewiczowski.pl\/2023\/wp-content\/uploads\/2023\/09\/plakat_wystawy_1.jpg\" title=\"plakat_wystawy_1\" alt=\"plakat_wystawy_1\" loading=\"lazy\" \/>\t\t\t\t\t\t\t\t<\/a>\n\t\t\t\t\t\t\t\t\t\t\t\t\t\t\t<\/div>\n\t\t\t\t<\/div>\n\t\t\t\t\t<\/div>\n\t\t<\/div>\n\t\t\t\t<div class=\"aux-parallax-section elementor-column elementor-col-50 elementor-top-column elementor-element elementor-element-55c77f6\" data-id=\"55c77f6\" data-element_type=\"column\">\n\t\t\t<div class=\"elementor-widget-wrap elementor-element-populated\">\n\t\t\t\t\t\t<div class=\"elementor-element elementor-element-cdb0825 elementor-invisible elementor-widget elementor-widget-text-editor\" data-id=\"cdb0825\" data-element_type=\"widget\" data-settings=\"{&quot;_animation&quot;:&quot;fadeInRight&quot;}\" data-widget_type=\"text-editor.default\">\n\t\t\t\t<div class=\"elementor-widget-container\">\n\t\t\t\t\t\t\t\t\tWystawa\t\t\t\t\t\t\t\t<\/div>\n\t\t\t\t<\/div>\n\t\t\t\t<div class=\"elementor-element elementor-element-98a2f78 elementor-invisible elementor-widget elementor-widget-text-editor\" data-id=\"98a2f78\" data-element_type=\"widget\" data-settings=\"{&quot;_animation&quot;:&quot;fadeInRight&quot;}\" data-widget_type=\"text-editor.default\">\n\t\t\t\t<div class=\"elementor-widget-container\">\n\t\t\t\t\t\t\t\t\tRymkiewicz.\nEncyklopedia\t\t\t\t\t\t\t\t<\/div>\n\t\t\t\t<\/div>\n\t\t\t\t<div class=\"elementor-element elementor-element-5d357f8 elementor-invisible elementor-widget elementor-widget-text-editor\" data-id=\"5d357f8\" data-element_type=\"widget\" data-settings=\"{&quot;_animation&quot;:&quot;fadeInRight&quot;}\" data-widget_type=\"text-editor.default\">\n\t\t\t\t<div class=\"elementor-widget-container\">\n\t\t\t\t\t\t\t\t\t<b>19 wrze\u015bnia \u2013 12 listopada 2023<\/b><br>Muzeum Literatury\t\t\t\t\t\t\t\t<\/div>\n\t\t\t\t<\/div>\n\t\t\t\t<div class=\"elementor-element elementor-element-c825117 elementor-invisible elementor-widget elementor-widget-text-editor\" data-id=\"c825117\" data-element_type=\"widget\" data-settings=\"{&quot;_animation&quot;:&quot;fadeInRight&quot;}\" data-widget_type=\"text-editor.default\">\n\t\t\t\t<div class=\"elementor-widget-container\">\n\t\t\t\t\t\t\t\t\tRynek Starego Miasta 20\t\t\t\t\t\t\t\t<\/div>\n\t\t\t\t<\/div>\n\t\t\t\t<div class=\"elementor-element elementor-element-6feb4a7 elementor-invisible elementor-widget elementor-widget-image\" data-id=\"6feb4a7\" data-element_type=\"widget\" data-settings=\"{&quot;_animation&quot;:&quot;fadeInRight&quot;}\" data-widget_type=\"image.default\">\n\t\t\t\t<div class=\"elementor-widget-container\">\n\t\t\t\t\t\t\t\t\t\t\t\t\t\t\t<img fetchpriority=\"high\" decoding=\"async\" width=\"600\" height=\"300\" src=\"https:\/\/festiwalrymkiewiczowski.pl\/2023\/wp-content\/uploads\/2023\/06\/ML.jpg\" class=\"attachment-full size-full wp-image-147\" alt=\"\" \/>\t\t\t\t\t\t\t\t\t\t\t\t\t\t\t<\/div>\n\t\t\t\t<\/div>\n\t\t\t\t\t<\/div>\n\t\t<\/div>\n\t\t\t\t\t<\/div>\n\t\t<\/section>\n\t\t\t\t<section class=\"elementor-section elementor-top-section elementor-element elementor-element-18be800 elementor-section-stretched elementor-section-boxed elementor-section-height-default elementor-section-height-default\" data-id=\"18be800\" data-element_type=\"section\" data-settings=\"{&quot;stretch_section&quot;:&quot;section-stretched&quot;,&quot;background_background&quot;:&quot;classic&quot;}\">\n\t\t\t\t\t\t\t<div class=\"elementor-background-overlay\"><\/div>\n\t\t\t\t\t\t\t<div class=\"elementor-container elementor-column-gap-default\">\n\t\t\t\t\t<div class=\"aux-parallax-section elementor-column elementor-col-100 elementor-top-column elementor-element elementor-element-af14fb0\" data-id=\"af14fb0\" data-element_type=\"column\">\n\t\t\t<div class=\"elementor-widget-wrap elementor-element-populated\">\n\t\t\t\t\t\t<div class=\"elementor-element elementor-element-b609082 elementor-widget elementor-widget-image\" data-id=\"b609082\" data-element_type=\"widget\" data-widget_type=\"image.default\">\n\t\t\t\t<div class=\"elementor-widget-container\">\n\t\t\t\t\t\t\t\t\t\t\t\t\t\t\t<img decoding=\"async\" width=\"467\" height=\"526\" src=\"https:\/\/festiwalrymkiewiczowski.pl\/2023\/wp-content\/uploads\/2023\/09\/purple_sign.png\" class=\"attachment-large size-large wp-image-1940\" alt=\"\" srcset=\"https:\/\/festiwalrymkiewiczowski.pl\/2023\/wp-content\/uploads\/2023\/09\/purple_sign.png 467w, https:\/\/festiwalrymkiewiczowski.pl\/2023\/wp-content\/uploads\/2023\/09\/purple_sign-11x12.png 11w\" sizes=\"(max-width: 467px) 100vw, 467px\" \/>\t\t\t\t\t\t\t\t\t\t\t\t\t\t\t<\/div>\n\t\t\t\t<\/div>\n\t\t\t\t<div class=\"elementor-element elementor-element-3ea9e51 elementor-invisible elementor-widget elementor-widget-text-editor\" data-id=\"3ea9e51\" data-element_type=\"widget\" data-settings=\"{&quot;_animation&quot;:&quot;fadeIn&quot;}\" data-widget_type=\"text-editor.default\">\n\t\t\t\t<div class=\"elementor-widget-container\">\n\t\t\t\t\t\t\t\t\tO wystawie\t\t\t\t\t\t\t\t<\/div>\n\t\t\t\t<\/div>\n\t\t\t\t<div class=\"elementor-element elementor-element-4032ab9 elementor-widget__width-initial elementor-invisible elementor-widget elementor-widget-text-editor\" data-id=\"4032ab9\" data-element_type=\"widget\" data-settings=\"{&quot;_animation&quot;:&quot;fadeIn&quot;}\" data-widget_type=\"text-editor.default\">\n\t\t\t\t<div class=\"elementor-widget-container\">\n\t\t\t\t\t\t\t\t\t<p><strong>Wystawa \u201eRymkiewicz. Encyklopedia\u201d<\/strong> w Muzeum Literatury to pierwsza tak obszerna prezentacja dorobku zmar\u0142ego przed rokiem poety. I jednocze\u015bnie pierwsze wydarzenie zwi\u0105zane z Festiwalem Rymkiewiczowskim, kt\u00f3ry czeka nas na pocz\u0105tku listopada.<\/p>\t\t\t\t\t\t\t\t<\/div>\n\t\t\t\t<\/div>\n\t\t\t\t<div class=\"elementor-element elementor-element-c13aec9 elementor-widget-divider--view-line elementor-widget elementor-widget-divider\" data-id=\"c13aec9\" data-element_type=\"widget\" data-widget_type=\"divider.default\">\n\t\t\t\t<div class=\"elementor-widget-container\">\n\t\t\t\t\t\t\t<div class=\"elementor-divider\">\n\t\t\t<span class=\"elementor-divider-separator\">\n\t\t\t\t\t\t<\/span>\n\t\t<\/div>\n\t\t\t\t\t\t<\/div>\n\t\t\t\t<\/div>\n\t\t\t\t<div class=\"elementor-element elementor-element-6ee322f elementor-widget__width-initial elementor-invisible elementor-widget elementor-widget-text-editor\" data-id=\"6ee322f\" data-element_type=\"widget\" data-settings=\"{&quot;_animation&quot;:&quot;fadeIn&quot;}\" data-widget_type=\"text-editor.default\">\n\t\t\t\t<div class=\"elementor-widget-container\">\n\t\t\t\t\t\t\t\t\t<p>Jaros\u0142aw Marek Rymkiewicz, pisarz, poeta, eseista, historyk literatury, dramaturg, t\u0142umacz. Badacz szczeg\u00f3\u0142\u00f3w, kt\u00f3re &#8211; ogl\u0105dane pod lup\u0105 \u2013 by\u0142y punktem wyj\u015bcia do opowie\u015bci o Mickiewiczu, S\u0142owackim, Le\u015bmianie, Fredrze, snutych w spos\u00f3b w polskiej literaturze wcze\u015bniej nieznany. Tw\u00f3rca oryginalnego stylu, opisywa\u0142 nim r\u00f3wnie\u017c najwa\u017cniejsze momenty historii Polski, co zawsze rozbudza\u0142o gor\u0105ce dyskusje.<\/p>\t\t\t\t\t\t\t\t<\/div>\n\t\t\t\t<\/div>\n\t\t\t\t<div class=\"elementor-element elementor-element-8a77ccf elementor-widget elementor-widget-image\" data-id=\"8a77ccf\" data-element_type=\"widget\" data-widget_type=\"image.default\">\n\t\t\t\t<div class=\"elementor-widget-container\">\n\t\t\t\t\t\t\t\t\t\t\t\t\t\t\t<img decoding=\"async\" width=\"1920\" height=\"1080\" src=\"https:\/\/festiwalrymkiewiczowski.pl\/2023\/wp-content\/uploads\/2023\/06\/hero_14.jpg\" class=\"attachment-full size-full wp-image-1115\" alt=\"\" srcset=\"https:\/\/festiwalrymkiewiczowski.pl\/2023\/wp-content\/uploads\/2023\/06\/hero_14.jpg 1920w, https:\/\/festiwalrymkiewiczowski.pl\/2023\/wp-content\/uploads\/2023\/06\/hero_14-1536x864.jpg 1536w\" sizes=\"(max-width: 1920px) 100vw, 1920px\" \/>\t\t\t\t\t\t\t\t\t\t\t\t\t\t\t<\/div>\n\t\t\t\t<\/div>\n\t\t\t\t<div class=\"elementor-element elementor-element-4ff350e elementor-widget__width-initial elementor-invisible elementor-widget elementor-widget-text-editor\" data-id=\"4ff350e\" data-element_type=\"widget\" data-settings=\"{&quot;_animation&quot;:&quot;fadeIn&quot;}\" data-widget_type=\"text-editor.default\">\n\t\t\t\t<div class=\"elementor-widget-container\">\n\t\t\t\t\t\t\t\t\tDzi\u015b to on sam staje si\u0119 przedmiotem badania. W wystawie \u201eRymkiewicz. Encyklopedia\u201d realizatorzy pos\u0142u\u017cyli si\u0119 metod\u0105 bohatera, \u017ceby opowiedzie\u0107 o jego \u017cyciu i tw\u00f3rczo\u015bci. Tytu\u0142 \u201eRymkiewicz. Encyklopedia\u201d nawi\u0105zuje do ksi\u0105\u017cek, kt\u00f3re pisarz po\u015bwi\u0119ci\u0142 wielkim romantykom. Czterdzie\u015bci hase\u0142 prowadzi widza przez najwa\u017cniejsze dla Rymkiewicza tematy, miejsca i przedstawia najwa\u017cniejsze dla niego osoby. Jest tu Mickiewicz i Iwaszkiewicz, Ewa i matka, masakra i sny, Milan\u00f3wek i Wigry.\n<br><br>\nStruktura encyklopedii jest oczywi\u015bcie umowna, a porz\u0105dek alfabetyczny z\u0142udny. Jak z rozrzuconych fragment\u00f3w z\u0142o\u017cy\u0107 czyje\u015b \u017cycie? W jakim porz\u0105dku opowiedzie\u0107 najwa\u017cniejsze my\u015bli? Jakie rzeczy pokaza\u0107, \u017ceby zobrazowa\u0142y osob\u0119? Takie pytania stawiaj\u0105 sobie tw\u00f3rcy wystawy, a s\u0105 to przecie\u017c pytania, kt\u00f3re Rymkiewicz zadawa\u0142 wielokrotnie w swoich ksi\u0105\u017ckach, przygl\u0105daj\u0105c si\u0119 losom wielkich pisarzy.\n<br><br>\nTw\u00f3rcy ekspozycji oddali g\u0142os samemu bohaterowi. Znajdziemy tu wiele cytat\u00f3w i wierszy, b\u0119dziemy mogli r\u00f3wnie\u017c pos\u0142ucha\u0107 wypowiedzi Rymkiewicza i zobaczy\u0107 go na ekranie. Pokazane zostan\u0105 r\u0119kopisy poety i przedmioty osobiste, a tak\u017ce eksponaty ze zbior\u00f3w Muzeum Literatury. Widzowie mog\u0105 wyj\u015b\u0107 z wystawy z w\u0142asnym tomikiem wierszy, zbieraj\u0105c utwory umieszczone przy kolejnych has\u0142ach.\n<br><br>\nWystawie b\u0119d\u0105 towarzyszy\u0107 specjalne oprowadzania dla publiczno\u015bci przygotowane przez pisarzy i polonist\u00f3w (Mariusz Cie\u015blik, Przemys\u0142aw Dakowicz, Krzysztof Koehler) oraz spacery historyczno-literackie \u015bladami ksi\u0105\u017cki Jaros\u0142awa Marka Rymkiewicza \u201eWieszanie\u201d.\n<br><br>\nPierwsze oprowadzanie w niedziel\u0119 24 wrze\u015bnia o g. 13.00 przygotowa\u0142 Mariusz Cie\u015blik. Pierwszy spacer \u015bladem \u201eWieszania\u201d r\u00f3wnie\u017c w niedziel\u0119 24 wrze\u015bnia o g. 15.00 poprowadzi dr Jerzy Ziemacki.\n<br><br>\n<strong>Festiwal Rymkiewiczowski \u201eDziady, upiory, przodkowie\u201d<\/strong> rozpocznie si\u0119 2 listopada 2023. To interdyscyplinarne wydarzenie inspirowane motywami tw\u00f3rczo\u015bci Jaros\u0142awa Marka Rymkiewicza, w ramach kt\u00f3rego odb\u0119d\u0105 si\u0119 liczne debaty, koncerty, przedstawienia, spotkania z pisarzami, warsztaty i przedstawienia teatralne.\t\t\t\t\t\t\t\t<\/div>\n\t\t\t\t<\/div>\n\t\t\t\t\t<\/div>\n\t\t<\/div>\n\t\t\t\t\t<\/div>\n\t\t<\/section>\n\t\t\t\t<section class=\"elementor-section elementor-top-section elementor-element elementor-element-cb64afa elementor-section-stretched elementor-section-boxed elementor-section-height-default elementor-section-height-default\" data-id=\"cb64afa\" data-element_type=\"section\" data-settings=\"{&quot;stretch_section&quot;:&quot;section-stretched&quot;,&quot;background_background&quot;:&quot;classic&quot;}\">\n\t\t\t\t\t\t\t<div class=\"elementor-background-overlay\"><\/div>\n\t\t\t\t\t\t\t<div class=\"elementor-container elementor-column-gap-default\">\n\t\t\t\t\t<div class=\"aux-parallax-section elementor-column elementor-col-100 elementor-top-column elementor-element elementor-element-561f25d\" data-id=\"561f25d\" data-element_type=\"column\">\n\t\t\t<div class=\"elementor-widget-wrap elementor-element-populated\">\n\t\t\t\t\t\t<div class=\"elementor-element elementor-element-08d57bd elementor-widget__width-initial elementor-invisible elementor-widget elementor-widget-text-editor\" data-id=\"08d57bd\" data-element_type=\"widget\" data-settings=\"{&quot;_animation&quot;:&quot;fadeIn&quot;}\" data-widget_type=\"text-editor.default\">\n\t\t\t\t<div class=\"elementor-widget-container\">\n\t\t\t\t\t\t\t\t\t<p><strong>Kurator wystawy:<\/strong> <br \/>Izabela Michalska, Fundacja Evviva L\u2019Arte\/Festiwal Rymkiewiczowski<\/p><p><strong>Scenariusz:<\/strong> <br \/>Przemys\u0142aw Dakowicz, Izabela Michalska, Jakub Wolak, Jerzy Ziemacki<\/p><p><strong>Konsultacja historyczno-literacka:<\/strong><br \/>Przemys\u0142aw Dakowicz<\/p><p><strong>Scenariusz spaceru literackiego:<\/strong><br \/>Jerzy Ziemacki<\/p><p><strong>Opracowanie materia\u0142\u00f3w audiowizualnych:<\/strong><br \/>Daria Chibner, Marcin Jania<\/p><p><strong>Projekt scenografii:<\/strong><br \/>Dariusz Kunowski<\/p><p><strong>Projekt grafik:<\/strong><br \/>Norbert Strukow<\/p><p><strong>Realizacja:<\/strong><br \/>Tomasz Marzec, Pracownia plastyczna Kontra<\/p>\t\t\t\t\t\t\t\t<\/div>\n\t\t\t\t<\/div>\n\t\t\t\t\t<\/div>\n\t\t<\/div>\n\t\t\t\t\t<\/div>\n\t\t<\/section>\n\t\t\t\t<section class=\"elementor-section elementor-top-section elementor-element elementor-element-9fe793f elementor-section-full_width elementor-section-stretched elementor-section-height-default elementor-section-height-default\" data-id=\"9fe793f\" data-element_type=\"section\" data-settings=\"{&quot;stretch_section&quot;:&quot;section-stretched&quot;,&quot;background_background&quot;:&quot;classic&quot;}\">\n\t\t\t\t\t\t<div class=\"elementor-container elementor-column-gap-default\">\n\t\t\t\t\t<div class=\"aux-parallax-section elementor-column elementor-col-100 elementor-top-column elementor-element elementor-element-7e9a3e5 elementor-invisible\" data-id=\"7e9a3e5\" data-element_type=\"column\" data-settings=\"{&quot;animation&quot;:&quot;fadeInRight&quot;}\">\n\t\t\t<div class=\"elementor-widget-wrap elementor-element-populated\">\n\t\t\t\t\t\t<div class=\"elementor-element elementor-element-943e46e elementor-arrows-position-inside elementor-widget elementor-widget-image-carousel\" data-id=\"943e46e\" data-element_type=\"widget\" data-settings=\"{&quot;slides_to_show&quot;:&quot;2&quot;,&quot;slides_to_scroll&quot;:&quot;1&quot;,&quot;navigation&quot;:&quot;arrows&quot;,&quot;autoplay_speed&quot;:1000,&quot;speed&quot;:1000,&quot;autoplay&quot;:&quot;yes&quot;,&quot;pause_on_hover&quot;:&quot;yes&quot;,&quot;pause_on_interaction&quot;:&quot;yes&quot;,&quot;infinite&quot;:&quot;yes&quot;}\" data-widget_type=\"image-carousel.default\">\n\t\t\t\t<div class=\"elementor-widget-container\">\n\t\t\t\t\t\t\t<div class=\"elementor-image-carousel-wrapper swiper\" role=\"region\" aria-roledescription=\"carousel\" aria-label=\"Karuzela obrazk\u00f3w\" dir=\"ltr\">\n\t\t\t<div class=\"elementor-image-carousel swiper-wrapper\" aria-live=\"off\">\n\t\t\t\t\t\t\t\t<div class=\"swiper-slide\" role=\"group\" aria-roledescription=\"slide\" aria-label=\"1 z 10\"><figure class=\"swiper-slide-inner\"><img decoding=\"async\" class=\"swiper-slide-image\" src=\"https:\/\/festiwalrymkiewiczowski.pl\/2023\/wp-content\/uploads\/2023\/09\/KWKF_20230919_0255.jpg\" alt=\"KWKF_20230919_0255\" \/><\/figure><\/div><div class=\"swiper-slide\" role=\"group\" aria-roledescription=\"slide\" aria-label=\"2 z 10\"><figure class=\"swiper-slide-inner\"><img decoding=\"async\" class=\"swiper-slide-image\" src=\"https:\/\/festiwalrymkiewiczowski.pl\/2023\/wp-content\/uploads\/2023\/09\/KWKF_20230919_0273.jpg\" alt=\"KWKF_20230919_0273\" \/><\/figure><\/div><div class=\"swiper-slide\" role=\"group\" aria-roledescription=\"slide\" aria-label=\"3 z 10\"><figure class=\"swiper-slide-inner\"><img decoding=\"async\" class=\"swiper-slide-image\" src=\"https:\/\/festiwalrymkiewiczowski.pl\/2023\/wp-content\/uploads\/2023\/09\/KWKF_20230919_0275.jpg\" alt=\"WYSTAWA. RYMKIEWICZ. ENCYKLOPEDIA\" \/><\/figure><\/div><div class=\"swiper-slide\" role=\"group\" aria-roledescription=\"slide\" aria-label=\"4 z 10\"><figure class=\"swiper-slide-inner\"><img decoding=\"async\" class=\"swiper-slide-image\" src=\"https:\/\/festiwalrymkiewiczowski.pl\/2023\/wp-content\/uploads\/2023\/09\/KWKF_20230919_0295.jpg\" alt=\"KWKF_20230919_0295\" \/><\/figure><\/div><div class=\"swiper-slide\" role=\"group\" aria-roledescription=\"slide\" aria-label=\"5 z 10\"><figure class=\"swiper-slide-inner\"><img decoding=\"async\" class=\"swiper-slide-image\" src=\"https:\/\/festiwalrymkiewiczowski.pl\/2023\/wp-content\/uploads\/2023\/09\/KWKF_20230919_0311.jpg\" alt=\"KWKF_20230919_0311\" \/><\/figure><\/div><div class=\"swiper-slide\" role=\"group\" aria-roledescription=\"slide\" aria-label=\"6 z 10\"><figure class=\"swiper-slide-inner\"><img decoding=\"async\" class=\"swiper-slide-image\" src=\"https:\/\/festiwalrymkiewiczowski.pl\/2023\/wp-content\/uploads\/2023\/09\/KWKF_20230919_0454.jpg\" alt=\"WYSTAWA. RYMKIEWICZ. ENCYKLOPEDIA\" \/><\/figure><\/div><div class=\"swiper-slide\" role=\"group\" aria-roledescription=\"slide\" aria-label=\"7 z 10\"><figure class=\"swiper-slide-inner\"><img decoding=\"async\" class=\"swiper-slide-image\" src=\"https:\/\/festiwalrymkiewiczowski.pl\/2023\/wp-content\/uploads\/2023\/09\/KWKF_20230919_0465.jpg\" alt=\"WYSTAWA. RYMKIEWICZ. ENCYKLOPEDIA\" \/><\/figure><\/div><div class=\"swiper-slide\" role=\"group\" aria-roledescription=\"slide\" aria-label=\"8 z 10\"><figure class=\"swiper-slide-inner\"><img decoding=\"async\" class=\"swiper-slide-image\" src=\"https:\/\/festiwalrymkiewiczowski.pl\/2023\/wp-content\/uploads\/2023\/09\/KWKF_20230919_0518.jpg\" alt=\"WYSTAWA. RYMKIEWICZ. ENCYKLOPEDIA\" \/><\/figure><\/div><div class=\"swiper-slide\" role=\"group\" aria-roledescription=\"slide\" aria-label=\"9 z 10\"><figure class=\"swiper-slide-inner\"><img decoding=\"async\" class=\"swiper-slide-image\" src=\"https:\/\/festiwalrymkiewiczowski.pl\/2023\/wp-content\/uploads\/2023\/09\/KWKF_20230919_0552.jpg\" alt=\"KWKF_20230919_0552\" \/><\/figure><\/div><div class=\"swiper-slide\" role=\"group\" aria-roledescription=\"slide\" aria-label=\"10 z 10\"><figure class=\"swiper-slide-inner\"><img decoding=\"async\" class=\"swiper-slide-image\" src=\"https:\/\/festiwalrymkiewiczowski.pl\/2023\/wp-content\/uploads\/2023\/09\/KWKF_20230919_0557.jpg\" alt=\"KWKF_20230919_0557\" \/><\/figure><\/div>\t\t\t<\/div>\n\t\t\t\t\t\t\t\t\t\t\t\t<div class=\"elementor-swiper-button elementor-swiper-button-prev\" role=\"button\" tabindex=\"0\">\n\t\t\t\t\t\t<i aria-hidden=\"true\" class=\"eicon-chevron-left\"><\/i>\t\t\t\t\t<\/div>\n\t\t\t\t\t<div class=\"elementor-swiper-button elementor-swiper-button-next\" role=\"button\" tabindex=\"0\">\n\t\t\t\t\t\t<i aria-hidden=\"true\" class=\"eicon-chevron-right\"><\/i>\t\t\t\t\t<\/div>\n\t\t\t\t\n\t\t\t\t\t\t\t\t\t<\/div>\n\t\t\t\t\t\t<\/div>\n\t\t\t\t<\/div>\n\t\t\t\t\t<\/div>\n\t\t<\/div>\n\t\t\t\t\t<\/div>\n\t\t<\/section>\n\t\t\t\t<\/div>","protected":false},"excerpt":{"rendered":"<p>WystawaRymkiewicz. Encyklopedia19 wrze\u015bnia \u2013 12 listopada 2023Muzeum LiteraturyRynek Starego Miasta 20 O wystawie Wystawa \u201eRymkiewicz. Encyklopedia\u201d w Muzeum Literatury to pierwsza tak obszerna prezentacja dorobku zmar\u0142ego przed rokiem poety. I jednocze\u015bnie pierwsze wydarzenie zwi\u0105zane z Festiwalem Rymkiewiczowskim, kt\u00f3ry czeka nas na pocz\u0105tku listopada. Jaros\u0142aw Marek Rymkiewicz, pisarz, poeta, eseista, historyk literatury, dramaturg, t\u0142umacz. Badacz szczeg\u00f3\u0142\u00f3w, [&hellip;]<\/p>","protected":false},"author":1,"featured_media":0,"parent":0,"menu_order":0,"comment_status":"closed","ping_status":"closed","template":"","meta":{"_monsterinsights_skip_tracking":false,"_monsterinsights_sitenote_active":false,"_monsterinsights_sitenote_note":"","_monsterinsights_sitenote_category":0,"footnotes":""},"class_list":["post-1863","page","type-page","status-publish","hentry"],"_links":{"self":[{"href":"https:\/\/festiwalrymkiewiczowski.pl\/2023\/en\/wp-json\/wp\/v2\/pages\/1863","targetHints":{"allow":["GET"]}}],"collection":[{"href":"https:\/\/festiwalrymkiewiczowski.pl\/2023\/en\/wp-json\/wp\/v2\/pages"}],"about":[{"href":"https:\/\/festiwalrymkiewiczowski.pl\/2023\/en\/wp-json\/wp\/v2\/types\/page"}],"author":[{"embeddable":true,"href":"https:\/\/festiwalrymkiewiczowski.pl\/2023\/en\/wp-json\/wp\/v2\/users\/1"}],"replies":[{"embeddable":true,"href":"https:\/\/festiwalrymkiewiczowski.pl\/2023\/en\/wp-json\/wp\/v2\/comments?post=1863"}],"version-history":[{"count":175,"href":"https:\/\/festiwalrymkiewiczowski.pl\/2023\/en\/wp-json\/wp\/v2\/pages\/1863\/revisions"}],"predecessor-version":[{"id":4072,"href":"https:\/\/festiwalrymkiewiczowski.pl\/2023\/en\/wp-json\/wp\/v2\/pages\/1863\/revisions\/4072"}],"wp:attachment":[{"href":"https:\/\/festiwalrymkiewiczowski.pl\/2023\/en\/wp-json\/wp\/v2\/media?parent=1863"}],"curies":[{"name":"wp","href":"https:\/\/api.w.org\/{rel}","templated":true}]}}