{"id":6006,"date":"2023-11-09T12:10:39","date_gmt":"2023-11-09T12:10:39","guid":{"rendered":"http:\/\/festiwalrymkiewiczowski.pl\/2023\/?page_id=6006"},"modified":"2023-11-09T12:14:19","modified_gmt":"2023-11-09T12:14:19","slug":"galeria-zegnam-cie","status":"publish","type":"page","link":"http:\/\/festiwalrymkiewiczowski.pl\/2023\/galeria-zegnam-cie\/","title":{"rendered":"\u017bEGNAM CI\u0118, M\u00d3J \u015aWIECIE WESO\u0141Y &#8211; Galeria"},"content":{"rendered":"\t\t<div data-elementor-type=\"wp-page\" data-elementor-id=\"6006\" class=\"elementor elementor-6006\">\n\t\t\t\t\t\t<section class=\"elementor-section elementor-top-section elementor-element elementor-element-34b849d elementor-section-stretched elementor-section-boxed elementor-section-height-default elementor-section-height-default\" data-id=\"34b849d\" data-element_type=\"section\" data-settings=\"{&quot;stretch_section&quot;:&quot;section-stretched&quot;,&quot;background_background&quot;:&quot;classic&quot;}\">\n\t\t\t\t\t\t\t<div class=\"elementor-background-overlay\"><\/div>\n\t\t\t\t\t\t\t<div class=\"elementor-container elementor-column-gap-default\">\n\t\t\t\t\t<div class=\"aux-parallax-section elementor-column elementor-col-100 elementor-top-column elementor-element elementor-element-3d31602\" data-id=\"3d31602\" data-element_type=\"column\">\n\t\t\t<div class=\"elementor-widget-wrap elementor-element-populated\">\n\t\t\t\t\t\t<div class=\"elementor-element elementor-element-a8607b4 elementor-widget elementor-widget-text-editor\" data-id=\"a8607b4\" data-element_type=\"widget\" data-widget_type=\"text-editor.default\">\n\t\t\t\t<div class=\"elementor-widget-container\">\n\t\t\t\t\t\t\t\t\tGaleria\t\t\t\t\t\t\t\t<\/div>\n\t\t\t\t<\/div>\n\t\t\t\t<div class=\"elementor-element elementor-element-a77f49c elementor-widget elementor-widget-text-editor\" data-id=\"a77f49c\" data-element_type=\"widget\" data-widget_type=\"text-editor.default\">\n\t\t\t\t<div class=\"elementor-widget-container\">\n\t\t\t\t\t\t\t\t\t\u017bEGNAM CI\u0118, M\u00d3J \u015aWIECIE WESO\u0141Y<br>Warsztaty tworzenia osobistej pie\u015bni pogrzebowej\t\t\t\t\t\t\t\t<\/div>\n\t\t\t\t<\/div>\n\t\t\t\t<div class=\"elementor-element elementor-element-021a072 elementor-widget elementor-widget-image\" data-id=\"021a072\" data-element_type=\"widget\" data-widget_type=\"image.default\">\n\t\t\t\t<div class=\"elementor-widget-container\">\n\t\t\t\t\t\t\t\t\t\t\t\t\t\t\t<img fetchpriority=\"high\" decoding=\"async\" width=\"1024\" height=\"473\" src=\"http:\/\/festiwalrymkiewiczowski.pl\/2023\/wp-content\/uploads\/2023\/10\/RS.svg\" class=\"attachment-large size-large wp-image-3001\" alt=\"\" \/>\t\t\t\t\t\t\t\t\t\t\t\t\t\t\t<\/div>\n\t\t\t\t<\/div>\n\t\t\t\t<div class=\"elementor-element elementor-element-4631201 elementor-widget elementor-widget-text-editor\" data-id=\"4631201\" data-element_type=\"widget\" data-settings=\"{&quot;_animation&quot;:&quot;none&quot;}\" data-widget_type=\"text-editor.default\">\n\t\t\t\t<div class=\"elementor-widget-container\">\n\t\t\t\t\t\t\t\t\t<strong><b>8<\/b>\u00a0listopada 2023<\/strong><br>\nSiedziba Requiem Records, g. 18.00\t\t\t\t\t\t\t\t<\/div>\n\t\t\t\t<\/div>\n\t\t\t\t<div class=\"elementor-element elementor-element-bf720bd elementor-invisible elementor-widget elementor-widget-aux_modern_button\" data-id=\"bf720bd\" data-element_type=\"widget\" data-settings=\"{&quot;_animation&quot;:&quot;fadeIn&quot;}\" data-widget_type=\"aux_modern_button.default\">\n\t\t\t\t<div class=\"elementor-widget-container\">\n\t\t\t\t\t    <div class=\"aux-modern-button-wrapper aux-modern-button-align-center\" >\n                    <a class=\"aux-modern-button aux-black aux-modern-button-xs aux-modern-button-normal aux-modern-button-default aux-icon-\" href=\"http:\/\/festiwalrymkiewiczowski.pl\/2023\/warsztaty-piesni-pogrzebowej\/\">\n                <div class=\"aux-overlay\"><\/div>\n                                    <div class=\"aux-icon \">\n                                            <\/div>\n                                <div class=\"aux-text\">\n<span class=\"aux-text-before\">wi\u0119cej o warsztatach<\/span>                <\/div>\n            <\/a>\n            \n    <\/div>\n\n    \t\t\t\t<\/div>\n\t\t\t\t<\/div>\n\t\t\t\t<div class=\"elementor-element elementor-element-3fda2eb gallery-spacing-custom elementor-invisible elementor-widget elementor-widget-image-gallery\" data-id=\"3fda2eb\" data-element_type=\"widget\" data-settings=\"{&quot;_animation&quot;:&quot;fadeIn&quot;}\" data-widget_type=\"image-gallery.default\">\n\t\t\t\t<div class=\"elementor-widget-container\">\n\t\t\t\t\t\t\t<div class=\"elementor-image-gallery\">\n\t\t\t<div id='gallery-1' class='gallery galleryid-6006 gallery-columns-3 gallery-size-full'><figure class='gallery-item'>\n\t\t\t<div class='gallery-icon landscape'>\n\t\t\t\t<a data-elementor-open-lightbox=\"yes\" data-elementor-lightbox-slideshow=\"3fda2eb\" data-elementor-lightbox-title=\"KWKF_20231108_2426\" data-e-action-hash=\"#elementor-action%3Aaction%3Dlightbox%26settings%3DeyJpZCI6NjAxMiwidXJsIjoiaHR0cDpcL1wvZmVzdGl3YWxyeW1raWV3aWN6b3dza2kucGxcLzIwMjNcL3dwLWNvbnRlbnRcL3VwbG9hZHNcLzIwMjNcLzExXC9LV0tGXzIwMjMxMTA4XzI0MjYuanBnIiwic2xpZGVzaG93IjoiM2ZkYTJlYiJ9\" href='http:\/\/festiwalrymkiewiczowski.pl\/2023\/wp-content\/uploads\/2023\/11\/KWKF_20231108_2426.jpg'><img decoding=\"async\" width=\"1500\" height=\"1000\" src=\"http:\/\/festiwalrymkiewiczowski.pl\/2023\/wp-content\/uploads\/2023\/11\/KWKF_20231108_2426.jpg\" class=\"attachment-full size-full\" alt=\"\" aria-describedby=\"gallery-1-6012\" srcset=\"http:\/\/festiwalrymkiewiczowski.pl\/2023\/wp-content\/uploads\/2023\/11\/KWKF_20231108_2426.jpg 1500w, http:\/\/festiwalrymkiewiczowski.pl\/2023\/wp-content\/uploads\/2023\/11\/KWKF_20231108_2426-18x12.jpg 18w\" sizes=\"(max-width: 1500px) 100vw, 1500px\" \/><\/a>\n\t\t\t<\/div>\n\t\t\t\t<figcaption class='wp-caption-text gallery-caption' id='gallery-1-6012'>\n\t\t\t\t \u017bEGNAM CI\u0118, M\u00d3J \u015aWIECIE WESO\u0141Y &#8211; Warsztaty tworzenia osobistej pie\u015bni pogrzebowej\n\t\t\t\t<\/figcaption><\/figure><figure class='gallery-item'>\n\t\t\t<div class='gallery-icon landscape'>\n\t\t\t\t<a data-elementor-open-lightbox=\"yes\" data-elementor-lightbox-slideshow=\"3fda2eb\" data-elementor-lightbox-title=\"KWKF_20231108_2427\" data-e-action-hash=\"#elementor-action%3Aaction%3Dlightbox%26settings%3DeyJpZCI6NjAxMywidXJsIjoiaHR0cDpcL1wvZmVzdGl3YWxyeW1raWV3aWN6b3dza2kucGxcLzIwMjNcL3dwLWNvbnRlbnRcL3VwbG9hZHNcLzIwMjNcLzExXC9LV0tGXzIwMjMxMTA4XzI0MjcuanBnIiwic2xpZGVzaG93IjoiM2ZkYTJlYiJ9\" href='http:\/\/festiwalrymkiewiczowski.pl\/2023\/wp-content\/uploads\/2023\/11\/KWKF_20231108_2427.jpg'><img decoding=\"async\" width=\"1500\" height=\"1000\" src=\"http:\/\/festiwalrymkiewiczowski.pl\/2023\/wp-content\/uploads\/2023\/11\/KWKF_20231108_2427.jpg\" class=\"attachment-full size-full\" alt=\"\" aria-describedby=\"gallery-1-6013\" srcset=\"http:\/\/festiwalrymkiewiczowski.pl\/2023\/wp-content\/uploads\/2023\/11\/KWKF_20231108_2427.jpg 1500w, http:\/\/festiwalrymkiewiczowski.pl\/2023\/wp-content\/uploads\/2023\/11\/KWKF_20231108_2427-18x12.jpg 18w\" sizes=\"(max-width: 1500px) 100vw, 1500px\" \/><\/a>\n\t\t\t<\/div>\n\t\t\t\t<figcaption class='wp-caption-text gallery-caption' id='gallery-1-6013'>\n\t\t\t\t \u017bEGNAM CI\u0118, M\u00d3J \u015aWIECIE WESO\u0141Y &#8211; Warsztaty tworzenia osobistej pie\u015bni pogrzebowej\n\t\t\t\t<\/figcaption><\/figure><figure class='gallery-item'>\n\t\t\t<div class='gallery-icon landscape'>\n\t\t\t\t<a data-elementor-open-lightbox=\"yes\" data-elementor-lightbox-slideshow=\"3fda2eb\" data-elementor-lightbox-title=\"KWKF_20231108_2429\" data-e-action-hash=\"#elementor-action%3Aaction%3Dlightbox%26settings%3DeyJpZCI6NjAxNCwidXJsIjoiaHR0cDpcL1wvZmVzdGl3YWxyeW1raWV3aWN6b3dza2kucGxcLzIwMjNcL3dwLWNvbnRlbnRcL3VwbG9hZHNcLzIwMjNcLzExXC9LV0tGXzIwMjMxMTA4XzI0MjkuanBnIiwic2xpZGVzaG93IjoiM2ZkYTJlYiJ9\" href='http:\/\/festiwalrymkiewiczowski.pl\/2023\/wp-content\/uploads\/2023\/11\/KWKF_20231108_2429.jpg'><img loading=\"lazy\" decoding=\"async\" width=\"1500\" height=\"1000\" src=\"http:\/\/festiwalrymkiewiczowski.pl\/2023\/wp-content\/uploads\/2023\/11\/KWKF_20231108_2429.jpg\" class=\"attachment-full size-full\" alt=\"\" aria-describedby=\"gallery-1-6014\" srcset=\"http:\/\/festiwalrymkiewiczowski.pl\/2023\/wp-content\/uploads\/2023\/11\/KWKF_20231108_2429.jpg 1500w, http:\/\/festiwalrymkiewiczowski.pl\/2023\/wp-content\/uploads\/2023\/11\/KWKF_20231108_2429-18x12.jpg 18w\" sizes=\"(max-width: 1500px) 100vw, 1500px\" \/><\/a>\n\t\t\t<\/div>\n\t\t\t\t<figcaption class='wp-caption-text gallery-caption' id='gallery-1-6014'>\n\t\t\t\t \u017bEGNAM CI\u0118, M\u00d3J \u015aWIECIE WESO\u0141Y &#8211; Warsztaty tworzenia osobistej pie\u015bni pogrzebowej\n\t\t\t\t<\/figcaption><\/figure><figure class='gallery-item'>\n\t\t\t<div class='gallery-icon landscape'>\n\t\t\t\t<a data-elementor-open-lightbox=\"yes\" data-elementor-lightbox-slideshow=\"3fda2eb\" data-elementor-lightbox-title=\"KWKF_20231108_2432\" data-e-action-hash=\"#elementor-action%3Aaction%3Dlightbox%26settings%3DeyJpZCI6NjAxNSwidXJsIjoiaHR0cDpcL1wvZmVzdGl3YWxyeW1raWV3aWN6b3dza2kucGxcLzIwMjNcL3dwLWNvbnRlbnRcL3VwbG9hZHNcLzIwMjNcLzExXC9LV0tGXzIwMjMxMTA4XzI0MzIuanBnIiwic2xpZGVzaG93IjoiM2ZkYTJlYiJ9\" href='http:\/\/festiwalrymkiewiczowski.pl\/2023\/wp-content\/uploads\/2023\/11\/KWKF_20231108_2432.jpg'><img loading=\"lazy\" decoding=\"async\" width=\"1500\" height=\"1000\" src=\"http:\/\/festiwalrymkiewiczowski.pl\/2023\/wp-content\/uploads\/2023\/11\/KWKF_20231108_2432.jpg\" class=\"attachment-full size-full\" alt=\"\" aria-describedby=\"gallery-1-6015\" srcset=\"http:\/\/festiwalrymkiewiczowski.pl\/2023\/wp-content\/uploads\/2023\/11\/KWKF_20231108_2432.jpg 1500w, http:\/\/festiwalrymkiewiczowski.pl\/2023\/wp-content\/uploads\/2023\/11\/KWKF_20231108_2432-18x12.jpg 18w\" sizes=\"(max-width: 1500px) 100vw, 1500px\" \/><\/a>\n\t\t\t<\/div>\n\t\t\t\t<figcaption class='wp-caption-text gallery-caption' id='gallery-1-6015'>\n\t\t\t\t \u017bEGNAM CI\u0118, M\u00d3J \u015aWIECIE WESO\u0141Y &#8211; Warsztaty tworzenia osobistej pie\u015bni pogrzebowej\n\t\t\t\t<\/figcaption><\/figure><figure class='gallery-item'>\n\t\t\t<div class='gallery-icon landscape'>\n\t\t\t\t<a data-elementor-open-lightbox=\"yes\" data-elementor-lightbox-slideshow=\"3fda2eb\" data-elementor-lightbox-title=\"KWKF_20231108_2433\" data-e-action-hash=\"#elementor-action%3Aaction%3Dlightbox%26settings%3DeyJpZCI6NjAxNiwidXJsIjoiaHR0cDpcL1wvZmVzdGl3YWxyeW1raWV3aWN6b3dza2kucGxcLzIwMjNcL3dwLWNvbnRlbnRcL3VwbG9hZHNcLzIwMjNcLzExXC9LV0tGXzIwMjMxMTA4XzI0MzMtMS5qcGciLCJzbGlkZXNob3ciOiIzZmRhMmViIn0%3D\" href='http:\/\/festiwalrymkiewiczowski.pl\/2023\/wp-content\/uploads\/2023\/11\/KWKF_20231108_2433-1.jpg'><img loading=\"lazy\" decoding=\"async\" width=\"1500\" height=\"1000\" src=\"http:\/\/festiwalrymkiewiczowski.pl\/2023\/wp-content\/uploads\/2023\/11\/KWKF_20231108_2433-1.jpg\" class=\"attachment-full size-full\" alt=\"\" aria-describedby=\"gallery-1-6016\" srcset=\"http:\/\/festiwalrymkiewiczowski.pl\/2023\/wp-content\/uploads\/2023\/11\/KWKF_20231108_2433-1.jpg 1500w, http:\/\/festiwalrymkiewiczowski.pl\/2023\/wp-content\/uploads\/2023\/11\/KWKF_20231108_2433-1-18x12.jpg 18w\" sizes=\"(max-width: 1500px) 100vw, 1500px\" \/><\/a>\n\t\t\t<\/div>\n\t\t\t\t<figcaption class='wp-caption-text gallery-caption' id='gallery-1-6016'>\n\t\t\t\t \u017bEGNAM CI\u0118, M\u00d3J \u015aWIECIE WESO\u0141Y &#8211; Warsztaty tworzenia osobistej pie\u015bni pogrzebowej\n\t\t\t\t<\/figcaption><\/figure><figure class='gallery-item'>\n\t\t\t<div class='gallery-icon landscape'>\n\t\t\t\t<a data-elementor-open-lightbox=\"yes\" data-elementor-lightbox-slideshow=\"3fda2eb\" data-elementor-lightbox-title=\"KWKF_20231108_2434\" data-e-action-hash=\"#elementor-action%3Aaction%3Dlightbox%26settings%3DeyJpZCI6NjAxNywidXJsIjoiaHR0cDpcL1wvZmVzdGl3YWxyeW1raWV3aWN6b3dza2kucGxcLzIwMjNcL3dwLWNvbnRlbnRcL3VwbG9hZHNcLzIwMjNcLzExXC9LV0tGXzIwMjMxMTA4XzI0MzQuanBnIiwic2xpZGVzaG93IjoiM2ZkYTJlYiJ9\" href='http:\/\/festiwalrymkiewiczowski.pl\/2023\/wp-content\/uploads\/2023\/11\/KWKF_20231108_2434.jpg'><img loading=\"lazy\" decoding=\"async\" width=\"1500\" height=\"1000\" src=\"http:\/\/festiwalrymkiewiczowski.pl\/2023\/wp-content\/uploads\/2023\/11\/KWKF_20231108_2434.jpg\" class=\"attachment-full size-full\" alt=\"\" aria-describedby=\"gallery-1-6017\" srcset=\"http:\/\/festiwalrymkiewiczowski.pl\/2023\/wp-content\/uploads\/2023\/11\/KWKF_20231108_2434.jpg 1500w, http:\/\/festiwalrymkiewiczowski.pl\/2023\/wp-content\/uploads\/2023\/11\/KWKF_20231108_2434-18x12.jpg 18w\" sizes=\"(max-width: 1500px) 100vw, 1500px\" \/><\/a>\n\t\t\t<\/div>\n\t\t\t\t<figcaption class='wp-caption-text gallery-caption' id='gallery-1-6017'>\n\t\t\t\t \u017bEGNAM CI\u0118, M\u00d3J \u015aWIECIE WESO\u0141Y &#8211; Warsztaty tworzenia osobistej pie\u015bni pogrzebowej\n\t\t\t\t<\/figcaption><\/figure><figure class='gallery-item'>\n\t\t\t<div class='gallery-icon landscape'>\n\t\t\t\t<a data-elementor-open-lightbox=\"yes\" data-elementor-lightbox-slideshow=\"3fda2eb\" data-elementor-lightbox-title=\"KWKF_20231108_2435\" data-e-action-hash=\"#elementor-action%3Aaction%3Dlightbox%26settings%3DeyJpZCI6NjAxOCwidXJsIjoiaHR0cDpcL1wvZmVzdGl3YWxyeW1raWV3aWN6b3dza2kucGxcLzIwMjNcL3dwLWNvbnRlbnRcL3VwbG9hZHNcLzIwMjNcLzExXC9LV0tGXzIwMjMxMTA4XzI0MzUuanBnIiwic2xpZGVzaG93IjoiM2ZkYTJlYiJ9\" href='http:\/\/festiwalrymkiewiczowski.pl\/2023\/wp-content\/uploads\/2023\/11\/KWKF_20231108_2435.jpg'><img loading=\"lazy\" decoding=\"async\" width=\"1500\" height=\"1000\" src=\"http:\/\/festiwalrymkiewiczowski.pl\/2023\/wp-content\/uploads\/2023\/11\/KWKF_20231108_2435.jpg\" class=\"attachment-full size-full\" alt=\"\" aria-describedby=\"gallery-1-6018\" srcset=\"http:\/\/festiwalrymkiewiczowski.pl\/2023\/wp-content\/uploads\/2023\/11\/KWKF_20231108_2435.jpg 1500w, http:\/\/festiwalrymkiewiczowski.pl\/2023\/wp-content\/uploads\/2023\/11\/KWKF_20231108_2435-18x12.jpg 18w\" sizes=\"(max-width: 1500px) 100vw, 1500px\" \/><\/a>\n\t\t\t<\/div>\n\t\t\t\t<figcaption class='wp-caption-text gallery-caption' id='gallery-1-6018'>\n\t\t\t\t \u017bEGNAM CI\u0118, M\u00d3J \u015aWIECIE WESO\u0141Y &#8211; Warsztaty tworzenia osobistej pie\u015bni pogrzebowej\n\t\t\t\t<\/figcaption><\/figure><figure class='gallery-item'>\n\t\t\t<div class='gallery-icon landscape'>\n\t\t\t\t<a data-elementor-open-lightbox=\"yes\" data-elementor-lightbox-slideshow=\"3fda2eb\" data-elementor-lightbox-title=\"KWKF_20231108_2436\" data-e-action-hash=\"#elementor-action%3Aaction%3Dlightbox%26settings%3DeyJpZCI6NjAxOSwidXJsIjoiaHR0cDpcL1wvZmVzdGl3YWxyeW1raWV3aWN6b3dza2kucGxcLzIwMjNcL3dwLWNvbnRlbnRcL3VwbG9hZHNcLzIwMjNcLzExXC9LV0tGXzIwMjMxMTA4XzI0MzYuanBnIiwic2xpZGVzaG93IjoiM2ZkYTJlYiJ9\" href='http:\/\/festiwalrymkiewiczowski.pl\/2023\/wp-content\/uploads\/2023\/11\/KWKF_20231108_2436.jpg'><img loading=\"lazy\" decoding=\"async\" width=\"1500\" height=\"1000\" src=\"http:\/\/festiwalrymkiewiczowski.pl\/2023\/wp-content\/uploads\/2023\/11\/KWKF_20231108_2436.jpg\" class=\"attachment-full size-full\" alt=\"\" aria-describedby=\"gallery-1-6019\" srcset=\"http:\/\/festiwalrymkiewiczowski.pl\/2023\/wp-content\/uploads\/2023\/11\/KWKF_20231108_2436.jpg 1500w, http:\/\/festiwalrymkiewiczowski.pl\/2023\/wp-content\/uploads\/2023\/11\/KWKF_20231108_2436-18x12.jpg 18w\" sizes=\"(max-width: 1500px) 100vw, 1500px\" \/><\/a>\n\t\t\t<\/div>\n\t\t\t\t<figcaption class='wp-caption-text gallery-caption' id='gallery-1-6019'>\n\t\t\t\t \u017bEGNAM CI\u0118, M\u00d3J \u015aWIECIE WESO\u0141Y &#8211; Warsztaty tworzenia osobistej pie\u015bni pogrzebowej\n\t\t\t\t<\/figcaption><\/figure><figure class='gallery-item'>\n\t\t\t<div class='gallery-icon landscape'>\n\t\t\t\t<a data-elementor-open-lightbox=\"yes\" data-elementor-lightbox-slideshow=\"3fda2eb\" data-elementor-lightbox-title=\"KWKF_20231108_2444\" data-e-action-hash=\"#elementor-action%3Aaction%3Dlightbox%26settings%3DeyJpZCI6NjAyMCwidXJsIjoiaHR0cDpcL1wvZmVzdGl3YWxyeW1raWV3aWN6b3dza2kucGxcLzIwMjNcL3dwLWNvbnRlbnRcL3VwbG9hZHNcLzIwMjNcLzExXC9LV0tGXzIwMjMxMTA4XzI0NDQuanBnIiwic2xpZGVzaG93IjoiM2ZkYTJlYiJ9\" href='http:\/\/festiwalrymkiewiczowski.pl\/2023\/wp-content\/uploads\/2023\/11\/KWKF_20231108_2444.jpg'><img loading=\"lazy\" decoding=\"async\" width=\"1500\" height=\"1000\" src=\"http:\/\/festiwalrymkiewiczowski.pl\/2023\/wp-content\/uploads\/2023\/11\/KWKF_20231108_2444.jpg\" class=\"attachment-full size-full\" alt=\"\" aria-describedby=\"gallery-1-6020\" srcset=\"http:\/\/festiwalrymkiewiczowski.pl\/2023\/wp-content\/uploads\/2023\/11\/KWKF_20231108_2444.jpg 1500w, http:\/\/festiwalrymkiewiczowski.pl\/2023\/wp-content\/uploads\/2023\/11\/KWKF_20231108_2444-18x12.jpg 18w\" sizes=\"(max-width: 1500px) 100vw, 1500px\" \/><\/a>\n\t\t\t<\/div>\n\t\t\t\t<figcaption class='wp-caption-text gallery-caption' id='gallery-1-6020'>\n\t\t\t\t \u017bEGNAM CI\u0118, M\u00d3J \u015aWIECIE WESO\u0141Y &#8211; Warsztaty tworzenia osobistej pie\u015bni pogrzebowej\n\t\t\t\t<\/figcaption><\/figure><figure class='gallery-item'>\n\t\t\t<div class='gallery-icon landscape'>\n\t\t\t\t<a data-elementor-open-lightbox=\"yes\" data-elementor-lightbox-slideshow=\"3fda2eb\" data-elementor-lightbox-title=\"KWKF_20231108_2445\" data-e-action-hash=\"#elementor-action%3Aaction%3Dlightbox%26settings%3DeyJpZCI6NjAyMSwidXJsIjoiaHR0cDpcL1wvZmVzdGl3YWxyeW1raWV3aWN6b3dza2kucGxcLzIwMjNcL3dwLWNvbnRlbnRcL3VwbG9hZHNcLzIwMjNcLzExXC9LV0tGXzIwMjMxMTA4XzI0NDUuanBnIiwic2xpZGVzaG93IjoiM2ZkYTJlYiJ9\" href='http:\/\/festiwalrymkiewiczowski.pl\/2023\/wp-content\/uploads\/2023\/11\/KWKF_20231108_2445.jpg'><img loading=\"lazy\" decoding=\"async\" width=\"1500\" height=\"1000\" src=\"http:\/\/festiwalrymkiewiczowski.pl\/2023\/wp-content\/uploads\/2023\/11\/KWKF_20231108_2445.jpg\" class=\"attachment-full size-full\" alt=\"\" aria-describedby=\"gallery-1-6021\" srcset=\"http:\/\/festiwalrymkiewiczowski.pl\/2023\/wp-content\/uploads\/2023\/11\/KWKF_20231108_2445.jpg 1500w, http:\/\/festiwalrymkiewiczowski.pl\/2023\/wp-content\/uploads\/2023\/11\/KWKF_20231108_2445-18x12.jpg 18w\" sizes=\"(max-width: 1500px) 100vw, 1500px\" \/><\/a>\n\t\t\t<\/div>\n\t\t\t\t<figcaption class='wp-caption-text gallery-caption' id='gallery-1-6021'>\n\t\t\t\t \u017bEGNAM CI\u0118, M\u00d3J \u015aWIECIE WESO\u0141Y &#8211; Warsztaty tworzenia osobistej pie\u015bni pogrzebowej\n\t\t\t\t<\/figcaption><\/figure><figure class='gallery-item'>\n\t\t\t<div class='gallery-icon landscape'>\n\t\t\t\t<a data-elementor-open-lightbox=\"yes\" data-elementor-lightbox-slideshow=\"3fda2eb\" data-elementor-lightbox-title=\"KWKF_20231108_2446\" data-e-action-hash=\"#elementor-action%3Aaction%3Dlightbox%26settings%3DeyJpZCI6NjAyMiwidXJsIjoiaHR0cDpcL1wvZmVzdGl3YWxyeW1raWV3aWN6b3dza2kucGxcLzIwMjNcL3dwLWNvbnRlbnRcL3VwbG9hZHNcLzIwMjNcLzExXC9LV0tGXzIwMjMxMTA4XzI0NDYuanBnIiwic2xpZGVzaG93IjoiM2ZkYTJlYiJ9\" href='http:\/\/festiwalrymkiewiczowski.pl\/2023\/wp-content\/uploads\/2023\/11\/KWKF_20231108_2446.jpg'><img loading=\"lazy\" decoding=\"async\" width=\"1500\" height=\"1000\" src=\"http:\/\/festiwalrymkiewiczowski.pl\/2023\/wp-content\/uploads\/2023\/11\/KWKF_20231108_2446.jpg\" class=\"attachment-full size-full\" alt=\"\" aria-describedby=\"gallery-1-6022\" srcset=\"http:\/\/festiwalrymkiewiczowski.pl\/2023\/wp-content\/uploads\/2023\/11\/KWKF_20231108_2446.jpg 1500w, http:\/\/festiwalrymkiewiczowski.pl\/2023\/wp-content\/uploads\/2023\/11\/KWKF_20231108_2446-18x12.jpg 18w\" sizes=\"(max-width: 1500px) 100vw, 1500px\" \/><\/a>\n\t\t\t<\/div>\n\t\t\t\t<figcaption class='wp-caption-text gallery-caption' id='gallery-1-6022'>\n\t\t\t\t \u017bEGNAM CI\u0118, M\u00d3J \u015aWIECIE WESO\u0141Y &#8211; Warsztaty tworzenia osobistej pie\u015bni pogrzebowej\n\t\t\t\t<\/figcaption><\/figure><figure class='gallery-item'>\n\t\t\t<div class='gallery-icon landscape'>\n\t\t\t\t<a data-elementor-open-lightbox=\"yes\" data-elementor-lightbox-slideshow=\"3fda2eb\" data-elementor-lightbox-title=\"KWKF_20231108_2449\" data-e-action-hash=\"#elementor-action%3Aaction%3Dlightbox%26settings%3DeyJpZCI6NjAyMywidXJsIjoiaHR0cDpcL1wvZmVzdGl3YWxyeW1raWV3aWN6b3dza2kucGxcLzIwMjNcL3dwLWNvbnRlbnRcL3VwbG9hZHNcLzIwMjNcLzExXC9LV0tGXzIwMjMxMTA4XzI0NDkuanBnIiwic2xpZGVzaG93IjoiM2ZkYTJlYiJ9\" href='http:\/\/festiwalrymkiewiczowski.pl\/2023\/wp-content\/uploads\/2023\/11\/KWKF_20231108_2449.jpg'><img loading=\"lazy\" decoding=\"async\" width=\"1500\" height=\"1000\" src=\"http:\/\/festiwalrymkiewiczowski.pl\/2023\/wp-content\/uploads\/2023\/11\/KWKF_20231108_2449.jpg\" class=\"attachment-full size-full\" alt=\"\" aria-describedby=\"gallery-1-6023\" srcset=\"http:\/\/festiwalrymkiewiczowski.pl\/2023\/wp-content\/uploads\/2023\/11\/KWKF_20231108_2449.jpg 1500w, http:\/\/festiwalrymkiewiczowski.pl\/2023\/wp-content\/uploads\/2023\/11\/KWKF_20231108_2449-18x12.jpg 18w\" sizes=\"(max-width: 1500px) 100vw, 1500px\" \/><\/a>\n\t\t\t<\/div>\n\t\t\t\t<figcaption class='wp-caption-text gallery-caption' id='gallery-1-6023'>\n\t\t\t\t \u017bEGNAM CI\u0118, M\u00d3J \u015aWIECIE WESO\u0141Y &#8211; Warsztaty tworzenia osobistej pie\u015bni pogrzebowej\n\t\t\t\t<\/figcaption><\/figure>\n\t\t<\/div>\n\t\t<\/div>\n\t\t\t\t\t\t<\/div>\n\t\t\t\t<\/div>\n\t\t\t\t\t<\/div>\n\t\t<\/div>\n\t\t\t\t\t<\/div>\n\t\t<\/section>\n\t\t\t\t<\/div>\n\t\t","protected":false},"excerpt":{"rendered":"<p>Galeria\u017bEGNAM CI\u0118, M\u00d3J \u015aWIECIE WESO\u0141YWarsztaty tworzenia osobistej pie\u015bni pogrzebowej 8\u00a0listopada 2023 Siedziba Requiem Records, g. 18.00 wi\u0119cej o warsztatach \u017bEGNAM CI\u0118, M\u00d3J \u015aWIECIE WESO\u0141Y &#8211; Warsztaty tworzenia osobistej pie\u015bni pogrzebowej \u017bEGNAM CI\u0118, M\u00d3J \u015aWIECIE WESO\u0141Y &#8211; Warsztaty tworzenia osobistej pie\u015bni pogrzebowej \u017bEGNAM CI\u0118, M\u00d3J \u015aWIECIE WESO\u0141Y &#8211; Warsztaty tworzenia osobistej pie\u015bni pogrzebowej \u017bEGNAM CI\u0118, M\u00d3J [&hellip;]<\/p>\n","protected":false},"author":1,"featured_media":0,"parent":0,"menu_order":0,"comment_status":"closed","ping_status":"closed","template":"","meta":{"_monsterinsights_skip_tracking":false,"_monsterinsights_sitenote_active":false,"_monsterinsights_sitenote_note":"","_monsterinsights_sitenote_category":0,"footnotes":""},"class_list":["post-6006","page","type-page","status-publish","hentry"],"_links":{"self":[{"href":"http:\/\/festiwalrymkiewiczowski.pl\/2023\/wp-json\/wp\/v2\/pages\/6006","targetHints":{"allow":["GET"]}}],"collection":[{"href":"http:\/\/festiwalrymkiewiczowski.pl\/2023\/wp-json\/wp\/v2\/pages"}],"about":[{"href":"http:\/\/festiwalrymkiewiczowski.pl\/2023\/wp-json\/wp\/v2\/types\/page"}],"author":[{"embeddable":true,"href":"http:\/\/festiwalrymkiewiczowski.pl\/2023\/wp-json\/wp\/v2\/users\/1"}],"replies":[{"embeddable":true,"href":"http:\/\/festiwalrymkiewiczowski.pl\/2023\/wp-json\/wp\/v2\/comments?post=6006"}],"version-history":[{"count":7,"href":"http:\/\/festiwalrymkiewiczowski.pl\/2023\/wp-json\/wp\/v2\/pages\/6006\/revisions"}],"predecessor-version":[{"id":6026,"href":"http:\/\/festiwalrymkiewiczowski.pl\/2023\/wp-json\/wp\/v2\/pages\/6006\/revisions\/6026"}],"wp:attachment":[{"href":"http:\/\/festiwalrymkiewiczowski.pl\/2023\/wp-json\/wp\/v2\/media?parent=6006"}],"curies":[{"name":"wp","href":"https:\/\/api.w.org\/{rel}","templated":true}]}}