{"id":5433,"date":"2023-11-05T05:09:28","date_gmt":"2023-11-05T05:09:28","guid":{"rendered":"http:\/\/festiwalrymkiewiczowski.pl\/2023\/?page_id=5433"},"modified":"2023-11-05T05:14:40","modified_gmt":"2023-11-05T05:14:40","slug":"galeria-schubert","status":"publish","type":"page","link":"http:\/\/festiwalrymkiewiczowski.pl\/2023\/galeria-schubert\/","title":{"rendered":"SCHUBERT. WINTERREISE &#8211; Galeria"},"content":{"rendered":"\t\t<div data-elementor-type=\"wp-page\" data-elementor-id=\"5433\" class=\"elementor elementor-5433\">\n\t\t\t\t\t\t<section class=\"elementor-section elementor-top-section elementor-element elementor-element-34b849d elementor-section-stretched elementor-section-boxed elementor-section-height-default elementor-section-height-default\" data-id=\"34b849d\" data-element_type=\"section\" data-settings=\"{&quot;stretch_section&quot;:&quot;section-stretched&quot;,&quot;background_background&quot;:&quot;classic&quot;}\">\n\t\t\t\t\t\t\t<div class=\"elementor-background-overlay\"><\/div>\n\t\t\t\t\t\t\t<div class=\"elementor-container elementor-column-gap-default\">\n\t\t\t\t\t<div class=\"aux-parallax-section elementor-column elementor-col-100 elementor-top-column elementor-element elementor-element-3d31602\" data-id=\"3d31602\" data-element_type=\"column\">\n\t\t\t<div class=\"elementor-widget-wrap elementor-element-populated\">\n\t\t\t\t\t\t<div class=\"elementor-element elementor-element-a8607b4 elementor-widget elementor-widget-text-editor\" data-id=\"a8607b4\" data-element_type=\"widget\" data-widget_type=\"text-editor.default\">\n\t\t\t\t<div class=\"elementor-widget-container\">\n\t\t\t\t\t\t\t\t\tGaleria\t\t\t\t\t\t\t\t<\/div>\n\t\t\t\t<\/div>\n\t\t\t\t<div class=\"elementor-element elementor-element-a77f49c elementor-widget elementor-widget-text-editor\" data-id=\"a77f49c\" data-element_type=\"widget\" data-widget_type=\"text-editor.default\">\n\t\t\t\t<div class=\"elementor-widget-container\">\n\t\t\t\t\t\t\t\t\tSCHUBERT. WINTERREISE<br>\nMatthias Loibner i Nata\u0161a Mirkovi\u0107\t\t\t\t\t\t\t\t<\/div>\n\t\t\t\t<\/div>\n\t\t\t\t<div class=\"elementor-element elementor-element-021a072 elementor-widget elementor-widget-image\" data-id=\"021a072\" data-element_type=\"widget\" data-widget_type=\"image.default\">\n\t\t\t\t<div class=\"elementor-widget-container\">\n\t\t\t\t\t\t\t\t\t\t\t\t\t\t\t<img decoding=\"async\" width=\"35\" height=\"26\" src=\"http:\/\/festiwalrymkiewiczowski.pl\/2023\/wp-content\/uploads\/2023\/10\/15.svg\" class=\"attachment-large size-large wp-image-2233\" alt=\"\" \/>\t\t\t\t\t\t\t\t\t\t\t\t\t\t\t<\/div>\n\t\t\t\t<\/div>\n\t\t\t\t<div class=\"elementor-element elementor-element-4631201 elementor-widget elementor-widget-text-editor\" data-id=\"4631201\" data-element_type=\"widget\" data-settings=\"{&quot;_animation&quot;:&quot;none&quot;}\" data-widget_type=\"text-editor.default\">\n\t\t\t\t<div class=\"elementor-widget-container\">\n\t\t\t\t\t\t\t\t\t<strong>3 listopada 2023<\/strong><br>\nTeatr Kamienica, g. 19.00\t\t\t\t\t\t\t\t<\/div>\n\t\t\t\t<\/div>\n\t\t\t\t<div class=\"elementor-element elementor-element-bf720bd elementor-invisible elementor-widget elementor-widget-aux_modern_button\" data-id=\"bf720bd\" data-element_type=\"widget\" data-settings=\"{&quot;_animation&quot;:&quot;fadeIn&quot;}\" data-widget_type=\"aux_modern_button.default\">\n\t\t\t\t<div class=\"elementor-widget-container\">\n\t\t\t\t\t    <div class=\"aux-modern-button-wrapper aux-modern-button-align-center\" >\n                    <a class=\"aux-modern-button aux-black aux-modern-button-xs aux-modern-button-normal aux-modern-button-default aux-icon-\" href=\"http:\/\/festiwalrymkiewiczowski.pl\/2023\/winterreise\/\">\n                <div class=\"aux-overlay\"><\/div>\n                                    <div class=\"aux-icon \">\n                                            <\/div>\n                                <div class=\"aux-text\">\n<span class=\"aux-text-before\">wi\u0119cej o koncercie<\/span>                <\/div>\n            <\/a>\n            \n    <\/div>\n\n    \t\t\t\t<\/div>\n\t\t\t\t<\/div>\n\t\t\t\t<div class=\"elementor-element elementor-element-3fda2eb gallery-spacing-custom elementor-invisible elementor-widget elementor-widget-image-gallery\" data-id=\"3fda2eb\" data-element_type=\"widget\" data-settings=\"{&quot;_animation&quot;:&quot;fadeIn&quot;}\" data-widget_type=\"image-gallery.default\">\n\t\t\t\t<div class=\"elementor-widget-container\">\n\t\t\t\t\t\t\t<div class=\"elementor-image-gallery\">\n\t\t\t<div id='gallery-1' class='gallery galleryid-5433 gallery-columns-3 gallery-size-full'><figure class='gallery-item'>\n\t\t\t<div class='gallery-icon landscape'>\n\t\t\t\t<a data-elementor-open-lightbox=\"yes\" data-elementor-lightbox-slideshow=\"3fda2eb\" data-elementor-lightbox-title=\"KWKF_20140324_6555-Poprawione-Szum\" data-e-action-hash=\"#elementor-action%3Aaction%3Dlightbox%26settings%3DeyJpZCI6NTQyNiwidXJsIjoiaHR0cDpcL1wvZmVzdGl3YWxyeW1raWV3aWN6b3dza2kucGxcLzIwMjNcL3dwLWNvbnRlbnRcL3VwbG9hZHNcLzIwMjNcLzExXC9LV0tGXzIwMTQwMzI0XzY1NTUtUG9wcmF3aW9uZS1TenVtLmpwZyIsInNsaWRlc2hvdyI6IjNmZGEyZWIifQ%3D%3D\" href='http:\/\/festiwalrymkiewiczowski.pl\/2023\/wp-content\/uploads\/2023\/11\/KWKF_20140324_6555-Poprawione-Szum.jpg'><img fetchpriority=\"high\" decoding=\"async\" width=\"1498\" height=\"1000\" src=\"http:\/\/festiwalrymkiewiczowski.pl\/2023\/wp-content\/uploads\/2023\/11\/KWKF_20140324_6555-Poprawione-Szum.jpg\" class=\"attachment-full size-full\" alt=\"\" aria-describedby=\"gallery-1-5426\" srcset=\"http:\/\/festiwalrymkiewiczowski.pl\/2023\/wp-content\/uploads\/2023\/11\/KWKF_20140324_6555-Poprawione-Szum.jpg 1498w, http:\/\/festiwalrymkiewiczowski.pl\/2023\/wp-content\/uploads\/2023\/11\/KWKF_20140324_6555-Poprawione-Szum-18x12.jpg 18w\" sizes=\"(max-width: 1498px) 100vw, 1498px\" \/><\/a>\n\t\t\t<\/div>\n\t\t\t\t<figcaption class='wp-caption-text gallery-caption' id='gallery-1-5426'>\n\t\t\t\tSCHUBERT. WINTERREISE &#8211; Koncert\n\t\t\t\t<\/figcaption><\/figure><figure class='gallery-item'>\n\t\t\t<div class='gallery-icon landscape'>\n\t\t\t\t<a data-elementor-open-lightbox=\"yes\" data-elementor-lightbox-slideshow=\"3fda2eb\" data-elementor-lightbox-title=\"KWKF_20231103_1064\" data-e-action-hash=\"#elementor-action%3Aaction%3Dlightbox%26settings%3DeyJpZCI6NTQzMiwidXJsIjoiaHR0cDpcL1wvZmVzdGl3YWxyeW1raWV3aWN6b3dza2kucGxcLzIwMjNcL3dwLWNvbnRlbnRcL3VwbG9hZHNcLzIwMjNcLzExXC9LV0tGXzIwMjMxMTAzXzEwNjQuanBnIiwic2xpZGVzaG93IjoiM2ZkYTJlYiJ9\" href='http:\/\/festiwalrymkiewiczowski.pl\/2023\/wp-content\/uploads\/2023\/11\/KWKF_20231103_1064.jpg'><img decoding=\"async\" width=\"1500\" height=\"1000\" src=\"http:\/\/festiwalrymkiewiczowski.pl\/2023\/wp-content\/uploads\/2023\/11\/KWKF_20231103_1064.jpg\" class=\"attachment-full size-full\" alt=\"\" aria-describedby=\"gallery-1-5432\" srcset=\"http:\/\/festiwalrymkiewiczowski.pl\/2023\/wp-content\/uploads\/2023\/11\/KWKF_20231103_1064.jpg 1500w, http:\/\/festiwalrymkiewiczowski.pl\/2023\/wp-content\/uploads\/2023\/11\/KWKF_20231103_1064-18x12.jpg 18w\" sizes=\"(max-width: 1500px) 100vw, 1500px\" \/><\/a>\n\t\t\t<\/div>\n\t\t\t\t<figcaption class='wp-caption-text gallery-caption' id='gallery-1-5432'>\n\t\t\t\tSCHUBERT. WINTERREISE &#8211; Koncert\n\t\t\t\t<\/figcaption><\/figure><figure class='gallery-item'>\n\t\t\t<div class='gallery-icon landscape'>\n\t\t\t\t<a data-elementor-open-lightbox=\"yes\" data-elementor-lightbox-slideshow=\"3fda2eb\" data-elementor-lightbox-title=\"KWKF_20231103_1039\" data-e-action-hash=\"#elementor-action%3Aaction%3Dlightbox%26settings%3DeyJpZCI6NTQyNywidXJsIjoiaHR0cDpcL1wvZmVzdGl3YWxyeW1raWV3aWN6b3dza2kucGxcLzIwMjNcL3dwLWNvbnRlbnRcL3VwbG9hZHNcLzIwMjNcLzExXC9LV0tGXzIwMjMxMTAzXzEwMzkuanBnIiwic2xpZGVzaG93IjoiM2ZkYTJlYiJ9\" href='http:\/\/festiwalrymkiewiczowski.pl\/2023\/wp-content\/uploads\/2023\/11\/KWKF_20231103_1039.jpg'><img loading=\"lazy\" decoding=\"async\" width=\"1500\" height=\"1000\" src=\"http:\/\/festiwalrymkiewiczowski.pl\/2023\/wp-content\/uploads\/2023\/11\/KWKF_20231103_1039.jpg\" class=\"attachment-full size-full\" alt=\"\" aria-describedby=\"gallery-1-5427\" srcset=\"http:\/\/festiwalrymkiewiczowski.pl\/2023\/wp-content\/uploads\/2023\/11\/KWKF_20231103_1039.jpg 1500w, http:\/\/festiwalrymkiewiczowski.pl\/2023\/wp-content\/uploads\/2023\/11\/KWKF_20231103_1039-18x12.jpg 18w\" sizes=\"(max-width: 1500px) 100vw, 1500px\" \/><\/a>\n\t\t\t<\/div>\n\t\t\t\t<figcaption class='wp-caption-text gallery-caption' id='gallery-1-5427'>\n\t\t\t\tSCHUBERT. WINTERREISE &#8211; Koncert\n\t\t\t\t<\/figcaption><\/figure><figure class='gallery-item'>\n\t\t\t<div class='gallery-icon landscape'>\n\t\t\t\t<a data-elementor-open-lightbox=\"yes\" data-elementor-lightbox-slideshow=\"3fda2eb\" data-elementor-lightbox-title=\"KWKF_20231103_1049\" data-e-action-hash=\"#elementor-action%3Aaction%3Dlightbox%26settings%3DeyJpZCI6NTQyOSwidXJsIjoiaHR0cDpcL1wvZmVzdGl3YWxyeW1raWV3aWN6b3dza2kucGxcLzIwMjNcL3dwLWNvbnRlbnRcL3VwbG9hZHNcLzIwMjNcLzExXC9LV0tGXzIwMjMxMTAzXzEwNDkuanBnIiwic2xpZGVzaG93IjoiM2ZkYTJlYiJ9\" href='http:\/\/festiwalrymkiewiczowski.pl\/2023\/wp-content\/uploads\/2023\/11\/KWKF_20231103_1049.jpg'><img loading=\"lazy\" decoding=\"async\" width=\"1500\" height=\"1000\" src=\"http:\/\/festiwalrymkiewiczowski.pl\/2023\/wp-content\/uploads\/2023\/11\/KWKF_20231103_1049.jpg\" class=\"attachment-full size-full\" alt=\"\" aria-describedby=\"gallery-1-5429\" srcset=\"http:\/\/festiwalrymkiewiczowski.pl\/2023\/wp-content\/uploads\/2023\/11\/KWKF_20231103_1049.jpg 1500w, http:\/\/festiwalrymkiewiczowski.pl\/2023\/wp-content\/uploads\/2023\/11\/KWKF_20231103_1049-18x12.jpg 18w\" sizes=\"(max-width: 1500px) 100vw, 1500px\" \/><\/a>\n\t\t\t<\/div>\n\t\t\t\t<figcaption class='wp-caption-text gallery-caption' id='gallery-1-5429'>\n\t\t\t\tSCHUBERT. WINTERREISE &#8211; Koncert\n\t\t\t\t<\/figcaption><\/figure><figure class='gallery-item'>\n\t\t\t<div class='gallery-icon landscape'>\n\t\t\t\t<a data-elementor-open-lightbox=\"yes\" data-elementor-lightbox-slideshow=\"3fda2eb\" data-elementor-lightbox-title=\"KWKF_20231103_1062\" data-e-action-hash=\"#elementor-action%3Aaction%3Dlightbox%26settings%3DeyJpZCI6NTQzMSwidXJsIjoiaHR0cDpcL1wvZmVzdGl3YWxyeW1raWV3aWN6b3dza2kucGxcLzIwMjNcL3dwLWNvbnRlbnRcL3VwbG9hZHNcLzIwMjNcLzExXC9LV0tGXzIwMjMxMTAzXzEwNjIuanBnIiwic2xpZGVzaG93IjoiM2ZkYTJlYiJ9\" href='http:\/\/festiwalrymkiewiczowski.pl\/2023\/wp-content\/uploads\/2023\/11\/KWKF_20231103_1062.jpg'><img loading=\"lazy\" decoding=\"async\" width=\"1500\" height=\"1000\" src=\"http:\/\/festiwalrymkiewiczowski.pl\/2023\/wp-content\/uploads\/2023\/11\/KWKF_20231103_1062.jpg\" class=\"attachment-full size-full\" alt=\"\" aria-describedby=\"gallery-1-5431\" srcset=\"http:\/\/festiwalrymkiewiczowski.pl\/2023\/wp-content\/uploads\/2023\/11\/KWKF_20231103_1062.jpg 1500w, http:\/\/festiwalrymkiewiczowski.pl\/2023\/wp-content\/uploads\/2023\/11\/KWKF_20231103_1062-18x12.jpg 18w\" sizes=\"(max-width: 1500px) 100vw, 1500px\" \/><\/a>\n\t\t\t<\/div>\n\t\t\t\t<figcaption class='wp-caption-text gallery-caption' id='gallery-1-5431'>\n\t\t\t\tSCHUBERT. WINTERREISE &#8211; Koncert\n\t\t\t\t<\/figcaption><\/figure><figure class='gallery-item'>\n\t\t\t<div class='gallery-icon landscape'>\n\t\t\t\t<a data-elementor-open-lightbox=\"yes\" data-elementor-lightbox-slideshow=\"3fda2eb\" data-elementor-lightbox-title=\"KWKF_20140324_6551\" data-e-action-hash=\"#elementor-action%3Aaction%3Dlightbox%26settings%3DeyJpZCI6NTQyNSwidXJsIjoiaHR0cDpcL1wvZmVzdGl3YWxyeW1raWV3aWN6b3dza2kucGxcLzIwMjNcL3dwLWNvbnRlbnRcL3VwbG9hZHNcLzIwMjNcLzExXC9LV0tGXzIwMTQwMzI0XzY1NTEuanBnIiwic2xpZGVzaG93IjoiM2ZkYTJlYiJ9\" href='http:\/\/festiwalrymkiewiczowski.pl\/2023\/wp-content\/uploads\/2023\/11\/KWKF_20140324_6551.jpg'><img loading=\"lazy\" decoding=\"async\" width=\"1498\" height=\"1000\" src=\"http:\/\/festiwalrymkiewiczowski.pl\/2023\/wp-content\/uploads\/2023\/11\/KWKF_20140324_6551.jpg\" class=\"attachment-full size-full\" alt=\"\" aria-describedby=\"gallery-1-5425\" srcset=\"http:\/\/festiwalrymkiewiczowski.pl\/2023\/wp-content\/uploads\/2023\/11\/KWKF_20140324_6551.jpg 1498w, http:\/\/festiwalrymkiewiczowski.pl\/2023\/wp-content\/uploads\/2023\/11\/KWKF_20140324_6551-18x12.jpg 18w\" sizes=\"(max-width: 1498px) 100vw, 1498px\" \/><\/a>\n\t\t\t<\/div>\n\t\t\t\t<figcaption class='wp-caption-text gallery-caption' id='gallery-1-5425'>\n\t\t\t\tSCHUBERT. WINTERREISE &#8211; Koncert\n\t\t\t\t<\/figcaption><\/figure><figure class='gallery-item'>\n\t\t\t<div class='gallery-icon landscape'>\n\t\t\t\t<a data-elementor-open-lightbox=\"yes\" data-elementor-lightbox-slideshow=\"3fda2eb\" data-elementor-lightbox-title=\"KWKF_20231103_1056\" data-e-action-hash=\"#elementor-action%3Aaction%3Dlightbox%26settings%3DeyJpZCI6NTQzMCwidXJsIjoiaHR0cDpcL1wvZmVzdGl3YWxyeW1raWV3aWN6b3dza2kucGxcLzIwMjNcL3dwLWNvbnRlbnRcL3VwbG9hZHNcLzIwMjNcLzExXC9LV0tGXzIwMjMxMTAzXzEwNTYuanBnIiwic2xpZGVzaG93IjoiM2ZkYTJlYiJ9\" href='http:\/\/festiwalrymkiewiczowski.pl\/2023\/wp-content\/uploads\/2023\/11\/KWKF_20231103_1056.jpg'><img loading=\"lazy\" decoding=\"async\" width=\"1500\" height=\"1000\" src=\"http:\/\/festiwalrymkiewiczowski.pl\/2023\/wp-content\/uploads\/2023\/11\/KWKF_20231103_1056.jpg\" class=\"attachment-full size-full\" alt=\"\" aria-describedby=\"gallery-1-5430\" srcset=\"http:\/\/festiwalrymkiewiczowski.pl\/2023\/wp-content\/uploads\/2023\/11\/KWKF_20231103_1056.jpg 1500w, http:\/\/festiwalrymkiewiczowski.pl\/2023\/wp-content\/uploads\/2023\/11\/KWKF_20231103_1056-18x12.jpg 18w\" sizes=\"(max-width: 1500px) 100vw, 1500px\" \/><\/a>\n\t\t\t<\/div>\n\t\t\t\t<figcaption class='wp-caption-text gallery-caption' id='gallery-1-5430'>\n\t\t\t\tSCHUBERT. WINTERREISE &#8211; Koncert\n\t\t\t\t<\/figcaption><\/figure><figure class='gallery-item'>\n\t\t\t<div class='gallery-icon landscape'>\n\t\t\t\t<a data-elementor-open-lightbox=\"yes\" data-elementor-lightbox-slideshow=\"3fda2eb\" data-elementor-lightbox-title=\"KWKF_20231103_1041\" data-e-action-hash=\"#elementor-action%3Aaction%3Dlightbox%26settings%3DeyJpZCI6NTQyOCwidXJsIjoiaHR0cDpcL1wvZmVzdGl3YWxyeW1raWV3aWN6b3dza2kucGxcLzIwMjNcL3dwLWNvbnRlbnRcL3VwbG9hZHNcLzIwMjNcLzExXC9LV0tGXzIwMjMxMTAzXzEwNDEuanBnIiwic2xpZGVzaG93IjoiM2ZkYTJlYiJ9\" href='http:\/\/festiwalrymkiewiczowski.pl\/2023\/wp-content\/uploads\/2023\/11\/KWKF_20231103_1041.jpg'><img loading=\"lazy\" decoding=\"async\" width=\"1500\" height=\"1000\" src=\"http:\/\/festiwalrymkiewiczowski.pl\/2023\/wp-content\/uploads\/2023\/11\/KWKF_20231103_1041.jpg\" class=\"attachment-full size-full\" alt=\"\" aria-describedby=\"gallery-1-5428\" srcset=\"http:\/\/festiwalrymkiewiczowski.pl\/2023\/wp-content\/uploads\/2023\/11\/KWKF_20231103_1041.jpg 1500w, http:\/\/festiwalrymkiewiczowski.pl\/2023\/wp-content\/uploads\/2023\/11\/KWKF_20231103_1041-18x12.jpg 18w\" sizes=\"(max-width: 1500px) 100vw, 1500px\" \/><\/a>\n\t\t\t<\/div>\n\t\t\t\t<figcaption class='wp-caption-text gallery-caption' id='gallery-1-5428'>\n\t\t\t\tSCHUBERT. WINTERREISE &#8211; Koncert\n\t\t\t\t<\/figcaption><\/figure><figure class='gallery-item'>\n\t\t\t<div class='gallery-icon landscape'>\n\t\t\t\t<a data-elementor-open-lightbox=\"yes\" data-elementor-lightbox-slideshow=\"3fda2eb\" data-elementor-lightbox-title=\"KWKF_20140324_6546\" data-e-action-hash=\"#elementor-action%3Aaction%3Dlightbox%26settings%3DeyJpZCI6NTQyNCwidXJsIjoiaHR0cDpcL1wvZmVzdGl3YWxyeW1raWV3aWN6b3dza2kucGxcLzIwMjNcL3dwLWNvbnRlbnRcL3VwbG9hZHNcLzIwMjNcLzExXC9LV0tGXzIwMTQwMzI0XzY1NDYuanBnIiwic2xpZGVzaG93IjoiM2ZkYTJlYiJ9\" href='http:\/\/festiwalrymkiewiczowski.pl\/2023\/wp-content\/uploads\/2023\/11\/KWKF_20140324_6546.jpg'><img loading=\"lazy\" decoding=\"async\" width=\"1498\" height=\"1000\" src=\"http:\/\/festiwalrymkiewiczowski.pl\/2023\/wp-content\/uploads\/2023\/11\/KWKF_20140324_6546.jpg\" class=\"attachment-full size-full\" alt=\"\" srcset=\"http:\/\/festiwalrymkiewiczowski.pl\/2023\/wp-content\/uploads\/2023\/11\/KWKF_20140324_6546.jpg 1498w, http:\/\/festiwalrymkiewiczowski.pl\/2023\/wp-content\/uploads\/2023\/11\/KWKF_20140324_6546-18x12.jpg 18w\" sizes=\"(max-width: 1498px) 100vw, 1498px\" \/><\/a>\n\t\t\t<\/div><\/figure>\n\t\t<\/div>\n\t\t<\/div>\n\t\t\t\t\t\t<\/div>\n\t\t\t\t<\/div>\n\t\t\t\t\t<\/div>\n\t\t<\/div>\n\t\t\t\t\t<\/div>\n\t\t<\/section>\n\t\t\t\t<\/div>\n\t\t","protected":false},"excerpt":{"rendered":"<p>GaleriaSCHUBERT. WINTERREISE Matthias Loibner i Nata\u0161a Mirkovi\u0107 3 listopada 2023 Teatr Kamienica, g. 19.00 wi\u0119cej o koncercie SCHUBERT. WINTERREISE &#8211; Koncert SCHUBERT. WINTERREISE &#8211; Koncert SCHUBERT. WINTERREISE &#8211; Koncert SCHUBERT. WINTERREISE &#8211; Koncert SCHUBERT. WINTERREISE &#8211; Koncert SCHUBERT. WINTERREISE &#8211; Koncert SCHUBERT. WINTERREISE &#8211; Koncert SCHUBERT. WINTERREISE &#8211; Koncert<\/p>\n","protected":false},"author":1,"featured_media":0,"parent":0,"menu_order":0,"comment_status":"closed","ping_status":"closed","template":"","meta":{"_monsterinsights_skip_tracking":false,"_monsterinsights_sitenote_active":false,"_monsterinsights_sitenote_note":"","_monsterinsights_sitenote_category":0,"footnotes":""},"class_list":["post-5433","page","type-page","status-publish","hentry"],"_links":{"self":[{"href":"http:\/\/festiwalrymkiewiczowski.pl\/2023\/wp-json\/wp\/v2\/pages\/5433","targetHints":{"allow":["GET"]}}],"collection":[{"href":"http:\/\/festiwalrymkiewiczowski.pl\/2023\/wp-json\/wp\/v2\/pages"}],"about":[{"href":"http:\/\/festiwalrymkiewiczowski.pl\/2023\/wp-json\/wp\/v2\/types\/page"}],"author":[{"embeddable":true,"href":"http:\/\/festiwalrymkiewiczowski.pl\/2023\/wp-json\/wp\/v2\/users\/1"}],"replies":[{"embeddable":true,"href":"http:\/\/festiwalrymkiewiczowski.pl\/2023\/wp-json\/wp\/v2\/comments?post=5433"}],"version-history":[{"count":7,"href":"http:\/\/festiwalrymkiewiczowski.pl\/2023\/wp-json\/wp\/v2\/pages\/5433\/revisions"}],"predecessor-version":[{"id":5444,"href":"http:\/\/festiwalrymkiewiczowski.pl\/2023\/wp-json\/wp\/v2\/pages\/5433\/revisions\/5444"}],"wp:attachment":[{"href":"http:\/\/festiwalrymkiewiczowski.pl\/2023\/wp-json\/wp\/v2\/media?parent=5433"}],"curies":[{"name":"wp","href":"https:\/\/api.w.org\/{rel}","templated":true}]}}