{"id":5015,"date":"2023-10-26T13:42:04","date_gmt":"2023-10-26T13:42:04","guid":{"rendered":"http:\/\/festiwalrymkiewiczowski.pl\/2023\/?page_id=5015"},"modified":"2023-11-04T06:47:28","modified_gmt":"2023-11-04T06:47:28","slug":"mariusz-cieslik","status":"publish","type":"page","link":"http:\/\/festiwalrymkiewiczowski.pl\/2023\/mariusz-cieslik\/","title":{"rendered":"Mariusz Cie\u015blik"},"content":{"rendered":"\t\t<div data-elementor-type=\"wp-page\" data-elementor-id=\"5015\" class=\"elementor elementor-5015\">\n\t\t\t\t\t\t<section class=\"elementor-section elementor-top-section elementor-element elementor-element-c8378e1 elementor-section-stretched elementor-section-boxed elementor-section-height-default elementor-section-height-default\" data-id=\"c8378e1\" data-element_type=\"section\" data-settings=\"{&quot;stretch_section&quot;:&quot;section-stretched&quot;,&quot;background_background&quot;:&quot;gradient&quot;}\">\n\t\t\t\t\t\t<div class=\"elementor-container elementor-column-gap-default\">\n\t\t\t\t\t<div class=\"aux-parallax-section elementor-column elementor-col-50 elementor-top-column elementor-element elementor-element-a04f1c6\" data-id=\"a04f1c6\" data-element_type=\"column\">\n\t\t\t<div class=\"elementor-widget-wrap elementor-element-populated\">\n\t\t\t\t\t\t<div class=\"elementor-element elementor-element-ff2fdd2 elementor-widget-tablet__width-initial elementor-invisible elementor-widget elementor-widget-image\" data-id=\"ff2fdd2\" data-element_type=\"widget\" data-settings=\"{&quot;_animation&quot;:&quot;fadeInLeft&quot;}\" data-widget_type=\"image.default\">\n\t\t\t\t<div class=\"elementor-widget-container\">\n\t\t\t\t\t\t\t\t\t\t\t\t\t\t\t\t<a href=\"http:\/\/festiwalrymkiewiczowski.pl\/2023\/wp-content\/uploads\/2023\/10\/Mariusz_Cieslik_1.jpg\" data-elementor-open-lightbox=\"yes\" data-elementor-lightbox-title=\"Mariusz_Cieslik_1\" data-e-action-hash=\"#elementor-action%3Aaction%3Dlightbox%26settings%3DeyJpZCI6NTAyMCwidXJsIjoiaHR0cDpcL1wvZmVzdGl3YWxyeW1raWV3aWN6b3dza2kucGxcLzIwMjNcL3dwLWNvbnRlbnRcL3VwbG9hZHNcLzIwMjNcLzEwXC9NYXJpdXN6X0NpZXNsaWtfMS5qcGcifQ%3D%3D\">\n\t\t\t\t\t\t\t<img decoding=\"async\" src=\"http:\/\/festiwalrymkiewiczowski.pl\/2023\/wp-content\/uploads\/2023\/10\/Mariusz_Cieslik_1.jpg\" title=\"Mariusz_Cieslik_1\" alt=\"Mariusz_Cieslik_1\" loading=\"lazy\" \/>\t\t\t\t\t\t\t\t<\/a>\n\t\t\t\t\t\t\t\t\t\t\t\t\t\t\t<\/div>\n\t\t\t\t<\/div>\n\t\t\t\t\t<\/div>\n\t\t<\/div>\n\t\t\t\t<div class=\"aux-parallax-section elementor-column elementor-col-50 elementor-top-column elementor-element elementor-element-915fcd9\" data-id=\"915fcd9\" data-element_type=\"column\">\n\t\t\t<div class=\"elementor-widget-wrap elementor-element-populated\">\n\t\t\t\t\t\t<div class=\"elementor-element elementor-element-bc832da elementor-invisible elementor-widget elementor-widget-text-editor\" data-id=\"bc832da\" data-element_type=\"widget\" data-settings=\"{&quot;_animation&quot;:&quot;fadeInRight&quot;}\" data-widget_type=\"text-editor.default\">\n\t\t\t\t<div class=\"elementor-widget-container\">\n\t\t\t\t\t\t\t\t\tMariusz Cie\u015blik\t\t\t\t\t\t\t\t<\/div>\n\t\t\t\t<\/div>\n\t\t\t\t<div class=\"elementor-element elementor-element-468595d elementor-widget-tablet__width-initial elementor-widget-mobile__width-initial elementor-invisible elementor-widget elementor-widget-text-editor\" data-id=\"468595d\" data-element_type=\"widget\" data-settings=\"{&quot;_animation&quot;:&quot;fadeInRight&quot;}\" data-widget_type=\"text-editor.default\">\n\t\t\t\t<div class=\"elementor-widget-container\">\n\t\t\t\t\t\t\t\t\tPublicysta, scenarzysta, re\u017cyser, prozaik\t\t\t\t\t\t\t\t<\/div>\n\t\t\t\t<\/div>\n\t\t\t\t<div class=\"elementor-element elementor-element-3918b42 elementor-widget-tablet__width-initial elementor-widget-mobile__width-initial elementor-invisible elementor-widget elementor-widget-text-editor\" data-id=\"3918b42\" data-element_type=\"widget\" data-settings=\"{&quot;_animation&quot;:&quot;fadeInRight&quot;}\" data-widget_type=\"text-editor.default\">\n\t\t\t\t<div class=\"elementor-widget-container\">\n\t\t\t\t\t\t\t\t\t<p>Jako dziennikarz zwi\u0105zany by\u0142 m.in. z TVP, radiow\u0105 Tr\u00f3jk\u0105, \u201eWprost\u201d, \u201e\u017byciem Warszawy\u201d, \u201eNewsweekiem\u201d i \u201eRzeczpospolit\u0105\u201d. Jako szef dzia\u0142u program\u00f3w zagranicznych Instytutu Ksi\u0105\u017cki odpowiada\u0142 za prezentacj\u0119 polskiej literatury na London Book Fair (2017) \u2013 najwi\u0119kszych targach ksi\u0105\u017ckowych Wielkiej Brytanii, gdzie Polska by\u0142a Market Focus (odpowiednik go\u015bcia honorowego). Opublikowa\u0142 cztery ksi\u0105\u017cki: zbi\u00f3r opowiada\u0144 <em>\u015amieszni kochankowie<\/em> (2004), powie\u015b\u0107 <em>\u015awi\u0119to wniebowzi\u0119cia<\/em> (2005), <em>Jak zosta\u0142em premierem<\/em> (2012, z Robertem G\u00f3rskim) i biografi\u0119 <em>Jaruzelski. \u017bycie paradoksalne<\/em> (2015, z Paw\u0142em Kowalem). Jako scenarzysta pracowa\u0142 przy serialach TVP (<em>Prawnicy<\/em>), TVN (<em>Anio\u0142 Str\u00f3\u017c<\/em>) i Polsatu (<em>Te\u015bciowie<\/em>). Jest autorem kilku sztuk zrealizowanych przez Teatr Polskiego Radia (m.in. <em>W imi\u0119 ojca i syna<\/em> i <em>17 albo traktat o nieistnieniu poszczeg\u00f3lnym<\/em>). Wyre\u017cyserowa\u0142 m.in. filmy dokumentalne <em>Wszystkie role Stanis\u0142awa Barei<\/em> oraz <em>Fenomen Fogga<\/em>, widowisko biograficzne <em>Herbert. Rekonstrukcja poety<\/em> i <em>Koncert dla Niepodleg\u0142ej<\/em> w stulecie odzyskania niepodleg\u0142o\u015bci (jako II re\u017cyser i scenarzysta).<\/p>\t\t\t\t\t\t\t\t<\/div>\n\t\t\t\t<\/div>\n\t\t\t\t<div class=\"elementor-element elementor-element-cb9d9be elementor-widget-tablet__width-initial elementor-widget-mobile__width-initial elementor-invisible elementor-widget elementor-widget-text-editor\" data-id=\"cb9d9be\" data-element_type=\"widget\" data-settings=\"{&quot;_animation&quot;:&quot;fadeInRight&quot;}\" data-widget_type=\"text-editor.default\">\n\t\t\t\t<div class=\"elementor-widget-container\">\n\t\t\t\t\t\t\t\t\t<strong>Mariusz Cie\u015blik wyre\u017cyserowa\u0142 dla Festiwalu Rymkiewiczowskiego spektakl <em>Ksi\u0119\u017cniczka Sprawy Bo\u017cej<\/em>.<\/strong>\t\t\t\t\t\t\t\t<\/div>\n\t\t\t\t<\/div>\n\t\t\t\t<div class=\"elementor-element elementor-element-8b5c792 elementor-widget-tablet__width-initial elementor-invisible elementor-widget elementor-widget-aux_modern_button\" data-id=\"8b5c792\" data-element_type=\"widget\" data-settings=\"{&quot;_animation&quot;:&quot;fadeInRight&quot;}\" data-widget_type=\"aux_modern_button.default\">\n\t\t\t\t<div class=\"elementor-widget-container\">\n\t\t\t\t\t    <div class=\"aux-modern-button-wrapper aux-modern-button-align-left\" >\n                    <a class=\"aux-modern-button aux-black aux-modern-button-md aux-modern-button-normal aux-modern-button-default aux-icon-\" href=\"http:\/\/festiwalrymkiewiczowski.pl\/2023\/ksiezniczka\/\">\n                <div class=\"aux-overlay\"><\/div>\n                                    <div class=\"aux-icon \">\n                                            <\/div>\n                                <div class=\"aux-text\">\n<span class=\"aux-text-before\">szczeg\u00f3\u0142y spektaklu<\/span>                <\/div>\n            <\/a>\n            \n    <\/div>\n\n    \t\t\t\t<\/div>\n\t\t\t\t<\/div>\n\t\t\t\t\t<\/div>\n\t\t<\/div>\n\t\t\t\t\t<\/div>\n\t\t<\/section>\n\t\t\t\t<\/div>\n\t\t","protected":false},"excerpt":{"rendered":"<p>Mariusz Cie\u015blikPublicysta, scenarzysta, re\u017cyser, prozaik Jako dziennikarz zwi\u0105zany by\u0142 m.in. z TVP, radiow\u0105 Tr\u00f3jk\u0105, \u201eWprost\u201d, \u201e\u017byciem Warszawy\u201d, \u201eNewsweekiem\u201d i \u201eRzeczpospolit\u0105\u201d. Jako szef dzia\u0142u program\u00f3w zagranicznych Instytutu Ksi\u0105\u017cki odpowiada\u0142 za prezentacj\u0119 polskiej literatury na London Book Fair (2017) \u2013 najwi\u0119kszych targach ksi\u0105\u017ckowych Wielkiej Brytanii, gdzie Polska by\u0142a Market Focus (odpowiednik go\u015bcia honorowego). Opublikowa\u0142 cztery ksi\u0105\u017cki: zbi\u00f3r [&hellip;]<\/p>\n","protected":false},"author":1,"featured_media":0,"parent":0,"menu_order":0,"comment_status":"closed","ping_status":"closed","template":"","meta":{"_monsterinsights_skip_tracking":false,"_monsterinsights_sitenote_active":false,"_monsterinsights_sitenote_note":"","_monsterinsights_sitenote_category":0,"footnotes":""},"class_list":["post-5015","page","type-page","status-publish","hentry"],"_links":{"self":[{"href":"http:\/\/festiwalrymkiewiczowski.pl\/2023\/wp-json\/wp\/v2\/pages\/5015","targetHints":{"allow":["GET"]}}],"collection":[{"href":"http:\/\/festiwalrymkiewiczowski.pl\/2023\/wp-json\/wp\/v2\/pages"}],"about":[{"href":"http:\/\/festiwalrymkiewiczowski.pl\/2023\/wp-json\/wp\/v2\/types\/page"}],"author":[{"embeddable":true,"href":"http:\/\/festiwalrymkiewiczowski.pl\/2023\/wp-json\/wp\/v2\/users\/1"}],"replies":[{"embeddable":true,"href":"http:\/\/festiwalrymkiewiczowski.pl\/2023\/wp-json\/wp\/v2\/comments?post=5015"}],"version-history":[{"count":10,"href":"http:\/\/festiwalrymkiewiczowski.pl\/2023\/wp-json\/wp\/v2\/pages\/5015\/revisions"}],"predecessor-version":[{"id":5293,"href":"http:\/\/festiwalrymkiewiczowski.pl\/2023\/wp-json\/wp\/v2\/pages\/5015\/revisions\/5293"}],"wp:attachment":[{"href":"http:\/\/festiwalrymkiewiczowski.pl\/2023\/wp-json\/wp\/v2\/media?parent=5015"}],"curies":[{"name":"wp","href":"https:\/\/api.w.org\/{rel}","templated":true}]}}