{"id":4481,"date":"2023-10-23T07:54:00","date_gmt":"2023-10-23T07:54:00","guid":{"rendered":"http:\/\/festiwalrymkiewiczowski.pl\/2023\/?page_id=4481"},"modified":"2023-10-27T06:12:15","modified_gmt":"2023-10-27T06:12:15","slug":"halszka-witkowska","status":"publish","type":"page","link":"http:\/\/festiwalrymkiewiczowski.pl\/2023\/halszka-witkowska\/","title":{"rendered":"Halszka Witkowska"},"content":{"rendered":"\t\t<div data-elementor-type=\"wp-page\" data-elementor-id=\"4481\" class=\"elementor elementor-4481\">\n\t\t\t\t\t\t<section class=\"elementor-section elementor-top-section elementor-element elementor-element-c8378e1 elementor-section-stretched elementor-section-boxed elementor-section-height-default elementor-section-height-default\" data-id=\"c8378e1\" data-element_type=\"section\" data-settings=\"{&quot;stretch_section&quot;:&quot;section-stretched&quot;,&quot;background_background&quot;:&quot;gradient&quot;}\">\n\t\t\t\t\t\t<div class=\"elementor-container elementor-column-gap-default\">\n\t\t\t\t\t<div class=\"aux-parallax-section elementor-column elementor-col-50 elementor-top-column elementor-element elementor-element-a04f1c6\" data-id=\"a04f1c6\" data-element_type=\"column\">\n\t\t\t<div class=\"elementor-widget-wrap elementor-element-populated\">\n\t\t\t\t\t\t<div class=\"elementor-element elementor-element-ff2fdd2 elementor-widget-tablet__width-initial elementor-invisible elementor-widget elementor-widget-image\" data-id=\"ff2fdd2\" data-element_type=\"widget\" data-settings=\"{&quot;_animation&quot;:&quot;fadeInLeft&quot;}\" data-widget_type=\"image.default\">\n\t\t\t\t<div class=\"elementor-widget-container\">\n\t\t\t\t\t\t\t\t\t\t\t\t\t\t\t\t<a href=\"http:\/\/festiwalrymkiewiczowski.pl\/2023\/wp-content\/uploads\/2023\/10\/Halszka-Witkowska_1.jpg\" data-elementor-open-lightbox=\"yes\" data-elementor-lightbox-title=\"Halszka-Witkowska_1\" data-e-action-hash=\"#elementor-action%3Aaction%3Dlightbox%26settings%3DeyJpZCI6NDQ4MywidXJsIjoiaHR0cDpcL1wvZmVzdGl3YWxyeW1raWV3aWN6b3dza2kucGxcLzIwMjNcL3dwLWNvbnRlbnRcL3VwbG9hZHNcLzIwMjNcLzEwXC9IYWxzemthLVdpdGtvd3NrYV8xLmpwZyJ9\">\n\t\t\t\t\t\t\t<img decoding=\"async\" src=\"http:\/\/festiwalrymkiewiczowski.pl\/2023\/wp-content\/uploads\/2023\/10\/Halszka-Witkowska_1.jpg\" title=\"Halszka-Witkowska_1\" alt=\"Halszka-Witkowska_1\" loading=\"lazy\" \/>\t\t\t\t\t\t\t\t<\/a>\n\t\t\t\t\t\t\t\t\t\t\t\t\t\t\t<\/div>\n\t\t\t\t<\/div>\n\t\t\t\t\t<\/div>\n\t\t<\/div>\n\t\t\t\t<div class=\"aux-parallax-section elementor-column elementor-col-50 elementor-top-column elementor-element elementor-element-915fcd9\" data-id=\"915fcd9\" data-element_type=\"column\">\n\t\t\t<div class=\"elementor-widget-wrap elementor-element-populated\">\n\t\t\t\t\t\t<div class=\"elementor-element elementor-element-bc832da elementor-invisible elementor-widget elementor-widget-text-editor\" data-id=\"bc832da\" data-element_type=\"widget\" data-settings=\"{&quot;_animation&quot;:&quot;fadeInRight&quot;}\" data-widget_type=\"text-editor.default\">\n\t\t\t\t<div class=\"elementor-widget-container\">\n\t\t\t\t\t\t\t\t\t<span class=\"TextRun SCXW228337427 BCX0\" lang=\"PL-PL\" xml:lang=\"PL-PL\" data-contrast=\"auto\"><span class=\"NormalTextRun SCXW228337427 BCX0\">Halszka Witkowska<\/span><\/span>\t\t\t\t\t\t\t\t<\/div>\n\t\t\t\t<\/div>\n\t\t\t\t<div class=\"elementor-element elementor-element-468595d elementor-widget-tablet__width-initial elementor-widget-mobile__width-initial elementor-invisible elementor-widget elementor-widget-text-editor\" data-id=\"468595d\" data-element_type=\"widget\" data-settings=\"{&quot;_animation&quot;:&quot;fadeInRight&quot;}\" data-widget_type=\"text-editor.default\">\n\t\t\t\t<div class=\"elementor-widget-container\">\n\t\t\t\t\t\t\t\t\tSuicydolo\u017cka\t\t\t\t\t\t\t\t<\/div>\n\t\t\t\t<\/div>\n\t\t\t\t<div class=\"elementor-element elementor-element-3918b42 elementor-widget-tablet__width-initial elementor-widget-mobile__width-initial elementor-invisible elementor-widget elementor-widget-text-editor\" data-id=\"3918b42\" data-element_type=\"widget\" data-settings=\"{&quot;_animation&quot;:&quot;fadeInRight&quot;}\" data-widget_type=\"text-editor.default\">\n\t\t\t\t<div class=\"elementor-widget-container\">\n\t\t\t\t\t\t\t\t\t<p><span data-contrast=\"auto\">Doktor, suicydolo\u017cka, Ekspertka Biura ds. Zapobiegania Zachowaniom Samob\u00f3jczym w Instytucie Psychiatrii i Neurologii w Warszawie, Sekretarz Zarz\u0105du Polskiego Towarzystwa Suicydologicznego, Wyk\u0142adowca na Wydziale Artes Liberales UW, kierownik projektu \u201e\u017bycie warte jest rozmowy\u201d. Pomys\u0142odawczyni i koordynatorka pierwszej w Polsce platformy edukacyjno-pomocowej dla os\u00f3b w kryzysie samob\u00f3jczym i ich bliskich (<\/span><a href=\"http:\/\/www.zwjr.pl\/\" target=\"_blank\" rel=\"noopener\"><span data-contrast=\"none\">www.zwjr.pl<\/span><\/a><span data-contrast=\"auto\">). Prace na rzecz \u0142amania spo\u0142ecznego tabu wok\u00f3\u0142 problemu samob\u00f3jstwa oraz podniesienia \u015bwiadomo\u015bci spo\u0142ecznej w tym obszarze rozpocz\u0119\u0142a przy okazji pierwszej w Polsce kampanii spo\u0142ecznej dotycz\u0105cej zachowa\u0144 samob\u00f3jczych we wszystkich grupach wiekowych, kt\u00f3rej by\u0142a pomys\u0142odawc\u0105 i koordynatorem. Jest r\u00f3wnie\u017c kierownikiem Interdyscyplinarnego Zespo\u0142u Profilaktyki Zachowa\u0144 Samob\u00f3jczych powsta\u0142ego przy platformie <\/span><a href=\"http:\/\/www.zwjr.pl\/\" target=\"_blank\" rel=\"noopener\"><span data-contrast=\"none\">www.zwjr.pl<\/span><\/a><span data-contrast=\"auto\">.<\/span><span data-ccp-props=\"{&quot;201341983&quot;:0,&quot;335551550&quot;:6,&quot;335551620&quot;:6,&quot;335559739&quot;:160,&quot;335559740&quot;:360}\">\u00a0<\/span><\/p><p><span data-contrast=\"auto\">\u00a0Dysertacj\u0119 obroni\u0142a z wyr\u00f3\u017cnieniem w 2019 roku na wydziale \u201eArtes Liberales\u201d Uniwersytetu Warszawskiego. Jest autork\u0105 ksi\u0105\u017cek <\/span><i><span data-contrast=\"auto\">Samob\u00f3jstwo w kulturze dzisiejszej. Listy samob\u00f3jc\u00f3w jako gatunek wypowiedzi i fakt kulturowy<\/span><\/i><span data-contrast=\"auto\"> oraz wydanej w 2022 roku <\/span><i><span data-contrast=\"auto\">\u017bycie mimo wszystko. Rozmowy o samob\u00f3jstwie<\/span><\/i><span data-contrast=\"auto\">, a tak\u017ce wsp\u00f3\u0142redaktork\u0105 monografii zbiorowych <\/span><i><span data-contrast=\"auto\">Autodestrukcja. Sytuacje graniczne we wsp\u00f3\u0142czesnej kulturze<\/span><\/i><span data-contrast=\"auto\"> i <\/span><i><span data-contrast=\"auto\">Nikt nie chce umiera\u0107. Autodestrukcja w perspektywie kulturowej<\/span><\/i><span data-contrast=\"auto\">, oraz <\/span><i><span data-contrast=\"auto\">Poradnika dla moderator\u00f3w i administrator\u00f3w serwis\u00f3w internetowych<\/span><\/i><span data-contrast=\"auto\">, a tak\u017ce poradnik\u00f3w <\/span><i><span data-contrast=\"auto\">Interwencje po \u015bmierci samob\u00f3jczej \u2013 o znaczeniu i potrzebie dzia\u0142a\u0144 postwencyjnych w szkole<\/span><\/i><span data-contrast=\"auto\"> i <\/span><i><span data-contrast=\"auto\">Samouszkodzenia \u2013 zrozumie\u0107 aby zapobiec<\/span><\/i><span data-contrast=\"auto\">. Od 2016 roku na Wydziale \u201eArtes Liberales\u201d UW prowadzi zaj\u0119cia dotycz\u0105ce suicydologii. W 2018 roku uzyska\u0142a certyfikat suicydologa. Jest cz\u0142onkiem Zespo\u0142u Roboczego ds. prewencji samob\u00f3jstw i depresji przy Radzie ds. Zdrowia Publicznego w Ministerstwie Zdrowia. <\/span><span data-contrast=\"auto\">Uczestniczy\u0142a w mi\u0119dzynarodowym grancie E-Life Long Learning in Prevention of Suicide in Europe w programie ERASMUS+. <\/span><span data-contrast=\"auto\">Ma na swoim koncie szereg publikacji naukowych z zakresu suicydologii, a tak\u017ce liczne wyst\u0105pienia na konferencjach oraz w mediach.<\/span><span data-ccp-props=\"{&quot;201341983&quot;:0,&quot;335551550&quot;:6,&quot;335551620&quot;:6,&quot;335559739&quot;:160,&quot;335559740&quot;:360}\">\u00a0<\/span><\/p>\t\t\t\t\t\t\t\t<\/div>\n\t\t\t\t<\/div>\n\t\t\t\t<div class=\"elementor-element elementor-element-cb9d9be elementor-widget-tablet__width-initial elementor-widget-mobile__width-initial elementor-invisible elementor-widget elementor-widget-text-editor\" data-id=\"cb9d9be\" data-element_type=\"widget\" data-settings=\"{&quot;_animation&quot;:&quot;fadeInRight&quot;}\" data-widget_type=\"text-editor.default\">\n\t\t\t\t<div class=\"elementor-widget-container\">\n\t\t\t\t\t\t\t\t\t<strong><span class=\"TextRun SCXW236206906 BCX0\" lang=\"PL-PL\" xml:lang=\"PL-PL\" data-contrast=\"auto\"><span class=\"NormalTextRun SCXW236206906 BCX0\">Halszka Witkowska b\u0119dzie Go\u015bcini\u0105 spotkania \u201eSamob\u00f3jstwo. \u015amier\u0107 osobliwa\u201d.<\/span><\/span><span class=\"EOP SCXW236206906 BCX0\" data-ccp-props=\"{&quot;201341983&quot;:0,&quot;335551550&quot;:6,&quot;335551620&quot;:6,&quot;335559739&quot;:160,&quot;335559740&quot;:360}\">\u00a0<\/span><\/strong>\t\t\t\t\t\t\t\t<\/div>\n\t\t\t\t<\/div>\n\t\t\t\t<div class=\"elementor-element elementor-element-8b5c792 elementor-widget-tablet__width-initial elementor-invisible elementor-widget elementor-widget-aux_modern_button\" data-id=\"8b5c792\" data-element_type=\"widget\" data-settings=\"{&quot;_animation&quot;:&quot;fadeInRight&quot;}\" data-widget_type=\"aux_modern_button.default\">\n\t\t\t\t<div class=\"elementor-widget-container\">\n\t\t\t\t\t    <div class=\"aux-modern-button-wrapper aux-modern-button-align-left\" >\n                    <a class=\"aux-modern-button aux-black aux-modern-button-md aux-modern-button-normal aux-modern-button-default aux-icon-\" href=\"http:\/\/festiwalrymkiewiczowski.pl\/2023\/samobojstwo\/\">\n                <div class=\"aux-overlay\"><\/div>\n                                    <div class=\"aux-icon \">\n                                            <\/div>\n                                <div class=\"aux-text\">\n<span class=\"aux-text-before\">szczeg\u00f3\u0142y spotkania<\/span>                <\/div>\n            <\/a>\n            \n    <\/div>\n\n    \t\t\t\t<\/div>\n\t\t\t\t<\/div>\n\t\t\t\t\t<\/div>\n\t\t<\/div>\n\t\t\t\t\t<\/div>\n\t\t<\/section>\n\t\t\t\t<\/div>\n\t\t","protected":false},"excerpt":{"rendered":"<p>Halszka WitkowskaSuicydolo\u017cka Doktor, suicydolo\u017cka, Ekspertka Biura ds. Zapobiegania Zachowaniom Samob\u00f3jczym w Instytucie Psychiatrii i Neurologii w Warszawie, Sekretarz Zarz\u0105du Polskiego Towarzystwa Suicydologicznego, Wyk\u0142adowca na Wydziale Artes Liberales UW, kierownik projektu \u201e\u017bycie warte jest rozmowy\u201d. Pomys\u0142odawczyni i koordynatorka pierwszej w Polsce platformy edukacyjno-pomocowej dla os\u00f3b w kryzysie samob\u00f3jczym i ich bliskich (www.zwjr.pl). Prace na rzecz \u0142amania [&hellip;]<\/p>\n","protected":false},"author":1,"featured_media":0,"parent":0,"menu_order":0,"comment_status":"closed","ping_status":"closed","template":"","meta":{"_monsterinsights_skip_tracking":false,"_monsterinsights_sitenote_active":false,"_monsterinsights_sitenote_note":"","_monsterinsights_sitenote_category":0,"footnotes":""},"class_list":["post-4481","page","type-page","status-publish","hentry"],"_links":{"self":[{"href":"http:\/\/festiwalrymkiewiczowski.pl\/2023\/wp-json\/wp\/v2\/pages\/4481","targetHints":{"allow":["GET"]}}],"collection":[{"href":"http:\/\/festiwalrymkiewiczowski.pl\/2023\/wp-json\/wp\/v2\/pages"}],"about":[{"href":"http:\/\/festiwalrymkiewiczowski.pl\/2023\/wp-json\/wp\/v2\/types\/page"}],"author":[{"embeddable":true,"href":"http:\/\/festiwalrymkiewiczowski.pl\/2023\/wp-json\/wp\/v2\/users\/1"}],"replies":[{"embeddable":true,"href":"http:\/\/festiwalrymkiewiczowski.pl\/2023\/wp-json\/wp\/v2\/comments?post=4481"}],"version-history":[{"count":13,"href":"http:\/\/festiwalrymkiewiczowski.pl\/2023\/wp-json\/wp\/v2\/pages\/4481\/revisions"}],"predecessor-version":[{"id":5137,"href":"http:\/\/festiwalrymkiewiczowski.pl\/2023\/wp-json\/wp\/v2\/pages\/4481\/revisions\/5137"}],"wp:attachment":[{"href":"http:\/\/festiwalrymkiewiczowski.pl\/2023\/wp-json\/wp\/v2\/media?parent=4481"}],"curies":[{"name":"wp","href":"https:\/\/api.w.org\/{rel}","templated":true}]}}