{"id":4348,"date":"2023-10-23T06:37:17","date_gmt":"2023-10-23T06:37:17","guid":{"rendered":"http:\/\/festiwalrymkiewiczowski.pl\/2023\/?page_id=4348"},"modified":"2023-10-23T08:19:30","modified_gmt":"2023-10-23T08:19:30","slug":"dariusz-kunowski","status":"publish","type":"page","link":"http:\/\/festiwalrymkiewiczowski.pl\/2023\/dariusz-kunowski\/","title":{"rendered":"Dariusz Kunowski"},"content":{"rendered":"\t\t<div data-elementor-type=\"wp-page\" data-elementor-id=\"4348\" class=\"elementor elementor-4348\">\n\t\t\t\t\t\t<section class=\"elementor-section elementor-top-section elementor-element elementor-element-c8378e1 elementor-section-stretched elementor-section-boxed elementor-section-height-default elementor-section-height-default\" data-id=\"c8378e1\" data-element_type=\"section\" data-settings=\"{&quot;stretch_section&quot;:&quot;section-stretched&quot;,&quot;background_background&quot;:&quot;gradient&quot;}\">\n\t\t\t\t\t\t<div class=\"elementor-container elementor-column-gap-default\">\n\t\t\t\t\t<div class=\"aux-parallax-section elementor-column elementor-col-50 elementor-top-column elementor-element elementor-element-a04f1c6\" data-id=\"a04f1c6\" data-element_type=\"column\">\n\t\t\t<div class=\"elementor-widget-wrap elementor-element-populated\">\n\t\t\t\t\t\t<div class=\"elementor-element elementor-element-ff2fdd2 elementor-widget-tablet__width-initial elementor-invisible elementor-widget elementor-widget-image\" data-id=\"ff2fdd2\" data-element_type=\"widget\" data-settings=\"{&quot;_animation&quot;:&quot;fadeInLeft&quot;}\" data-widget_type=\"image.default\">\n\t\t\t\t<div class=\"elementor-widget-container\">\n\t\t\t\t\t\t\t\t\t\t\t\t\t\t\t\t<a href=\"http:\/\/festiwalrymkiewiczowski.pl\/2023\/wp-content\/uploads\/2023\/10\/Dariusz_Kunowski_1.jpg\" data-elementor-open-lightbox=\"yes\" data-elementor-lightbox-title=\"Dariusz_Kunowski_1\" data-e-action-hash=\"#elementor-action%3Aaction%3Dlightbox%26settings%3DeyJpZCI6NDM2MCwidXJsIjoiaHR0cDpcL1wvZmVzdGl3YWxyeW1raWV3aWN6b3dza2kucGxcLzIwMjNcL3dwLWNvbnRlbnRcL3VwbG9hZHNcLzIwMjNcLzEwXC9EYXJpdXN6X0t1bm93c2tpXzEuanBnIn0%3D\">\n\t\t\t\t\t\t\t<img decoding=\"async\" src=\"http:\/\/festiwalrymkiewiczowski.pl\/2023\/wp-content\/uploads\/2023\/10\/Dariusz_Kunowski_1.jpg\" title=\"Dariusz_Kunowski_1\" alt=\"Dariusz_Kunowski_1\" loading=\"lazy\" \/>\t\t\t\t\t\t\t\t<\/a>\n\t\t\t\t\t\t\t\t\t\t\t\t\t\t\t<\/div>\n\t\t\t\t<\/div>\n\t\t\t\t\t<\/div>\n\t\t<\/div>\n\t\t\t\t<div class=\"aux-parallax-section elementor-column elementor-col-50 elementor-top-column elementor-element elementor-element-915fcd9\" data-id=\"915fcd9\" data-element_type=\"column\">\n\t\t\t<div class=\"elementor-widget-wrap elementor-element-populated\">\n\t\t\t\t\t\t<div class=\"elementor-element elementor-element-bc832da elementor-invisible elementor-widget elementor-widget-text-editor\" data-id=\"bc832da\" data-element_type=\"widget\" data-settings=\"{&quot;_animation&quot;:&quot;fadeInRight&quot;}\" data-widget_type=\"text-editor.default\">\n\t\t\t\t<div class=\"elementor-widget-container\">\n\t\t\t\t\t\t\t\t\tDariusz Kunowski\t\t\t\t\t\t\t\t<\/div>\n\t\t\t\t<\/div>\n\t\t\t\t<div class=\"elementor-element elementor-element-468595d elementor-widget-tablet__width-initial elementor-widget-mobile__width-initial elementor-invisible elementor-widget elementor-widget-text-editor\" data-id=\"468595d\" data-element_type=\"widget\" data-settings=\"{&quot;_animation&quot;:&quot;fadeInRight&quot;}\" data-widget_type=\"text-editor.default\">\n\t\t\t\t<div class=\"elementor-widget-container\">\n\t\t\t\t\t\t\t\t\t<span data-contrast=\"none\">Re\u017cyser, scenograf, pedagog, projektant wystaw i ekspozycji muzealnych<\/span>\t\t\t\t\t\t\t\t<\/div>\n\t\t\t\t<\/div>\n\t\t\t\t<div class=\"elementor-element elementor-element-3918b42 elementor-widget-tablet__width-initial elementor-widget-mobile__width-initial elementor-invisible elementor-widget elementor-widget-text-editor\" data-id=\"3918b42\" data-element_type=\"widget\" data-settings=\"{&quot;_animation&quot;:&quot;fadeInRight&quot;}\" data-widget_type=\"text-editor.default\">\n\t\t\t\t<div class=\"elementor-widget-container\">\n\t\t\t\t\t\t\t\t\t<p><span data-ccp-props=\"{&quot;134233117&quot;:false,&quot;134233118&quot;:false,&quot;201341983&quot;:0,&quot;335559738&quot;:0,&quot;335559739&quot;:0,&quot;335559740&quot;:240}\">\u00a0<\/span><span data-contrast=\"none\">Od 1989 roku realizacje autorskich przedstawie\u0144: <\/span><i><span data-contrast=\"none\">Pojazd<\/span><\/i><span data-contrast=\"none\"> \u2013 Teatr Academia, <\/span><i><span data-contrast=\"auto\">\u0141agodna<\/span><\/i><span data-contrast=\"auto\"> wg F. Dostojewskiego (nagroda \u0141\u00f3dzkich Spotka\u0144 Teatralnych za re\u017cyseri\u0119 i Festiwalu Jednego Aktora we Wroc\u0142awiu dla najlepszego aktora Dolnego \u015al\u0105ska), <\/span><i><span data-contrast=\"auto\">Dysk<\/span><\/i><span data-contrast=\"auto\"> (CSW Zamek Ujazdowski), <\/span><i><span data-contrast=\"auto\">Kaleva<\/span><\/i><span data-contrast=\"auto\"> na podstawie fi\u0144skiego eposu <\/span><i><span data-contrast=\"auto\">Kalewala<\/span><\/i><span data-contrast=\"auto\"> (pokazy w Teatrze Ma\u0142ym w Warszawie), <\/span><i><span data-contrast=\"auto\">Dawid<\/span><\/i><span data-contrast=\"auto\"> na motywach Biblijnych, <\/span><i><span data-contrast=\"auto\">Gilgamesz<\/span><\/i><span data-contrast=\"auto\"> na motywach eposu sumeryjskiego.<\/span><span data-contrast=\"none\">\u202f<\/span><span data-ccp-props=\"{&quot;134233117&quot;:false,&quot;134233118&quot;:false,&quot;201341983&quot;:0,&quot;335551550&quot;:6,&quot;335551620&quot;:6,&quot;335559738&quot;:0,&quot;335559739&quot;:0,&quot;335559740&quot;:240}\">\u00a0<\/span><\/p><p><span data-contrast=\"none\">\u202f<\/span><span data-contrast=\"none\">W roku 2005 za\u0142o\u017cy\u0142 autorski Teatr Scena Lubelska 30\/32, w kt\u00f3rym w latach 2007\u20132015 zrealizowa\u0142 spektakle: <\/span><i><span data-contrast=\"none\">Czarna Ma\u0144ka Kr\u00f3lowa Przedmie\u015bcia<\/span><\/i><span data-contrast=\"none\">, <\/span><i><span data-contrast=\"none\">Wiech na 102<\/span><\/i><span data-contrast=\"none\">, <\/span><i><span data-contrast=\"none\">Pan Tagruelski<\/span><\/i><span data-contrast=\"none\">, <\/span><i><span data-contrast=\"none\">Historyja o chwalebnym Zmartwychwstaniu Pa\u0144skim<\/span><\/i><span data-contrast=\"none\">, <\/span><i><span data-contrast=\"none\">Oberki do ko\u0144ca \u015bwiata<\/span><\/i><span data-contrast=\"none\">, <\/span><i><span data-contrast=\"none\">Tango Muerte<\/span><\/i><span data-contrast=\"none\">, <\/span><i><span data-contrast=\"none\">Aleksander Marzec<\/span><\/i><span data-contrast=\"none\">, <\/span><i><span data-contrast=\"none\">Ferajna pana Dropsa<\/span><\/i><span data-contrast=\"none\">.\u202f\u202f\u202f<\/span><span data-ccp-props=\"{&quot;134233117&quot;:false,&quot;134233118&quot;:false,&quot;201341983&quot;:0,&quot;335551550&quot;:6,&quot;335551620&quot;:6,&quot;335559738&quot;:0,&quot;335559739&quot;:0,&quot;335559740&quot;:240}\">\u00a0<\/span><\/p><p><span data-ccp-props=\"{&quot;134233117&quot;:false,&quot;134233118&quot;:false,&quot;201341983&quot;:0,&quot;335559738&quot;:0,&quot;335559739&quot;:0,&quot;335559740&quot;:240}\">\u00a0<\/span><span data-contrast=\"none\">Od roku 2014 za\u0142o\u017cyciel i prezes Fundacji Sceny Lubelskiej 30\/32.<\/span><span data-ccp-props=\"{&quot;134233117&quot;:false,&quot;134233118&quot;:false,&quot;201341983&quot;:0,&quot;335559738&quot;:0,&quot;335559739&quot;:0,&quot;335559740&quot;:240}\">\u00a0<\/span><\/p><p><span data-contrast=\"none\">\u202f<\/span><span data-contrast=\"none\">Nagrody i odznaczenia:\u202f Stypendium Filmowe Studia Munka,\u202f nagroda za spektakl \u201eDawid\u201d Festiwalu Teatr\u00f3w Obrz\u0119dowych w Warszawie, Z\u0142oty Krzy\u017c Zas\u0142ugi (za realizacj\u0119 Muzeum Powstania Warszawskiego),\u202f \u201eKamie\u0144 Kamionka\u201d nagroda dla zas\u0142u\u017conego dzia\u0142acza spo\u0142ecznego dzielnicy Praga Po\u0142udnie (2017), Warszawska Nagroda Edukacji Kulturalnej 2019.\u202f<\/span><\/p>\t\t\t\t\t\t\t\t<\/div>\n\t\t\t\t<\/div>\n\t\t\t\t<div class=\"elementor-element elementor-element-cb9d9be elementor-widget-tablet__width-initial elementor-widget-mobile__width-initial elementor-invisible elementor-widget elementor-widget-text-editor\" data-id=\"cb9d9be\" data-element_type=\"widget\" data-settings=\"{&quot;_animation&quot;:&quot;fadeInRight&quot;}\" data-widget_type=\"text-editor.default\">\n\t\t\t\t<div class=\"elementor-widget-container\">\n\t\t\t\t\t\t\t\t\t<strong>Dariusz Kunowski jest re\u017cyserem i autorem scenariusza spektaklu <em>Lekcja anatomii<\/em>, kt\u00f3ry b\u0119dzie mia\u0142 sw\u0105 premier\u0119 podczas Festiwalu Rymkiewiczowskiego.<\/strong>\t\t\t\t\t\t\t\t<\/div>\n\t\t\t\t<\/div>\n\t\t\t\t<div class=\"elementor-element elementor-element-8b5c792 elementor-widget-tablet__width-initial elementor-invisible elementor-widget elementor-widget-aux_modern_button\" data-id=\"8b5c792\" data-element_type=\"widget\" data-settings=\"{&quot;_animation&quot;:&quot;fadeInRight&quot;}\" data-widget_type=\"aux_modern_button.default\">\n\t\t\t\t<div class=\"elementor-widget-container\">\n\t\t\t\t\t    <div class=\"aux-modern-button-wrapper aux-modern-button-align-left\" >\n                    <a class=\"aux-modern-button aux-black aux-modern-button-md aux-modern-button-normal aux-modern-button-default aux-icon-\" href=\"http:\/\/festiwalrymkiewiczowski.pl\/2023\/lekcja-anatomii\/\">\n                <div class=\"aux-overlay\"><\/div>\n                                    <div class=\"aux-icon \">\n                                            <\/div>\n                                <div class=\"aux-text\">\n<span class=\"aux-text-before\">szczeg\u00f3\u0142y spektaklu<\/span>                <\/div>\n            <\/a>\n            \n    <\/div>\n\n    \t\t\t\t<\/div>\n\t\t\t\t<\/div>\n\t\t\t\t\t<\/div>\n\t\t<\/div>\n\t\t\t\t\t<\/div>\n\t\t<\/section>\n\t\t\t\t<\/div>\n\t\t","protected":false},"excerpt":{"rendered":"<p>Dariusz KunowskiRe\u017cyser, scenograf, pedagog, projektant wystaw i ekspozycji muzealnych \u00a0Od 1989 roku realizacje autorskich przedstawie\u0144: Pojazd \u2013 Teatr Academia, \u0141agodna wg F. Dostojewskiego (nagroda \u0141\u00f3dzkich Spotka\u0144 Teatralnych za re\u017cyseri\u0119 i Festiwalu Jednego Aktora we Wroc\u0142awiu dla najlepszego aktora Dolnego \u015al\u0105ska), Dysk (CSW Zamek Ujazdowski), Kaleva na podstawie fi\u0144skiego eposu Kalewala (pokazy w Teatrze Ma\u0142ym w [&hellip;]<\/p>\n","protected":false},"author":1,"featured_media":0,"parent":0,"menu_order":0,"comment_status":"closed","ping_status":"closed","template":"","meta":{"_monsterinsights_skip_tracking":false,"_monsterinsights_sitenote_active":false,"_monsterinsights_sitenote_note":"","_monsterinsights_sitenote_category":0,"footnotes":""},"class_list":["post-4348","page","type-page","status-publish","hentry"],"_links":{"self":[{"href":"http:\/\/festiwalrymkiewiczowski.pl\/2023\/wp-json\/wp\/v2\/pages\/4348","targetHints":{"allow":["GET"]}}],"collection":[{"href":"http:\/\/festiwalrymkiewiczowski.pl\/2023\/wp-json\/wp\/v2\/pages"}],"about":[{"href":"http:\/\/festiwalrymkiewiczowski.pl\/2023\/wp-json\/wp\/v2\/types\/page"}],"author":[{"embeddable":true,"href":"http:\/\/festiwalrymkiewiczowski.pl\/2023\/wp-json\/wp\/v2\/users\/1"}],"replies":[{"embeddable":true,"href":"http:\/\/festiwalrymkiewiczowski.pl\/2023\/wp-json\/wp\/v2\/comments?post=4348"}],"version-history":[{"count":22,"href":"http:\/\/festiwalrymkiewiczowski.pl\/2023\/wp-json\/wp\/v2\/pages\/4348\/revisions"}],"predecessor-version":[{"id":4520,"href":"http:\/\/festiwalrymkiewiczowski.pl\/2023\/wp-json\/wp\/v2\/pages\/4348\/revisions\/4520"}],"wp:attachment":[{"href":"http:\/\/festiwalrymkiewiczowski.pl\/2023\/wp-json\/wp\/v2\/media?parent=4348"}],"curies":[{"name":"wp","href":"https:\/\/api.w.org\/{rel}","templated":true}]}}