{"id":2963,"date":"2023-10-11T14:57:04","date_gmt":"2023-10-11T14:57:04","guid":{"rendered":"http:\/\/festiwalrymkiewiczowski.pl\/2023\/?page_id=2963"},"modified":"2023-10-21T18:48:08","modified_gmt":"2023-10-21T18:48:08","slug":"warsztaty-piesni","status":"publish","type":"page","link":"http:\/\/festiwalrymkiewiczowski.pl\/2023\/warsztaty-piesni\/","title":{"rendered":"WARSZTATY PIE\u015aNI POGRZEBOWYCH z Robertem Burdalskim"},"content":{"rendered":"\t\t<div data-elementor-type=\"wp-page\" data-elementor-id=\"2963\" class=\"elementor elementor-2963\">\n\t\t\t\t\t\t<section class=\"elementor-section elementor-top-section elementor-element elementor-element-83eff01 elementor-section-stretched elementor-section-boxed elementor-section-height-default elementor-section-height-default\" data-id=\"83eff01\" data-element_type=\"section\" data-settings=\"{&quot;stretch_section&quot;:&quot;section-stretched&quot;,&quot;background_background&quot;:&quot;gradient&quot;}\">\n\t\t\t\t\t\t<div class=\"elementor-container elementor-column-gap-default\">\n\t\t\t\t\t<div class=\"aux-parallax-section elementor-column elementor-col-50 elementor-top-column elementor-element elementor-element-e1b4b51\" data-id=\"e1b4b51\" data-element_type=\"column\">\n\t\t\t<div class=\"elementor-widget-wrap elementor-element-populated\">\n\t\t\t\t\t\t<div class=\"elementor-element elementor-element-1228d2e elementor-widget-tablet__width-initial elementor-invisible elementor-widget elementor-widget-image\" data-id=\"1228d2e\" data-element_type=\"widget\" data-settings=\"{&quot;_animation&quot;:&quot;fadeInLeft&quot;}\" data-widget_type=\"image.default\">\n\t\t\t\t<div class=\"elementor-widget-container\">\n\t\t\t\t\t\t\t\t\t\t\t\t\t\t\t\t<a href=\"http:\/\/festiwalrymkiewiczowski.pl\/2023\/wp-content\/uploads\/2023\/10\/Piesni-pogrzebowe_01-1.jpg\" data-elementor-open-lightbox=\"yes\" data-elementor-lightbox-title=\"Piesni-pogrzebowe_01 (1)\" data-e-action-hash=\"#elementor-action%3Aaction%3Dlightbox%26settings%3DeyJpZCI6NDIwNiwidXJsIjoiaHR0cDpcL1wvZmVzdGl3YWxyeW1raWV3aWN6b3dza2kucGxcLzIwMjNcL3dwLWNvbnRlbnRcL3VwbG9hZHNcLzIwMjNcLzEwXC9QaWVzbmktcG9ncnplYm93ZV8wMS0xLmpwZyJ9\">\n\t\t\t\t\t\t\t<img fetchpriority=\"high\" decoding=\"async\" width=\"1448\" height=\"2048\" src=\"http:\/\/festiwalrymkiewiczowski.pl\/2023\/wp-content\/uploads\/2023\/10\/Piesni-pogrzebowe_01-1.jpg\" class=\"attachment-full size-full wp-image-4206\" alt=\"\" srcset=\"http:\/\/festiwalrymkiewiczowski.pl\/2023\/wp-content\/uploads\/2023\/10\/Piesni-pogrzebowe_01-1.jpg 1448w, http:\/\/festiwalrymkiewiczowski.pl\/2023\/wp-content\/uploads\/2023\/10\/Piesni-pogrzebowe_01-1-1086x1536.jpg 1086w, http:\/\/festiwalrymkiewiczowski.pl\/2023\/wp-content\/uploads\/2023\/10\/Piesni-pogrzebowe_01-1-8x12.jpg 8w\" sizes=\"(max-width: 1448px) 100vw, 1448px\" \/>\t\t\t\t\t\t\t\t<\/a>\n\t\t\t\t\t\t\t\t\t\t\t\t\t\t\t<\/div>\n\t\t\t\t<\/div>\n\t\t\t\t\t<\/div>\n\t\t<\/div>\n\t\t\t\t<div class=\"aux-parallax-section elementor-column elementor-col-50 elementor-top-column elementor-element elementor-element-f0ee2e0\" data-id=\"f0ee2e0\" data-element_type=\"column\">\n\t\t\t<div class=\"elementor-widget-wrap elementor-element-populated\">\n\t\t\t\t\t\t<div class=\"elementor-element elementor-element-949770e elementor-invisible elementor-widget elementor-widget-text-editor\" data-id=\"949770e\" data-element_type=\"widget\" data-settings=\"{&quot;_animation&quot;:&quot;fadeInRight&quot;}\" data-widget_type=\"text-editor.default\">\n\t\t\t\t<div class=\"elementor-widget-container\">\n\t\t\t\t\t\t\t\t\tWARSZTATY PIE\u015aNI\nPOGRZEBOWYCH\t\t\t\t\t\t\t\t<\/div>\n\t\t\t\t<\/div>\n\t\t\t\t<div class=\"elementor-element elementor-element-dbd3b37 elementor-invisible elementor-widget elementor-widget-text-editor\" data-id=\"dbd3b37\" data-element_type=\"widget\" data-settings=\"{&quot;_animation&quot;:&quot;fadeInRight&quot;}\" data-widget_type=\"text-editor.default\">\n\t\t\t\t<div class=\"elementor-widget-container\">\n\t\t\t\t\t\t\t\t\tz Robertem Burdalskim\t\t\t\t\t\t\t\t<\/div>\n\t\t\t\t<\/div>\n\t\t\t\t<div class=\"elementor-element elementor-element-34a391a elementor-invisible elementor-widget elementor-widget-text-editor\" data-id=\"34a391a\" data-element_type=\"widget\" data-settings=\"{&quot;_animation&quot;:&quot;fadeInRight&quot;}\" data-widget_type=\"text-editor.default\">\n\t\t\t\t<div class=\"elementor-widget-container\">\n\t\t\t\t\t\t\t\t\t<b>4 LISTOPADA, g. 13:00<\/b><br>\nMuzeum Archidiecezji Warszawskiej\t\t\t\t\t\t\t\t<\/div>\n\t\t\t\t<\/div>\n\t\t\t\t<div class=\"elementor-element elementor-element-1cfa788 elementor-invisible elementor-widget elementor-widget-text-editor\" data-id=\"1cfa788\" data-element_type=\"widget\" data-settings=\"{&quot;_animation&quot;:&quot;fadeInRight&quot;}\" data-widget_type=\"text-editor.default\">\n\t\t\t\t<div class=\"elementor-widget-container\">\n\t\t\t\t\t\t\t\t\tDziekania 1\t\t\t\t\t\t\t\t<\/div>\n\t\t\t\t<\/div>\n\t\t\t\t<div class=\"elementor-element elementor-element-b65af1e elementor-invisible elementor-widget elementor-widget-image\" data-id=\"b65af1e\" data-element_type=\"widget\" data-settings=\"{&quot;_animation&quot;:&quot;fadeInRight&quot;}\" data-widget_type=\"image.default\">\n\t\t\t\t<div class=\"elementor-widget-container\">\n\t\t\t\t\t\t\t\t\t\t\t\t\t\t\t<img decoding=\"async\" width=\"60\" height=\"26\" src=\"http:\/\/festiwalrymkiewiczowski.pl\/2023\/wp-content\/uploads\/2023\/10\/MAW.svg\" class=\"attachment-full size-full wp-image-2243\" alt=\"\" \/>\t\t\t\t\t\t\t\t\t\t\t\t\t\t\t<\/div>\n\t\t\t\t<\/div>\n\t\t\t\t<div class=\"elementor-element elementor-element-df92fcb elementor-invisible elementor-widget elementor-widget-aux_modern_button\" data-id=\"df92fcb\" data-element_type=\"widget\" data-settings=\"{&quot;_animation&quot;:&quot;fadeInRight&quot;}\" data-widget_type=\"aux_modern_button.default\">\n\t\t\t\t<div class=\"elementor-widget-container\">\n\t\t\t\t\t    <div class=\"aux-modern-button-wrapper aux-modern-button-align-left\" >\n                    <a class=\"aux-modern-button aux-black aux-modern-button-md aux-modern-button-normal aux-modern-button-default aux-icon-\" href=\"https:\/\/app.evenea.pl\/event\/piesnizburdalskim\/\" target=\"_blank\">\n                <div class=\"aux-overlay\"><\/div>\n                                    <div class=\"aux-icon \">\n                                            <\/div>\n                                <div class=\"aux-text\">\n<span class=\"aux-text-before\">pobierz wej\u015bci\u00f3wk\u0119<\/span>                <\/div>\n            <\/a>\n            \n    <\/div>\n\n    \t\t\t\t<\/div>\n\t\t\t\t<\/div>\n\t\t\t\t\t<\/div>\n\t\t<\/div>\n\t\t\t\t\t<\/div>\n\t\t<\/section>\n\t\t\t\t<section class=\"elementor-section elementor-top-section elementor-element elementor-element-599309c elementor-section-stretched elementor-section-boxed elementor-section-height-default elementor-section-height-default\" data-id=\"599309c\" data-element_type=\"section\" data-settings=\"{&quot;stretch_section&quot;:&quot;section-stretched&quot;,&quot;background_background&quot;:&quot;classic&quot;}\">\n\t\t\t\t\t\t\t<div class=\"elementor-background-overlay\"><\/div>\n\t\t\t\t\t\t\t<div class=\"elementor-container elementor-column-gap-default\">\n\t\t\t\t\t<div class=\"aux-parallax-section elementor-column elementor-col-100 elementor-top-column elementor-element elementor-element-240eae7\" data-id=\"240eae7\" data-element_type=\"column\">\n\t\t\t<div class=\"elementor-widget-wrap elementor-element-populated\">\n\t\t\t\t\t\t<div class=\"elementor-element elementor-element-30bedc9 elementor-widget elementor-widget-image\" data-id=\"30bedc9\" data-element_type=\"widget\" data-widget_type=\"image.default\">\n\t\t\t\t<div class=\"elementor-widget-container\">\n\t\t\t\t\t\t\t\t\t\t\t\t\t\t\t<img decoding=\"async\" width=\"467\" height=\"526\" src=\"http:\/\/festiwalrymkiewiczowski.pl\/2023\/wp-content\/uploads\/2023\/09\/purple_sign.png\" class=\"attachment-large size-large wp-image-1940\" alt=\"\" srcset=\"http:\/\/festiwalrymkiewiczowski.pl\/2023\/wp-content\/uploads\/2023\/09\/purple_sign.png 467w, http:\/\/festiwalrymkiewiczowski.pl\/2023\/wp-content\/uploads\/2023\/09\/purple_sign-11x12.png 11w\" sizes=\"(max-width: 467px) 100vw, 467px\" \/>\t\t\t\t\t\t\t\t\t\t\t\t\t\t\t<\/div>\n\t\t\t\t<\/div>\n\t\t\t\t<div class=\"elementor-element elementor-element-0933a83 elementor-invisible elementor-widget elementor-widget-text-editor\" data-id=\"0933a83\" data-element_type=\"widget\" data-settings=\"{&quot;_animation&quot;:&quot;fadeIn&quot;}\" data-widget_type=\"text-editor.default\">\n\t\t\t\t<div class=\"elementor-widget-container\">\n\t\t\t\t\t\t\t\t\tO warsztatach\t\t\t\t\t\t\t\t<\/div>\n\t\t\t\t<\/div>\n\t\t\t\t<div class=\"elementor-element elementor-element-898a116 elementor-widget__width-initial elementor-invisible elementor-widget elementor-widget-text-editor\" data-id=\"898a116\" data-element_type=\"widget\" data-settings=\"{&quot;_animation&quot;:&quot;fadeIn&quot;}\" data-widget_type=\"text-editor.default\">\n\t\t\t\t<div class=\"elementor-widget-container\">\n\t\t\t\t\t\t\t\t\t<p>Warsztaty poprowadzi Robert Burdalski, za\u0142o\u017cyciel i lider Inicjatywy Introit dzia\u0142aj\u0105cej przy parafii Chrystusa Kr\u00f3la w Olsztynie prowadzonej przez Zakon Franciszkan\u00f3w. Wykorzystuj\u0105c swoj\u0105 wiedz\u0119 i do\u015bwiadczenie z bada\u0144 terenowych i spotka\u0144 ze \u015bpiewakami pogrzebowymi p\u00f3\u0142nocnego Podlasia, Robert Burdalski wraz z uczestnikami Introit przygotowuje cykliczne \u015bpiewane nabo\u017ce\u0144stwa, wzorowane na XIX-wiecznych \u015bpiewnikach odnajdywanych jeszcze u najstarszego pokolenia. Opracowa\u0142 <em>\u015apiewnik Pogrzebowy z Kalin\u00f3wki Ko\u015bcielnej<\/em> we wsp\u00f3\u0142pracy z Knyszy\u0144skim O\u015brodkiem Kultury w Knyszynie.<\/p>\t\t\t\t\t\t\t\t<\/div>\n\t\t\t\t<\/div>\n\t\t\t\t<div class=\"elementor-element elementor-element-716c9be elementor-widget-divider--view-line elementor-widget elementor-widget-divider\" data-id=\"716c9be\" data-element_type=\"widget\" data-widget_type=\"divider.default\">\n\t\t\t\t<div class=\"elementor-widget-container\">\n\t\t\t\t\t\t\t<div class=\"elementor-divider\">\n\t\t\t<span class=\"elementor-divider-separator\">\n\t\t\t\t\t\t<\/span>\n\t\t<\/div>\n\t\t\t\t\t\t<\/div>\n\t\t\t\t<\/div>\n\t\t\t\t<div class=\"elementor-element elementor-element-2788f5b elementor-widget__width-initial elementor-invisible elementor-widget elementor-widget-text-editor\" data-id=\"2788f5b\" data-element_type=\"widget\" data-settings=\"{&quot;_animation&quot;:&quot;fadeIn&quot;}\" data-widget_type=\"text-editor.default\">\n\t\t\t\t<div class=\"elementor-widget-container\">\n\t\t\t\t\t\t\t\t\t<p>\u201eSzacunek dla zmar\u0142ych jest we mnie g\u0142\u0119boko zakorzeniony ze wzgl\u0119du na wychowanie. S\u0105dz\u0119, \u017ce w nas wszystkich jest g\u0142\u0119boko zakorzeniony i wynika z kultury, potrzeby wiedzy o tym, kim si\u0119 jest. Spo\u0142eczno\u015bci wiejskie, sk\u0142adaj\u0105ce si\u0119 cz\u0119sto z os\u00f3b ze sob\u0105 spokrewnionych i z\u017cytych poprzez r\u00f3\u017cnorakie koligacje, wypracowywa\u0142y sposoby radzenia sobie ze strat\u0105 os\u00f3b bliskich. D\u0142ugie procedury nazywane czuwaniem, podzielenie odpowiedzialno\u015bci i funkcji w jego trakcie, anga\u017cuj\u0105ce i wymagaj\u0105ce formy \u015bpiewu, dob\u00f3r odpowiednich tekst\u00f3w pie\u015bni, recytatywne po\u017cegnania, wsp\u00f3lne uczestnictwo, daj\u0105 mo\u017cliwo\u015b\u0107 dope\u0142nienia si\u0119 czego\u015b i pogodzenia z tym co ostateczne. Natomiast teraz, w zmienionym realiach naszego wsp\u00f3\u0142czesnego \u017cycia mo\u017cemy pr\u00f3bowa\u0107 prze\u0142o\u017cy\u0107 tego rodzaju elementy kultury na sytuacje, w kt\u00f3rych potrzebujemy pomocy. Spotkanie ma charakter otwartej opowie\u015bci, z zaproszonym go\u015bciem, czynnym \u015bpiewakiem pogrzebowym panem Janem Komos\u0105 ze wsi Zabiele. Opowiemy o Oficjum \u017ca\u0142obnym, sk\u0142adaj\u0105cym si\u0119 z psalm\u00f3w i wywodz\u0105cym si\u0119 z liturgii godzin, odmawianej pierwotnie w nocy. Zapraszam do wsp\u00f3lnego \u015bpiewu pie\u015bni \u017ca\u0142obnych pochodz\u0105cych m.in z Psa\u0142terza w t\u0142umaczeniu Jana Kochanowskiego. Co ciekawe, nadal b\u0119d\u0105cych w u\u017cyciu w okolicach Suchowoli. Co dawna praktyka \u017ca\u0142obna mo\u017ce dzisiaj wnie\u015b\u0107 do naszego \u017cycia? Przede wszystkim to lekcja pokory \u2013 uczestnictwo w niej pomaga, nie skupiaj\u0105c si\u0119 wy\u0142\u0105cznie na sobie, pami\u0119ta\u0107 o naszych zmar\u0142ych przodkach\u201d.<\/p><p>Robert Burdalski<\/p>\t\t\t\t\t\t\t\t<\/div>\n\t\t\t\t<\/div>\n\t\t\t\t<div class=\"elementor-element elementor-element-c949cee elementor-widget-divider--view-line elementor-widget elementor-widget-divider\" data-id=\"c949cee\" data-element_type=\"widget\" data-widget_type=\"divider.default\">\n\t\t\t\t<div class=\"elementor-widget-container\">\n\t\t\t\t\t\t\t<div class=\"elementor-divider\">\n\t\t\t<span class=\"elementor-divider-separator\">\n\t\t\t\t\t\t<\/span>\n\t\t<\/div>\n\t\t\t\t\t\t<\/div>\n\t\t\t\t<\/div>\n\t\t\t\t<div class=\"elementor-element elementor-element-21ffa88 elementor-widget__width-initial elementor-invisible elementor-widget elementor-widget-text-editor\" data-id=\"21ffa88\" data-element_type=\"widget\" data-settings=\"{&quot;_animation&quot;:&quot;fadeIn&quot;}\" data-widget_type=\"text-editor.default\">\n\t\t\t\t<div class=\"elementor-widget-container\">\n\t\t\t\t\t\t\t\t\t<strong>Udzia\u0142 w warsztatach wymaga rejestracji.<\/strong>\t\t\t\t\t\t\t\t<\/div>\n\t\t\t\t<\/div>\n\t\t\t\t\t<\/div>\n\t\t<\/div>\n\t\t\t\t\t<\/div>\n\t\t<\/section>\n\t\t\t\t<\/div>\n\t\t","protected":false},"excerpt":{"rendered":"<p>WARSZTATY PIE\u015aNI POGRZEBOWYCHz Robertem Burdalskim4 LISTOPADA, g. 13:00 Muzeum Archidiecezji WarszawskiejDziekania 1 pobierz wej\u015bci\u00f3wk\u0119 O warsztatach Warsztaty poprowadzi Robert Burdalski, za\u0142o\u017cyciel i lider Inicjatywy Introit dzia\u0142aj\u0105cej przy parafii Chrystusa Kr\u00f3la w Olsztynie prowadzonej przez Zakon Franciszkan\u00f3w. Wykorzystuj\u0105c swoj\u0105 wiedz\u0119 i do\u015bwiadczenie z bada\u0144 terenowych i spotka\u0144 ze \u015bpiewakami pogrzebowymi p\u00f3\u0142nocnego Podlasia, Robert Burdalski wraz z [&hellip;]<\/p>\n","protected":false},"author":1,"featured_media":0,"parent":0,"menu_order":0,"comment_status":"closed","ping_status":"closed","template":"","meta":{"_monsterinsights_skip_tracking":false,"_monsterinsights_sitenote_active":false,"_monsterinsights_sitenote_note":"","_monsterinsights_sitenote_category":0,"footnotes":""},"class_list":["post-2963","page","type-page","status-publish","hentry"],"_links":{"self":[{"href":"http:\/\/festiwalrymkiewiczowski.pl\/2023\/wp-json\/wp\/v2\/pages\/2963","targetHints":{"allow":["GET"]}}],"collection":[{"href":"http:\/\/festiwalrymkiewiczowski.pl\/2023\/wp-json\/wp\/v2\/pages"}],"about":[{"href":"http:\/\/festiwalrymkiewiczowski.pl\/2023\/wp-json\/wp\/v2\/types\/page"}],"author":[{"embeddable":true,"href":"http:\/\/festiwalrymkiewiczowski.pl\/2023\/wp-json\/wp\/v2\/users\/1"}],"replies":[{"embeddable":true,"href":"http:\/\/festiwalrymkiewiczowski.pl\/2023\/wp-json\/wp\/v2\/comments?post=2963"}],"version-history":[{"count":46,"href":"http:\/\/festiwalrymkiewiczowski.pl\/2023\/wp-json\/wp\/v2\/pages\/2963\/revisions"}],"predecessor-version":[{"id":4209,"href":"http:\/\/festiwalrymkiewiczowski.pl\/2023\/wp-json\/wp\/v2\/pages\/2963\/revisions\/4209"}],"wp:attachment":[{"href":"http:\/\/festiwalrymkiewiczowski.pl\/2023\/wp-json\/wp\/v2\/media?parent=2963"}],"curies":[{"name":"wp","href":"https:\/\/api.w.org\/{rel}","templated":true}]}}