{"id":2612,"date":"2023-10-10T09:31:41","date_gmt":"2023-10-10T09:31:41","guid":{"rendered":"http:\/\/festiwalrymkiewiczowski.pl\/2023\/?page_id=2612"},"modified":"2023-10-11T13:45:32","modified_gmt":"2023-10-11T13:45:32","slug":"spektakle","status":"publish","type":"page","link":"http:\/\/festiwalrymkiewiczowski.pl\/2023\/spektakle\/","title":{"rendered":"Spektakle"},"content":{"rendered":"\t\t<div data-elementor-type=\"wp-page\" data-elementor-id=\"2612\" class=\"elementor elementor-2612\">\n\t\t\t\t\t\t<section class=\"elementor-section elementor-top-section elementor-element elementor-element-310ebf2 elementor-section-stretched elementor-section-boxed elementor-section-height-default elementor-section-height-default\" data-id=\"310ebf2\" data-element_type=\"section\" data-settings=\"{&quot;stretch_section&quot;:&quot;section-stretched&quot;,&quot;background_background&quot;:&quot;classic&quot;}\">\n\t\t\t\t\t\t\t<div class=\"elementor-background-overlay\"><\/div>\n\t\t\t\t\t\t\t<div class=\"elementor-container elementor-column-gap-default\">\n\t\t\t\t\t<div class=\"aux-parallax-section elementor-column elementor-col-100 elementor-top-column elementor-element elementor-element-52b7528\" data-id=\"52b7528\" data-element_type=\"column\">\n\t\t\t<div class=\"elementor-widget-wrap elementor-element-populated\">\n\t\t\t\t\t\t<div class=\"elementor-element elementor-element-a025258 elementor-invisible elementor-widget elementor-widget-text-editor\" data-id=\"a025258\" data-element_type=\"widget\" data-settings=\"{&quot;_animation&quot;:&quot;fadeIn&quot;}\" data-widget_type=\"text-editor.default\">\n\t\t\t\t<div class=\"elementor-widget-container\">\n\t\t\t\t\t\t\t\t\t<p>Spektakle<\/p>\t\t\t\t\t\t\t\t<\/div>\n\t\t\t\t<\/div>\n\t\t\t\t\t<\/div>\n\t\t<\/div>\n\t\t\t\t\t<\/div>\n\t\t<\/section>\n\t\t\t\t<section class=\"elementor-section elementor-top-section elementor-element elementor-element-4b587e1 elementor-section-stretched elementor-section-boxed elementor-section-height-default elementor-section-height-default\" data-id=\"4b587e1\" data-element_type=\"section\" data-settings=\"{&quot;stretch_section&quot;:&quot;section-stretched&quot;,&quot;background_background&quot;:&quot;classic&quot;}\">\n\t\t\t\t\t\t\t<div class=\"elementor-background-overlay\"><\/div>\n\t\t\t\t\t\t\t<div class=\"elementor-container elementor-column-gap-default\">\n\t\t\t\t\t<div class=\"aux-parallax-section elementor-column elementor-col-33 elementor-top-column elementor-element elementor-element-444ae9d\" data-id=\"444ae9d\" data-element_type=\"column\">\n\t\t\t<div class=\"elementor-widget-wrap elementor-element-populated\">\n\t\t\t\t\t\t<div class=\"elementor-element elementor-element-49a8e08 elementor-invisible elementor-widget elementor-widget-text-editor\" data-id=\"49a8e08\" data-element_type=\"widget\" data-settings=\"{&quot;_animation&quot;:&quot;fadeInLeft&quot;}\" data-widget_type=\"text-editor.default\">\n\t\t\t\t<div class=\"elementor-widget-container\">\n\t\t\t\t\t\t\t\t\tSortuj<br>tematycznie:\t\t\t\t\t\t\t\t<\/div>\n\t\t\t\t<\/div>\n\t\t\t\t<div class=\"elementor-element elementor-element-9ddff72 elementor-widget__width-initial elementor-widget-mobile__width-initial elementor-invisible elementor-widget elementor-widget-aux_menu_box\" data-id=\"9ddff72\" data-element_type=\"widget\" data-settings=\"{&quot;_animation&quot;:&quot;fadeInLeft&quot;}\" data-widget_type=\"aux_menu_box.default\">\n\t\t\t\t<div class=\"elementor-widget-container\">\n\t\t\t\t\t<div class=\"aux-elementor-header-menu aux-nav-menu-element aux-nav-menu-element-9ddff72\"><div class=\"aux-burger-box\" data-target-panel=\"toggle-bar\" data-target-content=\".elementor-element-9ddff72 .aux-master-menu\"><div class=\"aux-burger aux-custom-burger\"><\/div><\/div><!-- start master menu -->\n<nav id=\"master-menu-elementor-9ddff72\" class=\"menu-program-container\">\n\n\t<ul id=\"menu-program\" class=\"aux-master-menu aux-no-js aux-skin-classic aux-vertical\" data-type=\"vertical\"  data-switch-type=\"toggle\" data-switch-parent=\".elementor-element-9ddff72 .aux-toggle-menu-bar\" data-switch-width=\"768\"  >\n\t\t<!-- start single menu -->\n\t\t<li id=\"menu-item-769\" class=\"menu-item menu-item-type-custom menu-item-object-custom menu-item-769 aux-menu-depth-0 aux-menu-root-1 aux-menu-item\">\n\t\t\t<a href=\"http:\/\/festiwalrymkiewiczowski.pl\/2023\/spotkania\" class=\"aux-item-content\">\n\t\t\t\t<span class=\"aux-menu-label\">Spotkania<\/span>\n\t\t\t<\/a>\n\t\t<\/li>\n\t\t<!-- end single menu -->\n\t\t<!-- start single menu -->\n\t\t<li id=\"menu-item-771\" class=\"menu-item menu-item-type-custom menu-item-object-custom menu-item-771 aux-menu-depth-0 aux-menu-root-2 aux-menu-item\">\n\t\t\t<a href=\"http:\/\/festiwalrymkiewiczowski.pl\/2023\/debaty\" class=\"aux-item-content\">\n\t\t\t\t<span class=\"aux-menu-label\">Debaty<\/span>\n\t\t\t<\/a>\n\t\t<\/li>\n\t\t<!-- end single menu -->\n\t\t<!-- start single menu -->\n\t\t<li id=\"menu-item-768\" class=\"menu-item menu-item-type-custom menu-item-object-custom menu-item-768 aux-menu-depth-0 aux-menu-root-3 aux-menu-item\">\n\t\t\t<a href=\"http:\/\/festiwalrymkiewiczowski.pl\/2023\/wystawy\" class=\"aux-item-content\">\n\t\t\t\t<span class=\"aux-menu-label\">Wystawy<\/span>\n\t\t\t<\/a>\n\t\t<\/li>\n\t\t<!-- end single menu -->\n\t\t<!-- start single menu -->\n\t\t<li id=\"menu-item-772\" class=\"menu-item menu-item-type-custom menu-item-object-custom menu-item-772 aux-menu-depth-0 aux-menu-root-4 aux-menu-item\">\n\t\t\t<a href=\"http:\/\/festiwalrymkiewiczowski.pl\/2023\/koncerty\" class=\"aux-item-content\">\n\t\t\t\t<span class=\"aux-menu-label\">Koncerty<\/span>\n\t\t\t<\/a>\n\t\t<\/li>\n\t\t<!-- end single menu -->\n\t\t<!-- start single menu -->\n\t\t<li id=\"menu-item-770\" class=\"menu-item menu-item-type-custom menu-item-object-custom menu-item-770 aux-menu-depth-0 aux-menu-root-5 aux-menu-item\">\n\t\t\t<a href=\"http:\/\/festiwalrymkiewiczowski.pl\/2023\/spektakle\" class=\"aux-item-content\">\n\t\t\t\t<span class=\"aux-menu-label\">Spektakle<\/span>\n\t\t\t<\/a>\n\t\t<\/li>\n\t\t<!-- end single menu -->\n\t\t<!-- start single menu -->\n\t\t<li id=\"menu-item-1563\" class=\"menu-item menu-item-type-custom menu-item-object-custom menu-item-1563 aux-menu-depth-0 aux-menu-root-6 aux-menu-item\">\n\t\t\t<a href=\"http:\/\/festiwalrymkiewiczowski.pl\/2023\/warsztaty\" class=\"aux-item-content\">\n\t\t\t\t<span class=\"aux-menu-label\">Warsztaty<\/span>\n\t\t\t<\/a>\n\t\t<\/li>\n\t\t<!-- end single menu -->\n\t\t<!-- start single menu -->\n\t\t<li id=\"menu-item-1564\" class=\"menu-item menu-item-type-custom menu-item-object-custom menu-item-1564 aux-menu-depth-0 aux-menu-root-7 aux-menu-item\">\n\t\t\t<a href=\"http:\/\/festiwalrymkiewiczowski.pl\/2023\/konferencje\" class=\"aux-item-content\">\n\t\t\t\t<span class=\"aux-menu-label\">Konferencje<\/span>\n\t\t\t<\/a>\n\t\t<\/li>\n\t\t<!-- end single menu -->\n\t<\/ul>\n\n<\/nav>\n<!-- end master menu -->\n<div class=\"aux-toggle-menu-bar\"><\/div><\/div><style>@media only screen and (min-width: 769px) { .elementor-element-9ddff72 .aux-burger-box { display: none } }<\/style>\t\t\t\t<\/div>\n\t\t\t\t<\/div>\n\t\t\t\t\t<\/div>\n\t\t<\/div>\n\t\t\t\t<div class=\"aux-parallax-section elementor-column elementor-col-66 elementor-top-column elementor-element elementor-element-6586276 elementor-invisible\" data-id=\"6586276\" data-element_type=\"column\" data-settings=\"{&quot;animation&quot;:&quot;fadeInRight&quot;}\">\n\t\t\t<div class=\"elementor-widget-wrap elementor-element-populated\">\n\t\t\t\t\t\t<section class=\"elementor-section elementor-inner-section elementor-element elementor-element-c539105 elementor-section-full_width elementor-section-content-middle elementor-section-height-default elementor-section-height-default\" data-id=\"c539105\" data-element_type=\"section\" data-settings=\"{&quot;background_background&quot;:&quot;classic&quot;}\">\n\t\t\t\t\t\t<div class=\"elementor-container elementor-column-gap-extended\">\n\t\t\t\t\t<div class=\"aux-parallax-section elementor-column elementor-col-50 elementor-inner-column elementor-element elementor-element-d052a8d\" data-id=\"d052a8d\" data-element_type=\"column\" data-settings=\"{&quot;background_background&quot;:&quot;classic&quot;}\">\n\t\t\t<div class=\"elementor-widget-wrap elementor-element-populated\">\n\t\t\t\t\t<div class=\"elementor-background-overlay\"><\/div>\n\t\t\t\t\t\t<div class=\"elementor-element elementor-element-5136148 elementor-widget__width-initial elementor-widget elementor-widget-text-editor\" data-id=\"5136148\" data-element_type=\"widget\" data-widget_type=\"text-editor.default\">\n\t\t\t\t<div class=\"elementor-widget-container\">\n\t\t\t\t\t\t\t\t\t3 LISTOPADA\t\t\t\t\t\t\t\t<\/div>\n\t\t\t\t<\/div>\n\t\t\t\t<div class=\"elementor-element elementor-element-bda37a7 elementor-widget elementor-widget-text-editor\" data-id=\"bda37a7\" data-element_type=\"widget\" data-widget_type=\"text-editor.default\">\n\t\t\t\t<div class=\"elementor-widget-container\">\n\t\t\t\t\t\t\t\t\t<div class=\"elementor-element elementor-element-cdb0825 elementor-widget elementor-widget-text-editor animated fadeInRight\" data-id=\"cdb0825\" data-element_type=\"widget\" data-settings=\"{&quot;_animation&quot;:&quot;fadeInRight&quot;}\" data-widget_type=\"text-editor.default\"><div class=\"elementor-widget-container\">Instytut Teatralny, g. 19.00<\/div><\/div>\t\t\t\t\t\t\t\t<\/div>\n\t\t\t\t<\/div>\n\t\t\t\t\t<\/div>\n\t\t<\/div>\n\t\t\t\t<div class=\"aux-parallax-section elementor-column elementor-col-50 elementor-inner-column elementor-element elementor-element-9f8772e\" data-id=\"9f8772e\" data-element_type=\"column\">\n\t\t\t<div class=\"elementor-widget-wrap elementor-element-populated\">\n\t\t\t\t\t\t<div class=\"elementor-element elementor-element-e958719 elementor-widget elementor-widget-text-editor\" data-id=\"e958719\" data-element_type=\"widget\" data-widget_type=\"text-editor.default\">\n\t\t\t\t<div class=\"elementor-widget-container\">\n\t\t\t\t\t\t\t\t\t<div data-id=\"cdb0825\" data-element_type=\"widget\" data-settings=\"{&quot;_animation&quot;:&quot;fadeInRight&quot;}\" data-widget_type=\"text-editor.default\">KSI\u0118\u017bNICZKA SPRAWY BO\u017bEJ<br \/>Czytanie performatywne<\/div>\t\t\t\t\t\t\t\t<\/div>\n\t\t\t\t<\/div>\n\t\t\t\t<div class=\"elementor-element elementor-element-f8dffd1 elementor-widget elementor-widget-image\" data-id=\"f8dffd1\" data-element_type=\"widget\" data-widget_type=\"image.default\">\n\t\t\t\t<div class=\"elementor-widget-container\">\n\t\t\t\t\t\t\t\t\t\t\t\t\t\t\t<img decoding=\"async\" width=\"68\" height=\"19\" src=\"http:\/\/festiwalrymkiewiczowski.pl\/2023\/wp-content\/uploads\/2023\/10\/IT_white.svg\" class=\"attachment-full size-full wp-image-2448\" alt=\"\" \/>\t\t\t\t\t\t\t\t\t\t\t\t\t\t\t<\/div>\n\t\t\t\t<\/div>\n\t\t\t\t<div class=\"elementor-element elementor-element-9886cb1 elementor-invisible elementor-widget elementor-widget-aux_modern_button\" data-id=\"9886cb1\" data-element_type=\"widget\" data-settings=\"{&quot;_animation&quot;:&quot;fadeIn&quot;}\" data-widget_type=\"aux_modern_button.default\">\n\t\t\t\t<div class=\"elementor-widget-container\">\n\t\t\t\t\t    <div class=\"aux-modern-button-wrapper aux-modern-button-align-center\" >\n                    <a class=\"aux-modern-button aux-white aux-modern-button-md aux-modern-button-normal aux-modern-button-outline aux-icon-\" href=\"http:\/\/festiwalrymkiewiczowski.pl\/2023\/ksiezniczka\">\n                <div class=\"aux-overlay\"><\/div>\n                                    <div class=\"aux-icon \">\n                                            <\/div>\n                                <div class=\"aux-text\">\n<span class=\"aux-text-before\">zobacz szczeg\u00f3\u0142y<\/span>                <\/div>\n            <\/a>\n            \n    <\/div>\n\n    \t\t\t\t<\/div>\n\t\t\t\t<\/div>\n\t\t\t\t\t<\/div>\n\t\t<\/div>\n\t\t\t\t\t<\/div>\n\t\t<\/section>\n\t\t\t\t<section class=\"elementor-section elementor-inner-section elementor-element elementor-element-566c173 elementor-section-full_width elementor-section-content-middle elementor-section-height-default elementor-section-height-default\" data-id=\"566c173\" data-element_type=\"section\" data-settings=\"{&quot;background_background&quot;:&quot;classic&quot;}\">\n\t\t\t\t\t\t<div class=\"elementor-container elementor-column-gap-extended\">\n\t\t\t\t\t<div class=\"aux-parallax-section elementor-column elementor-col-50 elementor-inner-column elementor-element elementor-element-2ab0c58\" data-id=\"2ab0c58\" data-element_type=\"column\" data-settings=\"{&quot;background_background&quot;:&quot;classic&quot;}\">\n\t\t\t<div class=\"elementor-widget-wrap elementor-element-populated\">\n\t\t\t\t\t<div class=\"elementor-background-overlay\"><\/div>\n\t\t\t\t\t\t<div class=\"elementor-element elementor-element-983aa7c elementor-widget__width-initial elementor-widget elementor-widget-text-editor\" data-id=\"983aa7c\" data-element_type=\"widget\" data-widget_type=\"text-editor.default\">\n\t\t\t\t<div class=\"elementor-widget-container\">\n\t\t\t\t\t\t\t\t\t4 LISTOPADA\t\t\t\t\t\t\t\t<\/div>\n\t\t\t\t<\/div>\n\t\t\t\t<div class=\"elementor-element elementor-element-75a6b18 elementor-widget elementor-widget-text-editor\" data-id=\"75a6b18\" data-element_type=\"widget\" data-widget_type=\"text-editor.default\">\n\t\t\t\t<div class=\"elementor-widget-container\">\n\t\t\t\t\t\t\t\t\t<div class=\"elementor-element elementor-element-cdb0825 elementor-widget elementor-widget-text-editor animated fadeInRight\" data-id=\"cdb0825\" data-element_type=\"widget\" data-settings=\"{&quot;_animation&quot;:&quot;fadeInRight&quot;}\" data-widget_type=\"text-editor.default\"><div class=\"elementor-widget-container\">Instytut Teatralny, g. 19.00<\/div><\/div>\t\t\t\t\t\t\t\t<\/div>\n\t\t\t\t<\/div>\n\t\t\t\t\t<\/div>\n\t\t<\/div>\n\t\t\t\t<div class=\"aux-parallax-section elementor-column elementor-col-50 elementor-inner-column elementor-element elementor-element-fb9f522\" data-id=\"fb9f522\" data-element_type=\"column\">\n\t\t\t<div class=\"elementor-widget-wrap elementor-element-populated\">\n\t\t\t\t\t\t<div class=\"elementor-element elementor-element-e981d6c elementor-widget elementor-widget-text-editor\" data-id=\"e981d6c\" data-element_type=\"widget\" data-widget_type=\"text-editor.default\">\n\t\t\t\t<div class=\"elementor-widget-container\">\n\t\t\t\t\t\t\t\t\t<div data-id=\"cdb0825\" data-element_type=\"widget\" data-settings=\"{&quot;_animation&quot;:&quot;fadeInRight&quot;}\" data-widget_type=\"text-editor.default\">LEKCJA ANATOMII<br \/>Spektakl na podstawie sztuki Jaros\u0142awa Marka Rymkiewicza<\/div>\t\t\t\t\t\t\t\t<\/div>\n\t\t\t\t<\/div>\n\t\t\t\t<div class=\"elementor-element elementor-element-48c1efd elementor-widget elementor-widget-image\" data-id=\"48c1efd\" data-element_type=\"widget\" data-widget_type=\"image.default\">\n\t\t\t\t<div class=\"elementor-widget-container\">\n\t\t\t\t\t\t\t\t\t\t\t\t\t\t\t<img decoding=\"async\" width=\"68\" height=\"19\" src=\"http:\/\/festiwalrymkiewiczowski.pl\/2023\/wp-content\/uploads\/2023\/10\/IT_white.svg\" class=\"attachment-full size-full wp-image-2448\" alt=\"\" \/>\t\t\t\t\t\t\t\t\t\t\t\t\t\t\t<\/div>\n\t\t\t\t<\/div>\n\t\t\t\t<div class=\"elementor-element elementor-element-4dbf43f elementor-invisible elementor-widget elementor-widget-aux_modern_button\" data-id=\"4dbf43f\" data-element_type=\"widget\" data-settings=\"{&quot;_animation&quot;:&quot;fadeIn&quot;}\" data-widget_type=\"aux_modern_button.default\">\n\t\t\t\t<div class=\"elementor-widget-container\">\n\t\t\t\t\t    <div class=\"aux-modern-button-wrapper aux-modern-button-align-center\" >\n                    <a class=\"aux-modern-button aux-white aux-modern-button-md aux-modern-button-normal aux-modern-button-outline aux-icon-\" href=\"http:\/\/festiwalrymkiewiczowski.pl\/2023\/lekcja-anatomii\/\">\n                <div class=\"aux-overlay\"><\/div>\n                                    <div class=\"aux-icon \">\n                                            <\/div>\n                                <div class=\"aux-text\">\n<span class=\"aux-text-before\">zobacz szczeg\u00f3\u0142y<\/span>                <\/div>\n            <\/a>\n            \n    <\/div>\n\n    \t\t\t\t<\/div>\n\t\t\t\t<\/div>\n\t\t\t\t\t<\/div>\n\t\t<\/div>\n\t\t\t\t\t<\/div>\n\t\t<\/section>\n\t\t\t\t<section class=\"elementor-section elementor-inner-section elementor-element elementor-element-2417184 elementor-section-full_width elementor-section-content-middle elementor-section-height-default elementor-section-height-default\" data-id=\"2417184\" data-element_type=\"section\" data-settings=\"{&quot;background_background&quot;:&quot;classic&quot;}\">\n\t\t\t\t\t\t<div class=\"elementor-container elementor-column-gap-extended\">\n\t\t\t\t\t<div class=\"aux-parallax-section elementor-column elementor-col-50 elementor-inner-column elementor-element elementor-element-72e2d43\" data-id=\"72e2d43\" data-element_type=\"column\" data-settings=\"{&quot;background_background&quot;:&quot;classic&quot;}\">\n\t\t\t<div class=\"elementor-widget-wrap elementor-element-populated\">\n\t\t\t\t\t<div class=\"elementor-background-overlay\"><\/div>\n\t\t\t\t\t\t<div class=\"elementor-element elementor-element-044a58a elementor-widget__width-initial elementor-widget elementor-widget-text-editor\" data-id=\"044a58a\" data-element_type=\"widget\" data-widget_type=\"text-editor.default\">\n\t\t\t\t<div class=\"elementor-widget-container\">\n\t\t\t\t\t\t\t\t\t10 LISTOPADA\t\t\t\t\t\t\t\t<\/div>\n\t\t\t\t<\/div>\n\t\t\t\t<div class=\"elementor-element elementor-element-0c03def elementor-widget elementor-widget-text-editor\" data-id=\"0c03def\" data-element_type=\"widget\" data-widget_type=\"text-editor.default\">\n\t\t\t\t<div class=\"elementor-widget-container\">\n\t\t\t\t\t\t\t\t\t<div class=\"elementor-element elementor-element-cdb0825 elementor-widget elementor-widget-text-editor animated fadeInRight\" data-id=\"cdb0825\" data-element_type=\"widget\" data-settings=\"{&quot;_animation&quot;:&quot;fadeInRight&quot;}\" data-widget_type=\"text-editor.default\"><div class=\"elementor-widget-container\">Instytut Teatralny, g. 18.00<\/div><\/div>\t\t\t\t\t\t\t\t<\/div>\n\t\t\t\t<\/div>\n\t\t\t\t\t<\/div>\n\t\t<\/div>\n\t\t\t\t<div class=\"aux-parallax-section elementor-column elementor-col-50 elementor-inner-column elementor-element elementor-element-650032d\" data-id=\"650032d\" data-element_type=\"column\">\n\t\t\t<div class=\"elementor-widget-wrap elementor-element-populated\">\n\t\t\t\t\t\t<div class=\"elementor-element elementor-element-3ebc6aa elementor-widget elementor-widget-text-editor\" data-id=\"3ebc6aa\" data-element_type=\"widget\" data-widget_type=\"text-editor.default\">\n\t\t\t\t<div class=\"elementor-widget-container\">\n\t\t\t\t\t\t\t\t\t<div data-id=\"cdb0825\" data-element_type=\"widget\" data-settings=\"{&quot;_animation&quot;:&quot;fadeInRight&quot;}\" data-widget_type=\"text-editor.default\">\n\nLEKCJA ANATOMII<br>Drugi pokaz\n\n<\/div>\t\t\t\t\t\t\t\t<\/div>\n\t\t\t\t<\/div>\n\t\t\t\t<div class=\"elementor-element elementor-element-f6f8135 elementor-widget elementor-widget-image\" data-id=\"f6f8135\" data-element_type=\"widget\" data-widget_type=\"image.default\">\n\t\t\t\t<div class=\"elementor-widget-container\">\n\t\t\t\t\t\t\t\t\t\t\t\t\t\t\t<img decoding=\"async\" width=\"68\" height=\"19\" src=\"http:\/\/festiwalrymkiewiczowski.pl\/2023\/wp-content\/uploads\/2023\/10\/IT_white.svg\" class=\"attachment-full size-full wp-image-2448\" alt=\"\" \/>\t\t\t\t\t\t\t\t\t\t\t\t\t\t\t<\/div>\n\t\t\t\t<\/div>\n\t\t\t\t<div class=\"elementor-element elementor-element-3357f1f elementor-invisible elementor-widget elementor-widget-aux_modern_button\" data-id=\"3357f1f\" data-element_type=\"widget\" data-settings=\"{&quot;_animation&quot;:&quot;fadeIn&quot;}\" data-widget_type=\"aux_modern_button.default\">\n\t\t\t\t<div class=\"elementor-widget-container\">\n\t\t\t\t\t    <div class=\"aux-modern-button-wrapper aux-modern-button-align-center\" >\n                    <a class=\"aux-modern-button aux-white aux-modern-button-md aux-modern-button-normal aux-modern-button-outline aux-icon-\" href=\"http:\/\/festiwalrymkiewiczowski.pl\/2023\/lekcja-anatomii-2\">\n                <div class=\"aux-overlay\"><\/div>\n                                    <div class=\"aux-icon \">\n                                            <\/div>\n                                <div class=\"aux-text\">\n<span class=\"aux-text-before\">zobacz szczeg\u00f3\u0142y<\/span>                <\/div>\n            <\/a>\n            \n    <\/div>\n\n    \t\t\t\t<\/div>\n\t\t\t\t<\/div>\n\t\t\t\t\t<\/div>\n\t\t<\/div>\n\t\t\t\t\t<\/div>\n\t\t<\/section>\n\t\t\t\t\t<\/div>\n\t\t<\/div>\n\t\t\t\t\t<\/div>\n\t\t<\/section>\n\t\t\t\t<\/div>\n\t\t","protected":false},"excerpt":{"rendered":"<p>Spektakle Sortujtematycznie: Spotkania Debaty Wystawy Koncerty Spektakle Warsztaty Konferencje 3 LISTOPADAInstytut Teatralny, g. 19.00KSI\u0118\u017bNICZKA SPRAWY BO\u017bEJCzytanie performatywne zobacz szczeg\u00f3\u0142y 4 LISTOPADAInstytut Teatralny, g. 19.00LEKCJA ANATOMIISpektakl na podstawie sztuki Jaros\u0142awa Marka Rymkiewicza zobacz szczeg\u00f3\u0142y 10 LISTOPADAInstytut Teatralny, g. 18.00 LEKCJA ANATOMIIDrugi pokaz zobacz szczeg\u00f3\u0142y<\/p>\n","protected":false},"author":1,"featured_media":0,"parent":0,"menu_order":0,"comment_status":"closed","ping_status":"closed","template":"","meta":{"_monsterinsights_skip_tracking":false,"_monsterinsights_sitenote_active":false,"_monsterinsights_sitenote_note":"","_monsterinsights_sitenote_category":0,"footnotes":""},"class_list":["post-2612","page","type-page","status-publish","hentry"],"_links":{"self":[{"href":"http:\/\/festiwalrymkiewiczowski.pl\/2023\/wp-json\/wp\/v2\/pages\/2612","targetHints":{"allow":["GET"]}}],"collection":[{"href":"http:\/\/festiwalrymkiewiczowski.pl\/2023\/wp-json\/wp\/v2\/pages"}],"about":[{"href":"http:\/\/festiwalrymkiewiczowski.pl\/2023\/wp-json\/wp\/v2\/types\/page"}],"author":[{"embeddable":true,"href":"http:\/\/festiwalrymkiewiczowski.pl\/2023\/wp-json\/wp\/v2\/users\/1"}],"replies":[{"embeddable":true,"href":"http:\/\/festiwalrymkiewiczowski.pl\/2023\/wp-json\/wp\/v2\/comments?post=2612"}],"version-history":[{"count":22,"href":"http:\/\/festiwalrymkiewiczowski.pl\/2023\/wp-json\/wp\/v2\/pages\/2612\/revisions"}],"predecessor-version":[{"id":2942,"href":"http:\/\/festiwalrymkiewiczowski.pl\/2023\/wp-json\/wp\/v2\/pages\/2612\/revisions\/2942"}],"wp:attachment":[{"href":"http:\/\/festiwalrymkiewiczowski.pl\/2023\/wp-json\/wp\/v2\/media?parent=2612"}],"curies":[{"name":"wp","href":"https:\/\/api.w.org\/{rel}","templated":true}]}}