{"id":2597,"date":"2023-10-10T09:22:57","date_gmt":"2023-10-10T09:22:57","guid":{"rendered":"http:\/\/festiwalrymkiewiczowski.pl\/2023\/?page_id=2597"},"modified":"2023-10-22T12:51:33","modified_gmt":"2023-10-22T12:51:33","slug":"koncerty","status":"publish","type":"page","link":"http:\/\/festiwalrymkiewiczowski.pl\/2023\/koncerty\/","title":{"rendered":"koncerty"},"content":{"rendered":"\t\t<div data-elementor-type=\"wp-page\" data-elementor-id=\"2597\" class=\"elementor elementor-2597\">\n\t\t\t\t\t\t<section class=\"elementor-section elementor-top-section elementor-element elementor-element-64877c9 elementor-section-stretched elementor-section-boxed elementor-section-height-default elementor-section-height-default\" data-id=\"64877c9\" data-element_type=\"section\" data-settings=\"{&quot;stretch_section&quot;:&quot;section-stretched&quot;,&quot;background_background&quot;:&quot;classic&quot;}\">\n\t\t\t\t\t\t\t<div class=\"elementor-background-overlay\"><\/div>\n\t\t\t\t\t\t\t<div class=\"elementor-container elementor-column-gap-default\">\n\t\t\t\t\t<div class=\"aux-parallax-section elementor-column elementor-col-100 elementor-top-column elementor-element elementor-element-c7d9236\" data-id=\"c7d9236\" data-element_type=\"column\">\n\t\t\t<div class=\"elementor-widget-wrap elementor-element-populated\">\n\t\t\t\t\t\t<div class=\"elementor-element elementor-element-1d81bf7 elementor-invisible elementor-widget elementor-widget-text-editor\" data-id=\"1d81bf7\" data-element_type=\"widget\" data-settings=\"{&quot;_animation&quot;:&quot;fadeIn&quot;}\" data-widget_type=\"text-editor.default\">\n\t\t\t\t<div class=\"elementor-widget-container\">\n\t\t\t\t\t\t\t\t\t<p>Koncerty<\/p>\t\t\t\t\t\t\t\t<\/div>\n\t\t\t\t<\/div>\n\t\t\t\t\t<\/div>\n\t\t<\/div>\n\t\t\t\t\t<\/div>\n\t\t<\/section>\n\t\t\t\t<section class=\"elementor-section elementor-top-section elementor-element elementor-element-d51d18f elementor-section-stretched elementor-section-boxed elementor-section-height-default elementor-section-height-default\" data-id=\"d51d18f\" data-element_type=\"section\" data-settings=\"{&quot;stretch_section&quot;:&quot;section-stretched&quot;,&quot;background_background&quot;:&quot;classic&quot;}\">\n\t\t\t\t\t\t\t<div class=\"elementor-background-overlay\"><\/div>\n\t\t\t\t\t\t\t<div class=\"elementor-container elementor-column-gap-default\">\n\t\t\t\t\t<div class=\"aux-parallax-section elementor-column elementor-col-33 elementor-top-column elementor-element elementor-element-104d86e\" data-id=\"104d86e\" data-element_type=\"column\">\n\t\t\t<div class=\"elementor-widget-wrap elementor-element-populated\">\n\t\t\t\t\t\t<div class=\"elementor-element elementor-element-eec93c5 elementor-invisible elementor-widget elementor-widget-text-editor\" data-id=\"eec93c5\" data-element_type=\"widget\" data-settings=\"{&quot;_animation&quot;:&quot;fadeInLeft&quot;}\" data-widget_type=\"text-editor.default\">\n\t\t\t\t<div class=\"elementor-widget-container\">\n\t\t\t\t\t\t\t\t\tSortuj<br>tematycznie:\t\t\t\t\t\t\t\t<\/div>\n\t\t\t\t<\/div>\n\t\t\t\t<div class=\"elementor-element elementor-element-1b86dbc elementor-widget__width-initial elementor-widget-mobile__width-initial elementor-invisible elementor-widget elementor-widget-aux_menu_box\" data-id=\"1b86dbc\" data-element_type=\"widget\" data-settings=\"{&quot;_animation&quot;:&quot;fadeInLeft&quot;}\" data-widget_type=\"aux_menu_box.default\">\n\t\t\t\t<div class=\"elementor-widget-container\">\n\t\t\t\t\t<div class=\"aux-elementor-header-menu aux-nav-menu-element aux-nav-menu-element-1b86dbc\"><div class=\"aux-burger-box\" data-target-panel=\"toggle-bar\" data-target-content=\".elementor-element-1b86dbc .aux-master-menu\"><div class=\"aux-burger aux-custom-burger\"><\/div><\/div><!-- start master menu -->\n<nav id=\"master-menu-elementor-1b86dbc\" class=\"menu-program-container\">\n\n\t<ul id=\"menu-program\" class=\"aux-master-menu aux-no-js aux-skin-classic aux-vertical\" data-type=\"vertical\"  data-switch-type=\"toggle\" data-switch-parent=\".elementor-element-1b86dbc .aux-toggle-menu-bar\" data-switch-width=\"768\"  >\n\t\t<!-- start single menu -->\n\t\t<li id=\"menu-item-769\" class=\"menu-item menu-item-type-custom menu-item-object-custom menu-item-769 aux-menu-depth-0 aux-menu-root-1 aux-menu-item\">\n\t\t\t<a href=\"http:\/\/festiwalrymkiewiczowski.pl\/2023\/spotkania\" class=\"aux-item-content\">\n\t\t\t\t<span class=\"aux-menu-label\">Spotkania<\/span>\n\t\t\t<\/a>\n\t\t<\/li>\n\t\t<!-- end single menu -->\n\t\t<!-- start single menu -->\n\t\t<li id=\"menu-item-771\" class=\"menu-item menu-item-type-custom menu-item-object-custom menu-item-771 aux-menu-depth-0 aux-menu-root-2 aux-menu-item\">\n\t\t\t<a href=\"http:\/\/festiwalrymkiewiczowski.pl\/2023\/debaty\" class=\"aux-item-content\">\n\t\t\t\t<span class=\"aux-menu-label\">Debaty<\/span>\n\t\t\t<\/a>\n\t\t<\/li>\n\t\t<!-- end single menu -->\n\t\t<!-- start single menu -->\n\t\t<li id=\"menu-item-768\" class=\"menu-item menu-item-type-custom menu-item-object-custom menu-item-768 aux-menu-depth-0 aux-menu-root-3 aux-menu-item\">\n\t\t\t<a href=\"http:\/\/festiwalrymkiewiczowski.pl\/2023\/wystawy\" class=\"aux-item-content\">\n\t\t\t\t<span class=\"aux-menu-label\">Wystawy<\/span>\n\t\t\t<\/a>\n\t\t<\/li>\n\t\t<!-- end single menu -->\n\t\t<!-- start single menu -->\n\t\t<li id=\"menu-item-772\" class=\"menu-item menu-item-type-custom menu-item-object-custom menu-item-772 aux-menu-depth-0 aux-menu-root-4 aux-menu-item\">\n\t\t\t<a href=\"http:\/\/festiwalrymkiewiczowski.pl\/2023\/koncerty\" class=\"aux-item-content\">\n\t\t\t\t<span class=\"aux-menu-label\">Koncerty<\/span>\n\t\t\t<\/a>\n\t\t<\/li>\n\t\t<!-- end single menu -->\n\t\t<!-- start single menu -->\n\t\t<li id=\"menu-item-770\" class=\"menu-item menu-item-type-custom menu-item-object-custom menu-item-770 aux-menu-depth-0 aux-menu-root-5 aux-menu-item\">\n\t\t\t<a href=\"http:\/\/festiwalrymkiewiczowski.pl\/2023\/spektakle\" class=\"aux-item-content\">\n\t\t\t\t<span class=\"aux-menu-label\">Spektakle<\/span>\n\t\t\t<\/a>\n\t\t<\/li>\n\t\t<!-- end single menu -->\n\t\t<!-- start single menu -->\n\t\t<li id=\"menu-item-1563\" class=\"menu-item menu-item-type-custom menu-item-object-custom menu-item-1563 aux-menu-depth-0 aux-menu-root-6 aux-menu-item\">\n\t\t\t<a href=\"http:\/\/festiwalrymkiewiczowski.pl\/2023\/warsztaty\" class=\"aux-item-content\">\n\t\t\t\t<span class=\"aux-menu-label\">Warsztaty<\/span>\n\t\t\t<\/a>\n\t\t<\/li>\n\t\t<!-- end single menu -->\n\t\t<!-- start single menu -->\n\t\t<li id=\"menu-item-1564\" class=\"menu-item menu-item-type-custom menu-item-object-custom menu-item-1564 aux-menu-depth-0 aux-menu-root-7 aux-menu-item\">\n\t\t\t<a href=\"http:\/\/festiwalrymkiewiczowski.pl\/2023\/konferencje\" class=\"aux-item-content\">\n\t\t\t\t<span class=\"aux-menu-label\">Konferencje<\/span>\n\t\t\t<\/a>\n\t\t<\/li>\n\t\t<!-- end single menu -->\n\t<\/ul>\n\n<\/nav>\n<!-- end master menu -->\n<div class=\"aux-toggle-menu-bar\"><\/div><\/div><style>@media only screen and (min-width: 769px) { .elementor-element-1b86dbc .aux-burger-box { display: none } }<\/style>\t\t\t\t<\/div>\n\t\t\t\t<\/div>\n\t\t\t\t\t<\/div>\n\t\t<\/div>\n\t\t\t\t<div class=\"aux-parallax-section elementor-column elementor-col-66 elementor-top-column elementor-element elementor-element-23d457a elementor-invisible\" data-id=\"23d457a\" data-element_type=\"column\" data-settings=\"{&quot;animation&quot;:&quot;fadeInRight&quot;}\">\n\t\t\t<div class=\"elementor-widget-wrap elementor-element-populated\">\n\t\t\t\t\t\t<section class=\"elementor-section elementor-inner-section elementor-element elementor-element-1226395 elementor-section-full_width elementor-section-content-middle elementor-section-height-default elementor-section-height-default\" data-id=\"1226395\" data-element_type=\"section\" data-settings=\"{&quot;background_background&quot;:&quot;classic&quot;}\">\n\t\t\t\t\t\t<div class=\"elementor-container elementor-column-gap-extended\">\n\t\t\t\t\t<div class=\"aux-parallax-section elementor-column elementor-col-50 elementor-inner-column elementor-element elementor-element-d868ea6\" data-id=\"d868ea6\" data-element_type=\"column\" data-settings=\"{&quot;background_background&quot;:&quot;classic&quot;}\">\n\t\t\t<div class=\"elementor-widget-wrap elementor-element-populated\">\n\t\t\t\t\t<div class=\"elementor-background-overlay\"><\/div>\n\t\t\t\t\t\t<div class=\"elementor-element elementor-element-e14dc25 elementor-widget__width-initial elementor-widget elementor-widget-text-editor\" data-id=\"e14dc25\" data-element_type=\"widget\" data-widget_type=\"text-editor.default\">\n\t\t\t\t<div class=\"elementor-widget-container\">\n\t\t\t\t\t\t\t\t\t2 LISTOPADA\t\t\t\t\t\t\t\t<\/div>\n\t\t\t\t<\/div>\n\t\t\t\t<div class=\"elementor-element elementor-element-3c36b80 elementor-widget elementor-widget-text-editor\" data-id=\"3c36b80\" data-element_type=\"widget\" data-widget_type=\"text-editor.default\">\n\t\t\t\t<div class=\"elementor-widget-container\">\n\t\t\t\t\t\t\t\t\t<div class=\"elementor-element elementor-element-cdb0825 elementor-widget elementor-widget-text-editor animated fadeInRight\" data-id=\"cdb0825\" data-element_type=\"widget\" data-settings=\"{&quot;_animation&quot;:&quot;fadeInRight&quot;}\" data-widget_type=\"text-editor.default\"><div class=\"elementor-widget-container\">Palladium, g. 20.00<\/div><\/div>\t\t\t\t\t\t\t\t<\/div>\n\t\t\t\t<\/div>\n\t\t\t\t\t<\/div>\n\t\t<\/div>\n\t\t\t\t<div class=\"aux-parallax-section elementor-column elementor-col-50 elementor-inner-column elementor-element elementor-element-8f2040a\" data-id=\"8f2040a\" data-element_type=\"column\">\n\t\t\t<div class=\"elementor-widget-wrap elementor-element-populated\">\n\t\t\t\t\t\t<div class=\"elementor-element elementor-element-9078704 elementor-widget elementor-widget-text-editor\" data-id=\"9078704\" data-element_type=\"widget\" data-widget_type=\"text-editor.default\">\n\t\t\t\t<div class=\"elementor-widget-container\">\n\t\t\t\t\t\t\t\t\t<div class=\"elementor-element elementor-element-cdb0825 elementor-widget elementor-widget-text-editor animated fadeInRight\" data-id=\"cdb0825\" data-element_type=\"widget\" data-settings=\"{&quot;_animation&quot;:&quot;fadeInRight&quot;}\" data-widget_type=\"text-editor.default\"><div class=\"elementor-widget-container\">POLSKIE ZNAKI<br \/>Koncert<\/div><\/div>\t\t\t\t\t\t\t\t<\/div>\n\t\t\t\t<\/div>\n\t\t\t\t<div class=\"elementor-element elementor-element-cfbd44d elementor-widget elementor-widget-image\" data-id=\"cfbd44d\" data-element_type=\"widget\" data-widget_type=\"image.default\">\n\t\t\t\t<div class=\"elementor-widget-container\">\n\t\t\t\t\t\t\t\t\t\t\t\t\t\t\t<img fetchpriority=\"high\" decoding=\"async\" width=\"1039\" height=\"480\" src=\"http:\/\/festiwalrymkiewiczowski.pl\/2023\/wp-content\/uploads\/2023\/10\/Palladium_white.svg\" class=\"attachment-full size-full wp-image-3000\" alt=\"\" \/>\t\t\t\t\t\t\t\t\t\t\t\t\t\t\t<\/div>\n\t\t\t\t<\/div>\n\t\t\t\t<div class=\"elementor-element elementor-element-e2b6886 elementor-invisible elementor-widget elementor-widget-aux_modern_button\" data-id=\"e2b6886\" data-element_type=\"widget\" data-settings=\"{&quot;_animation&quot;:&quot;fadeIn&quot;}\" data-widget_type=\"aux_modern_button.default\">\n\t\t\t\t<div class=\"elementor-widget-container\">\n\t\t\t\t\t    <div class=\"aux-modern-button-wrapper aux-modern-button-align-center\" >\n                    <a class=\"aux-modern-button aux-white aux-modern-button-md aux-modern-button-normal aux-modern-button-outline aux-icon-\" href=\"http:\/\/festiwalrymkiewiczowski.pl\/2023\/polskieznaki\/\">\n                <div class=\"aux-overlay\"><\/div>\n                                    <div class=\"aux-icon \">\n                                            <\/div>\n                                <div class=\"aux-text\">\n<span class=\"aux-text-before\">zobacz szczeg\u00f3\u0142y<\/span>                <\/div>\n            <\/a>\n            \n    <\/div>\n\n    \t\t\t\t<\/div>\n\t\t\t\t<\/div>\n\t\t\t\t\t<\/div>\n\t\t<\/div>\n\t\t\t\t\t<\/div>\n\t\t<\/section>\n\t\t\t\t<section class=\"elementor-section elementor-inner-section elementor-element elementor-element-648352c elementor-section-full_width elementor-section-content-middle elementor-section-height-default elementor-section-height-default\" data-id=\"648352c\" data-element_type=\"section\" data-settings=\"{&quot;background_background&quot;:&quot;classic&quot;}\">\n\t\t\t\t\t\t<div class=\"elementor-container elementor-column-gap-extended\">\n\t\t\t\t\t<div class=\"aux-parallax-section elementor-column elementor-col-50 elementor-inner-column elementor-element elementor-element-0ec42f1\" data-id=\"0ec42f1\" data-element_type=\"column\" data-settings=\"{&quot;background_background&quot;:&quot;classic&quot;}\">\n\t\t\t<div class=\"elementor-widget-wrap elementor-element-populated\">\n\t\t\t\t\t<div class=\"elementor-background-overlay\"><\/div>\n\t\t\t\t\t\t<div class=\"elementor-element elementor-element-db65176 elementor-widget__width-initial elementor-widget elementor-widget-text-editor\" data-id=\"db65176\" data-element_type=\"widget\" data-widget_type=\"text-editor.default\">\n\t\t\t\t<div class=\"elementor-widget-container\">\n\t\t\t\t\t\t\t\t\t3 LISTOPADA\t\t\t\t\t\t\t\t<\/div>\n\t\t\t\t<\/div>\n\t\t\t\t<div class=\"elementor-element elementor-element-fad7785 elementor-widget elementor-widget-text-editor\" data-id=\"fad7785\" data-element_type=\"widget\" data-widget_type=\"text-editor.default\">\n\t\t\t\t<div class=\"elementor-widget-container\">\n\t\t\t\t\t\t\t\t\t<div class=\"elementor-element elementor-element-cdb0825 elementor-widget elementor-widget-text-editor animated fadeInRight\" data-id=\"cdb0825\" data-element_type=\"widget\" data-settings=\"{&quot;_animation&quot;:&quot;fadeInRight&quot;}\" data-widget_type=\"text-editor.default\"><div class=\"elementor-widget-container\">Teatr Kamienica, g. 19.00<\/div><\/div>\t\t\t\t\t\t\t\t<\/div>\n\t\t\t\t<\/div>\n\t\t\t\t\t<\/div>\n\t\t<\/div>\n\t\t\t\t<div class=\"aux-parallax-section elementor-column elementor-col-50 elementor-inner-column elementor-element elementor-element-81ead34\" data-id=\"81ead34\" data-element_type=\"column\">\n\t\t\t<div class=\"elementor-widget-wrap elementor-element-populated\">\n\t\t\t\t\t\t<div class=\"elementor-element elementor-element-b718fa2 elementor-widget elementor-widget-text-editor\" data-id=\"b718fa2\" data-element_type=\"widget\" data-widget_type=\"text-editor.default\">\n\t\t\t\t<div class=\"elementor-widget-container\">\n\t\t\t\t\t\t\t\t\tSCHUBERT. WINTERREISE<br>Matthias Loibner i Nata\u0161a Mirkovi\u0107\t\t\t\t\t\t\t\t<\/div>\n\t\t\t\t<\/div>\n\t\t\t\t<div class=\"elementor-element elementor-element-df8be4d elementor-widget elementor-widget-image\" data-id=\"df8be4d\" data-element_type=\"widget\" data-widget_type=\"image.default\">\n\t\t\t\t<div class=\"elementor-widget-container\">\n\t\t\t\t\t\t\t\t\t\t\t\t\t\t\t<img decoding=\"async\" width=\"354\" height=\"269\" src=\"http:\/\/festiwalrymkiewiczowski.pl\/2023\/wp-content\/uploads\/2023\/10\/TK_white.svg\" class=\"attachment-full size-full wp-image-2706\" alt=\"\" \/>\t\t\t\t\t\t\t\t\t\t\t\t\t\t\t<\/div>\n\t\t\t\t<\/div>\n\t\t\t\t<div class=\"elementor-element elementor-element-6546799 elementor-invisible elementor-widget elementor-widget-aux_modern_button\" data-id=\"6546799\" data-element_type=\"widget\" data-settings=\"{&quot;_animation&quot;:&quot;fadeIn&quot;}\" data-widget_type=\"aux_modern_button.default\">\n\t\t\t\t<div class=\"elementor-widget-container\">\n\t\t\t\t\t    <div class=\"aux-modern-button-wrapper aux-modern-button-align-center\" >\n                    <a class=\"aux-modern-button aux-white aux-modern-button-md aux-modern-button-normal aux-modern-button-outline aux-icon-\" href=\"http:\/\/festiwalrymkiewiczowski.pl\/2023\/winterreise\">\n                <div class=\"aux-overlay\"><\/div>\n                                    <div class=\"aux-icon \">\n                                            <\/div>\n                                <div class=\"aux-text\">\n<span class=\"aux-text-before\">zobacz szczeg\u00f3\u0142y<\/span>                <\/div>\n            <\/a>\n            \n    <\/div>\n\n    \t\t\t\t<\/div>\n\t\t\t\t<\/div>\n\t\t\t\t\t<\/div>\n\t\t<\/div>\n\t\t\t\t\t<\/div>\n\t\t<\/section>\n\t\t\t\t<section class=\"elementor-section elementor-inner-section elementor-element elementor-element-7c38038 elementor-section-full_width elementor-section-content-middle elementor-section-height-default elementor-section-height-default\" data-id=\"7c38038\" data-element_type=\"section\" data-settings=\"{&quot;background_background&quot;:&quot;classic&quot;}\">\n\t\t\t\t\t\t<div class=\"elementor-container elementor-column-gap-extended\">\n\t\t\t\t\t<div class=\"aux-parallax-section elementor-column elementor-col-50 elementor-inner-column elementor-element elementor-element-cd7b04d\" data-id=\"cd7b04d\" data-element_type=\"column\" data-settings=\"{&quot;background_background&quot;:&quot;classic&quot;}\">\n\t\t\t<div class=\"elementor-widget-wrap elementor-element-populated\">\n\t\t\t\t\t<div class=\"elementor-background-overlay\"><\/div>\n\t\t\t\t\t\t<div class=\"elementor-element elementor-element-a04f3e2 elementor-widget__width-initial elementor-widget elementor-widget-text-editor\" data-id=\"a04f3e2\" data-element_type=\"widget\" data-widget_type=\"text-editor.default\">\n\t\t\t\t<div class=\"elementor-widget-container\">\n\t\t\t\t\t\t\t\t\t9 LISTOPADA\t\t\t\t\t\t\t\t<\/div>\n\t\t\t\t<\/div>\n\t\t\t\t<div class=\"elementor-element elementor-element-35b3f2b elementor-widget elementor-widget-text-editor\" data-id=\"35b3f2b\" data-element_type=\"widget\" data-widget_type=\"text-editor.default\">\n\t\t\t\t<div class=\"elementor-widget-container\">\n\t\t\t\t\t\t\t\t\t<div class=\"elementor-element elementor-element-cdb0825 elementor-widget elementor-widget-text-editor animated fadeInRight\" data-id=\"cdb0825\" data-element_type=\"widget\" data-settings=\"{&quot;_animation&quot;:&quot;fadeInRight&quot;}\" data-widget_type=\"text-editor.default\"><div class=\"elementor-widget-container\">Muzeum Literatury, godz. 19.30<\/div><\/div>\t\t\t\t\t\t\t\t<\/div>\n\t\t\t\t<\/div>\n\t\t\t\t\t<\/div>\n\t\t<\/div>\n\t\t\t\t<div class=\"aux-parallax-section elementor-column elementor-col-50 elementor-inner-column elementor-element elementor-element-04bb7f2\" data-id=\"04bb7f2\" data-element_type=\"column\">\n\t\t\t<div class=\"elementor-widget-wrap elementor-element-populated\">\n\t\t\t\t\t\t<div class=\"elementor-element elementor-element-489e38f elementor-widget elementor-widget-text-editor\" data-id=\"489e38f\" data-element_type=\"widget\" data-widget_type=\"text-editor.default\">\n\t\t\t\t<div class=\"elementor-widget-container\">\n\t\t\t\t\t\t\t\t\t<div data-id=\"cdb0825\" data-element_type=\"widget\" data-settings=\"{&quot;_animation&quot;:&quot;fadeInRight&quot;}\" data-widget_type=\"text-editor.default\">JE\u015aLI MO\u017bESZ, CO\u015a MI POWIEDZ,<br> DAJ ZNAK JAKI\u015a<br>\nKoncert Rymkiewiczowski\u00a0<br> Finisa\u017c wystawy \u201eRymkiewicz. Encyklopedia\u201d<\/div>\t\t\t\t\t\t\t\t<\/div>\n\t\t\t\t<\/div>\n\t\t\t\t<div class=\"elementor-element elementor-element-5e8b862 elementor-widget elementor-widget-image\" data-id=\"5e8b862\" data-element_type=\"widget\" data-widget_type=\"image.default\">\n\t\t\t\t<div class=\"elementor-widget-container\">\n\t\t\t\t\t\t\t\t\t\t\t\t\t\t\t<img decoding=\"async\" width=\"1395\" height=\"391\" src=\"http:\/\/festiwalrymkiewiczowski.pl\/2023\/wp-content\/uploads\/2023\/09\/muzeum_literatury_white.png\" class=\"attachment-full size-full wp-image-2054\" alt=\"\" srcset=\"http:\/\/festiwalrymkiewiczowski.pl\/2023\/wp-content\/uploads\/2023\/09\/muzeum_literatury_white.png 1395w, http:\/\/festiwalrymkiewiczowski.pl\/2023\/wp-content\/uploads\/2023\/09\/muzeum_literatury_white-18x5.png 18w\" sizes=\"(max-width: 1395px) 100vw, 1395px\" \/>\t\t\t\t\t\t\t\t\t\t\t\t\t\t\t<\/div>\n\t\t\t\t<\/div>\n\t\t\t\t<div class=\"elementor-element elementor-element-f806bdd elementor-invisible elementor-widget elementor-widget-aux_modern_button\" data-id=\"f806bdd\" data-element_type=\"widget\" data-settings=\"{&quot;_animation&quot;:&quot;fadeIn&quot;}\" data-widget_type=\"aux_modern_button.default\">\n\t\t\t\t<div class=\"elementor-widget-container\">\n\t\t\t\t\t    <div class=\"aux-modern-button-wrapper aux-modern-button-align-center\" >\n                    <a class=\"aux-modern-button aux-white aux-modern-button-md aux-modern-button-normal aux-modern-button-outline aux-icon-\" href=\"http:\/\/festiwalrymkiewiczowski.pl\/2023\/jesli-mozesz\">\n                <div class=\"aux-overlay\"><\/div>\n                                    <div class=\"aux-icon \">\n                                            <\/div>\n                                <div class=\"aux-text\">\n<span class=\"aux-text-before\">zobacz szczeg\u00f3\u0142y<\/span>                <\/div>\n            <\/a>\n            \n    <\/div>\n\n    \t\t\t\t<\/div>\n\t\t\t\t<\/div>\n\t\t\t\t\t<\/div>\n\t\t<\/div>\n\t\t\t\t\t<\/div>\n\t\t<\/section>\n\t\t\t\t\t<\/div>\n\t\t<\/div>\n\t\t\t\t\t<\/div>\n\t\t<\/section>\n\t\t\t\t<\/div>\n\t\t","protected":false},"excerpt":{"rendered":"<p>Koncerty Sortujtematycznie: Spotkania Debaty Wystawy Koncerty Spektakle Warsztaty Konferencje 2 LISTOPADAPalladium, g. 20.00POLSKIE ZNAKIKoncert zobacz szczeg\u00f3\u0142y 3 LISTOPADATeatr Kamienica, g. 19.00SCHUBERT. WINTERREISEMatthias Loibner i Nata\u0161a Mirkovi\u0107 zobacz szczeg\u00f3\u0142y 9 LISTOPADAMuzeum Literatury, godz. 19.30JE\u015aLI MO\u017bESZ, CO\u015a MI POWIEDZ, DAJ ZNAK JAKI\u015a Koncert Rymkiewiczowski\u00a0 Finisa\u017c wystawy \u201eRymkiewicz. Encyklopedia\u201d zobacz szczeg\u00f3\u0142y<\/p>\n","protected":false},"author":1,"featured_media":0,"parent":0,"menu_order":0,"comment_status":"closed","ping_status":"closed","template":"","meta":{"_monsterinsights_skip_tracking":false,"_monsterinsights_sitenote_active":false,"_monsterinsights_sitenote_note":"","_monsterinsights_sitenote_category":0,"footnotes":""},"class_list":["post-2597","page","type-page","status-publish","hentry"],"_links":{"self":[{"href":"http:\/\/festiwalrymkiewiczowski.pl\/2023\/wp-json\/wp\/v2\/pages\/2597","targetHints":{"allow":["GET"]}}],"collection":[{"href":"http:\/\/festiwalrymkiewiczowski.pl\/2023\/wp-json\/wp\/v2\/pages"}],"about":[{"href":"http:\/\/festiwalrymkiewiczowski.pl\/2023\/wp-json\/wp\/v2\/types\/page"}],"author":[{"embeddable":true,"href":"http:\/\/festiwalrymkiewiczowski.pl\/2023\/wp-json\/wp\/v2\/users\/1"}],"replies":[{"embeddable":true,"href":"http:\/\/festiwalrymkiewiczowski.pl\/2023\/wp-json\/wp\/v2\/comments?post=2597"}],"version-history":[{"count":40,"href":"http:\/\/festiwalrymkiewiczowski.pl\/2023\/wp-json\/wp\/v2\/pages\/2597\/revisions"}],"predecessor-version":[{"id":4307,"href":"http:\/\/festiwalrymkiewiczowski.pl\/2023\/wp-json\/wp\/v2\/pages\/2597\/revisions\/4307"}],"wp:attachment":[{"href":"http:\/\/festiwalrymkiewiczowski.pl\/2023\/wp-json\/wp\/v2\/media?parent=2597"}],"curies":[{"name":"wp","href":"https:\/\/api.w.org\/{rel}","templated":true}]}}