{"id":5976,"date":"2023-11-09T12:02:10","date_gmt":"2023-11-09T12:02:10","guid":{"rendered":"http:\/\/festiwalrymkiewiczowski.pl\/2023\/?page_id=5976"},"modified":"2023-11-13T10:13:37","modified_gmt":"2023-11-13T10:13:37","slug":"galeria-samobojstwo-smierc-osobliwa","status":"publish","type":"page","link":"http:\/\/festiwalrymkiewiczowski.pl\/2023\/en\/galeria-samobojstwo-smierc-osobliwa\/","title":{"rendered":"SAMOB\u00d3JSTWO. \u015aMIER\u0106 OSOBLIWA &#8211; Galeria"},"content":{"rendered":"<div data-elementor-type=\"wp-page\" data-elementor-id=\"5976\" class=\"elementor elementor-5976\">\n\t\t\t\t\t\t<section class=\"elementor-section elementor-top-section elementor-element elementor-element-34b849d elementor-section-stretched elementor-section-boxed elementor-section-height-default elementor-section-height-default\" data-id=\"34b849d\" data-element_type=\"section\" data-settings=\"{&quot;stretch_section&quot;:&quot;section-stretched&quot;,&quot;background_background&quot;:&quot;classic&quot;}\">\n\t\t\t\t\t\t\t<div class=\"elementor-background-overlay\"><\/div>\n\t\t\t\t\t\t\t<div class=\"elementor-container elementor-column-gap-default\">\n\t\t\t\t\t<div class=\"aux-parallax-section elementor-column elementor-col-100 elementor-top-column elementor-element elementor-element-3d31602\" data-id=\"3d31602\" data-element_type=\"column\">\n\t\t\t<div class=\"elementor-widget-wrap elementor-element-populated\">\n\t\t\t\t\t\t<div class=\"elementor-element elementor-element-a8607b4 elementor-widget elementor-widget-text-editor\" data-id=\"a8607b4\" data-element_type=\"widget\" data-widget_type=\"text-editor.default\">\n\t\t\t\t<div class=\"elementor-widget-container\">\n\t\t\t\t\t\t\t\t\tGallery\t\t\t\t\t\t\t\t<\/div>\n\t\t\t\t<\/div>\n\t\t\t\t<div class=\"elementor-element elementor-element-a77f49c elementor-widget elementor-widget-text-editor\" data-id=\"a77f49c\" data-element_type=\"widget\" data-widget_type=\"text-editor.default\">\n\t\t\t\t<div class=\"elementor-widget-container\">\n\t\t\t\t\t\t\t\t\tSAMOB\u00d3JSTWO. \u015aMIER\u0106 OSOBLIWA<br>Spotkanie z Halszk\u0105 Witkowsk\u0105\t\t\t\t\t\t\t\t<\/div>\n\t\t\t\t<\/div>\n\t\t\t\t<div class=\"elementor-element elementor-element-021a072 elementor-widget elementor-widget-image\" data-id=\"021a072\" data-element_type=\"widget\" data-widget_type=\"image.default\">\n\t\t\t\t<div class=\"elementor-widget-container\">\n\t\t\t\t\t\t\t\t\t\t\t\t\t\t\t<img decoding=\"async\" width=\"67\" height=\"14\" src=\"http:\/\/festiwalrymkiewiczowski.pl\/2023\/wp-content\/uploads\/2023\/10\/ML.svg\" class=\"attachment-large size-large wp-image-2245\" alt=\"\" \/>\t\t\t\t\t\t\t\t\t\t\t\t\t\t\t<\/div>\n\t\t\t\t<\/div>\n\t\t\t\t<div class=\"elementor-element elementor-element-4631201 elementor-widget elementor-widget-text-editor\" data-id=\"4631201\" data-element_type=\"widget\" data-settings=\"{&quot;_animation&quot;:&quot;none&quot;}\" data-widget_type=\"text-editor.default\">\n\t\t\t\t<div class=\"elementor-widget-container\">\n\t\t\t\t\t\t\t\t\t<strong><b>8<\/b>\u00a0listopada 2023<\/strong><br>\nMuzeum Literatury, g. 18.00\t\t\t\t\t\t\t\t<\/div>\n\t\t\t\t<\/div>\n\t\t\t\t<div class=\"elementor-element elementor-element-bf720bd elementor-invisible elementor-widget elementor-widget-aux_modern_button\" data-id=\"bf720bd\" data-element_type=\"widget\" data-settings=\"{&quot;_animation&quot;:&quot;fadeIn&quot;}\" data-widget_type=\"aux_modern_button.default\">\n\t\t\t\t<div class=\"elementor-widget-container\">\n\t\t\t\t\t    <div class=\"aux-modern-button-wrapper aux-modern-button-align-center\" >\n                    <a class=\"aux-modern-button aux-black aux-modern-button-xs aux-modern-button-normal aux-modern-button-default aux-icon-\" href=\"http:\/\/festiwalrymkiewiczowski.pl\/2023\/en\/samobojstwo\/\">\n                <div class=\"aux-overlay\"><\/div>\n                                    <div class=\"aux-icon\">\n                                            <\/div>\n                                <div class=\"aux-text\">\n<span class=\"aux-text-before\">wi\u0119cej o spotkaniu<\/span>                <\/div>\n            <\/a>\n            \n    <\/div>\n\n    \t\t\t\t<\/div>\n\t\t\t\t<\/div>\n\t\t\t\t<div class=\"elementor-element elementor-element-3fda2eb gallery-spacing-custom elementor-invisible elementor-widget elementor-widget-image-gallery\" data-id=\"3fda2eb\" data-element_type=\"widget\" data-settings=\"{&quot;_animation&quot;:&quot;fadeIn&quot;}\" data-widget_type=\"image-gallery.default\">\n\t\t\t\t<div class=\"elementor-widget-container\">\n\t\t\t\t\t\t\t<div class=\"elementor-image-gallery\">\n\t\t\t<div id='gallery-1' class='gallery galleryid-5976 gallery-columns-3 gallery-size-full'><figure class='gallery-item'>\n\t\t\t<div class='gallery-icon landscape'>\n\t\t\t\t<a data-elementor-open-lightbox=\"yes\" data-elementor-lightbox-slideshow=\"3fda2eb\" data-elementor-lightbox-title=\"KWKF_20140329_6970\" data-e-action-hash=\"#elementor-action%3Aaction%3Dlightbox%26settings%3DeyJpZCI6NTk4NCwidXJsIjoiaHR0cDpcL1wvZmVzdGl3YWxyeW1raWV3aWN6b3dza2kucGxcLzIwMjNcL3dwLWNvbnRlbnRcL3VwbG9hZHNcLzIwMjNcLzExXC9LV0tGXzIwMTQwMzI5XzY5NzAuanBnIiwic2xpZGVzaG93IjoiM2ZkYTJlYiJ9\" href='http:\/\/festiwalrymkiewiczowski.pl\/2023\/wp-content\/uploads\/2023\/11\/KWKF_20140329_6970.jpg'><img fetchpriority=\"high\" decoding=\"async\" width=\"1498\" height=\"1000\" src=\"http:\/\/festiwalrymkiewiczowski.pl\/2023\/wp-content\/uploads\/2023\/11\/KWKF_20140329_6970.jpg\" class=\"attachment-full size-full\" alt=\"\" aria-describedby=\"gallery-1-5984\" srcset=\"http:\/\/festiwalrymkiewiczowski.pl\/2023\/wp-content\/uploads\/2023\/11\/KWKF_20140329_6970.jpg 1498w, http:\/\/festiwalrymkiewiczowski.pl\/2023\/wp-content\/uploads\/2023\/11\/KWKF_20140329_6970-18x12.jpg 18w\" sizes=\"(max-width: 1498px) 100vw, 1498px\" \/><\/a>\n\t\t\t<\/div>\n\t\t\t\t<figcaption class='wp-caption-text gallery-caption' id='gallery-1-5984'>\n\t\t\t\tSAMOB\u00d3JSTWO. \u015aMIER\u0106 OSOBLIWA Spotkanie z Halszk\u0105 Witkowsk\u0105\n\t\t\t\t<\/figcaption><\/figure><figure class='gallery-item'>\n\t\t\t<div class='gallery-icon landscape'>\n\t\t\t\t<a data-elementor-open-lightbox=\"yes\" data-elementor-lightbox-slideshow=\"3fda2eb\" data-elementor-lightbox-title=\"KWKF_20231108_2455\" data-e-action-hash=\"#elementor-action%3Aaction%3Dlightbox%26settings%3DeyJpZCI6NTk5MSwidXJsIjoiaHR0cDpcL1wvZmVzdGl3YWxyeW1raWV3aWN6b3dza2kucGxcLzIwMjNcL3dwLWNvbnRlbnRcL3VwbG9hZHNcLzIwMjNcLzExXC9LV0tGXzIwMjMxMTA4XzI0NTUuanBnIiwic2xpZGVzaG93IjoiM2ZkYTJlYiJ9\" href='http:\/\/festiwalrymkiewiczowski.pl\/2023\/wp-content\/uploads\/2023\/11\/KWKF_20231108_2455.jpg'><img decoding=\"async\" width=\"1500\" height=\"1000\" src=\"http:\/\/festiwalrymkiewiczowski.pl\/2023\/wp-content\/uploads\/2023\/11\/KWKF_20231108_2455.jpg\" class=\"attachment-full size-full\" alt=\"\" aria-describedby=\"gallery-1-5991\" srcset=\"http:\/\/festiwalrymkiewiczowski.pl\/2023\/wp-content\/uploads\/2023\/11\/KWKF_20231108_2455.jpg 1500w, http:\/\/festiwalrymkiewiczowski.pl\/2023\/wp-content\/uploads\/2023\/11\/KWKF_20231108_2455-18x12.jpg 18w\" sizes=\"(max-width: 1500px) 100vw, 1500px\" \/><\/a>\n\t\t\t<\/div>\n\t\t\t\t<figcaption class='wp-caption-text gallery-caption' id='gallery-1-5991'>\n\t\t\t\tSAMOB\u00d3JSTWO. \u015aMIER\u0106 OSOBLIWA Spotkanie z Halszk\u0105 Witkowsk\u0105\n\t\t\t\t<\/figcaption><\/figure><figure class='gallery-item'>\n\t\t\t<div class='gallery-icon landscape'>\n\t\t\t\t<a data-elementor-open-lightbox=\"yes\" data-elementor-lightbox-slideshow=\"3fda2eb\" data-elementor-lightbox-title=\"KWKF_20140329_6954\" data-e-action-hash=\"#elementor-action%3Aaction%3Dlightbox%26settings%3DeyJpZCI6NTk4MSwidXJsIjoiaHR0cDpcL1wvZmVzdGl3YWxyeW1raWV3aWN6b3dza2kucGxcLzIwMjNcL3dwLWNvbnRlbnRcL3VwbG9hZHNcLzIwMjNcLzExXC9LV0tGXzIwMTQwMzI5XzY5NTQuanBnIiwic2xpZGVzaG93IjoiM2ZkYTJlYiJ9\" href='http:\/\/festiwalrymkiewiczowski.pl\/2023\/wp-content\/uploads\/2023\/11\/KWKF_20140329_6954.jpg'><img loading=\"lazy\" decoding=\"async\" width=\"1498\" height=\"1000\" src=\"http:\/\/festiwalrymkiewiczowski.pl\/2023\/wp-content\/uploads\/2023\/11\/KWKF_20140329_6954.jpg\" class=\"attachment-full size-full\" alt=\"\" aria-describedby=\"gallery-1-5981\" srcset=\"http:\/\/festiwalrymkiewiczowski.pl\/2023\/wp-content\/uploads\/2023\/11\/KWKF_20140329_6954.jpg 1498w, http:\/\/festiwalrymkiewiczowski.pl\/2023\/wp-content\/uploads\/2023\/11\/KWKF_20140329_6954-18x12.jpg 18w\" sizes=\"(max-width: 1498px) 100vw, 1498px\" \/><\/a>\n\t\t\t<\/div>\n\t\t\t\t<figcaption class='wp-caption-text gallery-caption' id='gallery-1-5981'>\n\t\t\t\tSAMOB\u00d3JSTWO. \u015aMIER\u0106 OSOBLIWA Spotkanie z Halszk\u0105 Witkowsk\u0105\n\t\t\t\t<\/figcaption><\/figure><figure class='gallery-item'>\n\t\t\t<div class='gallery-icon landscape'>\n\t\t\t\t<a data-elementor-open-lightbox=\"yes\" data-elementor-lightbox-slideshow=\"3fda2eb\" data-elementor-lightbox-title=\"KWKF_20140329_6963\" data-e-action-hash=\"#elementor-action%3Aaction%3Dlightbox%26settings%3DeyJpZCI6NTk4MiwidXJsIjoiaHR0cDpcL1wvZmVzdGl3YWxyeW1raWV3aWN6b3dza2kucGxcLzIwMjNcL3dwLWNvbnRlbnRcL3VwbG9hZHNcLzIwMjNcLzExXC9LV0tGXzIwMTQwMzI5XzY5NjMuanBnIiwic2xpZGVzaG93IjoiM2ZkYTJlYiJ9\" href='http:\/\/festiwalrymkiewiczowski.pl\/2023\/wp-content\/uploads\/2023\/11\/KWKF_20140329_6963.jpg'><img loading=\"lazy\" decoding=\"async\" width=\"1498\" height=\"1000\" src=\"http:\/\/festiwalrymkiewiczowski.pl\/2023\/wp-content\/uploads\/2023\/11\/KWKF_20140329_6963.jpg\" class=\"attachment-full size-full\" alt=\"\" aria-describedby=\"gallery-1-5982\" srcset=\"http:\/\/festiwalrymkiewiczowski.pl\/2023\/wp-content\/uploads\/2023\/11\/KWKF_20140329_6963.jpg 1498w, http:\/\/festiwalrymkiewiczowski.pl\/2023\/wp-content\/uploads\/2023\/11\/KWKF_20140329_6963-18x12.jpg 18w\" sizes=\"(max-width: 1498px) 100vw, 1498px\" \/><\/a>\n\t\t\t<\/div>\n\t\t\t\t<figcaption class='wp-caption-text gallery-caption' id='gallery-1-5982'>\n\t\t\t\tSAMOB\u00d3JSTWO. \u015aMIER\u0106 OSOBLIWA Spotkanie z Halszk\u0105 Witkowsk\u0105\n\t\t\t\t<\/figcaption><\/figure><figure class='gallery-item'>\n\t\t\t<div class='gallery-icon landscape'>\n\t\t\t\t<a data-elementor-open-lightbox=\"yes\" data-elementor-lightbox-slideshow=\"3fda2eb\" data-elementor-lightbox-title=\"KWKF_20140329_6966\" data-e-action-hash=\"#elementor-action%3Aaction%3Dlightbox%26settings%3DeyJpZCI6NTk4MywidXJsIjoiaHR0cDpcL1wvZmVzdGl3YWxyeW1raWV3aWN6b3dza2kucGxcLzIwMjNcL3dwLWNvbnRlbnRcL3VwbG9hZHNcLzIwMjNcLzExXC9LV0tGXzIwMTQwMzI5XzY5NjYuanBnIiwic2xpZGVzaG93IjoiM2ZkYTJlYiJ9\" href='http:\/\/festiwalrymkiewiczowski.pl\/2023\/wp-content\/uploads\/2023\/11\/KWKF_20140329_6966.jpg'><img loading=\"lazy\" decoding=\"async\" width=\"1498\" height=\"1000\" src=\"http:\/\/festiwalrymkiewiczowski.pl\/2023\/wp-content\/uploads\/2023\/11\/KWKF_20140329_6966.jpg\" class=\"attachment-full size-full\" alt=\"\" aria-describedby=\"gallery-1-5983\" srcset=\"http:\/\/festiwalrymkiewiczowski.pl\/2023\/wp-content\/uploads\/2023\/11\/KWKF_20140329_6966.jpg 1498w, http:\/\/festiwalrymkiewiczowski.pl\/2023\/wp-content\/uploads\/2023\/11\/KWKF_20140329_6966-18x12.jpg 18w\" sizes=\"(max-width: 1498px) 100vw, 1498px\" \/><\/a>\n\t\t\t<\/div>\n\t\t\t\t<figcaption class='wp-caption-text gallery-caption' id='gallery-1-5983'>\n\t\t\t\tSAMOB\u00d3JSTWO. \u015aMIER\u0106 OSOBLIWA Spotkanie z Halszk\u0105 Witkowsk\u0105\n\t\t\t\t<\/figcaption><\/figure><figure class='gallery-item'>\n\t\t\t<div class='gallery-icon landscape'>\n\t\t\t\t<a data-elementor-open-lightbox=\"yes\" data-elementor-lightbox-slideshow=\"3fda2eb\" data-elementor-lightbox-title=\"KWKF_20231108_2490\" data-e-action-hash=\"#elementor-action%3Aaction%3Dlightbox%26settings%3DeyJpZCI6NTk5NCwidXJsIjoiaHR0cDpcL1wvZmVzdGl3YWxyeW1raWV3aWN6b3dza2kucGxcLzIwMjNcL3dwLWNvbnRlbnRcL3VwbG9hZHNcLzIwMjNcLzExXC9LV0tGXzIwMjMxMTA4XzI0OTAuanBnIiwic2xpZGVzaG93IjoiM2ZkYTJlYiJ9\" href='http:\/\/festiwalrymkiewiczowski.pl\/2023\/wp-content\/uploads\/2023\/11\/KWKF_20231108_2490.jpg'><img loading=\"lazy\" decoding=\"async\" width=\"1500\" height=\"1000\" src=\"http:\/\/festiwalrymkiewiczowski.pl\/2023\/wp-content\/uploads\/2023\/11\/KWKF_20231108_2490.jpg\" class=\"attachment-full size-full\" alt=\"\" aria-describedby=\"gallery-1-5994\" srcset=\"http:\/\/festiwalrymkiewiczowski.pl\/2023\/wp-content\/uploads\/2023\/11\/KWKF_20231108_2490.jpg 1500w, http:\/\/festiwalrymkiewiczowski.pl\/2023\/wp-content\/uploads\/2023\/11\/KWKF_20231108_2490-18x12.jpg 18w\" sizes=\"(max-width: 1500px) 100vw, 1500px\" \/><\/a>\n\t\t\t<\/div>\n\t\t\t\t<figcaption class='wp-caption-text gallery-caption' id='gallery-1-5994'>\n\t\t\t\tSAMOB\u00d3JSTWO. \u015aMIER\u0106 OSOBLIWA Spotkanie z Halszk\u0105 Witkowsk\u0105\n\t\t\t\t<\/figcaption><\/figure><figure class='gallery-item'>\n\t\t\t<div class='gallery-icon landscape'>\n\t\t\t\t<a data-elementor-open-lightbox=\"yes\" data-elementor-lightbox-slideshow=\"3fda2eb\" data-elementor-lightbox-title=\"KWKF_20140329_6976\" data-e-action-hash=\"#elementor-action%3Aaction%3Dlightbox%26settings%3DeyJpZCI6NTk4NiwidXJsIjoiaHR0cDpcL1wvZmVzdGl3YWxyeW1raWV3aWN6b3dza2kucGxcLzIwMjNcL3dwLWNvbnRlbnRcL3VwbG9hZHNcLzIwMjNcLzExXC9LV0tGXzIwMTQwMzI5XzY5NzYuanBnIiwic2xpZGVzaG93IjoiM2ZkYTJlYiJ9\" href='http:\/\/festiwalrymkiewiczowski.pl\/2023\/wp-content\/uploads\/2023\/11\/KWKF_20140329_6976.jpg'><img loading=\"lazy\" decoding=\"async\" width=\"1498\" height=\"1000\" src=\"http:\/\/festiwalrymkiewiczowski.pl\/2023\/wp-content\/uploads\/2023\/11\/KWKF_20140329_6976.jpg\" class=\"attachment-full size-full\" alt=\"\" aria-describedby=\"gallery-1-5986\" srcset=\"http:\/\/festiwalrymkiewiczowski.pl\/2023\/wp-content\/uploads\/2023\/11\/KWKF_20140329_6976.jpg 1498w, http:\/\/festiwalrymkiewiczowski.pl\/2023\/wp-content\/uploads\/2023\/11\/KWKF_20140329_6976-18x12.jpg 18w\" sizes=\"(max-width: 1498px) 100vw, 1498px\" \/><\/a>\n\t\t\t<\/div>\n\t\t\t\t<figcaption class='wp-caption-text gallery-caption' id='gallery-1-5986'>\n\t\t\t\tSAMOB\u00d3JSTWO. \u015aMIER\u0106 OSOBLIWA Spotkanie z Halszk\u0105 Witkowsk\u0105\n\t\t\t\t<\/figcaption><\/figure><figure class='gallery-item'>\n\t\t\t<div class='gallery-icon landscape'>\n\t\t\t\t<a data-elementor-open-lightbox=\"yes\" data-elementor-lightbox-slideshow=\"3fda2eb\" data-elementor-lightbox-title=\"KWKF_20140329_6972\" data-e-action-hash=\"#elementor-action%3Aaction%3Dlightbox%26settings%3DeyJpZCI6NTk4NSwidXJsIjoiaHR0cDpcL1wvZmVzdGl3YWxyeW1raWV3aWN6b3dza2kucGxcLzIwMjNcL3dwLWNvbnRlbnRcL3VwbG9hZHNcLzIwMjNcLzExXC9LV0tGXzIwMTQwMzI5XzY5NzIuanBnIiwic2xpZGVzaG93IjoiM2ZkYTJlYiJ9\" href='http:\/\/festiwalrymkiewiczowski.pl\/2023\/wp-content\/uploads\/2023\/11\/KWKF_20140329_6972.jpg'><img loading=\"lazy\" decoding=\"async\" width=\"1498\" height=\"1000\" src=\"http:\/\/festiwalrymkiewiczowski.pl\/2023\/wp-content\/uploads\/2023\/11\/KWKF_20140329_6972.jpg\" class=\"attachment-full size-full\" alt=\"\" aria-describedby=\"gallery-1-5985\" srcset=\"http:\/\/festiwalrymkiewiczowski.pl\/2023\/wp-content\/uploads\/2023\/11\/KWKF_20140329_6972.jpg 1498w, http:\/\/festiwalrymkiewiczowski.pl\/2023\/wp-content\/uploads\/2023\/11\/KWKF_20140329_6972-18x12.jpg 18w\" sizes=\"(max-width: 1498px) 100vw, 1498px\" \/><\/a>\n\t\t\t<\/div>\n\t\t\t\t<figcaption class='wp-caption-text gallery-caption' id='gallery-1-5985'>\n\t\t\t\tSAMOB\u00d3JSTWO. \u015aMIER\u0106 OSOBLIWA Spotkanie z Halszk\u0105 Witkowsk\u0105\n\t\t\t\t<\/figcaption><\/figure><figure class='gallery-item'>\n\t\t\t<div class='gallery-icon landscape'>\n\t\t\t\t<a data-elementor-open-lightbox=\"yes\" data-elementor-lightbox-slideshow=\"3fda2eb\" data-elementor-lightbox-title=\"KWKF_20140329_6984\" data-e-action-hash=\"#elementor-action%3Aaction%3Dlightbox%26settings%3DeyJpZCI6NTk4NywidXJsIjoiaHR0cDpcL1wvZmVzdGl3YWxyeW1raWV3aWN6b3dza2kucGxcLzIwMjNcL3dwLWNvbnRlbnRcL3VwbG9hZHNcLzIwMjNcLzExXC9LV0tGXzIwMTQwMzI5XzY5ODQuanBnIiwic2xpZGVzaG93IjoiM2ZkYTJlYiJ9\" href='http:\/\/festiwalrymkiewiczowski.pl\/2023\/wp-content\/uploads\/2023\/11\/KWKF_20140329_6984.jpg'><img loading=\"lazy\" decoding=\"async\" width=\"1498\" height=\"1000\" src=\"http:\/\/festiwalrymkiewiczowski.pl\/2023\/wp-content\/uploads\/2023\/11\/KWKF_20140329_6984.jpg\" class=\"attachment-full size-full\" alt=\"\" aria-describedby=\"gallery-1-5987\" srcset=\"http:\/\/festiwalrymkiewiczowski.pl\/2023\/wp-content\/uploads\/2023\/11\/KWKF_20140329_6984.jpg 1498w, http:\/\/festiwalrymkiewiczowski.pl\/2023\/wp-content\/uploads\/2023\/11\/KWKF_20140329_6984-18x12.jpg 18w\" sizes=\"(max-width: 1498px) 100vw, 1498px\" \/><\/a>\n\t\t\t<\/div>\n\t\t\t\t<figcaption class='wp-caption-text gallery-caption' id='gallery-1-5987'>\n\t\t\t\tSAMOB\u00d3JSTWO. \u015aMIER\u0106 OSOBLIWA Spotkanie z Halszk\u0105 Witkowsk\u0105\n\t\t\t\t<\/figcaption><\/figure><figure class='gallery-item'>\n\t\t\t<div class='gallery-icon landscape'>\n\t\t\t\t<a data-elementor-open-lightbox=\"yes\" data-elementor-lightbox-slideshow=\"3fda2eb\" data-elementor-lightbox-title=\"KWKF_20231108_2466\" data-e-action-hash=\"#elementor-action%3Aaction%3Dlightbox%26settings%3DeyJpZCI6NTk5MiwidXJsIjoiaHR0cDpcL1wvZmVzdGl3YWxyeW1raWV3aWN6b3dza2kucGxcLzIwMjNcL3dwLWNvbnRlbnRcL3VwbG9hZHNcLzIwMjNcLzExXC9LV0tGXzIwMjMxMTA4XzI0NjYuanBnIiwic2xpZGVzaG93IjoiM2ZkYTJlYiJ9\" href='http:\/\/festiwalrymkiewiczowski.pl\/2023\/wp-content\/uploads\/2023\/11\/KWKF_20231108_2466.jpg'><img loading=\"lazy\" decoding=\"async\" width=\"1500\" height=\"1000\" src=\"http:\/\/festiwalrymkiewiczowski.pl\/2023\/wp-content\/uploads\/2023\/11\/KWKF_20231108_2466.jpg\" class=\"attachment-full size-full\" alt=\"\" aria-describedby=\"gallery-1-5992\" srcset=\"http:\/\/festiwalrymkiewiczowski.pl\/2023\/wp-content\/uploads\/2023\/11\/KWKF_20231108_2466.jpg 1500w, http:\/\/festiwalrymkiewiczowski.pl\/2023\/wp-content\/uploads\/2023\/11\/KWKF_20231108_2466-18x12.jpg 18w\" sizes=\"(max-width: 1500px) 100vw, 1500px\" \/><\/a>\n\t\t\t<\/div>\n\t\t\t\t<figcaption class='wp-caption-text gallery-caption' id='gallery-1-5992'>\n\t\t\t\tSAMOB\u00d3JSTWO. \u015aMIER\u0106 OSOBLIWA Spotkanie z Halszk\u0105 Witkowsk\u0105\n\t\t\t\t<\/figcaption><\/figure><figure class='gallery-item'>\n\t\t\t<div class='gallery-icon landscape'>\n\t\t\t\t<a data-elementor-open-lightbox=\"yes\" data-elementor-lightbox-slideshow=\"3fda2eb\" data-elementor-lightbox-title=\"KWKF_20140329_7004\" data-e-action-hash=\"#elementor-action%3Aaction%3Dlightbox%26settings%3DeyJpZCI6NTk4OSwidXJsIjoiaHR0cDpcL1wvZmVzdGl3YWxyeW1raWV3aWN6b3dza2kucGxcLzIwMjNcL3dwLWNvbnRlbnRcL3VwbG9hZHNcLzIwMjNcLzExXC9LV0tGXzIwMTQwMzI5XzcwMDQuanBnIiwic2xpZGVzaG93IjoiM2ZkYTJlYiJ9\" href='http:\/\/festiwalrymkiewiczowski.pl\/2023\/wp-content\/uploads\/2023\/11\/KWKF_20140329_7004.jpg'><img loading=\"lazy\" decoding=\"async\" width=\"1498\" height=\"1000\" src=\"http:\/\/festiwalrymkiewiczowski.pl\/2023\/wp-content\/uploads\/2023\/11\/KWKF_20140329_7004.jpg\" class=\"attachment-full size-full\" alt=\"\" aria-describedby=\"gallery-1-5989\" srcset=\"http:\/\/festiwalrymkiewiczowski.pl\/2023\/wp-content\/uploads\/2023\/11\/KWKF_20140329_7004.jpg 1498w, http:\/\/festiwalrymkiewiczowski.pl\/2023\/wp-content\/uploads\/2023\/11\/KWKF_20140329_7004-18x12.jpg 18w\" sizes=\"(max-width: 1498px) 100vw, 1498px\" \/><\/a>\n\t\t\t<\/div>\n\t\t\t\t<figcaption class='wp-caption-text gallery-caption' id='gallery-1-5989'>\n\t\t\t\tSAMOB\u00d3JSTWO. \u015aMIER\u0106 OSOBLIWA Spotkanie z Halszk\u0105 Witkowsk\u0105\n\t\t\t\t<\/figcaption><\/figure><figure class='gallery-item'>\n\t\t\t<div class='gallery-icon landscape'>\n\t\t\t\t<a data-elementor-open-lightbox=\"yes\" data-elementor-lightbox-slideshow=\"3fda2eb\" data-elementor-lightbox-title=\"KWKF_20231108_2495\" data-e-action-hash=\"#elementor-action%3Aaction%3Dlightbox%26settings%3DeyJpZCI6NTk5NSwidXJsIjoiaHR0cDpcL1wvZmVzdGl3YWxyeW1raWV3aWN6b3dza2kucGxcLzIwMjNcL3dwLWNvbnRlbnRcL3VwbG9hZHNcLzIwMjNcLzExXC9LV0tGXzIwMjMxMTA4XzI0OTUuanBnIiwic2xpZGVzaG93IjoiM2ZkYTJlYiJ9\" href='http:\/\/festiwalrymkiewiczowski.pl\/2023\/wp-content\/uploads\/2023\/11\/KWKF_20231108_2495.jpg'><img loading=\"lazy\" decoding=\"async\" width=\"1500\" height=\"1000\" src=\"http:\/\/festiwalrymkiewiczowski.pl\/2023\/wp-content\/uploads\/2023\/11\/KWKF_20231108_2495.jpg\" class=\"attachment-full size-full\" alt=\"\" aria-describedby=\"gallery-1-5995\" srcset=\"http:\/\/festiwalrymkiewiczowski.pl\/2023\/wp-content\/uploads\/2023\/11\/KWKF_20231108_2495.jpg 1500w, http:\/\/festiwalrymkiewiczowski.pl\/2023\/wp-content\/uploads\/2023\/11\/KWKF_20231108_2495-18x12.jpg 18w\" sizes=\"(max-width: 1500px) 100vw, 1500px\" \/><\/a>\n\t\t\t<\/div>\n\t\t\t\t<figcaption class='wp-caption-text gallery-caption' id='gallery-1-5995'>\n\t\t\t\tSAMOB\u00d3JSTWO. \u015aMIER\u0106 OSOBLIWA Spotkanie z Halszk\u0105 Witkowsk\u0105\n\t\t\t\t<\/figcaption><\/figure><figure class='gallery-item'>\n\t\t\t<div class='gallery-icon landscape'>\n\t\t\t\t<a data-elementor-open-lightbox=\"yes\" data-elementor-lightbox-slideshow=\"3fda2eb\" data-elementor-lightbox-title=\"KWKF_20231108_2454\" data-e-action-hash=\"#elementor-action%3Aaction%3Dlightbox%26settings%3DeyJpZCI6NTk5MCwidXJsIjoiaHR0cDpcL1wvZmVzdGl3YWxyeW1raWV3aWN6b3dza2kucGxcLzIwMjNcL3dwLWNvbnRlbnRcL3VwbG9hZHNcLzIwMjNcLzExXC9LV0tGXzIwMjMxMTA4XzI0NTQuanBnIiwic2xpZGVzaG93IjoiM2ZkYTJlYiJ9\" href='http:\/\/festiwalrymkiewiczowski.pl\/2023\/wp-content\/uploads\/2023\/11\/KWKF_20231108_2454.jpg'><img loading=\"lazy\" decoding=\"async\" width=\"1498\" height=\"1000\" src=\"http:\/\/festiwalrymkiewiczowski.pl\/2023\/wp-content\/uploads\/2023\/11\/KWKF_20231108_2454.jpg\" class=\"attachment-full size-full\" alt=\"\" aria-describedby=\"gallery-1-5990\" srcset=\"http:\/\/festiwalrymkiewiczowski.pl\/2023\/wp-content\/uploads\/2023\/11\/KWKF_20231108_2454.jpg 1498w, http:\/\/festiwalrymkiewiczowski.pl\/2023\/wp-content\/uploads\/2023\/11\/KWKF_20231108_2454-18x12.jpg 18w\" sizes=\"(max-width: 1498px) 100vw, 1498px\" \/><\/a>\n\t\t\t<\/div>\n\t\t\t\t<figcaption class='wp-caption-text gallery-caption' id='gallery-1-5990'>\n\t\t\t\tSAMOB\u00d3JSTWO. \u015aMIER\u0106 OSOBLIWA Spotkanie z Halszk\u0105 Witkowsk\u0105\n\t\t\t\t<\/figcaption><\/figure><figure class='gallery-item'>\n\t\t\t<div class='gallery-icon landscape'>\n\t\t\t\t<a data-elementor-open-lightbox=\"yes\" data-elementor-lightbox-slideshow=\"3fda2eb\" data-elementor-lightbox-title=\"KWKF_20231108_2473\" data-e-action-hash=\"#elementor-action%3Aaction%3Dlightbox%26settings%3DeyJpZCI6NTk5MywidXJsIjoiaHR0cDpcL1wvZmVzdGl3YWxyeW1raWV3aWN6b3dza2kucGxcLzIwMjNcL3dwLWNvbnRlbnRcL3VwbG9hZHNcLzIwMjNcLzExXC9LV0tGXzIwMjMxMTA4XzI0NzMuanBnIiwic2xpZGVzaG93IjoiM2ZkYTJlYiJ9\" href='http:\/\/festiwalrymkiewiczowski.pl\/2023\/wp-content\/uploads\/2023\/11\/KWKF_20231108_2473.jpg'><img loading=\"lazy\" decoding=\"async\" width=\"1500\" height=\"1000\" src=\"http:\/\/festiwalrymkiewiczowski.pl\/2023\/wp-content\/uploads\/2023\/11\/KWKF_20231108_2473.jpg\" class=\"attachment-full size-full\" alt=\"\" aria-describedby=\"gallery-1-5993\" srcset=\"http:\/\/festiwalrymkiewiczowski.pl\/2023\/wp-content\/uploads\/2023\/11\/KWKF_20231108_2473.jpg 1500w, http:\/\/festiwalrymkiewiczowski.pl\/2023\/wp-content\/uploads\/2023\/11\/KWKF_20231108_2473-18x12.jpg 18w\" sizes=\"(max-width: 1500px) 100vw, 1500px\" \/><\/a>\n\t\t\t<\/div>\n\t\t\t\t<figcaption class='wp-caption-text gallery-caption' id='gallery-1-5993'>\n\t\t\t\tSAMOB\u00d3JSTWO. \u015aMIER\u0106 OSOBLIWA Spotkanie z Halszk\u0105 Witkowsk\u0105\n\t\t\t\t<\/figcaption><\/figure><figure class='gallery-item'>\n\t\t\t<div class='gallery-icon landscape'>\n\t\t\t\t<a data-elementor-open-lightbox=\"yes\" data-elementor-lightbox-slideshow=\"3fda2eb\" data-elementor-lightbox-title=\"KWKF_20231108_2504\" data-e-action-hash=\"#elementor-action%3Aaction%3Dlightbox%26settings%3DeyJpZCI6NTk5NywidXJsIjoiaHR0cDpcL1wvZmVzdGl3YWxyeW1raWV3aWN6b3dza2kucGxcLzIwMjNcL3dwLWNvbnRlbnRcL3VwbG9hZHNcLzIwMjNcLzExXC9LV0tGXzIwMjMxMTA4XzI1MDQuanBnIiwic2xpZGVzaG93IjoiM2ZkYTJlYiJ9\" href='http:\/\/festiwalrymkiewiczowski.pl\/2023\/wp-content\/uploads\/2023\/11\/KWKF_20231108_2504.jpg'><img loading=\"lazy\" decoding=\"async\" width=\"1500\" height=\"1000\" src=\"http:\/\/festiwalrymkiewiczowski.pl\/2023\/wp-content\/uploads\/2023\/11\/KWKF_20231108_2504.jpg\" class=\"attachment-full size-full\" alt=\"\" aria-describedby=\"gallery-1-5997\" srcset=\"http:\/\/festiwalrymkiewiczowski.pl\/2023\/wp-content\/uploads\/2023\/11\/KWKF_20231108_2504.jpg 1500w, http:\/\/festiwalrymkiewiczowski.pl\/2023\/wp-content\/uploads\/2023\/11\/KWKF_20231108_2504-18x12.jpg 18w\" sizes=\"(max-width: 1500px) 100vw, 1500px\" \/><\/a>\n\t\t\t<\/div>\n\t\t\t\t<figcaption class='wp-caption-text gallery-caption' id='gallery-1-5997'>\n\t\t\t\tSAMOB\u00d3JSTWO. \u015aMIER\u0106 OSOBLIWA Spotkanie z Halszk\u0105 Witkowsk\u0105\n\t\t\t\t<\/figcaption><\/figure>\n\t\t<\/div>\n\t\t<\/div>\n\t\t\t\t\t\t<\/div>\n\t\t\t\t<\/div>\n\t\t\t\t\t<\/div>\n\t\t<\/div>\n\t\t\t\t\t<\/div>\n\t\t<\/section>\n\t\t\t\t<\/div>","protected":false},"excerpt":{"rendered":"<p>GaleriaSAMOB\u00d3JSTWO. \u015aMIER\u0106 OSOBLIWASpotkanie z Halszk\u0105 Witkowsk\u0105 8\u00a0listopada 2023 Muzeum Literatury, g. 18.00 wi\u0119cej o spotkaniu SAMOB\u00d3JSTWO. \u015aMIER\u0106 OSOBLIWA Spotkanie z Halszk\u0105 Witkowsk\u0105 SAMOB\u00d3JSTWO. \u015aMIER\u0106 OSOBLIWA Spotkanie z Halszk\u0105 Witkowsk\u0105 SAMOB\u00d3JSTWO. \u015aMIER\u0106 OSOBLIWA Spotkanie z Halszk\u0105 Witkowsk\u0105 SAMOB\u00d3JSTWO. \u015aMIER\u0106 OSOBLIWA Spotkanie z Halszk\u0105 Witkowsk\u0105 SAMOB\u00d3JSTWO. \u015aMIER\u0106 OSOBLIWA Spotkanie z Halszk\u0105 Witkowsk\u0105 SAMOB\u00d3JSTWO. \u015aMIER\u0106 OSOBLIWA Spotkanie z [&hellip;]<\/p>","protected":false},"author":1,"featured_media":0,"parent":0,"menu_order":0,"comment_status":"closed","ping_status":"closed","template":"","meta":{"_monsterinsights_skip_tracking":false,"_monsterinsights_sitenote_active":false,"_monsterinsights_sitenote_note":"","_monsterinsights_sitenote_category":0,"footnotes":""},"class_list":["post-5976","page","type-page","status-publish","hentry"],"_links":{"self":[{"href":"http:\/\/festiwalrymkiewiczowski.pl\/2023\/en\/wp-json\/wp\/v2\/pages\/5976","targetHints":{"allow":["GET"]}}],"collection":[{"href":"http:\/\/festiwalrymkiewiczowski.pl\/2023\/en\/wp-json\/wp\/v2\/pages"}],"about":[{"href":"http:\/\/festiwalrymkiewiczowski.pl\/2023\/en\/wp-json\/wp\/v2\/types\/page"}],"author":[{"embeddable":true,"href":"http:\/\/festiwalrymkiewiczowski.pl\/2023\/en\/wp-json\/wp\/v2\/users\/1"}],"replies":[{"embeddable":true,"href":"http:\/\/festiwalrymkiewiczowski.pl\/2023\/en\/wp-json\/wp\/v2\/comments?post=5976"}],"version-history":[{"count":10,"href":"http:\/\/festiwalrymkiewiczowski.pl\/2023\/en\/wp-json\/wp\/v2\/pages\/5976\/revisions"}],"predecessor-version":[{"id":6245,"href":"http:\/\/festiwalrymkiewiczowski.pl\/2023\/en\/wp-json\/wp\/v2\/pages\/5976\/revisions\/6245"}],"wp:attachment":[{"href":"http:\/\/festiwalrymkiewiczowski.pl\/2023\/en\/wp-json\/wp\/v2\/media?parent=5976"}],"curies":[{"name":"wp","href":"https:\/\/api.w.org\/{rel}","templated":true}]}}