{"id":5364,"date":"2023-11-05T04:52:29","date_gmt":"2023-11-05T04:52:29","guid":{"rendered":"http:\/\/festiwalrymkiewiczowski.pl\/2023\/?page_id=5364"},"modified":"2023-11-05T05:15:50","modified_gmt":"2023-11-05T05:15:50","slug":"galeria-ksiezniczka","status":"publish","type":"page","link":"http:\/\/festiwalrymkiewiczowski.pl\/2023\/en\/galeria-ksiezniczka\/","title":{"rendered":"KSI\u0118\u017bNICZKA SPRAWY BO\u017bEJ Czytanie performatywne  &#8211; Galeria"},"content":{"rendered":"<div data-elementor-type=\"wp-page\" data-elementor-id=\"5364\" class=\"elementor elementor-5364\">\n\t\t\t\t\t\t<section class=\"elementor-section elementor-top-section elementor-element elementor-element-34b849d elementor-section-stretched elementor-section-boxed elementor-section-height-default elementor-section-height-default\" data-id=\"34b849d\" data-element_type=\"section\" data-settings=\"{&quot;stretch_section&quot;:&quot;section-stretched&quot;,&quot;background_background&quot;:&quot;classic&quot;}\">\n\t\t\t\t\t\t\t<div class=\"elementor-background-overlay\"><\/div>\n\t\t\t\t\t\t\t<div class=\"elementor-container elementor-column-gap-default\">\n\t\t\t\t\t<div class=\"aux-parallax-section elementor-column elementor-col-100 elementor-top-column elementor-element elementor-element-3d31602\" data-id=\"3d31602\" data-element_type=\"column\">\n\t\t\t<div class=\"elementor-widget-wrap elementor-element-populated\">\n\t\t\t\t\t\t<div class=\"elementor-element elementor-element-a8607b4 elementor-widget elementor-widget-text-editor\" data-id=\"a8607b4\" data-element_type=\"widget\" data-widget_type=\"text-editor.default\">\n\t\t\t\t<div class=\"elementor-widget-container\">\n\t\t\t\t\t\t\t\t\tGallery\t\t\t\t\t\t\t\t<\/div>\n\t\t\t\t<\/div>\n\t\t\t\t<div class=\"elementor-element elementor-element-a77f49c elementor-widget elementor-widget-text-editor\" data-id=\"a77f49c\" data-element_type=\"widget\" data-widget_type=\"text-editor.default\">\n\t\t\t\t<div class=\"elementor-widget-container\">\n\t\t\t\t\t\t\t\t\tKSI\u0118\u017bNICZKA SPRAWY BO\u017bEJ<br>\nCzytanie performatywne\t\t\t\t\t\t\t\t<\/div>\n\t\t\t\t<\/div>\n\t\t\t\t<div class=\"elementor-element elementor-element-021a072 elementor-widget elementor-widget-image\" data-id=\"021a072\" data-element_type=\"widget\" data-widget_type=\"image.default\">\n\t\t\t\t<div class=\"elementor-widget-container\">\n\t\t\t\t\t\t\t\t\t\t\t\t\t\t\t<img decoding=\"async\" width=\"70\" height=\"19\" src=\"http:\/\/festiwalrymkiewiczowski.pl\/2023\/wp-content\/uploads\/2023\/10\/IT.svg\" class=\"attachment-large size-large wp-image-2241\" alt=\"\" \/>\t\t\t\t\t\t\t\t\t\t\t\t\t\t\t<\/div>\n\t\t\t\t<\/div>\n\t\t\t\t<div class=\"elementor-element elementor-element-4631201 elementor-widget elementor-widget-text-editor\" data-id=\"4631201\" data-element_type=\"widget\" data-settings=\"{&quot;_animation&quot;:&quot;none&quot;}\" data-widget_type=\"text-editor.default\">\n\t\t\t\t<div class=\"elementor-widget-container\">\n\t\t\t\t\t\t\t\t\t<strong>3 listopada 2023<\/strong><br>\nInstytut Teatralny, g. 19.00\t\t\t\t\t\t\t\t<\/div>\n\t\t\t\t<\/div>\n\t\t\t\t<div class=\"elementor-element elementor-element-bf720bd elementor-invisible elementor-widget elementor-widget-aux_modern_button\" data-id=\"bf720bd\" data-element_type=\"widget\" data-settings=\"{&quot;_animation&quot;:&quot;fadeIn&quot;}\" data-widget_type=\"aux_modern_button.default\">\n\t\t\t\t<div class=\"elementor-widget-container\">\n\t\t\t\t\t    <div class=\"aux-modern-button-wrapper aux-modern-button-align-center\" >\n                    <a class=\"aux-modern-button aux-black aux-modern-button-xs aux-modern-button-normal aux-modern-button-default aux-icon-\" href=\"http:\/\/festiwalrymkiewiczowski.pl\/2023\/en\/ksiezniczka\/\">\n                <div class=\"aux-overlay\"><\/div>\n                                    <div class=\"aux-icon\">\n                                            <\/div>\n                                <div class=\"aux-text\">\n<span class=\"aux-text-before\">wi\u0119cej o spektaklu<\/span>                <\/div>\n            <\/a>\n            \n    <\/div>\n\n    \t\t\t\t<\/div>\n\t\t\t\t<\/div>\n\t\t\t\t<div class=\"elementor-element elementor-element-3fda2eb gallery-spacing-custom elementor-invisible elementor-widget elementor-widget-image-gallery\" data-id=\"3fda2eb\" data-element_type=\"widget\" data-settings=\"{&quot;_animation&quot;:&quot;fadeIn&quot;}\" data-widget_type=\"image-gallery.default\">\n\t\t\t\t<div class=\"elementor-widget-container\">\n\t\t\t\t\t\t\t<div class=\"elementor-image-gallery\">\n\t\t\t<div id='gallery-1' class='gallery galleryid-5364 gallery-columns-3 gallery-size-full'><figure class='gallery-item'>\n\t\t\t<div class='gallery-icon landscape'>\n\t\t\t\t<a data-elementor-open-lightbox=\"yes\" data-elementor-lightbox-slideshow=\"3fda2eb\" data-elementor-lightbox-title=\"KWKF_20140324_6563\" data-e-action-hash=\"#elementor-action%3Aaction%3Dlightbox%26settings%3DeyJpZCI6NTM3MCwidXJsIjoiaHR0cDpcL1wvZmVzdGl3YWxyeW1raWV3aWN6b3dza2kucGxcLzIwMjNcL3dwLWNvbnRlbnRcL3VwbG9hZHNcLzIwMjNcLzExXC9LV0tGXzIwMTQwMzI0XzY1NjMuanBnIiwic2xpZGVzaG93IjoiM2ZkYTJlYiJ9\" href='http:\/\/festiwalrymkiewiczowski.pl\/2023\/wp-content\/uploads\/2023\/11\/KWKF_20140324_6563.jpg'><img fetchpriority=\"high\" decoding=\"async\" width=\"1498\" height=\"1000\" src=\"http:\/\/festiwalrymkiewiczowski.pl\/2023\/wp-content\/uploads\/2023\/11\/KWKF_20140324_6563.jpg\" class=\"attachment-full size-full\" alt=\"\" aria-describedby=\"gallery-1-5370\" srcset=\"http:\/\/festiwalrymkiewiczowski.pl\/2023\/wp-content\/uploads\/2023\/11\/KWKF_20140324_6563.jpg 1498w, http:\/\/festiwalrymkiewiczowski.pl\/2023\/wp-content\/uploads\/2023\/11\/KWKF_20140324_6563-18x12.jpg 18w\" sizes=\"(max-width: 1498px) 100vw, 1498px\" \/><\/a>\n\t\t\t<\/div>\n\t\t\t\t<figcaption class='wp-caption-text gallery-caption' id='gallery-1-5370'>\n\t\t\t\tKSI\u0118\u017bNICZKA SPRAWY BO\u017bEJ &#8211; Czytanie performatywne\n\t\t\t\t<\/figcaption><\/figure><figure class='gallery-item'>\n\t\t\t<div class='gallery-icon landscape'>\n\t\t\t\t<a data-elementor-open-lightbox=\"yes\" data-elementor-lightbox-slideshow=\"3fda2eb\" data-elementor-lightbox-title=\"KWKF_20140324_6575\" data-e-action-hash=\"#elementor-action%3Aaction%3Dlightbox%26settings%3DeyJpZCI6NTM3MSwidXJsIjoiaHR0cDpcL1wvZmVzdGl3YWxyeW1raWV3aWN6b3dza2kucGxcLzIwMjNcL3dwLWNvbnRlbnRcL3VwbG9hZHNcLzIwMjNcLzExXC9LV0tGXzIwMTQwMzI0XzY1NzUuanBnIiwic2xpZGVzaG93IjoiM2ZkYTJlYiJ9\" href='http:\/\/festiwalrymkiewiczowski.pl\/2023\/wp-content\/uploads\/2023\/11\/KWKF_20140324_6575.jpg'><img decoding=\"async\" width=\"1498\" height=\"1000\" src=\"http:\/\/festiwalrymkiewiczowski.pl\/2023\/wp-content\/uploads\/2023\/11\/KWKF_20140324_6575.jpg\" class=\"attachment-full size-full\" alt=\"\" aria-describedby=\"gallery-1-5371\" srcset=\"http:\/\/festiwalrymkiewiczowski.pl\/2023\/wp-content\/uploads\/2023\/11\/KWKF_20140324_6575.jpg 1498w, http:\/\/festiwalrymkiewiczowski.pl\/2023\/wp-content\/uploads\/2023\/11\/KWKF_20140324_6575-18x12.jpg 18w\" sizes=\"(max-width: 1498px) 100vw, 1498px\" \/><\/a>\n\t\t\t<\/div>\n\t\t\t\t<figcaption class='wp-caption-text gallery-caption' id='gallery-1-5371'>\n\t\t\t\tKSI\u0118\u017bNICZKA SPRAWY BO\u017bEJ &#8211; Czytanie performatywne\n\t\t\t\t<\/figcaption><\/figure><figure class='gallery-item'>\n\t\t\t<div class='gallery-icon landscape'>\n\t\t\t\t<a data-elementor-open-lightbox=\"yes\" data-elementor-lightbox-slideshow=\"3fda2eb\" data-elementor-lightbox-title=\"KWKF_20140324_6579\" data-e-action-hash=\"#elementor-action%3Aaction%3Dlightbox%26settings%3DeyJpZCI6NTM3MiwidXJsIjoiaHR0cDpcL1wvZmVzdGl3YWxyeW1raWV3aWN6b3dza2kucGxcLzIwMjNcL3dwLWNvbnRlbnRcL3VwbG9hZHNcLzIwMjNcLzExXC9LV0tGXzIwMTQwMzI0XzY1NzkuanBnIiwic2xpZGVzaG93IjoiM2ZkYTJlYiJ9\" href='http:\/\/festiwalrymkiewiczowski.pl\/2023\/wp-content\/uploads\/2023\/11\/KWKF_20140324_6579.jpg'><img loading=\"lazy\" decoding=\"async\" width=\"1498\" height=\"1000\" src=\"http:\/\/festiwalrymkiewiczowski.pl\/2023\/wp-content\/uploads\/2023\/11\/KWKF_20140324_6579.jpg\" class=\"attachment-full size-full\" alt=\"\" aria-describedby=\"gallery-1-5372\" srcset=\"http:\/\/festiwalrymkiewiczowski.pl\/2023\/wp-content\/uploads\/2023\/11\/KWKF_20140324_6579.jpg 1498w, http:\/\/festiwalrymkiewiczowski.pl\/2023\/wp-content\/uploads\/2023\/11\/KWKF_20140324_6579-18x12.jpg 18w\" sizes=\"(max-width: 1498px) 100vw, 1498px\" \/><\/a>\n\t\t\t<\/div>\n\t\t\t\t<figcaption class='wp-caption-text gallery-caption' id='gallery-1-5372'>\n\t\t\t\tKSI\u0118\u017bNICZKA SPRAWY BO\u017bEJ &#8211; Czytanie performatywne\n\t\t\t\t<\/figcaption><\/figure><figure class='gallery-item'>\n\t\t\t<div class='gallery-icon landscape'>\n\t\t\t\t<a data-elementor-open-lightbox=\"yes\" data-elementor-lightbox-slideshow=\"3fda2eb\" data-elementor-lightbox-title=\"KWKF_20231103_1028\" data-e-action-hash=\"#elementor-action%3Aaction%3Dlightbox%26settings%3DeyJpZCI6NTM3MywidXJsIjoiaHR0cDpcL1wvZmVzdGl3YWxyeW1raWV3aWN6b3dza2kucGxcLzIwMjNcL3dwLWNvbnRlbnRcL3VwbG9hZHNcLzIwMjNcLzExXC9LV0tGXzIwMjMxMTAzXzEwMjguanBnIiwic2xpZGVzaG93IjoiM2ZkYTJlYiJ9\" href='http:\/\/festiwalrymkiewiczowski.pl\/2023\/wp-content\/uploads\/2023\/11\/KWKF_20231103_1028.jpg'><img loading=\"lazy\" decoding=\"async\" width=\"1400\" height=\"1000\" src=\"http:\/\/festiwalrymkiewiczowski.pl\/2023\/wp-content\/uploads\/2023\/11\/KWKF_20231103_1028.jpg\" class=\"attachment-full size-full\" alt=\"\" aria-describedby=\"gallery-1-5373\" srcset=\"http:\/\/festiwalrymkiewiczowski.pl\/2023\/wp-content\/uploads\/2023\/11\/KWKF_20231103_1028.jpg 1400w, http:\/\/festiwalrymkiewiczowski.pl\/2023\/wp-content\/uploads\/2023\/11\/KWKF_20231103_1028-18x12.jpg 18w\" sizes=\"(max-width: 1400px) 100vw, 1400px\" \/><\/a>\n\t\t\t<\/div>\n\t\t\t\t<figcaption class='wp-caption-text gallery-caption' id='gallery-1-5373'>\n\t\t\t\tKSI\u0118\u017bNICZKA SPRAWY BO\u017bEJ &#8211; Czytanie performatywne\n\t\t\t\t<\/figcaption><\/figure><figure class='gallery-item'>\n\t\t\t<div class='gallery-icon landscape'>\n\t\t\t\t<a data-elementor-open-lightbox=\"yes\" data-elementor-lightbox-slideshow=\"3fda2eb\" data-elementor-lightbox-title=\"KWKF_20231103_1036\" data-e-action-hash=\"#elementor-action%3Aaction%3Dlightbox%26settings%3DeyJpZCI6NTM3NCwidXJsIjoiaHR0cDpcL1wvZmVzdGl3YWxyeW1raWV3aWN6b3dza2kucGxcLzIwMjNcL3dwLWNvbnRlbnRcL3VwbG9hZHNcLzIwMjNcLzExXC9LV0tGXzIwMjMxMTAzXzEwMzYuanBnIiwic2xpZGVzaG93IjoiM2ZkYTJlYiJ9\" href='http:\/\/festiwalrymkiewiczowski.pl\/2023\/wp-content\/uploads\/2023\/11\/KWKF_20231103_1036.jpg'><img loading=\"lazy\" decoding=\"async\" width=\"1500\" height=\"1000\" src=\"http:\/\/festiwalrymkiewiczowski.pl\/2023\/wp-content\/uploads\/2023\/11\/KWKF_20231103_1036.jpg\" class=\"attachment-full size-full\" alt=\"\" aria-describedby=\"gallery-1-5374\" srcset=\"http:\/\/festiwalrymkiewiczowski.pl\/2023\/wp-content\/uploads\/2023\/11\/KWKF_20231103_1036.jpg 1500w, http:\/\/festiwalrymkiewiczowski.pl\/2023\/wp-content\/uploads\/2023\/11\/KWKF_20231103_1036-18x12.jpg 18w\" sizes=\"(max-width: 1500px) 100vw, 1500px\" \/><\/a>\n\t\t\t<\/div>\n\t\t\t\t<figcaption class='wp-caption-text gallery-caption' id='gallery-1-5374'>\n\t\t\t\tKSI\u0118\u017bNICZKA SPRAWY BO\u017bEJ &#8211; Czytanie performatywne\n\t\t\t\t<\/figcaption><\/figure><figure class='gallery-item'>\n\t\t\t<div class='gallery-icon landscape'>\n\t\t\t\t<a data-elementor-open-lightbox=\"yes\" data-elementor-lightbox-slideshow=\"3fda2eb\" data-elementor-lightbox-title=\"KWKF_20231103_1096\" data-e-action-hash=\"#elementor-action%3Aaction%3Dlightbox%26settings%3DeyJpZCI6NTM4MywidXJsIjoiaHR0cDpcL1wvZmVzdGl3YWxyeW1raWV3aWN6b3dza2kucGxcLzIwMjNcL3dwLWNvbnRlbnRcL3VwbG9hZHNcLzIwMjNcLzExXC9LV0tGXzIwMjMxMTAzXzEwOTYuanBnIiwic2xpZGVzaG93IjoiM2ZkYTJlYiJ9\" href='http:\/\/festiwalrymkiewiczowski.pl\/2023\/wp-content\/uploads\/2023\/11\/KWKF_20231103_1096.jpg'><img loading=\"lazy\" decoding=\"async\" width=\"1500\" height=\"1000\" src=\"http:\/\/festiwalrymkiewiczowski.pl\/2023\/wp-content\/uploads\/2023\/11\/KWKF_20231103_1096.jpg\" class=\"attachment-full size-full\" alt=\"\" aria-describedby=\"gallery-1-5383\" srcset=\"http:\/\/festiwalrymkiewiczowski.pl\/2023\/wp-content\/uploads\/2023\/11\/KWKF_20231103_1096.jpg 1500w, http:\/\/festiwalrymkiewiczowski.pl\/2023\/wp-content\/uploads\/2023\/11\/KWKF_20231103_1096-18x12.jpg 18w\" sizes=\"(max-width: 1500px) 100vw, 1500px\" \/><\/a>\n\t\t\t<\/div>\n\t\t\t\t<figcaption class='wp-caption-text gallery-caption' id='gallery-1-5383'>\n\t\t\t\tKSI\u0118\u017bNICZKA SPRAWY BO\u017bEJ &#8211; Czytanie performatywne\n\t\t\t\t<\/figcaption><\/figure><figure class='gallery-item'>\n\t\t\t<div class='gallery-icon landscape'>\n\t\t\t\t<a data-elementor-open-lightbox=\"yes\" data-elementor-lightbox-slideshow=\"3fda2eb\" data-elementor-lightbox-title=\"KWKF_20231103_1066\" data-e-action-hash=\"#elementor-action%3Aaction%3Dlightbox%26settings%3DeyJpZCI6NTM3NSwidXJsIjoiaHR0cDpcL1wvZmVzdGl3YWxyeW1raWV3aWN6b3dza2kucGxcLzIwMjNcL3dwLWNvbnRlbnRcL3VwbG9hZHNcLzIwMjNcLzExXC9LV0tGXzIwMjMxMTAzXzEwNjYuanBnIiwic2xpZGVzaG93IjoiM2ZkYTJlYiJ9\" href='http:\/\/festiwalrymkiewiczowski.pl\/2023\/wp-content\/uploads\/2023\/11\/KWKF_20231103_1066.jpg'><img loading=\"lazy\" decoding=\"async\" width=\"1500\" height=\"1000\" src=\"http:\/\/festiwalrymkiewiczowski.pl\/2023\/wp-content\/uploads\/2023\/11\/KWKF_20231103_1066.jpg\" class=\"attachment-full size-full\" alt=\"\" aria-describedby=\"gallery-1-5375\" srcset=\"http:\/\/festiwalrymkiewiczowski.pl\/2023\/wp-content\/uploads\/2023\/11\/KWKF_20231103_1066.jpg 1500w, http:\/\/festiwalrymkiewiczowski.pl\/2023\/wp-content\/uploads\/2023\/11\/KWKF_20231103_1066-18x12.jpg 18w\" sizes=\"(max-width: 1500px) 100vw, 1500px\" \/><\/a>\n\t\t\t<\/div>\n\t\t\t\t<figcaption class='wp-caption-text gallery-caption' id='gallery-1-5375'>\n\t\t\t\tKSI\u0118\u017bNICZKA SPRAWY BO\u017bEJ &#8211; Czytanie performatywne\n\t\t\t\t<\/figcaption><\/figure><figure class='gallery-item'>\n\t\t\t<div class='gallery-icon landscape'>\n\t\t\t\t<a data-elementor-open-lightbox=\"yes\" data-elementor-lightbox-slideshow=\"3fda2eb\" data-elementor-lightbox-title=\"KWKF_20231103_1071\" data-e-action-hash=\"#elementor-action%3Aaction%3Dlightbox%26settings%3DeyJpZCI6NTM3NiwidXJsIjoiaHR0cDpcL1wvZmVzdGl3YWxyeW1raWV3aWN6b3dza2kucGxcLzIwMjNcL3dwLWNvbnRlbnRcL3VwbG9hZHNcLzIwMjNcLzExXC9LV0tGXzIwMjMxMTAzXzEwNzEuanBnIiwic2xpZGVzaG93IjoiM2ZkYTJlYiJ9\" href='http:\/\/festiwalrymkiewiczowski.pl\/2023\/wp-content\/uploads\/2023\/11\/KWKF_20231103_1071.jpg'><img loading=\"lazy\" decoding=\"async\" width=\"1400\" height=\"1000\" src=\"http:\/\/festiwalrymkiewiczowski.pl\/2023\/wp-content\/uploads\/2023\/11\/KWKF_20231103_1071.jpg\" class=\"attachment-full size-full\" alt=\"\" aria-describedby=\"gallery-1-5376\" srcset=\"http:\/\/festiwalrymkiewiczowski.pl\/2023\/wp-content\/uploads\/2023\/11\/KWKF_20231103_1071.jpg 1400w, http:\/\/festiwalrymkiewiczowski.pl\/2023\/wp-content\/uploads\/2023\/11\/KWKF_20231103_1071-18x12.jpg 18w\" sizes=\"(max-width: 1400px) 100vw, 1400px\" \/><\/a>\n\t\t\t<\/div>\n\t\t\t\t<figcaption class='wp-caption-text gallery-caption' id='gallery-1-5376'>\n\t\t\t\tKSI\u0118\u017bNICZKA SPRAWY BO\u017bEJ &#8211; Czytanie performatywne\n\t\t\t\t<\/figcaption><\/figure><figure class='gallery-item'>\n\t\t\t<div class='gallery-icon landscape'>\n\t\t\t\t<a data-elementor-open-lightbox=\"yes\" data-elementor-lightbox-slideshow=\"3fda2eb\" data-elementor-lightbox-title=\"KWKF_20231103_1092\" data-e-action-hash=\"#elementor-action%3Aaction%3Dlightbox%26settings%3DeyJpZCI6NTM3OSwidXJsIjoiaHR0cDpcL1wvZmVzdGl3YWxyeW1raWV3aWN6b3dza2kucGxcLzIwMjNcL3dwLWNvbnRlbnRcL3VwbG9hZHNcLzIwMjNcLzExXC9LV0tGXzIwMjMxMTAzXzEwOTIuanBnIiwic2xpZGVzaG93IjoiM2ZkYTJlYiJ9\" href='http:\/\/festiwalrymkiewiczowski.pl\/2023\/wp-content\/uploads\/2023\/11\/KWKF_20231103_1092.jpg'><img loading=\"lazy\" decoding=\"async\" width=\"1500\" height=\"1000\" src=\"http:\/\/festiwalrymkiewiczowski.pl\/2023\/wp-content\/uploads\/2023\/11\/KWKF_20231103_1092.jpg\" class=\"attachment-full size-full\" alt=\"\" aria-describedby=\"gallery-1-5379\" srcset=\"http:\/\/festiwalrymkiewiczowski.pl\/2023\/wp-content\/uploads\/2023\/11\/KWKF_20231103_1092.jpg 1500w, http:\/\/festiwalrymkiewiczowski.pl\/2023\/wp-content\/uploads\/2023\/11\/KWKF_20231103_1092-18x12.jpg 18w\" sizes=\"(max-width: 1500px) 100vw, 1500px\" \/><\/a>\n\t\t\t<\/div>\n\t\t\t\t<figcaption class='wp-caption-text gallery-caption' id='gallery-1-5379'>\n\t\t\t\tKSI\u0118\u017bNICZKA SPRAWY BO\u017bEJ &#8211; Czytanie performatywne\n\t\t\t\t<\/figcaption><\/figure><figure class='gallery-item'>\n\t\t\t<div class='gallery-icon landscape'>\n\t\t\t\t<a data-elementor-open-lightbox=\"yes\" data-elementor-lightbox-slideshow=\"3fda2eb\" data-elementor-lightbox-title=\"KWKF_20140324_6542\" data-e-action-hash=\"#elementor-action%3Aaction%3Dlightbox%26settings%3DeyJpZCI6NTM2OSwidXJsIjoiaHR0cDpcL1wvZmVzdGl3YWxyeW1raWV3aWN6b3dza2kucGxcLzIwMjNcL3dwLWNvbnRlbnRcL3VwbG9hZHNcLzIwMjNcLzExXC9LV0tGXzIwMTQwMzI0XzY1NDIuanBnIiwic2xpZGVzaG93IjoiM2ZkYTJlYiJ9\" href='http:\/\/festiwalrymkiewiczowski.pl\/2023\/wp-content\/uploads\/2023\/11\/KWKF_20140324_6542.jpg'><img loading=\"lazy\" decoding=\"async\" width=\"1498\" height=\"1000\" src=\"http:\/\/festiwalrymkiewiczowski.pl\/2023\/wp-content\/uploads\/2023\/11\/KWKF_20140324_6542.jpg\" class=\"attachment-full size-full\" alt=\"\" aria-describedby=\"gallery-1-5369\" srcset=\"http:\/\/festiwalrymkiewiczowski.pl\/2023\/wp-content\/uploads\/2023\/11\/KWKF_20140324_6542.jpg 1498w, http:\/\/festiwalrymkiewiczowski.pl\/2023\/wp-content\/uploads\/2023\/11\/KWKF_20140324_6542-18x12.jpg 18w\" sizes=\"(max-width: 1498px) 100vw, 1498px\" \/><\/a>\n\t\t\t<\/div>\n\t\t\t\t<figcaption class='wp-caption-text gallery-caption' id='gallery-1-5369'>\n\t\t\t\tKSI\u0118\u017bNICZKA SPRAWY BO\u017bEJ &#8211; Czytanie performatywne\n\t\t\t\t<\/figcaption><\/figure><figure class='gallery-item'>\n\t\t\t<div class='gallery-icon landscape'>\n\t\t\t\t<a data-elementor-open-lightbox=\"yes\" data-elementor-lightbox-slideshow=\"3fda2eb\" data-elementor-lightbox-title=\"KWKF_20231103_1072\" data-e-action-hash=\"#elementor-action%3Aaction%3Dlightbox%26settings%3DeyJpZCI6NTM3NywidXJsIjoiaHR0cDpcL1wvZmVzdGl3YWxyeW1raWV3aWN6b3dza2kucGxcLzIwMjNcL3dwLWNvbnRlbnRcL3VwbG9hZHNcLzIwMjNcLzExXC9LV0tGXzIwMjMxMTAzXzEwNzIuanBnIiwic2xpZGVzaG93IjoiM2ZkYTJlYiJ9\" href='http:\/\/festiwalrymkiewiczowski.pl\/2023\/wp-content\/uploads\/2023\/11\/KWKF_20231103_1072.jpg'><img loading=\"lazy\" decoding=\"async\" width=\"1400\" height=\"1000\" src=\"http:\/\/festiwalrymkiewiczowski.pl\/2023\/wp-content\/uploads\/2023\/11\/KWKF_20231103_1072.jpg\" class=\"attachment-full size-full\" alt=\"\" aria-describedby=\"gallery-1-5377\" srcset=\"http:\/\/festiwalrymkiewiczowski.pl\/2023\/wp-content\/uploads\/2023\/11\/KWKF_20231103_1072.jpg 1400w, http:\/\/festiwalrymkiewiczowski.pl\/2023\/wp-content\/uploads\/2023\/11\/KWKF_20231103_1072-18x12.jpg 18w\" sizes=\"(max-width: 1400px) 100vw, 1400px\" \/><\/a>\n\t\t\t<\/div>\n\t\t\t\t<figcaption class='wp-caption-text gallery-caption' id='gallery-1-5377'>\n\t\t\t\tKSI\u0118\u017bNICZKA SPRAWY BO\u017bEJ &#8211; Czytanie performatywne\n\t\t\t\t<\/figcaption><\/figure><figure class='gallery-item'>\n\t\t\t<div class='gallery-icon landscape'>\n\t\t\t\t<a data-elementor-open-lightbox=\"yes\" data-elementor-lightbox-slideshow=\"3fda2eb\" data-elementor-lightbox-title=\"KWKF_20231103_1111\" data-e-action-hash=\"#elementor-action%3Aaction%3Dlightbox%26settings%3DeyJpZCI6NTM4MCwidXJsIjoiaHR0cDpcL1wvZmVzdGl3YWxyeW1raWV3aWN6b3dza2kucGxcLzIwMjNcL3dwLWNvbnRlbnRcL3VwbG9hZHNcLzIwMjNcLzExXC9LV0tGXzIwMjMxMTAzXzExMTEuanBnIiwic2xpZGVzaG93IjoiM2ZkYTJlYiJ9\" href='http:\/\/festiwalrymkiewiczowski.pl\/2023\/wp-content\/uploads\/2023\/11\/KWKF_20231103_1111.jpg'><img loading=\"lazy\" decoding=\"async\" width=\"1500\" height=\"1000\" src=\"http:\/\/festiwalrymkiewiczowski.pl\/2023\/wp-content\/uploads\/2023\/11\/KWKF_20231103_1111.jpg\" class=\"attachment-full size-full\" alt=\"\" aria-describedby=\"gallery-1-5380\" srcset=\"http:\/\/festiwalrymkiewiczowski.pl\/2023\/wp-content\/uploads\/2023\/11\/KWKF_20231103_1111.jpg 1500w, http:\/\/festiwalrymkiewiczowski.pl\/2023\/wp-content\/uploads\/2023\/11\/KWKF_20231103_1111-18x12.jpg 18w\" sizes=\"(max-width: 1500px) 100vw, 1500px\" \/><\/a>\n\t\t\t<\/div>\n\t\t\t\t<figcaption class='wp-caption-text gallery-caption' id='gallery-1-5380'>\n\t\t\t\tKSI\u0118\u017bNICZKA SPRAWY BO\u017bEJ &#8211; Czytanie performatywne\n\t\t\t\t<\/figcaption><\/figure><figure class='gallery-item'>\n\t\t\t<div class='gallery-icon landscape'>\n\t\t\t\t<a data-elementor-open-lightbox=\"yes\" data-elementor-lightbox-slideshow=\"3fda2eb\" data-elementor-lightbox-title=\"KWKF_20140324_6581\" data-e-action-hash=\"#elementor-action%3Aaction%3Dlightbox%26settings%3DeyJpZCI6NTM4MiwidXJsIjoiaHR0cDpcL1wvZmVzdGl3YWxyeW1raWV3aWN6b3dza2kucGxcLzIwMjNcL3dwLWNvbnRlbnRcL3VwbG9hZHNcLzIwMjNcLzExXC9LV0tGXzIwMTQwMzI0XzY1ODEuanBnIiwic2xpZGVzaG93IjoiM2ZkYTJlYiJ9\" href='http:\/\/festiwalrymkiewiczowski.pl\/2023\/wp-content\/uploads\/2023\/11\/KWKF_20140324_6581.jpg'><img loading=\"lazy\" decoding=\"async\" width=\"1498\" height=\"1000\" src=\"http:\/\/festiwalrymkiewiczowski.pl\/2023\/wp-content\/uploads\/2023\/11\/KWKF_20140324_6581.jpg\" class=\"attachment-full size-full\" alt=\"\" aria-describedby=\"gallery-1-5382\" srcset=\"http:\/\/festiwalrymkiewiczowski.pl\/2023\/wp-content\/uploads\/2023\/11\/KWKF_20140324_6581.jpg 1498w, http:\/\/festiwalrymkiewiczowski.pl\/2023\/wp-content\/uploads\/2023\/11\/KWKF_20140324_6581-18x12.jpg 18w\" sizes=\"(max-width: 1498px) 100vw, 1498px\" \/><\/a>\n\t\t\t<\/div>\n\t\t\t\t<figcaption class='wp-caption-text gallery-caption' id='gallery-1-5382'>\n\t\t\t\tKSI\u0118\u017bNICZKA SPRAWY BO\u017bEJ &#8211; Czytanie performatywne\n\t\t\t\t<\/figcaption><\/figure><figure class='gallery-item'>\n\t\t\t<div class='gallery-icon landscape'>\n\t\t\t\t<a data-elementor-open-lightbox=\"yes\" data-elementor-lightbox-slideshow=\"3fda2eb\" data-elementor-lightbox-title=\"KWKF_20231103_1076\" data-e-action-hash=\"#elementor-action%3Aaction%3Dlightbox%26settings%3DeyJpZCI6NTM3OCwidXJsIjoiaHR0cDpcL1wvZmVzdGl3YWxyeW1raWV3aWN6b3dza2kucGxcLzIwMjNcL3dwLWNvbnRlbnRcL3VwbG9hZHNcLzIwMjNcLzExXC9LV0tGXzIwMjMxMTAzXzEwNzYuanBnIiwic2xpZGVzaG93IjoiM2ZkYTJlYiJ9\" href='http:\/\/festiwalrymkiewiczowski.pl\/2023\/wp-content\/uploads\/2023\/11\/KWKF_20231103_1076.jpg'><img loading=\"lazy\" decoding=\"async\" width=\"1500\" height=\"1000\" src=\"http:\/\/festiwalrymkiewiczowski.pl\/2023\/wp-content\/uploads\/2023\/11\/KWKF_20231103_1076.jpg\" class=\"attachment-full size-full\" alt=\"\" aria-describedby=\"gallery-1-5378\" srcset=\"http:\/\/festiwalrymkiewiczowski.pl\/2023\/wp-content\/uploads\/2023\/11\/KWKF_20231103_1076.jpg 1500w, http:\/\/festiwalrymkiewiczowski.pl\/2023\/wp-content\/uploads\/2023\/11\/KWKF_20231103_1076-18x12.jpg 18w\" sizes=\"(max-width: 1500px) 100vw, 1500px\" \/><\/a>\n\t\t\t<\/div>\n\t\t\t\t<figcaption class='wp-caption-text gallery-caption' id='gallery-1-5378'>\n\t\t\t\tKSI\u0118\u017bNICZKA SPRAWY BO\u017bEJ &#8211; Czytanie performatywne\n\t\t\t\t<\/figcaption><\/figure><figure class='gallery-item'>\n\t\t\t<div class='gallery-icon landscape'>\n\t\t\t\t<a data-elementor-open-lightbox=\"yes\" data-elementor-lightbox-slideshow=\"3fda2eb\" data-elementor-lightbox-title=\"KWKF_20231103_1099\" data-e-action-hash=\"#elementor-action%3Aaction%3Dlightbox%26settings%3DeyJpZCI6NTM4NCwidXJsIjoiaHR0cDpcL1wvZmVzdGl3YWxyeW1raWV3aWN6b3dza2kucGxcLzIwMjNcL3dwLWNvbnRlbnRcL3VwbG9hZHNcLzIwMjNcLzExXC9LV0tGXzIwMjMxMTAzXzEwOTkuanBnIiwic2xpZGVzaG93IjoiM2ZkYTJlYiJ9\" href='http:\/\/festiwalrymkiewiczowski.pl\/2023\/wp-content\/uploads\/2023\/11\/KWKF_20231103_1099.jpg'><img loading=\"lazy\" decoding=\"async\" width=\"1500\" height=\"1000\" src=\"http:\/\/festiwalrymkiewiczowski.pl\/2023\/wp-content\/uploads\/2023\/11\/KWKF_20231103_1099.jpg\" class=\"attachment-full size-full\" alt=\"\" aria-describedby=\"gallery-1-5384\" srcset=\"http:\/\/festiwalrymkiewiczowski.pl\/2023\/wp-content\/uploads\/2023\/11\/KWKF_20231103_1099.jpg 1500w, http:\/\/festiwalrymkiewiczowski.pl\/2023\/wp-content\/uploads\/2023\/11\/KWKF_20231103_1099-18x12.jpg 18w\" sizes=\"(max-width: 1500px) 100vw, 1500px\" \/><\/a>\n\t\t\t<\/div>\n\t\t\t\t<figcaption class='wp-caption-text gallery-caption' id='gallery-1-5384'>\n\t\t\t\tKSI\u0118\u017bNICZKA SPRAWY BO\u017bEJ &#8211; Czytanie performatywne\n\t\t\t\t<\/figcaption><\/figure>\n\t\t<\/div>\n\t\t<\/div>\n\t\t\t\t\t\t<\/div>\n\t\t\t\t<\/div>\n\t\t\t\t\t<\/div>\n\t\t<\/div>\n\t\t\t\t\t<\/div>\n\t\t<\/section>\n\t\t\t\t<\/div>","protected":false},"excerpt":{"rendered":"<p>GaleriaKSI\u0118\u017bNICZKA SPRAWY BO\u017bEJ Czytanie performatywne 3 listopada 2023 Instytut Teatralny, g. 19.00 wi\u0119cej o spektaklu KSI\u0118\u017bNICZKA SPRAWY BO\u017bEJ &#8211; Czytanie performatywne KSI\u0118\u017bNICZKA SPRAWY BO\u017bEJ &#8211; Czytanie performatywne KSI\u0118\u017bNICZKA SPRAWY BO\u017bEJ &#8211; Czytanie performatywne KSI\u0118\u017bNICZKA SPRAWY BO\u017bEJ &#8211; Czytanie performatywne KSI\u0118\u017bNICZKA SPRAWY BO\u017bEJ &#8211; Czytanie performatywne KSI\u0118\u017bNICZKA SPRAWY BO\u017bEJ &#8211; Czytanie performatywne KSI\u0118\u017bNICZKA SPRAWY BO\u017bEJ &#8211; [&hellip;]<\/p>","protected":false},"author":1,"featured_media":0,"parent":0,"menu_order":0,"comment_status":"closed","ping_status":"closed","template":"","meta":{"_monsterinsights_skip_tracking":false,"_monsterinsights_sitenote_active":false,"_monsterinsights_sitenote_note":"","_monsterinsights_sitenote_category":0,"footnotes":""},"class_list":["post-5364","page","type-page","status-publish","hentry"],"_links":{"self":[{"href":"http:\/\/festiwalrymkiewiczowski.pl\/2023\/en\/wp-json\/wp\/v2\/pages\/5364","targetHints":{"allow":["GET"]}}],"collection":[{"href":"http:\/\/festiwalrymkiewiczowski.pl\/2023\/en\/wp-json\/wp\/v2\/pages"}],"about":[{"href":"http:\/\/festiwalrymkiewiczowski.pl\/2023\/en\/wp-json\/wp\/v2\/types\/page"}],"author":[{"embeddable":true,"href":"http:\/\/festiwalrymkiewiczowski.pl\/2023\/en\/wp-json\/wp\/v2\/users\/1"}],"replies":[{"embeddable":true,"href":"http:\/\/festiwalrymkiewiczowski.pl\/2023\/en\/wp-json\/wp\/v2\/comments?post=5364"}],"version-history":[{"count":13,"href":"http:\/\/festiwalrymkiewiczowski.pl\/2023\/en\/wp-json\/wp\/v2\/pages\/5364\/revisions"}],"predecessor-version":[{"id":5456,"href":"http:\/\/festiwalrymkiewiczowski.pl\/2023\/en\/wp-json\/wp\/v2\/pages\/5364\/revisions\/5456"}],"wp:attachment":[{"href":"http:\/\/festiwalrymkiewiczowski.pl\/2023\/en\/wp-json\/wp\/v2\/media?parent=5364"}],"curies":[{"name":"wp","href":"https:\/\/api.w.org\/{rel}","templated":true}]}}