{"id":5200,"date":"2023-10-31T11:02:21","date_gmt":"2023-10-31T11:02:21","guid":{"rendered":"http:\/\/festiwalrymkiewiczowski.pl\/2023\/?page_id=5200"},"modified":"2023-10-31T11:04:57","modified_gmt":"2023-10-31T11:04:57","slug":"daiva-vyciniene","status":"publish","type":"page","link":"http:\/\/festiwalrymkiewiczowski.pl\/2023\/en\/daiva-vyciniene\/","title":{"rendered":"Daiva Vy\u010dinien\u0117"},"content":{"rendered":"<div data-elementor-type=\"wp-page\" data-elementor-id=\"5200\" class=\"elementor elementor-5200\">\n\t\t\t\t\t\t<section class=\"elementor-section elementor-top-section elementor-element elementor-element-c8378e1 elementor-section-stretched elementor-section-boxed elementor-section-height-default elementor-section-height-default\" data-id=\"c8378e1\" data-element_type=\"section\" data-settings=\"{&quot;stretch_section&quot;:&quot;section-stretched&quot;,&quot;background_background&quot;:&quot;gradient&quot;}\">\n\t\t\t\t\t\t<div class=\"elementor-container elementor-column-gap-default\">\n\t\t\t\t\t<div class=\"aux-parallax-section elementor-column elementor-col-50 elementor-top-column elementor-element elementor-element-a04f1c6\" data-id=\"a04f1c6\" data-element_type=\"column\">\n\t\t\t<div class=\"elementor-widget-wrap elementor-element-populated\">\n\t\t\t\t\t\t<div class=\"elementor-element elementor-element-ff2fdd2 elementor-widget-tablet__width-initial elementor-invisible elementor-widget elementor-widget-image\" data-id=\"ff2fdd2\" data-element_type=\"widget\" data-settings=\"{&quot;_animation&quot;:&quot;fadeInLeft&quot;}\" data-widget_type=\"image.default\">\n\t\t\t\t<div class=\"elementor-widget-container\">\n\t\t\t\t\t\t\t\t\t\t\t\t\t\t\t\t<a href=\"http:\/\/festiwalrymkiewiczowski.pl\/2023\/wp-content\/uploads\/2023\/10\/Daiva_V_1.jpg\" data-elementor-open-lightbox=\"yes\" data-elementor-lightbox-title=\"Daiva_V_1\" data-e-action-hash=\"#elementor-action%3Aaction%3Dlightbox%26settings%3DeyJpZCI6NTIwMiwidXJsIjoiaHR0cDpcL1wvZmVzdGl3YWxyeW1raWV3aWN6b3dza2kucGxcLzIwMjNcL3dwLWNvbnRlbnRcL3VwbG9hZHNcLzIwMjNcLzEwXC9EYWl2YV9WXzEuanBnIn0%3D\">\n\t\t\t\t\t\t\t<img decoding=\"async\" src=\"http:\/\/festiwalrymkiewiczowski.pl\/2023\/wp-content\/uploads\/2023\/10\/Daiva_V_1.jpg\" title=\"Daiva_V_1\" alt=\"Daiva_V_1\" loading=\"lazy\" \/>\t\t\t\t\t\t\t\t<\/a>\n\t\t\t\t\t\t\t\t\t\t\t\t\t\t\t<\/div>\n\t\t\t\t<\/div>\n\t\t\t\t\t<\/div>\n\t\t<\/div>\n\t\t\t\t<div class=\"aux-parallax-section elementor-column elementor-col-50 elementor-top-column elementor-element elementor-element-915fcd9\" data-id=\"915fcd9\" data-element_type=\"column\">\n\t\t\t<div class=\"elementor-widget-wrap elementor-element-populated\">\n\t\t\t\t\t\t<div class=\"elementor-element elementor-element-bc832da elementor-invisible elementor-widget elementor-widget-text-editor\" data-id=\"bc832da\" data-element_type=\"widget\" data-settings=\"{&quot;_animation&quot;:&quot;fadeInRight&quot;}\" data-widget_type=\"text-editor.default\">\n\t\t\t\t<div class=\"elementor-widget-container\">\n\t\t\t\t\t\t\t\t\tDaiva Vy\u010dinien\u0117\t\t\t\t\t\t\t\t<\/div>\n\t\t\t\t<\/div>\n\t\t\t\t<div class=\"elementor-element elementor-element-468595d elementor-widget-tablet__width-initial elementor-widget-mobile__width-initial elementor-invisible elementor-widget elementor-widget-text-editor\" data-id=\"468595d\" data-element_type=\"widget\" data-settings=\"{&quot;_animation&quot;:&quot;fadeInRight&quot;}\" data-widget_type=\"text-editor.default\">\n\t\t\t\t<div class=\"elementor-widget-container\">\n\t\t\t\t\t\t\t\t\tEtnomuzykolo\u017cka\t\t\t\t\t\t\t\t<\/div>\n\t\t\t\t<\/div>\n\t\t\t\t<div class=\"elementor-element elementor-element-3918b42 elementor-widget-tablet__width-initial elementor-widget-mobile__width-initial elementor-invisible elementor-widget elementor-widget-text-editor\" data-id=\"3918b42\" data-element_type=\"widget\" data-settings=\"{&quot;_animation&quot;:&quot;fadeInRight&quot;}\" data-widget_type=\"text-editor.default\">\n\t\t\t\t<div class=\"elementor-widget-container\">\n\t\t\t\t\t\t\t\t\t<p>Kierowniczka Zak\u0142adu Etnomuzykologii w Instytucie Muzyki Litewskiej Akademii Muzyki i Teatru, uznana etnomuzykolo\u017cka o szczeg\u00f3lnych osi\u0105gni\u0119ciach w dziedzinie bada\u0144 nad sutartin\u0117s \u2013 starolitewskimi pie\u015bniami polifornicznymi. Wykonawczyni sutartin\u0117s oraz innych gatunk\u00f3w pie\u015bni ludowych. Wsp\u00f3\u0142organizatorka mi\u0119dzynarodowego festiwalu muzyki ludowej Skamba skamba kankliai, prowadz\u0105ca licznych kurs\u00f3w tradycyjnego \u015bpiewu.<\/p><p>Jej obszerny dorobek publikacji akademickich (ponad 100 referat\u00f3w konferencyjnych, 150 artyku\u0142\u00f3w naukowych i 4 monografie) przyczyni\u0142 si\u0119 do tego, \u017ce w 2010 roku UNESCO uzna\u0142o sutartin\u0117s za cz\u0119\u015b\u0107 unikatowego dziedzictwa kulturowego Litwy.<\/p><p>Daiva Vy\u010dinien\u0117 u\u0142o\u017cy\u0142a tak\u017ce 15 p\u0142yt CD i DVD zawieraj\u0105cych muzyk\u0119 tradycyjn\u0105.<\/p><p>Od 1986 roku jest prowadz\u0105c\u0105 grupy \u015bpiewaczej Trys keturiose, wykonuj\u0105c\u0105 sutartin\u0117s. Zesp\u00f3\u0142 koncertowa\u0142 na ca\u0142ym \u015bwiecie, wsp\u00f3\u0142pracowa\u0142 takze z Litewskimi kompozytorami, takimi jak Algirdas Martinaitis, Rytis Ma\u017eulis, Remigijus Merkelis, a tak\u017ce z muzykami z ca\u0142ego \u015bwiata, w tym polskimi: Micha\u0142em Jelonkiem Olo Walickim, Tomaszem Zi\u0119tkiem, Weronik\u0105 Grozdew-Ko\u0142aci\u0144sk\u0105 czy Rafa\u0142em \u201ePraczasem\u201d Ko\u0142aci\u0144skim (w projekcie Free Culture Gda\u0144sk\u2013Vilnius, 2012, 2013). Trys keturiose wsp\u00f3\u0142pracowa\u0142a tak\u017ce z Abrahamem Brodym w projekcie Ancestors (2015). Projekty muzyczne zespo\u0142u, kt\u00f3re \u0142\u0105cz\u0105 muzyk\u0119 wsp\u00f3\u0142czesn\u0105 i sutartin\u0117s, by\u0142y prezentowane publiczno\u015bci nie tylko na Litwie, ale tak\u017ce w Austrii, Estonii, Belgii, Wielkiej Brytanii, Polsce, Japonii, Stanach Zjednoczonych i innych krajach.<\/p><p>Daiva Vy\u010dinien\u0117 otrzyma\u0142a Nagrod\u0119 Litewskiego Zwi\u0105zku Kompozytor\u00f3w (2019) za popularyzacj\u0119 sutartin\u0117s na arenie mi\u0119dzynarodowej i za rozleg\u0142o\u015b\u0107 swych bada\u0144 w monografii <em>Sutartini\u0173 audos<\/em> (<em>Splot sutartin\u0117s<\/em>). Otrzyma\u0142a tak\u017ce Nagrod\u0119 Jonasa Basanavi\u010diusa (2002) i Narodow\u0105 Nagrod\u0119 za Kultur\u0119 i Sztuk\u0119 (2021).<\/p>\t\t\t\t\t\t\t\t<\/div>\n\t\t\t\t<\/div>\n\t\t\t\t<div class=\"elementor-element elementor-element-cb9d9be elementor-widget-tablet__width-initial elementor-widget-mobile__width-initial elementor-invisible elementor-widget elementor-widget-text-editor\" data-id=\"cb9d9be\" data-element_type=\"widget\" data-settings=\"{&quot;_animation&quot;:&quot;fadeInRight&quot;}\" data-widget_type=\"text-editor.default\">\n\t\t\t\t<div class=\"elementor-widget-container\">\n\t\t\t\t\t\t\t\t\t<p><strong>Daiva Vy\u010dinien\u0117 jest Go\u015bcini\u0105 konferencji \u201eDziady. Spotkanie \u017cywych i umar\u0142ych\u201d.<\/strong><\/p>\t\t\t\t\t\t\t\t<\/div>\n\t\t\t\t<\/div>\n\t\t\t\t<div class=\"elementor-element elementor-element-8b5c792 elementor-widget-tablet__width-initial elementor-invisible elementor-widget elementor-widget-aux_modern_button\" data-id=\"8b5c792\" data-element_type=\"widget\" data-settings=\"{&quot;_animation&quot;:&quot;fadeInRight&quot;}\" data-widget_type=\"aux_modern_button.default\">\n\t\t\t\t<div class=\"elementor-widget-container\">\n\t\t\t\t\t    <div class=\"aux-modern-button-wrapper aux-modern-button-align-left\" >\n                    <a class=\"aux-modern-button aux-black aux-modern-button-md aux-modern-button-normal aux-modern-button-default aux-icon-\" href=\"http:\/\/festiwalrymkiewiczowski.pl\/2023\/en\/dziady\/\">\n                <div class=\"aux-overlay\"><\/div>\n                                    <div class=\"aux-icon\">\n                                            <\/div>\n                                <div class=\"aux-text\">\n<span class=\"aux-text-before\">szczeg\u00f3\u0142y spotkania<\/span>                <\/div>\n            <\/a>\n            \n    <\/div>\n\n    \t\t\t\t<\/div>\n\t\t\t\t<\/div>\n\t\t\t\t\t<\/div>\n\t\t<\/div>\n\t\t\t\t\t<\/div>\n\t\t<\/section>\n\t\t\t\t<\/div>","protected":false},"excerpt":{"rendered":"<p>Daiva Vy\u010dinien\u0117Etnomuzykolo\u017cka Kierowniczka Zak\u0142adu Etnomuzykologii w Instytucie Muzyki Litewskiej Akademii Muzyki i Teatru, uznana etnomuzykolo\u017cka o szczeg\u00f3lnych osi\u0105gni\u0119ciach w dziedzinie bada\u0144 nad sutartin\u0117s \u2013 starolitewskimi pie\u015bniami polifornicznymi. Wykonawczyni sutartin\u0117s oraz innych gatunk\u00f3w pie\u015bni ludowych. Wsp\u00f3\u0142organizatorka mi\u0119dzynarodowego festiwalu muzyki ludowej Skamba skamba kankliai, prowadz\u0105ca licznych kurs\u00f3w tradycyjnego \u015bpiewu. Jej obszerny dorobek publikacji akademickich (ponad 100 referat\u00f3w [&hellip;]<\/p>","protected":false},"author":1,"featured_media":0,"parent":0,"menu_order":0,"comment_status":"closed","ping_status":"closed","template":"","meta":{"_monsterinsights_skip_tracking":false,"_monsterinsights_sitenote_active":false,"_monsterinsights_sitenote_note":"","_monsterinsights_sitenote_category":0,"footnotes":""},"class_list":["post-5200","page","type-page","status-publish","hentry"],"_links":{"self":[{"href":"http:\/\/festiwalrymkiewiczowski.pl\/2023\/en\/wp-json\/wp\/v2\/pages\/5200","targetHints":{"allow":["GET"]}}],"collection":[{"href":"http:\/\/festiwalrymkiewiczowski.pl\/2023\/en\/wp-json\/wp\/v2\/pages"}],"about":[{"href":"http:\/\/festiwalrymkiewiczowski.pl\/2023\/en\/wp-json\/wp\/v2\/types\/page"}],"author":[{"embeddable":true,"href":"http:\/\/festiwalrymkiewiczowski.pl\/2023\/en\/wp-json\/wp\/v2\/users\/1"}],"replies":[{"embeddable":true,"href":"http:\/\/festiwalrymkiewiczowski.pl\/2023\/en\/wp-json\/wp\/v2\/comments?post=5200"}],"version-history":[{"count":4,"href":"http:\/\/festiwalrymkiewiczowski.pl\/2023\/en\/wp-json\/wp\/v2\/pages\/5200\/revisions"}],"predecessor-version":[{"id":5205,"href":"http:\/\/festiwalrymkiewiczowski.pl\/2023\/en\/wp-json\/wp\/v2\/pages\/5200\/revisions\/5205"}],"wp:attachment":[{"href":"http:\/\/festiwalrymkiewiczowski.pl\/2023\/en\/wp-json\/wp\/v2\/media?parent=5200"}],"curies":[{"name":"wp","href":"https:\/\/api.w.org\/{rel}","templated":true}]}}