{"id":5164,"date":"2023-10-28T07:06:20","date_gmt":"2023-10-28T07:06:20","guid":{"rendered":"http:\/\/festiwalrymkiewiczowski.pl\/2023\/?page_id=5164"},"modified":"2023-10-28T07:08:27","modified_gmt":"2023-10-28T07:08:27","slug":"tadeusz-sudnik","status":"publish","type":"page","link":"http:\/\/festiwalrymkiewiczowski.pl\/2023\/en\/tadeusz-sudnik\/","title":{"rendered":"Tadeusz Sudnik"},"content":{"rendered":"<div data-elementor-type=\"wp-page\" data-elementor-id=\"5164\" class=\"elementor elementor-5164\">\n\t\t\t\t\t\t<section class=\"elementor-section elementor-top-section elementor-element elementor-element-c8378e1 elementor-section-stretched elementor-section-boxed elementor-section-height-default elementor-section-height-default\" data-id=\"c8378e1\" data-element_type=\"section\" data-settings=\"{&quot;stretch_section&quot;:&quot;section-stretched&quot;,&quot;background_background&quot;:&quot;gradient&quot;}\">\n\t\t\t\t\t\t<div class=\"elementor-container elementor-column-gap-default\">\n\t\t\t\t\t<div class=\"aux-parallax-section elementor-column elementor-col-50 elementor-top-column elementor-element elementor-element-a04f1c6\" data-id=\"a04f1c6\" data-element_type=\"column\">\n\t\t\t<div class=\"elementor-widget-wrap elementor-element-populated\">\n\t\t\t\t\t\t<div class=\"elementor-element elementor-element-ff2fdd2 elementor-widget-tablet__width-initial elementor-invisible elementor-widget elementor-widget-image\" data-id=\"ff2fdd2\" data-element_type=\"widget\" data-settings=\"{&quot;_animation&quot;:&quot;fadeInLeft&quot;}\" data-widget_type=\"image.default\">\n\t\t\t\t<div class=\"elementor-widget-container\">\n\t\t\t\t\t\t\t\t\t\t\t\t\t\t\t\t<a href=\"http:\/\/festiwalrymkiewiczowski.pl\/2023\/wp-content\/uploads\/2023\/10\/Tadeusz_Sudnik_1.jpg\" data-elementor-open-lightbox=\"yes\" data-elementor-lightbox-title=\"Tadeusz_Sudnik_1\" data-e-action-hash=\"#elementor-action%3Aaction%3Dlightbox%26settings%3DeyJpZCI6NTE2NiwidXJsIjoiaHR0cDpcL1wvZmVzdGl3YWxyeW1raWV3aWN6b3dza2kucGxcLzIwMjNcL3dwLWNvbnRlbnRcL3VwbG9hZHNcLzIwMjNcLzEwXC9UYWRldXN6X1N1ZG5pa18xLmpwZyJ9\">\n\t\t\t\t\t\t\t<img decoding=\"async\" src=\"http:\/\/festiwalrymkiewiczowski.pl\/2023\/wp-content\/uploads\/2023\/10\/Tadeusz_Sudnik_1.jpg\" title=\"Tadeusz_Sudnik_1\" alt=\"Tadeusz_Sudnik_1\" loading=\"lazy\" \/>\t\t\t\t\t\t\t\t<\/a>\n\t\t\t\t\t\t\t\t\t\t\t\t\t\t\t<\/div>\n\t\t\t\t<\/div>\n\t\t\t\t\t<\/div>\n\t\t<\/div>\n\t\t\t\t<div class=\"aux-parallax-section elementor-column elementor-col-50 elementor-top-column elementor-element elementor-element-915fcd9\" data-id=\"915fcd9\" data-element_type=\"column\">\n\t\t\t<div class=\"elementor-widget-wrap elementor-element-populated\">\n\t\t\t\t\t\t<div class=\"elementor-element elementor-element-bc832da elementor-invisible elementor-widget elementor-widget-text-editor\" data-id=\"bc832da\" data-element_type=\"widget\" data-settings=\"{&quot;_animation&quot;:&quot;fadeInRight&quot;}\" data-widget_type=\"text-editor.default\">\n\t\t\t\t<div class=\"elementor-widget-container\">\n\t\t\t\t\t\t\t\t\tTadeusz Sudnik\t\t\t\t\t\t\t\t<\/div>\n\t\t\t\t<\/div>\n\t\t\t\t<div class=\"elementor-element elementor-element-468595d elementor-widget-tablet__width-initial elementor-widget-mobile__width-initial elementor-invisible elementor-widget elementor-widget-text-editor\" data-id=\"468595d\" data-element_type=\"widget\" data-settings=\"{&quot;_animation&quot;:&quot;fadeInRight&quot;}\" data-widget_type=\"text-editor.default\">\n\t\t\t\t<div class=\"elementor-widget-container\">\n\t\t\t\t\t\t\t\t\tRe\u017cyser d\u017awi\u0119ku, performer, kompozytor, za\u0142o\u017cyciel Studia D\u017awi\u0119k\u00f3w Niemo\u017cliwych.\t\t\t\t\t\t\t\t<\/div>\n\t\t\t\t<\/div>\n\t\t\t\t<div class=\"elementor-element elementor-element-3918b42 elementor-widget-tablet__width-initial elementor-widget-mobile__width-initial elementor-invisible elementor-widget elementor-widget-text-editor\" data-id=\"3918b42\" data-element_type=\"widget\" data-settings=\"{&quot;_animation&quot;:&quot;fadeInRight&quot;}\" data-widget_type=\"text-editor.default\">\n\t\t\t\t<div class=\"elementor-widget-container\">\n\t\t\t\t\t\t\t\t\t<p>Pracowa\u0142 w Studio Eksperymentalnym Polskiego Radia, nagrywa\u0142 muzyk\u0119 filmow\u0105 i baletow\u0105, elektroniczn\u0105, teatraln\u0105 i etniczn\u0105. Pracowa\u0142 dla festiwalu muzyki wsp\u00f3\u0142czesnej Warszawska Jesie\u0144 i dla PTMW. Projektowa\u0142 d\u017awi\u0119k dla Double Opera HEARTPIECE wystawianej w Teatrze Ma\u0142ym w Warszawie w ramach Warszawskiej Jesieni i w galerii The Kitchen w Nowym Yorku. Nagrywa\u0142 z Freelectronic Tomasza Sta\u0144ki. Wsp\u00f3\u0142pracowa\u0142 tak\u017ce z kompozytorem i pianist\u0105 Andrzejem Bie\u017canem i kompozytorami Krzysztofem Knittlem i Mieczys\u0142awem Litwi\u0144skim wsp\u00f3\u0142tworz\u0105c grupy: Cytula Tyfun da Bamba Orkiester i Niezale\u017cne Studio Muzyki Elektroakustycznej. Od 2001 jest cz\u0142onkiem grupy Kawalerowie B\u0142otni \u2013 wraz z Jerzym Kornowiczem, Mieczys\u0142awem Litwi\u0144skim, Ryszardem Lateckim, Krzysztofem Knittlem i Tadeuszem Wieleckim \u2013 \u0142\u0105cz\u0105cej tradycj\u0119 free-jazzow\u0105 z komponowaniem i dzia\u0142aniami intuicyjnymi w nietypowych miejscach: w lasach, na \u0142\u0105kach.<\/p>\t\t\t\t\t\t\t\t<\/div>\n\t\t\t\t<\/div>\n\t\t\t\t<div class=\"elementor-element elementor-element-cb9d9be elementor-widget-tablet__width-initial elementor-widget-mobile__width-initial elementor-invisible elementor-widget elementor-widget-text-editor\" data-id=\"cb9d9be\" data-element_type=\"widget\" data-settings=\"{&quot;_animation&quot;:&quot;fadeInRight&quot;}\" data-widget_type=\"text-editor.default\">\n\t\t\t\t<div class=\"elementor-widget-container\">\n\t\t\t\t\t\t\t\t\t<strong>Tadeusz Sudnik jest re\u017cyserem d\u017awi\u0119ku do spektaklu <em>Lekcja anatomii<\/em>.<\/strong>\t\t\t\t\t\t\t\t<\/div>\n\t\t\t\t<\/div>\n\t\t\t\t<div class=\"elementor-element elementor-element-8b5c792 elementor-widget-tablet__width-initial elementor-invisible elementor-widget elementor-widget-aux_modern_button\" data-id=\"8b5c792\" data-element_type=\"widget\" data-settings=\"{&quot;_animation&quot;:&quot;fadeInRight&quot;}\" data-widget_type=\"aux_modern_button.default\">\n\t\t\t\t<div class=\"elementor-widget-container\">\n\t\t\t\t\t    <div class=\"aux-modern-button-wrapper aux-modern-button-align-left\" >\n                    <a class=\"aux-modern-button aux-black aux-modern-button-md aux-modern-button-normal aux-modern-button-default aux-icon-\" href=\"http:\/\/festiwalrymkiewiczowski.pl\/2023\/en\/lekcja-anatomii\/\">\n                <div class=\"aux-overlay\"><\/div>\n                                    <div class=\"aux-icon\">\n                                            <\/div>\n                                <div class=\"aux-text\">\n<span class=\"aux-text-before\">szczeg\u00f3\u0142y spektaklu<\/span>                <\/div>\n            <\/a>\n            \n    <\/div>\n\n    \t\t\t\t<\/div>\n\t\t\t\t<\/div>\n\t\t\t\t\t<\/div>\n\t\t<\/div>\n\t\t\t\t\t<\/div>\n\t\t<\/section>\n\t\t\t\t<\/div>","protected":false},"excerpt":{"rendered":"<p>Tadeusz SudnikRe\u017cyser d\u017awi\u0119ku, performer, kompozytor, za\u0142o\u017cyciel Studia D\u017awi\u0119k\u00f3w Niemo\u017cliwych. Pracowa\u0142 w Studio Eksperymentalnym Polskiego Radia, nagrywa\u0142 muzyk\u0119 filmow\u0105 i baletow\u0105, elektroniczn\u0105, teatraln\u0105 i etniczn\u0105. Pracowa\u0142 dla festiwalu muzyki wsp\u00f3\u0142czesnej Warszawska Jesie\u0144 i dla PTMW. Projektowa\u0142 d\u017awi\u0119k dla Double Opera HEARTPIECE wystawianej w Teatrze Ma\u0142ym w Warszawie w ramach Warszawskiej Jesieni i w galerii The Kitchen [&hellip;]<\/p>","protected":false},"author":1,"featured_media":0,"parent":0,"menu_order":0,"comment_status":"closed","ping_status":"closed","template":"","meta":{"_monsterinsights_skip_tracking":false,"_monsterinsights_sitenote_active":false,"_monsterinsights_sitenote_note":"","_monsterinsights_sitenote_category":0,"footnotes":""},"class_list":["post-5164","page","type-page","status-publish","hentry"],"_links":{"self":[{"href":"http:\/\/festiwalrymkiewiczowski.pl\/2023\/en\/wp-json\/wp\/v2\/pages\/5164","targetHints":{"allow":["GET"]}}],"collection":[{"href":"http:\/\/festiwalrymkiewiczowski.pl\/2023\/en\/wp-json\/wp\/v2\/pages"}],"about":[{"href":"http:\/\/festiwalrymkiewiczowski.pl\/2023\/en\/wp-json\/wp\/v2\/types\/page"}],"author":[{"embeddable":true,"href":"http:\/\/festiwalrymkiewiczowski.pl\/2023\/en\/wp-json\/wp\/v2\/users\/1"}],"replies":[{"embeddable":true,"href":"http:\/\/festiwalrymkiewiczowski.pl\/2023\/en\/wp-json\/wp\/v2\/comments?post=5164"}],"version-history":[{"count":4,"href":"http:\/\/festiwalrymkiewiczowski.pl\/2023\/en\/wp-json\/wp\/v2\/pages\/5164\/revisions"}],"predecessor-version":[{"id":5169,"href":"http:\/\/festiwalrymkiewiczowski.pl\/2023\/en\/wp-json\/wp\/v2\/pages\/5164\/revisions\/5169"}],"wp:attachment":[{"href":"http:\/\/festiwalrymkiewiczowski.pl\/2023\/en\/wp-json\/wp\/v2\/media?parent=5164"}],"curies":[{"name":"wp","href":"https:\/\/api.w.org\/{rel}","templated":true}]}}