{"id":5158,"date":"2023-10-28T07:03:08","date_gmt":"2023-10-28T07:03:08","guid":{"rendered":"http:\/\/festiwalrymkiewiczowski.pl\/2023\/?page_id=5158"},"modified":"2023-10-28T07:04:56","modified_gmt":"2023-10-28T07:04:56","slug":"lukasz-orbitowski","status":"publish","type":"page","link":"http:\/\/festiwalrymkiewiczowski.pl\/2023\/en\/lukasz-orbitowski\/","title":{"rendered":"\u0141ukasz Orbitowski"},"content":{"rendered":"<div data-elementor-type=\"wp-page\" data-elementor-id=\"5158\" class=\"elementor elementor-5158\">\n\t\t\t\t\t\t<section class=\"elementor-section elementor-top-section elementor-element elementor-element-c8378e1 elementor-section-stretched elementor-section-boxed elementor-section-height-default elementor-section-height-default\" data-id=\"c8378e1\" data-element_type=\"section\" data-settings=\"{&quot;stretch_section&quot;:&quot;section-stretched&quot;,&quot;background_background&quot;:&quot;gradient&quot;}\">\n\t\t\t\t\t\t<div class=\"elementor-container elementor-column-gap-default\">\n\t\t\t\t\t<div class=\"aux-parallax-section elementor-column elementor-col-50 elementor-top-column elementor-element elementor-element-a04f1c6\" data-id=\"a04f1c6\" data-element_type=\"column\">\n\t\t\t<div class=\"elementor-widget-wrap elementor-element-populated\">\n\t\t\t\t\t\t<div class=\"elementor-element elementor-element-ff2fdd2 elementor-widget-tablet__width-initial elementor-invisible elementor-widget elementor-widget-image\" data-id=\"ff2fdd2\" data-element_type=\"widget\" data-settings=\"{&quot;_animation&quot;:&quot;fadeInLeft&quot;}\" data-widget_type=\"image.default\">\n\t\t\t\t<div class=\"elementor-widget-container\">\n\t\t\t\t\t\t\t\t\t\t\t\t\t\t\t\t<a href=\"http:\/\/festiwalrymkiewiczowski.pl\/2023\/wp-content\/uploads\/2023\/10\/Lukasz_Orbitowski_1.jpg\" data-elementor-open-lightbox=\"yes\" data-elementor-lightbox-title=\"\u0141ukasz_Orbitowski_1\" data-e-action-hash=\"#elementor-action%3Aaction%3Dlightbox%26settings%3DeyJpZCI6NTE2MCwidXJsIjoiaHR0cDpcL1wvZmVzdGl3YWxyeW1raWV3aWN6b3dza2kucGxcLzIwMjNcL3dwLWNvbnRlbnRcL3VwbG9hZHNcLzIwMjNcLzEwXC9MdWthc3pfT3JiaXRvd3NraV8xLmpwZyJ9\">\n\t\t\t\t\t\t\t<img decoding=\"async\" src=\"http:\/\/festiwalrymkiewiczowski.pl\/2023\/wp-content\/uploads\/2023\/10\/Lukasz_Orbitowski_1.jpg\" title=\"\u0141ukasz_Orbitowski_1\" alt=\"\u0141ukasz_Orbitowski_1\" loading=\"lazy\" \/>\t\t\t\t\t\t\t\t<\/a>\n\t\t\t\t\t\t\t\t\t\t\t\t\t\t\t<\/div>\n\t\t\t\t<\/div>\n\t\t\t\t\t<\/div>\n\t\t<\/div>\n\t\t\t\t<div class=\"aux-parallax-section elementor-column elementor-col-50 elementor-top-column elementor-element elementor-element-915fcd9\" data-id=\"915fcd9\" data-element_type=\"column\">\n\t\t\t<div class=\"elementor-widget-wrap elementor-element-populated\">\n\t\t\t\t\t\t<div class=\"elementor-element elementor-element-bc832da elementor-invisible elementor-widget elementor-widget-text-editor\" data-id=\"bc832da\" data-element_type=\"widget\" data-settings=\"{&quot;_animation&quot;:&quot;fadeInRight&quot;}\" data-widget_type=\"text-editor.default\">\n\t\t\t\t<div class=\"elementor-widget-container\">\n\t\t\t\t\t\t\t\t\t\u0141ukasz Orbitowski\t\t\t\t\t\t\t\t<\/div>\n\t\t\t\t<\/div>\n\t\t\t\t<div class=\"elementor-element elementor-element-468595d elementor-widget-tablet__width-initial elementor-widget-mobile__width-initial elementor-invisible elementor-widget elementor-widget-text-editor\" data-id=\"468595d\" data-element_type=\"widget\" data-settings=\"{&quot;_animation&quot;:&quot;fadeInRight&quot;}\" data-widget_type=\"text-editor.default\">\n\t\t\t\t<div class=\"elementor-widget-container\">\n\t\t\t\t\t\t\t\t\tPisarz, publicysta\t\t\t\t\t\t\t\t<\/div>\n\t\t\t\t<\/div>\n\t\t\t\t<div class=\"elementor-element elementor-element-3918b42 elementor-widget-tablet__width-initial elementor-widget-mobile__width-initial elementor-invisible elementor-widget elementor-widget-text-editor\" data-id=\"3918b42\" data-element_type=\"widget\" data-settings=\"{&quot;_animation&quot;:&quot;fadeInRight&quot;}\" data-widget_type=\"text-editor.default\">\n\t\t\t\t<div class=\"elementor-widget-container\">\n\t\t\t\t\t\t\t\t\t<p>Specjalizowa\u0142 si\u0119 g\u0142\u00f3wnie w literaturze grozy i prozie fantastycznej, obecnie autor powie\u015bci obyczajowych.\u00a0 Laureat Paszportu \u201ePolityki\u201d i Nagrody Zajdla, nominowany do Nagrody Literackiej \u201eNike\u201d oraz Nagrody Literackiej Gdynia. Autor takich ksi\u0105\u017cek jak <em>Kult<\/em>, <em>Inna dusza<\/em>, <em>Chod\u017a z mn\u0105<\/em>. Mieszka w Krakowie.<\/p>\t\t\t\t\t\t\t\t<\/div>\n\t\t\t\t<\/div>\n\t\t\t\t<div class=\"elementor-element elementor-element-cb9d9be elementor-widget-tablet__width-initial elementor-widget-mobile__width-initial elementor-invisible elementor-widget elementor-widget-text-editor\" data-id=\"cb9d9be\" data-element_type=\"widget\" data-settings=\"{&quot;_animation&quot;:&quot;fadeInRight&quot;}\" data-widget_type=\"text-editor.default\">\n\t\t\t\t<div class=\"elementor-widget-container\">\n\t\t\t\t\t\t\t\t\t<strong>\u0141ukasz Orbitowski b\u0119dzie Go\u015bciem spotkania filozoficzno-literackiego \u201eNowy cz\u0142owiek czy zombie? Frankenstein w XXI wieku\u201d.<\/strong>\t\t\t\t\t\t\t\t<\/div>\n\t\t\t\t<\/div>\n\t\t\t\t<div class=\"elementor-element elementor-element-8b5c792 elementor-widget-tablet__width-initial elementor-invisible elementor-widget elementor-widget-aux_modern_button\" data-id=\"8b5c792\" data-element_type=\"widget\" data-settings=\"{&quot;_animation&quot;:&quot;fadeInRight&quot;}\" data-widget_type=\"aux_modern_button.default\">\n\t\t\t\t<div class=\"elementor-widget-container\">\n\t\t\t\t\t    <div class=\"aux-modern-button-wrapper aux-modern-button-align-left\" >\n                    <a class=\"aux-modern-button aux-black aux-modern-button-md aux-modern-button-normal aux-modern-button-default aux-icon-\" href=\"http:\/\/festiwalrymkiewiczowski.pl\/2023\/en\/spotkanie-filozoficzne\/\">\n                <div class=\"aux-overlay\"><\/div>\n                                    <div class=\"aux-icon\">\n                                            <\/div>\n                                <div class=\"aux-text\">\n<span class=\"aux-text-before\">szczeg\u00f3\u0142y spotkania<\/span>                <\/div>\n            <\/a>\n            \n    <\/div>\n\n    \t\t\t\t<\/div>\n\t\t\t\t<\/div>\n\t\t\t\t\t<\/div>\n\t\t<\/div>\n\t\t\t\t\t<\/div>\n\t\t<\/section>\n\t\t\t\t<\/div>","protected":false},"excerpt":{"rendered":"<p>\u0141ukasz OrbitowskiPisarz, publicysta Specjalizowa\u0142 si\u0119 g\u0142\u00f3wnie w literaturze grozy i prozie fantastycznej, obecnie autor powie\u015bci obyczajowych.\u00a0 Laureat Paszportu \u201ePolityki\u201d i Nagrody Zajdla, nominowany do Nagrody Literackiej \u201eNike\u201d oraz Nagrody Literackiej Gdynia. Autor takich ksi\u0105\u017cek jak Kult, Inna dusza, Chod\u017a z mn\u0105. Mieszka w Krakowie. \u0141ukasz Orbitowski b\u0119dzie Go\u015bciem spotkania filozoficzno-literackiego \u201eNowy cz\u0142owiek czy zombie? Frankenstein [&hellip;]<\/p>","protected":false},"author":1,"featured_media":0,"parent":0,"menu_order":0,"comment_status":"closed","ping_status":"closed","template":"","meta":{"_monsterinsights_skip_tracking":false,"_monsterinsights_sitenote_active":false,"_monsterinsights_sitenote_note":"","_monsterinsights_sitenote_category":0,"footnotes":""},"class_list":["post-5158","page","type-page","status-publish","hentry"],"_links":{"self":[{"href":"http:\/\/festiwalrymkiewiczowski.pl\/2023\/en\/wp-json\/wp\/v2\/pages\/5158","targetHints":{"allow":["GET"]}}],"collection":[{"href":"http:\/\/festiwalrymkiewiczowski.pl\/2023\/en\/wp-json\/wp\/v2\/pages"}],"about":[{"href":"http:\/\/festiwalrymkiewiczowski.pl\/2023\/en\/wp-json\/wp\/v2\/types\/page"}],"author":[{"embeddable":true,"href":"http:\/\/festiwalrymkiewiczowski.pl\/2023\/en\/wp-json\/wp\/v2\/users\/1"}],"replies":[{"embeddable":true,"href":"http:\/\/festiwalrymkiewiczowski.pl\/2023\/en\/wp-json\/wp\/v2\/comments?post=5158"}],"version-history":[{"count":4,"href":"http:\/\/festiwalrymkiewiczowski.pl\/2023\/en\/wp-json\/wp\/v2\/pages\/5158\/revisions"}],"predecessor-version":[{"id":5163,"href":"http:\/\/festiwalrymkiewiczowski.pl\/2023\/en\/wp-json\/wp\/v2\/pages\/5158\/revisions\/5163"}],"wp:attachment":[{"href":"http:\/\/festiwalrymkiewiczowski.pl\/2023\/en\/wp-json\/wp\/v2\/media?parent=5158"}],"curies":[{"name":"wp","href":"https:\/\/api.w.org\/{rel}","templated":true}]}}