{"id":509,"date":"2023-06-14T08:48:42","date_gmt":"2023-06-14T08:48:42","guid":{"rendered":"http:\/\/festiwalrymkiewiczowski.pl\/2023\/?page_id=509"},"modified":"2023-10-20T09:05:18","modified_gmt":"2023-10-20T09:05:18","slug":"o-festiwalu","status":"publish","type":"page","link":"http:\/\/festiwalrymkiewiczowski.pl\/2023\/en\/o-festiwalu\/","title":{"rendered":"O Festiwalu"},"content":{"rendered":"<div data-elementor-type=\"wp-page\" data-elementor-id=\"509\" class=\"elementor elementor-509\">\n\t\t\t\t\t\t<section class=\"elementor-section elementor-top-section elementor-element elementor-element-a6c8aa8 elementor-section-stretched elementor-section-boxed elementor-section-height-default elementor-section-height-default\" data-id=\"a6c8aa8\" data-element_type=\"section\" data-settings=\"{&quot;stretch_section&quot;:&quot;section-stretched&quot;,&quot;background_background&quot;:&quot;classic&quot;}\">\n\t\t\t\t\t\t\t<div class=\"elementor-background-overlay\"><\/div>\n\t\t\t\t\t\t\t<div class=\"elementor-container elementor-column-gap-default\">\n\t\t\t\t\t<div class=\"aux-parallax-section elementor-column elementor-col-100 elementor-top-column elementor-element elementor-element-d192d19\" data-id=\"d192d19\" data-element_type=\"column\">\n\t\t\t<div class=\"elementor-widget-wrap elementor-element-populated\">\n\t\t\t\t\t\t<div class=\"elementor-element elementor-element-013e14e elementor-invisible elementor-widget elementor-widget-text-editor\" data-id=\"013e14e\" data-element_type=\"widget\" data-settings=\"{&quot;_animation&quot;:&quot;fadeIn&quot;}\" data-widget_type=\"text-editor.default\">\n\t\t\t\t<div class=\"elementor-widget-container\">\n\t\t\t\t\t\t\t\t\t<p>The Idea Behind the Festival<\/p>\t\t\t\t\t\t\t\t<\/div>\n\t\t\t\t<\/div>\n\t\t\t\t<div class=\"elementor-element elementor-element-1162bf8 elementor-widget__width-initial elementor-invisible elementor-widget elementor-widget-text-editor\" data-id=\"1162bf8\" data-element_type=\"widget\" data-settings=\"{&quot;_animation&quot;:&quot;fadeIn&quot;}\" data-widget_type=\"text-editor.default\">\n\t\t\t\t<div class=\"elementor-widget-container\">\n\t\t\t\t\t\t\t\t\t<p>We pull you into live meeting, with the living and with the dead. We touch upon difficult\nissues, oscillating between seriousness and irony. We relate to great classics and to folk lore.\nWe address topics that transcend divisions, never avoiding discussion and clashing arguments.\nWe invite everyone, just as death (one of the main characters of this year\u2019s festival) invites\neveryone, without exception, to her eternal, circular dance.<\/p><p>The Festival of Jaros\u0142aw Marek Rymkiewicz focuses not only on the writer\u2019s work, treating it\nas the point of departure for experiencing cultural motifs present therein. It encompasses the\nwhole of culture: from literature to philosophy, from theatre to music \u2013 with reference to\nPolish history and tradition. Each year the festival has its own leitmotif.<\/p>\t\t\t\t\t\t\t\t<\/div>\n\t\t\t\t<\/div>\n\t\t\t\t<div class=\"elementor-element elementor-element-6d251b2 elementor-invisible elementor-widget elementor-widget-text-editor\" data-id=\"6d251b2\" data-element_type=\"widget\" data-settings=\"{&quot;_animation&quot;:&quot;fadeInLeft&quot;}\" data-widget_type=\"text-editor.default\">\n\t\t\t\t<div class=\"elementor-widget-container\">\n\t\t\t\t\t\t\t\t\t<p>1st EDITION<br \/>2\u201310 NOVEMBER<br \/>2023<\/p>\t\t\t\t\t\t\t\t<\/div>\n\t\t\t\t<\/div>\n\t\t\t\t<div class=\"elementor-element elementor-element-0380941 elementor-invisible elementor-widget elementor-widget-text-editor\" data-id=\"0380941\" data-element_type=\"widget\" data-settings=\"{&quot;_animation&quot;:&quot;fadeInLeft&quot;}\" data-widget_type=\"text-editor.default\">\n\t\t\t\t<div class=\"elementor-widget-container\">\n\t\t\t\t\t\t\t\t\tZadanie realizowane<br>ze \u015brodk\u00f3w bud\u017cetu pa\u0144stwa<br>(w ramach \u015brodk\u00f3w finansowych<br>Ministra Kultury i Dziedzictwa Narodowego)\t\t\t\t\t\t\t\t<\/div>\n\t\t\t\t<\/div>\n\t\t\t\t<div class=\"elementor-element elementor-element-2873442 elementor-invisible elementor-widget elementor-widget-image\" data-id=\"2873442\" data-element_type=\"widget\" data-settings=\"{&quot;_animation&quot;:&quot;fadeInLeft&quot;}\" data-widget_type=\"image.default\">\n\t\t\t\t<div class=\"elementor-widget-container\">\n\t\t\t\t\t\t\t\t\t\t\t\t\t\t\t<img decoding=\"async\" width=\"350\" height=\"116\" src=\"https:\/\/festiwalrymkiewiczowski.pl\/2023\/wp-content\/uploads\/2023\/08\/znaki_strona_www.png\" class=\"attachment-full size-full wp-image-1760\" alt=\"\" \/>\t\t\t\t\t\t\t\t\t\t\t\t\t\t\t<\/div>\n\t\t\t\t<\/div>\n\t\t\t\t\t<\/div>\n\t\t<\/div>\n\t\t\t\t\t<\/div>\n\t\t<\/section>\n\t\t\t\t<\/div>","protected":false},"excerpt":{"rendered":"<p>Idea festiwalu Wci\u0105gamy do \u017cywego spotkania, z \u017cywymi i ze zmar\u0142ymi. Podejmujemy trudne tematy, oscyluj\u0105c mi\u0119dzy powag\u0105 a ironi\u0105. Si\u0119gamy do wielkich klasyk\u00f3w i do wiedzy ludu. Poruszamy tematy ponad podzia\u0142ami, nie unikamy przy tym dyskusji i \u015bcierania si\u0119 racji. Zapraszamy wszystkich, tak jak \u015bmier\u0107 (jedna z bohaterek tegorocznej edycji festiwalu) zaprasza wszystkich bez wyj\u0105tku [&hellip;]<\/p>","protected":false},"author":1,"featured_media":0,"parent":0,"menu_order":0,"comment_status":"closed","ping_status":"closed","template":"","meta":{"_monsterinsights_skip_tracking":false,"_monsterinsights_sitenote_active":false,"_monsterinsights_sitenote_note":"","_monsterinsights_sitenote_category":0,"footnotes":""},"class_list":["post-509","page","type-page","status-publish","hentry"],"_links":{"self":[{"href":"http:\/\/festiwalrymkiewiczowski.pl\/2023\/en\/wp-json\/wp\/v2\/pages\/509","targetHints":{"allow":["GET"]}}],"collection":[{"href":"http:\/\/festiwalrymkiewiczowski.pl\/2023\/en\/wp-json\/wp\/v2\/pages"}],"about":[{"href":"http:\/\/festiwalrymkiewiczowski.pl\/2023\/en\/wp-json\/wp\/v2\/types\/page"}],"author":[{"embeddable":true,"href":"http:\/\/festiwalrymkiewiczowski.pl\/2023\/en\/wp-json\/wp\/v2\/users\/1"}],"replies":[{"embeddable":true,"href":"http:\/\/festiwalrymkiewiczowski.pl\/2023\/en\/wp-json\/wp\/v2\/comments?post=509"}],"version-history":[{"count":79,"href":"http:\/\/festiwalrymkiewiczowski.pl\/2023\/en\/wp-json\/wp\/v2\/pages\/509\/revisions"}],"predecessor-version":[{"id":4069,"href":"http:\/\/festiwalrymkiewiczowski.pl\/2023\/en\/wp-json\/wp\/v2\/pages\/509\/revisions\/4069"}],"wp:attachment":[{"href":"http:\/\/festiwalrymkiewiczowski.pl\/2023\/en\/wp-json\/wp\/v2\/media?parent=509"}],"curies":[{"name":"wp","href":"https:\/\/api.w.org\/{rel}","templated":true}]}}