{"id":4908,"date":"2023-10-25T12:29:07","date_gmt":"2023-10-25T12:29:07","guid":{"rendered":"http:\/\/festiwalrymkiewiczowski.pl\/2023\/?page_id=4908"},"modified":"2023-10-25T12:31:28","modified_gmt":"2023-10-25T12:31:28","slug":"mariusz-bonaszewski","status":"publish","type":"page","link":"http:\/\/festiwalrymkiewiczowski.pl\/2023\/en\/mariusz-bonaszewski\/","title":{"rendered":"Mariusz Bonaszewski"},"content":{"rendered":"<div data-elementor-type=\"wp-page\" data-elementor-id=\"4908\" class=\"elementor elementor-4908\">\n\t\t\t\t\t\t<section class=\"elementor-section elementor-top-section elementor-element elementor-element-c8378e1 elementor-section-stretched elementor-section-boxed elementor-section-height-default elementor-section-height-default\" data-id=\"c8378e1\" data-element_type=\"section\" data-settings=\"{&quot;stretch_section&quot;:&quot;section-stretched&quot;,&quot;background_background&quot;:&quot;gradient&quot;}\">\n\t\t\t\t\t\t<div class=\"elementor-container elementor-column-gap-default\">\n\t\t\t\t\t<div class=\"aux-parallax-section elementor-column elementor-col-50 elementor-top-column elementor-element elementor-element-a04f1c6\" data-id=\"a04f1c6\" data-element_type=\"column\">\n\t\t\t<div class=\"elementor-widget-wrap elementor-element-populated\">\n\t\t\t\t\t\t<div class=\"elementor-element elementor-element-ff2fdd2 elementor-widget-tablet__width-initial elementor-invisible elementor-widget elementor-widget-image\" data-id=\"ff2fdd2\" data-element_type=\"widget\" data-settings=\"{&quot;_animation&quot;:&quot;fadeInLeft&quot;}\" data-widget_type=\"image.default\">\n\t\t\t\t<div class=\"elementor-widget-container\">\n\t\t\t\t\t\t\t\t\t\t\t\t\t\t\t\t<a href=\"http:\/\/festiwalrymkiewiczowski.pl\/2023\/wp-content\/uploads\/2023\/10\/Mariusz_Bonaszewski_1.jpg\" data-elementor-open-lightbox=\"yes\" data-elementor-lightbox-title=\"Mariusz_Bonaszewski_1\" data-e-action-hash=\"#elementor-action%3Aaction%3Dlightbox%26settings%3DeyJpZCI6NDkxMCwidXJsIjoiaHR0cDpcL1wvZmVzdGl3YWxyeW1raWV3aWN6b3dza2kucGxcLzIwMjNcL3dwLWNvbnRlbnRcL3VwbG9hZHNcLzIwMjNcLzEwXC9NYXJpdXN6X0JvbmFzemV3c2tpXzEuanBnIn0%3D\">\n\t\t\t\t\t\t\t<img decoding=\"async\" src=\"http:\/\/festiwalrymkiewiczowski.pl\/2023\/wp-content\/uploads\/2023\/10\/Mariusz_Bonaszewski_1.jpg\" title=\"Mariusz_Bonaszewski_1\" alt=\"Mariusz_Bonaszewski_1\" loading=\"lazy\" \/>\t\t\t\t\t\t\t\t<\/a>\n\t\t\t\t\t\t\t\t\t\t\t\t\t\t\t<\/div>\n\t\t\t\t<\/div>\n\t\t\t\t\t<\/div>\n\t\t<\/div>\n\t\t\t\t<div class=\"aux-parallax-section elementor-column elementor-col-50 elementor-top-column elementor-element elementor-element-915fcd9\" data-id=\"915fcd9\" data-element_type=\"column\">\n\t\t\t<div class=\"elementor-widget-wrap elementor-element-populated\">\n\t\t\t\t\t\t<div class=\"elementor-element elementor-element-bc832da elementor-invisible elementor-widget elementor-widget-text-editor\" data-id=\"bc832da\" data-element_type=\"widget\" data-settings=\"{&quot;_animation&quot;:&quot;fadeInRight&quot;}\" data-widget_type=\"text-editor.default\">\n\t\t\t\t<div class=\"elementor-widget-container\">\n\t\t\t\t\t\t\t\t\tMariusz Bonaszewski\t\t\t\t\t\t\t\t<\/div>\n\t\t\t\t<\/div>\n\t\t\t\t<div class=\"elementor-element elementor-element-468595d elementor-widget-tablet__width-initial elementor-widget-mobile__width-initial elementor-invisible elementor-widget elementor-widget-text-editor\" data-id=\"468595d\" data-element_type=\"widget\" data-settings=\"{&quot;_animation&quot;:&quot;fadeInRight&quot;}\" data-widget_type=\"text-editor.default\">\n\t\t\t\t<div class=\"elementor-widget-container\">\n\t\t\t\t\t\t\t\t\tAktor\t\t\t\t\t\t\t\t<\/div>\n\t\t\t\t<\/div>\n\t\t\t\t<div class=\"elementor-element elementor-element-3918b42 elementor-widget-tablet__width-initial elementor-widget-mobile__width-initial elementor-invisible elementor-widget elementor-widget-text-editor\" data-id=\"3918b42\" data-element_type=\"widget\" data-settings=\"{&quot;_animation&quot;:&quot;fadeInRight&quot;}\" data-widget_type=\"text-editor.default\">\n\t\t\t\t<div class=\"elementor-widget-container\">\n\t\t\t\t\t\t\t\t\t<p>Urodzi\u0142 si\u0119\u00a026 sierpnia\u00a01964 w\u00a0Koszalinie. Absolwent Pa\u0144stwowej Wy\u017cszej Szko\u0142y Teatralnej w\u00a0Warszawie, dyplom uzyska\u0142 w\u00a01988 roku. Aktor teatralny, filmowy, telewizyjny.<\/p><p>Po studiach na wiele lat zwi\u0105za\u0142 si\u0119 z\u00a0warszawskim Teatrem Dramatycznym, gdzie zagra\u0142 wiele znacz\u0105cych r\u00f3l, mi\u0119dzy innymi prze\u0142omow\u0105 dla swojej drogi zawodowej kreacj\u0119 Konstantego Trieplewa w\u00a0<em>Mewie<\/em>\u00a0Antoniego Czechowa w\u00a0re\u017cyserii Andrzeja Domalika (1991).<\/p><p>Wsp\u00f3\u0142pracowa\u0142 ze znakomitymi polskimi tw\u00f3rcami,\u00a0m. in. Jerzym Grzegorzewskim, Maciejem Prusem, Piotrem Cieplakiem, Janem Jakubem Kolskim. By\u0142 aktorem Teatru Dramatycznego w Warszawie, Teatru Polskiego we Wroc\u0142awiu i Teatru Narodowego w Warszawie. Od 2020 roku jest cz\u0142onkiem zespo\u0142u Nowego Teatru. Jego pierwsz\u0105 rol\u0105 u\u00a0Krzysztofa Warlikowskiego by\u0142 Orestes w\u00a0<em>Elektrze<\/em>\u00a0z\u00a01997 roku.<\/p><p>Krytycy wskazuj\u0105 szczeg\u00f3lnie na jego wszechstronno\u015b\u0107: Bonaszewski w\u00a0charyzmatyczny spos\u00f3b potrafi wydoby\u0107 zawi\u0142\u0105 natur\u0119 wielop\u0142aszczyznowych postaci.<\/p><p>W\u00a02017 roku zosta\u0142 odznaczony Z\u0142otym Krzy\u017cem Zas\u0142ugi za zas\u0142ugi na rzecz rozwoju kultury i\u00a0osi\u0105gni\u0119cia artystyczne.<\/p>\t\t\t\t\t\t\t\t<\/div>\n\t\t\t\t<\/div>\n\t\t\t\t<div class=\"elementor-element elementor-element-cb9d9be elementor-widget-tablet__width-initial elementor-widget-mobile__width-initial elementor-invisible elementor-widget elementor-widget-text-editor\" data-id=\"cb9d9be\" data-element_type=\"widget\" data-settings=\"{&quot;_animation&quot;:&quot;fadeInRight&quot;}\" data-widget_type=\"text-editor.default\">\n\t\t\t\t<div class=\"elementor-widget-container\">\n\t\t\t\t\t\t\t\t\t<strong>Mariusz Bonaszewski wyst\u0105pi w czytaniu performatywnym \u201eKsi\u0119\u017cniczki Sprawy Bo\u017cej\u201d.<\/strong>\t\t\t\t\t\t\t\t<\/div>\n\t\t\t\t<\/div>\n\t\t\t\t<div class=\"elementor-element elementor-element-8b5c792 elementor-widget-tablet__width-initial elementor-invisible elementor-widget elementor-widget-aux_modern_button\" data-id=\"8b5c792\" data-element_type=\"widget\" data-settings=\"{&quot;_animation&quot;:&quot;fadeInRight&quot;}\" data-widget_type=\"aux_modern_button.default\">\n\t\t\t\t<div class=\"elementor-widget-container\">\n\t\t\t\t\t    <div class=\"aux-modern-button-wrapper aux-modern-button-align-left\" >\n                    <a class=\"aux-modern-button aux-black aux-modern-button-md aux-modern-button-normal aux-modern-button-default aux-icon-\" href=\"http:\/\/festiwalrymkiewiczowski.pl\/2023\/en\/ksiezniczka\/\">\n                <div class=\"aux-overlay\"><\/div>\n                                    <div class=\"aux-icon\">\n                                            <\/div>\n                                <div class=\"aux-text\">\n<span class=\"aux-text-before\">szczeg\u00f3\u0142y spektaklu<\/span>                <\/div>\n            <\/a>\n            \n    <\/div>\n\n    \t\t\t\t<\/div>\n\t\t\t\t<\/div>\n\t\t\t\t\t<\/div>\n\t\t<\/div>\n\t\t\t\t\t<\/div>\n\t\t<\/section>\n\t\t\t\t<\/div>","protected":false},"excerpt":{"rendered":"<p>Mariusz BonaszewskiAktor Urodzi\u0142 si\u0119\u00a026 sierpnia\u00a01964 w\u00a0Koszalinie. Absolwent Pa\u0144stwowej Wy\u017cszej Szko\u0142y Teatralnej w\u00a0Warszawie, dyplom uzyska\u0142 w\u00a01988 roku. Aktor teatralny, filmowy, telewizyjny. Po studiach na wiele lat zwi\u0105za\u0142 si\u0119 z\u00a0warszawskim Teatrem Dramatycznym, gdzie zagra\u0142 wiele znacz\u0105cych r\u00f3l, mi\u0119dzy innymi prze\u0142omow\u0105 dla swojej drogi zawodowej kreacj\u0119 Konstantego Trieplewa w\u00a0Mewie\u00a0Antoniego Czechowa w\u00a0re\u017cyserii Andrzeja Domalika (1991). Wsp\u00f3\u0142pracowa\u0142 ze znakomitymi polskimi [&hellip;]<\/p>","protected":false},"author":1,"featured_media":0,"parent":0,"menu_order":0,"comment_status":"closed","ping_status":"closed","template":"","meta":{"_monsterinsights_skip_tracking":false,"_monsterinsights_sitenote_active":false,"_monsterinsights_sitenote_note":"","_monsterinsights_sitenote_category":0,"footnotes":""},"class_list":["post-4908","page","type-page","status-publish","hentry"],"_links":{"self":[{"href":"http:\/\/festiwalrymkiewiczowski.pl\/2023\/en\/wp-json\/wp\/v2\/pages\/4908","targetHints":{"allow":["GET"]}}],"collection":[{"href":"http:\/\/festiwalrymkiewiczowski.pl\/2023\/en\/wp-json\/wp\/v2\/pages"}],"about":[{"href":"http:\/\/festiwalrymkiewiczowski.pl\/2023\/en\/wp-json\/wp\/v2\/types\/page"}],"author":[{"embeddable":true,"href":"http:\/\/festiwalrymkiewiczowski.pl\/2023\/en\/wp-json\/wp\/v2\/users\/1"}],"replies":[{"embeddable":true,"href":"http:\/\/festiwalrymkiewiczowski.pl\/2023\/en\/wp-json\/wp\/v2\/comments?post=4908"}],"version-history":[{"count":4,"href":"http:\/\/festiwalrymkiewiczowski.pl\/2023\/en\/wp-json\/wp\/v2\/pages\/4908\/revisions"}],"predecessor-version":[{"id":4913,"href":"http:\/\/festiwalrymkiewiczowski.pl\/2023\/en\/wp-json\/wp\/v2\/pages\/4908\/revisions\/4913"}],"wp:attachment":[{"href":"http:\/\/festiwalrymkiewiczowski.pl\/2023\/en\/wp-json\/wp\/v2\/media?parent=4908"}],"curies":[{"name":"wp","href":"https:\/\/api.w.org\/{rel}","templated":true}]}}