{"id":4902,"date":"2023-10-25T12:26:04","date_gmt":"2023-10-25T12:26:04","guid":{"rendered":"http:\/\/festiwalrymkiewiczowski.pl\/2023\/?page_id=4902"},"modified":"2023-10-25T12:28:14","modified_gmt":"2023-10-25T12:28:14","slug":"wieslaw_komasa","status":"publish","type":"page","link":"http:\/\/festiwalrymkiewiczowski.pl\/2023\/en\/wieslaw_komasa\/","title":{"rendered":"Wies\u0142aw Komasa"},"content":{"rendered":"<div data-elementor-type=\"wp-page\" data-elementor-id=\"4902\" class=\"elementor elementor-4902\">\n\t\t\t\t\t\t<section class=\"elementor-section elementor-top-section elementor-element elementor-element-c8378e1 elementor-section-stretched elementor-section-boxed elementor-section-height-default elementor-section-height-default\" data-id=\"c8378e1\" data-element_type=\"section\" data-settings=\"{&quot;stretch_section&quot;:&quot;section-stretched&quot;,&quot;background_background&quot;:&quot;gradient&quot;}\">\n\t\t\t\t\t\t<div class=\"elementor-container elementor-column-gap-default\">\n\t\t\t\t\t<div class=\"aux-parallax-section elementor-column elementor-col-50 elementor-top-column elementor-element elementor-element-a04f1c6\" data-id=\"a04f1c6\" data-element_type=\"column\">\n\t\t\t<div class=\"elementor-widget-wrap elementor-element-populated\">\n\t\t\t\t\t\t<div class=\"elementor-element elementor-element-ff2fdd2 elementor-widget-tablet__width-initial elementor-invisible elementor-widget elementor-widget-image\" data-id=\"ff2fdd2\" data-element_type=\"widget\" data-settings=\"{&quot;_animation&quot;:&quot;fadeInLeft&quot;}\" data-widget_type=\"image.default\">\n\t\t\t\t<div class=\"elementor-widget-container\">\n\t\t\t\t\t\t\t\t\t\t\t\t\t\t\t\t<a href=\"http:\/\/festiwalrymkiewiczowski.pl\/2023\/wp-content\/uploads\/2023\/10\/Wieslaw_Komasa_1.jpg\" data-elementor-open-lightbox=\"yes\" data-elementor-lightbox-title=\"Wieslaw_Komasa_1\" data-e-action-hash=\"#elementor-action%3Aaction%3Dlightbox%26settings%3DeyJpZCI6NDkwNCwidXJsIjoiaHR0cDpcL1wvZmVzdGl3YWxyeW1raWV3aWN6b3dza2kucGxcLzIwMjNcL3dwLWNvbnRlbnRcL3VwbG9hZHNcLzIwMjNcLzEwXC9XaWVzbGF3X0tvbWFzYV8xLmpwZyJ9\">\n\t\t\t\t\t\t\t<img decoding=\"async\" src=\"http:\/\/festiwalrymkiewiczowski.pl\/2023\/wp-content\/uploads\/2023\/10\/Wieslaw_Komasa_1.jpg\" title=\"Wieslaw_Komasa_1\" alt=\"Wieslaw_Komasa_1\" loading=\"lazy\" \/>\t\t\t\t\t\t\t\t<\/a>\n\t\t\t\t\t\t\t\t\t\t\t\t\t\t\t<\/div>\n\t\t\t\t<\/div>\n\t\t\t\t\t<\/div>\n\t\t<\/div>\n\t\t\t\t<div class=\"aux-parallax-section elementor-column elementor-col-50 elementor-top-column elementor-element elementor-element-915fcd9\" data-id=\"915fcd9\" data-element_type=\"column\">\n\t\t\t<div class=\"elementor-widget-wrap elementor-element-populated\">\n\t\t\t\t\t\t<div class=\"elementor-element elementor-element-bc832da elementor-invisible elementor-widget elementor-widget-text-editor\" data-id=\"bc832da\" data-element_type=\"widget\" data-settings=\"{&quot;_animation&quot;:&quot;fadeInRight&quot;}\" data-widget_type=\"text-editor.default\">\n\t\t\t\t<div class=\"elementor-widget-container\">\n\t\t\t\t\t\t\t\t\tWies\u0142aw Komasa\t\t\t\t\t\t\t\t<\/div>\n\t\t\t\t<\/div>\n\t\t\t\t<div class=\"elementor-element elementor-element-468595d elementor-widget-tablet__width-initial elementor-widget-mobile__width-initial elementor-invisible elementor-widget elementor-widget-text-editor\" data-id=\"468595d\" data-element_type=\"widget\" data-settings=\"{&quot;_animation&quot;:&quot;fadeInRight&quot;}\" data-widget_type=\"text-editor.default\">\n\t\t\t\t<div class=\"elementor-widget-container\">\n\t\t\t\t\t\t\t\t\tAktor, re\u017cyser, pedagog\t\t\t\t\t\t\t\t<\/div>\n\t\t\t\t<\/div>\n\t\t\t\t<div class=\"elementor-element elementor-element-3918b42 elementor-widget-tablet__width-initial elementor-widget-mobile__width-initial elementor-invisible elementor-widget elementor-widget-text-editor\" data-id=\"3918b42\" data-element_type=\"widget\" data-settings=\"{&quot;_animation&quot;:&quot;fadeInRight&quot;}\" data-widget_type=\"text-editor.default\">\n\t\t\t\t<div class=\"elementor-widget-container\">\n\t\t\t\t\t\t\t\t\t<p>Profesor Akademii Teatralnej w Warszawie. W 1971 roku uko\u0144czy\u0142 Wydzia\u0142 Aktorski\u00a0Pa\u0144stwowej Wy\u017cszej Szko\u0142y Teatralnej\u00a0w Krakowie.<\/p><p>W latach 1971\u20131973 by\u0142 aktorem\u00a0Teatru im. Wojciecha Bogus\u0142awskiego w Kaliszu. Debiutowa\u0142 w nim rol\u0105\u00a0Albina\u00a0w <em>\u015alubach panie\u0144skich<\/em> Aleksandra Fredry. Nast\u0119pnie wyst\u0119powa\u0142 w Poznaniu, w latach 1973\u20131988 w\u00a0Teatrze Nowym, a 1988\u20131991 \u2013 w Zespole Janusza Wi\u015bniewskiego. W latach 2003\u20132004 by\u0142 aktorem warszawskiego\u00a0Teatru Polskiego. Wyst\u0119powa\u0142 te\u017c go\u015bcinnie na wielu scenach w Polsce.<\/p><p>Po\u015bwi\u0119ci\u0142 si\u0119 tak\u017ce pracy pedagogicznej, w 1988 roku zosta\u0142 wyk\u0142adowc\u0105 warszawskiej\u00a0Pa\u0144stwowej Wy\u017cszej Szko\u0142y Teatralnej, a w 1995 roku profesorem tej uczelni.<br \/>W Warszawie kontynuowa\u0142 swoj\u0105 wielk\u0105 pasj\u0119 nauczycielsk\u0105. Wcze\u015bniej, w Poznaniu, uczy\u0142 na wydziale wokalno-aktorskim\u00a0Akademii Muzycznej.\u00a0<\/p><p>R\u00f3wnocze\u015bnie przygotowywa\u0142 monodramy, by m\u00f3c w pe\u0142ni wypowiedzie\u0107 siebie. Programy poetyckie pozwala\u0142y Komasie na szczer\u0105, intymn\u0105 rozmow\u0119 z widzami, zreszt\u0105 aktor za istot\u0119 aktorstwa zawsze uwa\u017ca\u0142 spotkanie z drugim cz\u0142owiekiem.<\/p><p>Otrzyma\u0142 nast\u0119puj\u0105ce odznaczenia: Zas\u0142u\u017cony Dzia\u0142acz Kultury, Br\u0105zowy Krzy\u017c Zas\u0142ugi, Krzy\u017c Kawalerski Orderu Odrodzenia Polski.<\/p>\t\t\t\t\t\t\t\t<\/div>\n\t\t\t\t<\/div>\n\t\t\t\t<div class=\"elementor-element elementor-element-cb9d9be elementor-widget-tablet__width-initial elementor-widget-mobile__width-initial elementor-invisible elementor-widget elementor-widget-text-editor\" data-id=\"cb9d9be\" data-element_type=\"widget\" data-settings=\"{&quot;_animation&quot;:&quot;fadeInRight&quot;}\" data-widget_type=\"text-editor.default\">\n\t\t\t\t<div class=\"elementor-widget-container\">\n\t\t\t\t\t\t\t\t\t<strong>Wies\u0142aw Komasa wyst\u0105pi w czytaniu performatywnym \u201eKsi\u0119\u017cniczki Sprawy Bo\u017cej\u201d.<\/strong>\t\t\t\t\t\t\t\t<\/div>\n\t\t\t\t<\/div>\n\t\t\t\t<div class=\"elementor-element elementor-element-8b5c792 elementor-widget-tablet__width-initial elementor-invisible elementor-widget elementor-widget-aux_modern_button\" data-id=\"8b5c792\" data-element_type=\"widget\" data-settings=\"{&quot;_animation&quot;:&quot;fadeInRight&quot;}\" data-widget_type=\"aux_modern_button.default\">\n\t\t\t\t<div class=\"elementor-widget-container\">\n\t\t\t\t\t    <div class=\"aux-modern-button-wrapper aux-modern-button-align-left\" >\n                    <a class=\"aux-modern-button aux-black aux-modern-button-md aux-modern-button-normal aux-modern-button-default aux-icon-\" href=\"http:\/\/festiwalrymkiewiczowski.pl\/2023\/en\/ksiezniczka\/\">\n                <div class=\"aux-overlay\"><\/div>\n                                    <div class=\"aux-icon\">\n                                            <\/div>\n                                <div class=\"aux-text\">\n<span class=\"aux-text-before\">szczeg\u00f3\u0142y spektaklu<\/span>                <\/div>\n            <\/a>\n            \n    <\/div>\n\n    \t\t\t\t<\/div>\n\t\t\t\t<\/div>\n\t\t\t\t\t<\/div>\n\t\t<\/div>\n\t\t\t\t\t<\/div>\n\t\t<\/section>\n\t\t\t\t<\/div>","protected":false},"excerpt":{"rendered":"<p>Wies\u0142aw KomasaAktor, re\u017cyser, pedagog Profesor Akademii Teatralnej w Warszawie. W 1971 roku uko\u0144czy\u0142 Wydzia\u0142 Aktorski\u00a0Pa\u0144stwowej Wy\u017cszej Szko\u0142y Teatralnej\u00a0w Krakowie. W latach 1971\u20131973 by\u0142 aktorem\u00a0Teatru im. Wojciecha Bogus\u0142awskiego w Kaliszu. Debiutowa\u0142 w nim rol\u0105\u00a0Albina\u00a0w \u015alubach panie\u0144skich Aleksandra Fredry. Nast\u0119pnie wyst\u0119powa\u0142 w Poznaniu, w latach 1973\u20131988 w\u00a0Teatrze Nowym, a 1988\u20131991 \u2013 w Zespole Janusza Wi\u015bniewskiego. W latach [&hellip;]<\/p>","protected":false},"author":1,"featured_media":0,"parent":0,"menu_order":0,"comment_status":"closed","ping_status":"closed","template":"","meta":{"_monsterinsights_skip_tracking":false,"_monsterinsights_sitenote_active":false,"_monsterinsights_sitenote_note":"","_monsterinsights_sitenote_category":0,"footnotes":""},"class_list":["post-4902","page","type-page","status-publish","hentry"],"_links":{"self":[{"href":"http:\/\/festiwalrymkiewiczowski.pl\/2023\/en\/wp-json\/wp\/v2\/pages\/4902","targetHints":{"allow":["GET"]}}],"collection":[{"href":"http:\/\/festiwalrymkiewiczowski.pl\/2023\/en\/wp-json\/wp\/v2\/pages"}],"about":[{"href":"http:\/\/festiwalrymkiewiczowski.pl\/2023\/en\/wp-json\/wp\/v2\/types\/page"}],"author":[{"embeddable":true,"href":"http:\/\/festiwalrymkiewiczowski.pl\/2023\/en\/wp-json\/wp\/v2\/users\/1"}],"replies":[{"embeddable":true,"href":"http:\/\/festiwalrymkiewiczowski.pl\/2023\/en\/wp-json\/wp\/v2\/comments?post=4902"}],"version-history":[{"count":4,"href":"http:\/\/festiwalrymkiewiczowski.pl\/2023\/en\/wp-json\/wp\/v2\/pages\/4902\/revisions"}],"predecessor-version":[{"id":4907,"href":"http:\/\/festiwalrymkiewiczowski.pl\/2023\/en\/wp-json\/wp\/v2\/pages\/4902\/revisions\/4907"}],"wp:attachment":[{"href":"http:\/\/festiwalrymkiewiczowski.pl\/2023\/en\/wp-json\/wp\/v2\/media?parent=4902"}],"curies":[{"name":"wp","href":"https:\/\/api.w.org\/{rel}","templated":true}]}}