{"id":4892,"date":"2023-10-25T12:22:25","date_gmt":"2023-10-25T12:22:25","guid":{"rendered":"http:\/\/festiwalrymkiewiczowski.pl\/2023\/?page_id=4892"},"modified":"2023-10-25T12:25:22","modified_gmt":"2023-10-25T12:25:22","slug":"slawomir-orzechowski","status":"publish","type":"page","link":"http:\/\/festiwalrymkiewiczowski.pl\/2023\/en\/slawomir-orzechowski\/","title":{"rendered":"S\u0142awomir Orzechowski"},"content":{"rendered":"<div data-elementor-type=\"wp-page\" data-elementor-id=\"4892\" class=\"elementor elementor-4892\">\n\t\t\t\t\t\t<section class=\"elementor-section elementor-top-section elementor-element elementor-element-c8378e1 elementor-section-stretched elementor-section-boxed elementor-section-height-default elementor-section-height-default\" data-id=\"c8378e1\" data-element_type=\"section\" data-settings=\"{&quot;stretch_section&quot;:&quot;section-stretched&quot;,&quot;background_background&quot;:&quot;gradient&quot;}\">\n\t\t\t\t\t\t<div class=\"elementor-container elementor-column-gap-default\">\n\t\t\t\t\t<div class=\"aux-parallax-section elementor-column elementor-col-50 elementor-top-column elementor-element elementor-element-a04f1c6\" data-id=\"a04f1c6\" data-element_type=\"column\">\n\t\t\t<div class=\"elementor-widget-wrap elementor-element-populated\">\n\t\t\t\t\t\t<div class=\"elementor-element elementor-element-ff2fdd2 elementor-widget-tablet__width-initial elementor-invisible elementor-widget elementor-widget-image\" data-id=\"ff2fdd2\" data-element_type=\"widget\" data-settings=\"{&quot;_animation&quot;:&quot;fadeInLeft&quot;}\" data-widget_type=\"image.default\">\n\t\t\t\t<div class=\"elementor-widget-container\">\n\t\t\t\t\t\t\t\t\t\t\t\t\t\t\t\t<a href=\"http:\/\/festiwalrymkiewiczowski.pl\/2023\/wp-content\/uploads\/2023\/10\/Slawomir_Orzechowski_1.jpg\" data-elementor-open-lightbox=\"yes\" data-elementor-lightbox-title=\"Slawomir_Orzechowski_1\" data-e-action-hash=\"#elementor-action%3Aaction%3Dlightbox%26settings%3DeyJpZCI6NDg5OCwidXJsIjoiaHR0cDpcL1wvZmVzdGl3YWxyeW1raWV3aWN6b3dza2kucGxcLzIwMjNcL3dwLWNvbnRlbnRcL3VwbG9hZHNcLzIwMjNcLzEwXC9TbGF3b21pcl9PcnplY2hvd3NraV8xLmpwZyJ9\">\n\t\t\t\t\t\t\t<img decoding=\"async\" src=\"http:\/\/festiwalrymkiewiczowski.pl\/2023\/wp-content\/uploads\/2023\/10\/Slawomir_Orzechowski_1.jpg\" title=\"Slawomir_Orzechowski_1\" alt=\"Slawomir_Orzechowski_1\" loading=\"lazy\" \/>\t\t\t\t\t\t\t\t<\/a>\n\t\t\t\t\t\t\t\t\t\t\t\t\t\t\t<\/div>\n\t\t\t\t<\/div>\n\t\t\t\t\t<\/div>\n\t\t<\/div>\n\t\t\t\t<div class=\"aux-parallax-section elementor-column elementor-col-50 elementor-top-column elementor-element elementor-element-915fcd9\" data-id=\"915fcd9\" data-element_type=\"column\">\n\t\t\t<div class=\"elementor-widget-wrap elementor-element-populated\">\n\t\t\t\t\t\t<div class=\"elementor-element elementor-element-bc832da elementor-invisible elementor-widget elementor-widget-text-editor\" data-id=\"bc832da\" data-element_type=\"widget\" data-settings=\"{&quot;_animation&quot;:&quot;fadeInRight&quot;}\" data-widget_type=\"text-editor.default\">\n\t\t\t\t<div class=\"elementor-widget-container\">\n\t\t\t\t\t\t\t\t\tS\u0142awomir Orzechowski\t\t\t\t\t\t\t\t<\/div>\n\t\t\t\t<\/div>\n\t\t\t\t<div class=\"elementor-element elementor-element-468595d elementor-widget-tablet__width-initial elementor-widget-mobile__width-initial elementor-invisible elementor-widget elementor-widget-text-editor\" data-id=\"468595d\" data-element_type=\"widget\" data-settings=\"{&quot;_animation&quot;:&quot;fadeInRight&quot;}\" data-widget_type=\"text-editor.default\">\n\t\t\t\t<div class=\"elementor-widget-container\">\n\t\t\t\t\t\t\t\t\tAktor\t\t\t\t\t\t\t\t<\/div>\n\t\t\t\t<\/div>\n\t\t\t\t<div class=\"elementor-element elementor-element-3918b42 elementor-widget-tablet__width-initial elementor-widget-mobile__width-initial elementor-invisible elementor-widget elementor-widget-text-editor\" data-id=\"3918b42\" data-element_type=\"widget\" data-settings=\"{&quot;_animation&quot;:&quot;fadeInRight&quot;}\" data-widget_type=\"text-editor.default\">\n\t\t\t\t<div class=\"elementor-widget-container\">\n\t\t\t\t\t\t\t\t\t<p>Aktor teatralny, filmowy i telewizyjny. Cz\u0119sto gra czarne charaktery, cho\u0107 prywatnie jest oaz\u0105 spokoju. W 1983 roku uko\u0144czy\u0142 Aktorstwo w Pa\u0144stwowej Wy\u017cszej Szkole Teatralnej w Warszawie. Tego samego roku na I Og\u00f3lnopolskim Przegl\u0105dzie Spektakli Dyplomowych Szk\u00f3\u0142 Teatralnych w \u0141odzi zosta\u0142 uhonorowany nagrod\u0105\u00a0za rol\u0119 Jonatana Jeremiasza Peachuma w <em>Operze za trzy grosze<\/em> Bertolta Brechta w re\u017cyserii Janusza Nyczaka. Zagra\u0142 m.in. Estragona w <em>Czekaj\u0105c na Godota<\/em> Samuela Becketta (1996) w re\u017c. Antoniego Libery, Peachuma w <em>Operze \u017cebraczej<\/em> wg Vaclava Havela w re\u017c. Piotra Cie\u015blaka (1999), Sznapsa w przedstawieniu <em>Piotru\u015b Pan<\/em> (2000) Jamesa M. Barrie oraz Vincenta Fontaine w <em>Grease<\/em> Jima Jacobsa i Warrena Caseya (2002) w re\u017c. Wojciecha K\u0119pczy\u0144skiego. W 2002 roku otrzyma\u0142 nagrod\u0105 Feliksa za najlepsz\u0105 drugoplanow\u0105 rol\u0119 m\u0119sk\u0105 w spektaklu <em>Pami\u0119\u0107 wody<\/em> Shelagh Stephenson.<\/p><p>W 1984 roku zadebiutowa\u0142 w kinie w filmie <em>Bohun i Kmicic<\/em> Andrzeja Konica, jednej z cz\u0119\u015bci cyklu <em>1944<\/em>. W 1989 roku na VI Festiwalu M\u0142ode Kino Polskie \u201988 zdoby\u0142 nagrod\u0119 za rol\u0119 Kierownika w etiudzie studenckiej \u201eAudiencja&#8221;.\u00a0<\/p><p>Uznanie widz\u00f3w i krytyk\u00f3w filmowych przynios\u0142y mu role pana Edzia w <em>Balu na dworcu w Koluszkach<\/em> Filipa Bajona, pos\u0142a Ruteckiego w <em>Psach<\/em> \u00a0W\u0142adys\u0142awa Pasikowskiego, prawdziwego Kilera w <em>Kilerze<\/em> Machulskiego, S\u0105siada w <em>Cze\u015b\u0107 Tereska<\/em> Roberta Gli\u0144skiego, Wi\u015bniaka w <em>Komorniku<\/em>\u00a0 Feliksa Falka czy Zi\u0119b\u0119\u00a0w <em>Domu Z\u0142ym<\/em> Wojtka Smarzowskiego i Wojciecha w <em>Paniach Dulskich<\/em> Filipa Bajona. Obecnie pracuje na planie nowego filmu Filipa Bajona <em>Kamerdyner<\/em> jako Franc Necel.<\/p><p>Szerszej publiczno\u015bci jest znany z licznych seriali telewizyjnych takich jak: <em>Pogranicze w ogniu<\/em>, <em>Kuchni polskiej<\/em>, <em>Dom<\/em>. Mogli\u015bmy go podziwia\u0107 tak\u017ce m.in. w: <em>13 posterunku<\/em>, <em>Miodowych latach<\/em>, <em>Pokoju 107<\/em>, <em>M jak Mi\u0142o\u015b\u0107<\/em>, <em>Zosta\u0107 miss<\/em>, <em>Na wsp\u00f3lnej<\/em>. Pojawi\u0142 si\u0119 tak\u017ce w <em>Glinie<\/em> Pasikowskiego i <em>Kryminalnych<\/em>,\u00a0<em>O mnie si\u0119 nie martw<\/em>, <em>Na dobre i na z\u0142e<\/em> oraz\u00a0<em>Na no\u017ce<\/em>.<\/p>\t\t\t\t\t\t\t\t<\/div>\n\t\t\t\t<\/div>\n\t\t\t\t<div class=\"elementor-element elementor-element-cb9d9be elementor-widget-tablet__width-initial elementor-widget-mobile__width-initial elementor-invisible elementor-widget elementor-widget-text-editor\" data-id=\"cb9d9be\" data-element_type=\"widget\" data-settings=\"{&quot;_animation&quot;:&quot;fadeInRight&quot;}\" data-widget_type=\"text-editor.default\">\n\t\t\t\t<div class=\"elementor-widget-container\">\n\t\t\t\t\t\t\t\t\t<strong>S\u0142awomir Orzechowski<\/strong> <strong>wyst\u0105pi w czytaniu performatywnym \u201eKsi\u0119\u017cniczki Sprawy Bo\u017cej\u201d.<\/strong>\t\t\t\t\t\t\t\t<\/div>\n\t\t\t\t<\/div>\n\t\t\t\t<div class=\"elementor-element elementor-element-8b5c792 elementor-widget-tablet__width-initial elementor-invisible elementor-widget elementor-widget-aux_modern_button\" data-id=\"8b5c792\" data-element_type=\"widget\" data-settings=\"{&quot;_animation&quot;:&quot;fadeInRight&quot;}\" data-widget_type=\"aux_modern_button.default\">\n\t\t\t\t<div class=\"elementor-widget-container\">\n\t\t\t\t\t    <div class=\"aux-modern-button-wrapper aux-modern-button-align-left\" >\n                    <a class=\"aux-modern-button aux-black aux-modern-button-md aux-modern-button-normal aux-modern-button-default aux-icon-\" href=\"http:\/\/festiwalrymkiewiczowski.pl\/2023\/en\/ksiezniczka\/\">\n                <div class=\"aux-overlay\"><\/div>\n                                    <div class=\"aux-icon\">\n                                            <\/div>\n                                <div class=\"aux-text\">\n<span class=\"aux-text-before\">szczeg\u00f3\u0142y spektaklu<\/span>                <\/div>\n            <\/a>\n            \n    <\/div>\n\n    \t\t\t\t<\/div>\n\t\t\t\t<\/div>\n\t\t\t\t\t<\/div>\n\t\t<\/div>\n\t\t\t\t\t<\/div>\n\t\t<\/section>\n\t\t\t\t<\/div>","protected":false},"excerpt":{"rendered":"<p>S\u0142awomir OrzechowskiAktor Aktor teatralny, filmowy i telewizyjny. Cz\u0119sto gra czarne charaktery, cho\u0107 prywatnie jest oaz\u0105 spokoju. W 1983 roku uko\u0144czy\u0142 Aktorstwo w Pa\u0144stwowej Wy\u017cszej Szkole Teatralnej w Warszawie. Tego samego roku na I Og\u00f3lnopolskim Przegl\u0105dzie Spektakli Dyplomowych Szk\u00f3\u0142 Teatralnych w \u0141odzi zosta\u0142 uhonorowany nagrod\u0105\u00a0za rol\u0119 Jonatana Jeremiasza Peachuma w Operze za trzy grosze Bertolta Brechta [&hellip;]<\/p>","protected":false},"author":1,"featured_media":0,"parent":0,"menu_order":0,"comment_status":"closed","ping_status":"closed","template":"","meta":{"_monsterinsights_skip_tracking":false,"_monsterinsights_sitenote_active":false,"_monsterinsights_sitenote_note":"","_monsterinsights_sitenote_category":0,"footnotes":""},"class_list":["post-4892","page","type-page","status-publish","hentry"],"_links":{"self":[{"href":"http:\/\/festiwalrymkiewiczowski.pl\/2023\/en\/wp-json\/wp\/v2\/pages\/4892","targetHints":{"allow":["GET"]}}],"collection":[{"href":"http:\/\/festiwalrymkiewiczowski.pl\/2023\/en\/wp-json\/wp\/v2\/pages"}],"about":[{"href":"http:\/\/festiwalrymkiewiczowski.pl\/2023\/en\/wp-json\/wp\/v2\/types\/page"}],"author":[{"embeddable":true,"href":"http:\/\/festiwalrymkiewiczowski.pl\/2023\/en\/wp-json\/wp\/v2\/users\/1"}],"replies":[{"embeddable":true,"href":"http:\/\/festiwalrymkiewiczowski.pl\/2023\/en\/wp-json\/wp\/v2\/comments?post=4892"}],"version-history":[{"count":7,"href":"http:\/\/festiwalrymkiewiczowski.pl\/2023\/en\/wp-json\/wp\/v2\/pages\/4892\/revisions"}],"predecessor-version":[{"id":4901,"href":"http:\/\/festiwalrymkiewiczowski.pl\/2023\/en\/wp-json\/wp\/v2\/pages\/4892\/revisions\/4901"}],"wp:attachment":[{"href":"http:\/\/festiwalrymkiewiczowski.pl\/2023\/en\/wp-json\/wp\/v2\/media?parent=4892"}],"curies":[{"name":"wp","href":"https:\/\/api.w.org\/{rel}","templated":true}]}}