{"id":4877,"date":"2023-10-25T12:12:44","date_gmt":"2023-10-25T12:12:44","guid":{"rendered":"http:\/\/festiwalrymkiewiczowski.pl\/2023\/?page_id=4877"},"modified":"2023-10-27T06:11:12","modified_gmt":"2023-10-27T06:11:12","slug":"matasa-mirkovic","status":"publish","type":"page","link":"http:\/\/festiwalrymkiewiczowski.pl\/2023\/en\/matasa-mirkovic\/","title":{"rendered":"Nata\u0161a Mirkovi\u0107"},"content":{"rendered":"<div data-elementor-type=\"wp-page\" data-elementor-id=\"4877\" class=\"elementor elementor-4877\">\n\t\t\t\t\t\t<section class=\"elementor-section elementor-top-section elementor-element elementor-element-c8378e1 elementor-section-stretched elementor-section-boxed elementor-section-height-default elementor-section-height-default\" data-id=\"c8378e1\" data-element_type=\"section\" data-settings=\"{&quot;stretch_section&quot;:&quot;section-stretched&quot;,&quot;background_background&quot;:&quot;gradient&quot;}\">\n\t\t\t\t\t\t<div class=\"elementor-container elementor-column-gap-default\">\n\t\t\t\t\t<div class=\"aux-parallax-section elementor-column elementor-col-50 elementor-top-column elementor-element elementor-element-a04f1c6\" data-id=\"a04f1c6\" data-element_type=\"column\">\n\t\t\t<div class=\"elementor-widget-wrap elementor-element-populated\">\n\t\t\t\t\t\t<div class=\"elementor-element elementor-element-ff2fdd2 elementor-widget-tablet__width-initial elementor-invisible elementor-widget elementor-widget-image\" data-id=\"ff2fdd2\" data-element_type=\"widget\" data-settings=\"{&quot;_animation&quot;:&quot;fadeInLeft&quot;}\" data-widget_type=\"image.default\">\n\t\t\t\t<div class=\"elementor-widget-container\">\n\t\t\t\t\t\t\t\t\t\t\t\t\t\t\t\t<a href=\"http:\/\/festiwalrymkiewiczowski.pl\/2023\/wp-content\/uploads\/2023\/10\/Natasa_Mirkovic_1.jpg\" data-elementor-open-lightbox=\"yes\" data-elementor-lightbox-title=\"Natasa_Mirkovic_1\" data-e-action-hash=\"#elementor-action%3Aaction%3Dlightbox%26settings%3DeyJpZCI6NDg3OSwidXJsIjoiaHR0cDpcL1wvZmVzdGl3YWxyeW1raWV3aWN6b3dza2kucGxcLzIwMjNcL3dwLWNvbnRlbnRcL3VwbG9hZHNcLzIwMjNcLzEwXC9OYXRhc2FfTWlya292aWNfMS5qcGcifQ%3D%3D\">\n\t\t\t\t\t\t\t<img decoding=\"async\" src=\"http:\/\/festiwalrymkiewiczowski.pl\/2023\/wp-content\/uploads\/2023\/10\/Natasa_Mirkovic_1.jpg\" title=\"Natasa_Mirkovic_1\" alt=\"Natasa_Mirkovic_1\" loading=\"lazy\" \/>\t\t\t\t\t\t\t\t<\/a>\n\t\t\t\t\t\t\t\t\t\t\t\t\t\t\t<\/div>\n\t\t\t\t<\/div>\n\t\t\t\t\t<\/div>\n\t\t<\/div>\n\t\t\t\t<div class=\"aux-parallax-section elementor-column elementor-col-50 elementor-top-column elementor-element elementor-element-915fcd9\" data-id=\"915fcd9\" data-element_type=\"column\">\n\t\t\t<div class=\"elementor-widget-wrap elementor-element-populated\">\n\t\t\t\t\t\t<div class=\"elementor-element elementor-element-bc832da elementor-invisible elementor-widget elementor-widget-text-editor\" data-id=\"bc832da\" data-element_type=\"widget\" data-settings=\"{&quot;_animation&quot;:&quot;fadeInRight&quot;}\" data-widget_type=\"text-editor.default\">\n\t\t\t\t<div class=\"elementor-widget-container\">\n\t\t\t\t\t\t\t\t\tNata\u0161a Mirkovi\u0107\t\t\t\t\t\t\t\t<\/div>\n\t\t\t\t<\/div>\n\t\t\t\t<div class=\"elementor-element elementor-element-468595d elementor-widget-tablet__width-initial elementor-widget-mobile__width-initial elementor-invisible elementor-widget elementor-widget-text-editor\" data-id=\"468595d\" data-element_type=\"widget\" data-settings=\"{&quot;_animation&quot;:&quot;fadeInRight&quot;}\" data-widget_type=\"text-editor.default\">\n\t\t\t\t<div class=\"elementor-widget-container\">\n\t\t\t\t\t\t\t\t\t\u015apiewaczka, aktorka\t\t\t\t\t\t\t\t<\/div>\n\t\t\t\t<\/div>\n\t\t\t\t<div class=\"elementor-element elementor-element-3918b42 elementor-widget-tablet__width-initial elementor-widget-mobile__width-initial elementor-invisible elementor-widget elementor-widget-text-editor\" data-id=\"3918b42\" data-element_type=\"widget\" data-settings=\"{&quot;_animation&quot;:&quot;fadeInRight&quot;}\" data-widget_type=\"text-editor.default\">\n\t\t\t\t<div class=\"elementor-widget-container\">\n\t\t\t\t\t\t\t\t\t<p>Pochodzi z Bo\u015bni i Hercegowiny. Studiowa\u0142a muzykologi\u0119 w Sarajewie, a nast\u0119pnie \u015bpiew klasyczny, pie\u015bni i oratorium w Grazu.\u00a0<\/p><p>Od wielu lat mieszka w Wiedniu. Wyst\u0119puje w produkcjach teatralnych, operowych i muzycznych w Volskoper w Wiedniu i w Operze w Grazu po Volksoper w Wiedniu. Interesuje si\u0119 pie\u015bni\u0105 klasyczn\u0105, muzyk\u0105 barokow\u0105 i tradycyjn\u0105 muzyk\u0105 ludow\u0105. Dzi\u0119ki licznym wyst\u0119pom w presti\u017cowych teatrach i mi\u0119dzynarodowych festiwalach sta\u0142a si\u0119 artystk\u0105 znan\u0105 w ca\u0142ej Europie. W 2010 roku wsp\u00f3\u0142pracowa\u0142a z Matthiasem Loibnerem przy nagraniu aran\u017cacji <em>Winterreise <\/em>Franciszka Schuberta na lir\u0119 korbow\u0105 i \u015bpiew, kt\u00f3re spotka\u0142o si\u0119 z du\u017cym uznaniem prasy i publiczno\u015bci i zdoby\u0142o nagrod\u0119 radia austriackiego \u201e\u00d61 Pasticciopreis\u201d w 2011 roku.<\/p><p>Wielk\u0105 wszechstronno\u015b\u0107 Nata\u0161y Mirkovi\u0107 doceni\u0142 tak\u017ce holywoodzki kompozytor Gabriel Yared, kt\u00f3ry zaprosi\u0142 j\u0105 do za\u015bpiewania piosenki przewodniej do filmu <em>W krainie krwi i miodu<\/em> \u2013 debiutu re\u017cyserskiego Angeliny Jolie. Wsp\u00f3\u0142pracowa\u0142a tak\u017ce z Gabrielem Yaredem przy muzyce do filmu <em>Obietnica <\/em>Terry\u2019ego George\u2019a, kt\u00f3ra zosta\u0142a potem \u00a0wydana przez wytw\u00f3rni\u0119 Carpe Diem w 2017 roku i zdoby\u0142a presti\u017cow\u0105 Nagrod\u0119 Niemieckich Krytyk\u00f3w Fonograficznych.<\/p><p>Jej mi\u0142o\u015b\u0107 dla folkloru skutkowa\u0142a cz\u0119stymi powrotami do korzeni \u2013 do tradycji muzycznych Ba\u0142kan\u00f3w. Z t\u0105 my\u015bl\u0105 powsta\u0142 najnowszy projekt \u2013 <em>En El Amor<\/em>.<\/p><p>Od 15 lat uczy \u015bpiewu na ca\u0142ym \u015bwiecie, wykorzystuj\u0105c w\u0142asn\u0105 metod\u0119 uniwersalnego prowadzenia g\u0142osu. Przekazuje swoj\u0105 wiedz\u0119 i do\u015bwiadczenie zawodowym \u015bpiewakom, trenerom wokalnym i innym entuzjastom muzyki.\u00a0<\/p>\t\t\t\t\t\t\t\t<\/div>\n\t\t\t\t<\/div>\n\t\t\t\t<div class=\"elementor-element elementor-element-cb9d9be elementor-widget-tablet__width-initial elementor-widget-mobile__width-initial elementor-invisible elementor-widget elementor-widget-text-editor\" data-id=\"cb9d9be\" data-element_type=\"widget\" data-settings=\"{&quot;_animation&quot;:&quot;fadeInRight&quot;}\" data-widget_type=\"text-editor.default\">\n\t\t\t\t<div class=\"elementor-widget-container\">\n\t\t\t\t\t\t\t\t\t<strong>Nata\u0161a Mirkovi\u0107\u00a0\u2013 wraz z Matthiasem Loibnerem \u2013 wykona aran\u017cacj\u0119 pie\u015bni <em>Winterreise <\/em>na lir\u0119 korbow\u0105 i \u015bpiew.<\/strong>\t\t\t\t\t\t\t\t<\/div>\n\t\t\t\t<\/div>\n\t\t\t\t<div class=\"elementor-element elementor-element-8b5c792 elementor-widget-tablet__width-initial elementor-invisible elementor-widget elementor-widget-aux_modern_button\" data-id=\"8b5c792\" data-element_type=\"widget\" data-settings=\"{&quot;_animation&quot;:&quot;fadeInRight&quot;}\" data-widget_type=\"aux_modern_button.default\">\n\t\t\t\t<div class=\"elementor-widget-container\">\n\t\t\t\t\t    <div class=\"aux-modern-button-wrapper aux-modern-button-align-left\" >\n                    <a class=\"aux-modern-button aux-black aux-modern-button-md aux-modern-button-normal aux-modern-button-default aux-icon-\" href=\"http:\/\/festiwalrymkiewiczowski.pl\/2023\/en\/winterreise\/\">\n                <div class=\"aux-overlay\"><\/div>\n                                    <div class=\"aux-icon\">\n                                            <\/div>\n                                <div class=\"aux-text\">\n<span class=\"aux-text-before\">szczeg\u00f3\u0142y koncertu<\/span>                <\/div>\n            <\/a>\n            \n    <\/div>\n\n    \t\t\t\t<\/div>\n\t\t\t\t<\/div>\n\t\t\t\t\t<\/div>\n\t\t<\/div>\n\t\t\t\t\t<\/div>\n\t\t<\/section>\n\t\t\t\t<\/div>","protected":false},"excerpt":{"rendered":"<p>Nata\u0161a Mirkovi\u0107\u015apiewaczka, aktorka Pochodzi z Bo\u015bni i Hercegowiny. Studiowa\u0142a muzykologi\u0119 w Sarajewie, a nast\u0119pnie \u015bpiew klasyczny, pie\u015bni i oratorium w Grazu.\u00a0 Od wielu lat mieszka w Wiedniu. Wyst\u0119puje w produkcjach teatralnych, operowych i muzycznych w Volskoper w Wiedniu i w Operze w Grazu po Volksoper w Wiedniu. Interesuje si\u0119 pie\u015bni\u0105 klasyczn\u0105, muzyk\u0105 barokow\u0105 i tradycyjn\u0105 [&hellip;]<\/p>","protected":false},"author":1,"featured_media":0,"parent":0,"menu_order":0,"comment_status":"closed","ping_status":"closed","template":"","meta":{"_monsterinsights_skip_tracking":false,"_monsterinsights_sitenote_active":false,"_monsterinsights_sitenote_note":"","_monsterinsights_sitenote_category":0,"footnotes":""},"class_list":["post-4877","page","type-page","status-publish","hentry"],"_links":{"self":[{"href":"http:\/\/festiwalrymkiewiczowski.pl\/2023\/en\/wp-json\/wp\/v2\/pages\/4877","targetHints":{"allow":["GET"]}}],"collection":[{"href":"http:\/\/festiwalrymkiewiczowski.pl\/2023\/en\/wp-json\/wp\/v2\/pages"}],"about":[{"href":"http:\/\/festiwalrymkiewiczowski.pl\/2023\/en\/wp-json\/wp\/v2\/types\/page"}],"author":[{"embeddable":true,"href":"http:\/\/festiwalrymkiewiczowski.pl\/2023\/en\/wp-json\/wp\/v2\/users\/1"}],"replies":[{"embeddable":true,"href":"http:\/\/festiwalrymkiewiczowski.pl\/2023\/en\/wp-json\/wp\/v2\/comments?post=4877"}],"version-history":[{"count":7,"href":"http:\/\/festiwalrymkiewiczowski.pl\/2023\/en\/wp-json\/wp\/v2\/pages\/4877\/revisions"}],"predecessor-version":[{"id":5134,"href":"http:\/\/festiwalrymkiewiczowski.pl\/2023\/en\/wp-json\/wp\/v2\/pages\/4877\/revisions\/5134"}],"wp:attachment":[{"href":"http:\/\/festiwalrymkiewiczowski.pl\/2023\/en\/wp-json\/wp\/v2\/media?parent=4877"}],"curies":[{"name":"wp","href":"https:\/\/api.w.org\/{rel}","templated":true}]}}