{"id":4850,"date":"2023-10-25T11:56:49","date_gmt":"2023-10-25T11:56:49","guid":{"rendered":"http:\/\/festiwalrymkiewiczowski.pl\/2023\/?page_id=4850"},"modified":"2023-10-25T11:59:55","modified_gmt":"2023-10-25T11:59:55","slug":"paula-kinaszewska","status":"publish","type":"page","link":"http:\/\/festiwalrymkiewiczowski.pl\/2023\/en\/paula-kinaszewska\/","title":{"rendered":"Paula Kinaszewska"},"content":{"rendered":"<div data-elementor-type=\"wp-page\" data-elementor-id=\"4850\" class=\"elementor elementor-4850\">\n\t\t\t\t\t\t<section class=\"elementor-section elementor-top-section elementor-element elementor-element-c8378e1 elementor-section-stretched elementor-section-boxed elementor-section-height-default elementor-section-height-default\" data-id=\"c8378e1\" data-element_type=\"section\" data-settings=\"{&quot;stretch_section&quot;:&quot;section-stretched&quot;,&quot;background_background&quot;:&quot;gradient&quot;}\">\n\t\t\t\t\t\t<div class=\"elementor-container elementor-column-gap-default\">\n\t\t\t\t\t<div class=\"aux-parallax-section elementor-column elementor-col-50 elementor-top-column elementor-element elementor-element-a04f1c6\" data-id=\"a04f1c6\" data-element_type=\"column\">\n\t\t\t<div class=\"elementor-widget-wrap elementor-element-populated\">\n\t\t\t\t\t\t<div class=\"elementor-element elementor-element-ff2fdd2 elementor-widget-tablet__width-initial elementor-invisible elementor-widget elementor-widget-image\" data-id=\"ff2fdd2\" data-element_type=\"widget\" data-settings=\"{&quot;_animation&quot;:&quot;fadeInLeft&quot;}\" data-widget_type=\"image.default\">\n\t\t\t\t<div class=\"elementor-widget-container\">\n\t\t\t\t\t\t\t\t\t\t\t\t\t\t\t\t<a href=\"http:\/\/festiwalrymkiewiczowski.pl\/2023\/wp-content\/uploads\/2023\/10\/Paula_Kinaszewska_1.jpg\" data-elementor-open-lightbox=\"yes\" data-elementor-lightbox-title=\"Paula_Kinaszewska_1\" data-e-action-hash=\"#elementor-action%3Aaction%3Dlightbox%26settings%3DeyJpZCI6NDg1MiwidXJsIjoiaHR0cDpcL1wvZmVzdGl3YWxyeW1raWV3aWN6b3dza2kucGxcLzIwMjNcL3dwLWNvbnRlbnRcL3VwbG9hZHNcLzIwMjNcLzEwXC9QYXVsYV9LaW5hc3pld3NrYV8xLmpwZyJ9\">\n\t\t\t\t\t\t\t<img decoding=\"async\" src=\"http:\/\/festiwalrymkiewiczowski.pl\/2023\/wp-content\/uploads\/2023\/10\/Paula_Kinaszewska_1.jpg\" title=\"Paula_Kinaszewska_1\" alt=\"Paula_Kinaszewska_1\" loading=\"lazy\" \/>\t\t\t\t\t\t\t\t<\/a>\n\t\t\t\t\t\t\t\t\t\t\t\t\t\t\t<\/div>\n\t\t\t\t<\/div>\n\t\t\t\t\t<\/div>\n\t\t<\/div>\n\t\t\t\t<div class=\"aux-parallax-section elementor-column elementor-col-50 elementor-top-column elementor-element elementor-element-915fcd9\" data-id=\"915fcd9\" data-element_type=\"column\">\n\t\t\t<div class=\"elementor-widget-wrap elementor-element-populated\">\n\t\t\t\t\t\t<div class=\"elementor-element elementor-element-bc832da elementor-invisible elementor-widget elementor-widget-text-editor\" data-id=\"bc832da\" data-element_type=\"widget\" data-settings=\"{&quot;_animation&quot;:&quot;fadeInRight&quot;}\" data-widget_type=\"text-editor.default\">\n\t\t\t\t<div class=\"elementor-widget-container\">\n\t\t\t\t\t\t\t\t\tPaula Kinaszewska\t\t\t\t\t\t\t\t<\/div>\n\t\t\t\t<\/div>\n\t\t\t\t<div class=\"elementor-element elementor-element-468595d elementor-widget-tablet__width-initial elementor-widget-mobile__width-initial elementor-invisible elementor-widget elementor-widget-text-editor\" data-id=\"468595d\" data-element_type=\"widget\" data-settings=\"{&quot;_animation&quot;:&quot;fadeInRight&quot;}\" data-widget_type=\"text-editor.default\">\n\t\t\t\t<div class=\"elementor-widget-container\">\n\t\t\t\t\t\t\t\t\tAktorka, muzyczka\t\t\t\t\t\t\t\t<\/div>\n\t\t\t\t<\/div>\n\t\t\t\t<div class=\"elementor-element elementor-element-3918b42 elementor-widget-tablet__width-initial elementor-widget-mobile__width-initial elementor-invisible elementor-widget elementor-widget-text-editor\" data-id=\"3918b42\" data-element_type=\"widget\" data-settings=\"{&quot;_animation&quot;:&quot;fadeInRight&quot;}\" data-widget_type=\"text-editor.default\">\n\t\t\t\t<div class=\"elementor-widget-container\">\n\t\t\t\t\t\t\t\t\t<p>Aktorka, skrzypaczka, wokalistka, badaczka folkloru, uczennica skrzypk\u00f3w ludowych, kontynuatorka i nauczycielka tradycji muzycznych wsi, stypendysta Ministra Kultury i Dziedzictwa Narodowego w dziedzinie Tw\u00f3rczo\u015b\u0107 Ludowa. Zdobywczyni I miejsca Warszawskiej Nagrody Edukacji Kulturalnej. Liderka i za\u0142o\u017cycielka zespo\u0142\u00f3w Wowakin i Maryna C. Jako aktorka zwi\u0105zan\u0105 z Teatrem Dramatycznym w Warszawie, a wcze\u015bniej z Teatrami Narodowym i Studio w Warszawie oraz Wybrze\u017ce w Gda\u0144sku. Uczy muzyki tradycyjnej i \u015bpiewu w zespole dzieci\u0119co-m\u0142odzie\u017cowym Weso\u0142e Mazurki z Pragi dzia\u0142aj\u0105cym przy Domu Kultury Praga P\u00f3\u0142noc w Warszawie.\u00a0Od 2022 r. jest skrzypaczk\u0105 w Poleskim Sk\u0142adzie Smyczkowym.<\/p><p>Projekt poetycki Maryna C., kt\u00f3rego jest za\u0142o\u017cycielk\u0105 wraz z Bart\u0142omiejem Wo\u017aniakiem i Hipolitem Wo\u017aniakiem, tworzy piosenki i pie\u015bni do poezji Mariny Cwietajewej, Anny \u015awirszczy\u0144skiej, Jana Kochanowskiego czy W\u0142adys\u0142awa Broniewskiego.<\/p><p>W 2014 roku zosta\u0142a uhonorowana nagrod\u0105 Yach za kreacj\u0119 aktorsk\u0105 w wideoklipie do piosenki <em>Urok<\/em> ze s\u0142owami Mariny Cwietajewej i muzyk Bart\u0142omieja Wo\u017aniaka. Maryna C. wyst\u0105pi\u0142a tak\u017ce m.in. Przegl\u0105dzie Piosenki Aktorskiej.\u00a0<\/p><p>Z kolei Wowakin, formacja z pasj\u0105 graj\u0105ca muzyk\u0105 tradycyjn\u0105 i inspirowan\u0105 tradycj\u0105, koncertuje na najwa\u017cniejszych festiwalach muzycznych nurtu roots, world music i folk w Polsce i Europie.\u00a0<\/p><p>Nagrywa muzyk\u0119 do teatru i filmu, improwizuje, poszerza i bada granic\u0119 mi\u0119dzy muzyk\u0105 taneczn\u0105 wsi a improwizacj\u0105.\u00a0<\/p><p>Wielokrotnie doceniana przez krytyk\u00f3w i publiczno\u015b\u0107, nagradzana najpierw za swoje role teatralne, p\u00f3\u017aniej za dokonania muzyczne jako wokalistka i skrzypaczka, a tak\u017ce jako animatorka kultury.\u00a0<\/p>\t\t\t\t\t\t\t\t<\/div>\n\t\t\t\t<\/div>\n\t\t\t\t<div class=\"elementor-element elementor-element-cb9d9be elementor-widget-tablet__width-initial elementor-widget-mobile__width-initial elementor-invisible elementor-widget elementor-widget-text-editor\" data-id=\"cb9d9be\" data-element_type=\"widget\" data-settings=\"{&quot;_animation&quot;:&quot;fadeInRight&quot;}\" data-widget_type=\"text-editor.default\">\n\t\t\t\t<div class=\"elementor-widget-container\">\n\t\t\t\t\t\t\t\t\t<strong>Paula Kinaszewska wyst\u0105pi jako cz\u0142onkini zespo\u0142u Maryna C. na Koncercie Rymkiewiczowskim \u201eJe\u015bli mo\u017cesz, co\u015b mi powiedz, daj znak jaki\u015b\u201d.<\/strong>\t\t\t\t\t\t\t\t<\/div>\n\t\t\t\t<\/div>\n\t\t\t\t<div class=\"elementor-element elementor-element-8b5c792 elementor-widget-tablet__width-initial elementor-invisible elementor-widget elementor-widget-aux_modern_button\" data-id=\"8b5c792\" data-element_type=\"widget\" data-settings=\"{&quot;_animation&quot;:&quot;fadeInRight&quot;}\" data-widget_type=\"aux_modern_button.default\">\n\t\t\t\t<div class=\"elementor-widget-container\">\n\t\t\t\t\t    <div class=\"aux-modern-button-wrapper aux-modern-button-align-left\" >\n                    <a class=\"aux-modern-button aux-black aux-modern-button-md aux-modern-button-normal aux-modern-button-default aux-icon-\" href=\"http:\/\/festiwalrymkiewiczowski.pl\/2023\/en\/jesli-mozesz\/\">\n                <div class=\"aux-overlay\"><\/div>\n                                    <div class=\"aux-icon\">\n                                            <\/div>\n                                <div class=\"aux-text\">\n<span class=\"aux-text-before\">szczeg\u00f3\u0142y koncertu<\/span>                <\/div>\n            <\/a>\n            \n    <\/div>\n\n    \t\t\t\t<\/div>\n\t\t\t\t<\/div>\n\t\t\t\t\t<\/div>\n\t\t<\/div>\n\t\t\t\t\t<\/div>\n\t\t<\/section>\n\t\t\t\t<\/div>","protected":false},"excerpt":{"rendered":"<p>Paula KinaszewskaAktorka, muzyczka Aktorka, skrzypaczka, wokalistka, badaczka folkloru, uczennica skrzypk\u00f3w ludowych, kontynuatorka i nauczycielka tradycji muzycznych wsi, stypendysta Ministra Kultury i Dziedzictwa Narodowego w dziedzinie Tw\u00f3rczo\u015b\u0107 Ludowa. Zdobywczyni I miejsca Warszawskiej Nagrody Edukacji Kulturalnej. Liderka i za\u0142o\u017cycielka zespo\u0142\u00f3w Wowakin i Maryna C. Jako aktorka zwi\u0105zan\u0105 z Teatrem Dramatycznym w Warszawie, a wcze\u015bniej z Teatrami Narodowym [&hellip;]<\/p>","protected":false},"author":1,"featured_media":0,"parent":0,"menu_order":0,"comment_status":"closed","ping_status":"closed","template":"","meta":{"_monsterinsights_skip_tracking":false,"_monsterinsights_sitenote_active":false,"_monsterinsights_sitenote_note":"","_monsterinsights_sitenote_category":0,"footnotes":""},"class_list":["post-4850","page","type-page","status-publish","hentry"],"_links":{"self":[{"href":"http:\/\/festiwalrymkiewiczowski.pl\/2023\/en\/wp-json\/wp\/v2\/pages\/4850","targetHints":{"allow":["GET"]}}],"collection":[{"href":"http:\/\/festiwalrymkiewiczowski.pl\/2023\/en\/wp-json\/wp\/v2\/pages"}],"about":[{"href":"http:\/\/festiwalrymkiewiczowski.pl\/2023\/en\/wp-json\/wp\/v2\/types\/page"}],"author":[{"embeddable":true,"href":"http:\/\/festiwalrymkiewiczowski.pl\/2023\/en\/wp-json\/wp\/v2\/users\/1"}],"replies":[{"embeddable":true,"href":"http:\/\/festiwalrymkiewiczowski.pl\/2023\/en\/wp-json\/wp\/v2\/comments?post=4850"}],"version-history":[{"count":4,"href":"http:\/\/festiwalrymkiewiczowski.pl\/2023\/en\/wp-json\/wp\/v2\/pages\/4850\/revisions"}],"predecessor-version":[{"id":4855,"href":"http:\/\/festiwalrymkiewiczowski.pl\/2023\/en\/wp-json\/wp\/v2\/pages\/4850\/revisions\/4855"}],"wp:attachment":[{"href":"http:\/\/festiwalrymkiewiczowski.pl\/2023\/en\/wp-json\/wp\/v2\/media?parent=4850"}],"curies":[{"name":"wp","href":"https:\/\/api.w.org\/{rel}","templated":true}]}}