{"id":4810,"date":"2023-10-25T11:28:35","date_gmt":"2023-10-25T11:28:35","guid":{"rendered":"http:\/\/festiwalrymkiewiczowski.pl\/2023\/?page_id=4810"},"modified":"2023-10-25T11:33:39","modified_gmt":"2023-10-25T11:33:39","slug":"robert-burdalski","status":"publish","type":"page","link":"http:\/\/festiwalrymkiewiczowski.pl\/2023\/en\/robert-burdalski\/","title":{"rendered":"Robert Burdalski"},"content":{"rendered":"<div data-elementor-type=\"wp-page\" data-elementor-id=\"4810\" class=\"elementor elementor-4810\">\n\t\t\t\t\t\t<section class=\"elementor-section elementor-top-section elementor-element elementor-element-c8378e1 elementor-section-stretched elementor-section-boxed elementor-section-height-default elementor-section-height-default\" data-id=\"c8378e1\" data-element_type=\"section\" data-settings=\"{&quot;stretch_section&quot;:&quot;section-stretched&quot;,&quot;background_background&quot;:&quot;gradient&quot;}\">\n\t\t\t\t\t\t<div class=\"elementor-container elementor-column-gap-default\">\n\t\t\t\t\t<div class=\"aux-parallax-section elementor-column elementor-col-50 elementor-top-column elementor-element elementor-element-a04f1c6\" data-id=\"a04f1c6\" data-element_type=\"column\">\n\t\t\t<div class=\"elementor-widget-wrap elementor-element-populated\">\n\t\t\t\t\t\t<div class=\"elementor-element elementor-element-ff2fdd2 elementor-widget-tablet__width-initial elementor-invisible elementor-widget elementor-widget-image\" data-id=\"ff2fdd2\" data-element_type=\"widget\" data-settings=\"{&quot;_animation&quot;:&quot;fadeInLeft&quot;}\" data-widget_type=\"image.default\">\n\t\t\t\t<div class=\"elementor-widget-container\">\n\t\t\t\t\t\t\t\t\t\t\t\t\t\t\t\t<a href=\"http:\/\/festiwalrymkiewiczowski.pl\/2023\/wp-content\/uploads\/2023\/10\/Robert_Burdalski_1.jpg\" data-elementor-open-lightbox=\"yes\" data-elementor-lightbox-title=\"Robert_Burdalski_1\" data-e-action-hash=\"#elementor-action%3Aaction%3Dlightbox%26settings%3DeyJpZCI6NDgxMiwidXJsIjoiaHR0cDpcL1wvZmVzdGl3YWxyeW1raWV3aWN6b3dza2kucGxcLzIwMjNcL3dwLWNvbnRlbnRcL3VwbG9hZHNcLzIwMjNcLzEwXC9Sb2JlcnRfQnVyZGFsc2tpXzEuanBnIn0%3D\">\n\t\t\t\t\t\t\t<img decoding=\"async\" src=\"http:\/\/festiwalrymkiewiczowski.pl\/2023\/wp-content\/uploads\/2023\/10\/Robert_Burdalski_1.jpg\" title=\"Robert_Burdalski_1\" alt=\"Robert_Burdalski_1\" loading=\"lazy\" \/>\t\t\t\t\t\t\t\t<\/a>\n\t\t\t\t\t\t\t\t\t\t\t\t\t\t\t<\/div>\n\t\t\t\t<\/div>\n\t\t\t\t\t<\/div>\n\t\t<\/div>\n\t\t\t\t<div class=\"aux-parallax-section elementor-column elementor-col-50 elementor-top-column elementor-element elementor-element-915fcd9\" data-id=\"915fcd9\" data-element_type=\"column\">\n\t\t\t<div class=\"elementor-widget-wrap elementor-element-populated\">\n\t\t\t\t\t\t<div class=\"elementor-element elementor-element-bc832da elementor-invisible elementor-widget elementor-widget-text-editor\" data-id=\"bc832da\" data-element_type=\"widget\" data-settings=\"{&quot;_animation&quot;:&quot;fadeInRight&quot;}\" data-widget_type=\"text-editor.default\">\n\t\t\t\t<div class=\"elementor-widget-container\">\n\t\t\t\t\t\t\t\t\tRobert Burdalski\t\t\t\t\t\t\t\t<\/div>\n\t\t\t\t<\/div>\n\t\t\t\t<div class=\"elementor-element elementor-element-468595d elementor-widget-tablet__width-initial elementor-widget-mobile__width-initial elementor-invisible elementor-widget elementor-widget-text-editor\" data-id=\"468595d\" data-element_type=\"widget\" data-settings=\"{&quot;_animation&quot;:&quot;fadeInRight&quot;}\" data-widget_type=\"text-editor.default\">\n\t\t\t\t<div class=\"elementor-widget-container\">\n\t\t\t\t\t\t\t\t\tMuzyk, badacz muzyki tradycyjnej\t\t\t\t\t\t\t\t<\/div>\n\t\t\t\t<\/div>\n\t\t\t\t<div class=\"elementor-element elementor-element-3918b42 elementor-widget-tablet__width-initial elementor-widget-mobile__width-initial elementor-invisible elementor-widget elementor-widget-text-editor\" data-id=\"3918b42\" data-element_type=\"widget\" data-settings=\"{&quot;_animation&quot;:&quot;fadeInRight&quot;}\" data-widget_type=\"text-editor.default\">\n\t\t\t\t<div class=\"elementor-widget-container\">\n\t\t\t\t\t\t\t\t\t<p>Ma 20-letnie do\u015bwiadczenie w praktykowaniu zar\u00f3wno tradycji pie\u015bni pogrzebowych, wielkopostnych, maryjnych oraz r\u00f3\u017ca\u0144ca, przede wszystkim z Podlasia i Roztocza, jak i tradycyjnej muzyki instrumentalnej z centralnej Polski. Wsp\u00f3\u0142tworzy\u0142 grupy Podr\u00f3\u017cniczy Kolektyw Skrzypcowy, Kapel\u0119 Braci Zawiejok\u00f3w. Ucze\u0144 domu Jana Gacy, \u015bpiewak\u00f3w pogrzebowych z Podlasia: Jana Szklarzewskiego, Jana Komosy.<\/p><p>Uczestnik projekt\u00f3w w obszarze pog\u0142\u0119bionych bada\u0144 nad muzyk\u0105 i kultur\u0105 tradycyjn\u0105 (m.in. \u201eSerce Dzwonu\u201d Stowarzyszenia TRATWA), od 10 lat przyjaciel i wsp\u00f3\u0142pracownik Kompanii M\u0119skiej z Kalin\u00f3wki Ko\u015bcielnej. Wsp\u00f3\u0142tw\u00f3rca Towarzystwa \u015apiewaczego (Olsztyn), kt\u00f3re bada oraz zg\u0142\u0119bia poprzez praktyk\u0119 \u015bpiewu m\u0119skiego melizmatyk\u0119, melodie r\u00f3\u017ca\u0144ca i innych pie\u015bni w wariantach z Roztocza Lubelskiego; prowadzi\u0142 zwi\u0105zane z t\u0105 dzia\u0142alno\u015bci\u0105 ekspedycje na Roztocze Lubelskie do Pani Janiny Dyjach, badania i praktyki.<\/p><p>Wsp\u00f3\u0142tworzy\u0142 wiele inicjatyw zwi\u0105zanych z prezentowaniem, a przede wszystkim popularyzacj\u0105 wiejskiej muzyki sakralnej, tak\u017ce z M\u0119sk\u0105 Kompani\u0105 z Kalin\u00f3wki Ko\u015bcielnej m.in. Festiwal Wszystkie Mazurki \u015awiata, koncert \u201eRzeczpospolita Kolberga: Kraina P\u00f3\u0142nocno-Wschodnia \u2013 Podlasie\u201d (2014), Festiwal \u201eNajstarsze Pie\u015bni Europy\u201d (2014, 2017), 26 Festiwal \u201ePie\u015bni Naszych Korzeni\u201d (2018) koncert \u201eMirakulanci. Rzecz o cudach w pie\u015bniach polskich\u201d.\u00a0<\/p><p>Inicjowa\u0142 i prowadzi\u0142 spotkania oraz warsztaty z udzia\u0142em mistrz\u00f3w \u015bpiewu pogrzebowego z Podlasia, m.in. we wsp\u00f3\u0142pracy ze Stowarzyszeniem Dom Ta\u0144ca i Ambasad\u0105 Muzyki Tradycyjnej (2018), Fundacj\u0105 Wszystkie Mazurki \u015awiata (2019).\u00a0<\/p>\t\t\t\t\t\t\t\t<\/div>\n\t\t\t\t<\/div>\n\t\t\t\t<div class=\"elementor-element elementor-element-cb9d9be elementor-widget-tablet__width-initial elementor-widget-mobile__width-initial elementor-invisible elementor-widget elementor-widget-text-editor\" data-id=\"cb9d9be\" data-element_type=\"widget\" data-settings=\"{&quot;_animation&quot;:&quot;fadeInRight&quot;}\" data-widget_type=\"text-editor.default\">\n\t\t\t\t<div class=\"elementor-widget-container\">\n\t\t\t\t\t\t\t\t\t<strong>W ramach Festiwalu Rymkiewiczowskiego Robert Burdalski poprowadzi warsztaty pie\u015bni pogrzebowych.<\/strong>\t\t\t\t\t\t\t\t<\/div>\n\t\t\t\t<\/div>\n\t\t\t\t<div class=\"elementor-element elementor-element-8b5c792 elementor-widget-tablet__width-initial elementor-invisible elementor-widget elementor-widget-aux_modern_button\" data-id=\"8b5c792\" data-element_type=\"widget\" data-settings=\"{&quot;_animation&quot;:&quot;fadeInRight&quot;}\" data-widget_type=\"aux_modern_button.default\">\n\t\t\t\t<div class=\"elementor-widget-container\">\n\t\t\t\t\t    <div class=\"aux-modern-button-wrapper aux-modern-button-align-left\" >\n                    <a class=\"aux-modern-button aux-black aux-modern-button-md aux-modern-button-normal aux-modern-button-default aux-icon-\" href=\"http:\/\/festiwalrymkiewiczowski.pl\/2023\/en\/warsztaty-piesni\/\">\n                <div class=\"aux-overlay\"><\/div>\n                                    <div class=\"aux-icon\">\n                                            <\/div>\n                                <div class=\"aux-text\">\n<span class=\"aux-text-before\">szczeg\u00f3\u0142y waesztat\u00f3w<\/span>                <\/div>\n            <\/a>\n            \n    <\/div>\n\n    \t\t\t\t<\/div>\n\t\t\t\t<\/div>\n\t\t\t\t\t<\/div>\n\t\t<\/div>\n\t\t\t\t\t<\/div>\n\t\t<\/section>\n\t\t\t\t<\/div>","protected":false},"excerpt":{"rendered":"<p>Robert BurdalskiMuzyk, badacz muzyki tradycyjnej Ma 20-letnie do\u015bwiadczenie w praktykowaniu zar\u00f3wno tradycji pie\u015bni pogrzebowych, wielkopostnych, maryjnych oraz r\u00f3\u017ca\u0144ca, przede wszystkim z Podlasia i Roztocza, jak i tradycyjnej muzyki instrumentalnej z centralnej Polski. Wsp\u00f3\u0142tworzy\u0142 grupy Podr\u00f3\u017cniczy Kolektyw Skrzypcowy, Kapel\u0119 Braci Zawiejok\u00f3w. Ucze\u0144 domu Jana Gacy, \u015bpiewak\u00f3w pogrzebowych z Podlasia: Jana Szklarzewskiego, Jana Komosy. Uczestnik projekt\u00f3w w [&hellip;]<\/p>","protected":false},"author":1,"featured_media":0,"parent":0,"menu_order":0,"comment_status":"closed","ping_status":"closed","template":"","meta":{"_monsterinsights_skip_tracking":false,"_monsterinsights_sitenote_active":false,"_monsterinsights_sitenote_note":"","_monsterinsights_sitenote_category":0,"footnotes":""},"class_list":["post-4810","page","type-page","status-publish","hentry"],"_links":{"self":[{"href":"http:\/\/festiwalrymkiewiczowski.pl\/2023\/en\/wp-json\/wp\/v2\/pages\/4810","targetHints":{"allow":["GET"]}}],"collection":[{"href":"http:\/\/festiwalrymkiewiczowski.pl\/2023\/en\/wp-json\/wp\/v2\/pages"}],"about":[{"href":"http:\/\/festiwalrymkiewiczowski.pl\/2023\/en\/wp-json\/wp\/v2\/types\/page"}],"author":[{"embeddable":true,"href":"http:\/\/festiwalrymkiewiczowski.pl\/2023\/en\/wp-json\/wp\/v2\/users\/1"}],"replies":[{"embeddable":true,"href":"http:\/\/festiwalrymkiewiczowski.pl\/2023\/en\/wp-json\/wp\/v2\/comments?post=4810"}],"version-history":[{"count":4,"href":"http:\/\/festiwalrymkiewiczowski.pl\/2023\/en\/wp-json\/wp\/v2\/pages\/4810\/revisions"}],"predecessor-version":[{"id":4815,"href":"http:\/\/festiwalrymkiewiczowski.pl\/2023\/en\/wp-json\/wp\/v2\/pages\/4810\/revisions\/4815"}],"wp:attachment":[{"href":"http:\/\/festiwalrymkiewiczowski.pl\/2023\/en\/wp-json\/wp\/v2\/media?parent=4810"}],"curies":[{"name":"wp","href":"https:\/\/api.w.org\/{rel}","templated":true}]}}