{"id":4496,"date":"2023-10-23T08:05:47","date_gmt":"2023-10-23T08:05:47","guid":{"rendered":"http:\/\/festiwalrymkiewiczowski.pl\/2023\/?page_id=4496"},"modified":"2023-10-26T13:34:07","modified_gmt":"2023-10-26T13:34:07","slug":"mateusz-werner","status":"publish","type":"page","link":"http:\/\/festiwalrymkiewiczowski.pl\/2023\/en\/mateusz-werner\/","title":{"rendered":"Mateusz Werner\u202f"},"content":{"rendered":"<div data-elementor-type=\"wp-page\" data-elementor-id=\"4496\" class=\"elementor elementor-4496\">\n\t\t\t\t\t\t<section class=\"elementor-section elementor-top-section elementor-element elementor-element-c8378e1 elementor-section-stretched elementor-section-boxed elementor-section-height-default elementor-section-height-default\" data-id=\"c8378e1\" data-element_type=\"section\" data-settings=\"{&quot;stretch_section&quot;:&quot;section-stretched&quot;,&quot;background_background&quot;:&quot;gradient&quot;}\">\n\t\t\t\t\t\t<div class=\"elementor-container elementor-column-gap-default\">\n\t\t\t\t\t<div class=\"aux-parallax-section elementor-column elementor-col-50 elementor-top-column elementor-element elementor-element-a04f1c6\" data-id=\"a04f1c6\" data-element_type=\"column\">\n\t\t\t<div class=\"elementor-widget-wrap elementor-element-populated\">\n\t\t\t\t\t\t<div class=\"elementor-element elementor-element-ff2fdd2 elementor-widget-tablet__width-initial elementor-invisible elementor-widget elementor-widget-image\" data-id=\"ff2fdd2\" data-element_type=\"widget\" data-settings=\"{&quot;_animation&quot;:&quot;fadeInLeft&quot;}\" data-widget_type=\"image.default\">\n\t\t\t\t<div class=\"elementor-widget-container\">\n\t\t\t\t\t\t\t\t\t\t\t\t\t\t\t\t<a href=\"http:\/\/festiwalrymkiewiczowski.pl\/2023\/wp-content\/uploads\/2023\/10\/Mateusz_Werner_2.jpg\" data-elementor-open-lightbox=\"yes\" data-elementor-lightbox-title=\"Mateusz_Werner_2\" data-e-action-hash=\"#elementor-action%3Aaction%3Dlightbox%26settings%3DeyJpZCI6NTAwMiwidXJsIjoiaHR0cDpcL1wvZmVzdGl3YWxyeW1raWV3aWN6b3dza2kucGxcLzIwMjNcL3dwLWNvbnRlbnRcL3VwbG9hZHNcLzIwMjNcLzEwXC9NYXRldXN6X1dlcm5lcl8yLmpwZyJ9\">\n\t\t\t\t\t\t\t<img decoding=\"async\" src=\"http:\/\/festiwalrymkiewiczowski.pl\/2023\/wp-content\/uploads\/2023\/10\/Mateusz_Werner_2.jpg\" title=\"Mateusz_Werner_2\" alt=\"Mateusz_Werner_2\" loading=\"lazy\" \/>\t\t\t\t\t\t\t\t<\/a>\n\t\t\t\t\t\t\t\t\t\t\t\t\t\t\t<\/div>\n\t\t\t\t<\/div>\n\t\t\t\t\t<\/div>\n\t\t<\/div>\n\t\t\t\t<div class=\"aux-parallax-section elementor-column elementor-col-50 elementor-top-column elementor-element elementor-element-915fcd9\" data-id=\"915fcd9\" data-element_type=\"column\">\n\t\t\t<div class=\"elementor-widget-wrap elementor-element-populated\">\n\t\t\t\t\t\t<div class=\"elementor-element elementor-element-bc832da elementor-invisible elementor-widget elementor-widget-text-editor\" data-id=\"bc832da\" data-element_type=\"widget\" data-settings=\"{&quot;_animation&quot;:&quot;fadeInRight&quot;}\" data-widget_type=\"text-editor.default\">\n\t\t\t\t<div class=\"elementor-widget-container\">\n\t\t\t\t\t\t\t\t\tMateusz Werner\t\t\t\t\t\t\t\t<\/div>\n\t\t\t\t<\/div>\n\t\t\t\t<div class=\"elementor-element elementor-element-468595d elementor-widget-tablet__width-initial elementor-widget-mobile__width-initial elementor-invisible elementor-widget elementor-widget-text-editor\" data-id=\"468595d\" data-element_type=\"widget\" data-settings=\"{&quot;_animation&quot;:&quot;fadeInRight&quot;}\" data-widget_type=\"text-editor.default\">\n\t\t\t\t<div class=\"elementor-widget-container\">\n\t\t\t\t\t\t\t\t\tFilozof kultury, eseista, krytyk filmowy\t\t\t\t\t\t\t\t<\/div>\n\t\t\t\t<\/div>\n\t\t\t\t<div class=\"elementor-element elementor-element-3918b42 elementor-widget-tablet__width-initial elementor-widget-mobile__width-initial elementor-invisible elementor-widget elementor-widget-text-editor\" data-id=\"3918b42\" data-element_type=\"widget\" data-settings=\"{&quot;_animation&quot;:&quot;fadeInRight&quot;}\" data-widget_type=\"text-editor.default\">\n\t\t\t\t<div class=\"elementor-widget-container\">\n\t\t\t\t\t\t\t\t\t<p>Doktor, adiunkt na Wydziale Nauk Humanistycznych Uniwersytetu Kardyna\u0142a Stefana Wyszy\u0144skiego. Redaktor naczelny miesi\u0119cznika \u201eTw\u00f3rczo\u015b\u0107\u201d. Redaktor kwartalnika filozoficznego \u201eKronos\u201d. Autor ksi\u0105\u017cki <em>Wobec nihilizmu. Gombrowicz, Witkacy<\/em> (2009). T\u0142umaczy\u0142 m. in. Martina Heideggera, Theodora Adorno.<\/p>\t\t\t\t\t\t\t\t<\/div>\n\t\t\t\t<\/div>\n\t\t\t\t<div class=\"elementor-element elementor-element-cb9d9be elementor-widget-tablet__width-initial elementor-widget-mobile__width-initial elementor-invisible elementor-widget elementor-widget-text-editor\" data-id=\"cb9d9be\" data-element_type=\"widget\" data-settings=\"{&quot;_animation&quot;:&quot;fadeInRight&quot;}\" data-widget_type=\"text-editor.default\">\n\t\t\t\t<div class=\"elementor-widget-container\">\n\t\t\t\t\t\t\t\t\t<strong>Mateusz Werner wyst\u0105pi w Debacie Rymkiewiczowskiej \u201ePo co nam polonistyka?\u201d.<\/strong>\t\t\t\t\t\t\t\t<\/div>\n\t\t\t\t<\/div>\n\t\t\t\t<div class=\"elementor-element elementor-element-8b5c792 elementor-widget-tablet__width-initial elementor-invisible elementor-widget elementor-widget-aux_modern_button\" data-id=\"8b5c792\" data-element_type=\"widget\" data-settings=\"{&quot;_animation&quot;:&quot;fadeInRight&quot;}\" data-widget_type=\"aux_modern_button.default\">\n\t\t\t\t<div class=\"elementor-widget-container\">\n\t\t\t\t\t    <div class=\"aux-modern-button-wrapper aux-modern-button-align-left\" >\n                    <a class=\"aux-modern-button aux-black aux-modern-button-md aux-modern-button-normal aux-modern-button-default aux-icon-\" href=\"http:\/\/festiwalrymkiewiczowski.pl\/2023\/en\/debata-rymkiewiczowska-2\/\">\n                <div class=\"aux-overlay\"><\/div>\n                                    <div class=\"aux-icon\">\n                                            <\/div>\n                                <div class=\"aux-text\">\n<span class=\"aux-text-before\">szczeg\u00f3\u0142y debaty<\/span>                <\/div>\n            <\/a>\n            \n    <\/div>\n\n    \t\t\t\t<\/div>\n\t\t\t\t<\/div>\n\t\t\t\t\t<\/div>\n\t\t<\/div>\n\t\t\t\t\t<\/div>\n\t\t<\/section>\n\t\t\t\t<\/div>","protected":false},"excerpt":{"rendered":"<p>Mateusz WernerFilozof kultury, eseista, krytyk filmowy Doktor, adiunkt na Wydziale Nauk Humanistycznych Uniwersytetu Kardyna\u0142a Stefana Wyszy\u0144skiego. Redaktor naczelny miesi\u0119cznika \u201eTw\u00f3rczo\u015b\u0107\u201d. Redaktor kwartalnika filozoficznego \u201eKronos\u201d. Autor ksi\u0105\u017cki Wobec nihilizmu. Gombrowicz, Witkacy (2009). T\u0142umaczy\u0142 m. in. Martina Heideggera, Theodora Adorno. Mateusz Werner wyst\u0105pi w Debacie Rymkiewiczowskiej \u201ePo co nam polonistyka?\u201d. szczeg\u00f3\u0142y debaty<\/p>","protected":false},"author":1,"featured_media":0,"parent":0,"menu_order":0,"comment_status":"closed","ping_status":"closed","template":"","meta":{"_monsterinsights_skip_tracking":false,"_monsterinsights_sitenote_active":false,"_monsterinsights_sitenote_note":"","_monsterinsights_sitenote_category":0,"footnotes":""},"class_list":["post-4496","page","type-page","status-publish","hentry"],"_links":{"self":[{"href":"http:\/\/festiwalrymkiewiczowski.pl\/2023\/en\/wp-json\/wp\/v2\/pages\/4496","targetHints":{"allow":["GET"]}}],"collection":[{"href":"http:\/\/festiwalrymkiewiczowski.pl\/2023\/en\/wp-json\/wp\/v2\/pages"}],"about":[{"href":"http:\/\/festiwalrymkiewiczowski.pl\/2023\/en\/wp-json\/wp\/v2\/types\/page"}],"author":[{"embeddable":true,"href":"http:\/\/festiwalrymkiewiczowski.pl\/2023\/en\/wp-json\/wp\/v2\/users\/1"}],"replies":[{"embeddable":true,"href":"http:\/\/festiwalrymkiewiczowski.pl\/2023\/en\/wp-json\/wp\/v2\/comments?post=4496"}],"version-history":[{"count":16,"href":"http:\/\/festiwalrymkiewiczowski.pl\/2023\/en\/wp-json\/wp\/v2\/pages\/4496\/revisions"}],"predecessor-version":[{"id":5005,"href":"http:\/\/festiwalrymkiewiczowski.pl\/2023\/en\/wp-json\/wp\/v2\/pages\/4496\/revisions\/5005"}],"wp:attachment":[{"href":"http:\/\/festiwalrymkiewiczowski.pl\/2023\/en\/wp-json\/wp\/v2\/media?parent=4496"}],"curies":[{"name":"wp","href":"https:\/\/api.w.org\/{rel}","templated":true}]}}