{"id":3615,"date":"2023-10-16T07:38:43","date_gmt":"2023-10-16T07:38:43","guid":{"rendered":"http:\/\/festiwalrymkiewiczowski.pl\/2023\/?page_id=3615"},"modified":"2023-10-21T18:46:52","modified_gmt":"2023-10-21T18:46:52","slug":"warsztaty-piesni-pogrzebowej","status":"publish","type":"page","link":"http:\/\/festiwalrymkiewiczowski.pl\/2023\/en\/warsztaty-piesni-pogrzebowej\/","title":{"rendered":"\u017begnam ci\u0119, m\u00f3j \u015bwiecie weso\u0142y &#8211; Warsztaty tworzenia osobistej pie\u015bni pogrzebowej"},"content":{"rendered":"<div data-elementor-type=\"wp-page\" data-elementor-id=\"3615\" class=\"elementor elementor-3615\">\n\t\t\t\t\t\t<section class=\"elementor-section elementor-top-section elementor-element elementor-element-83eff01 elementor-section-stretched elementor-section-boxed elementor-section-height-default elementor-section-height-default\" data-id=\"83eff01\" data-element_type=\"section\" data-settings=\"{&quot;stretch_section&quot;:&quot;section-stretched&quot;,&quot;background_background&quot;:&quot;gradient&quot;}\">\n\t\t\t\t\t\t<div class=\"elementor-container elementor-column-gap-default\">\n\t\t\t\t\t<div class=\"aux-parallax-section elementor-column elementor-col-50 elementor-top-column elementor-element elementor-element-e1b4b51\" data-id=\"e1b4b51\" data-element_type=\"column\">\n\t\t\t<div class=\"elementor-widget-wrap elementor-element-populated\">\n\t\t\t\t\t\t<div class=\"elementor-element elementor-element-1228d2e elementor-widget-tablet__width-initial elementor-invisible elementor-widget elementor-widget-image\" data-id=\"1228d2e\" data-element_type=\"widget\" data-settings=\"{&quot;_animation&quot;:&quot;fadeInLeft&quot;}\" data-widget_type=\"image.default\">\n\t\t\t\t<div class=\"elementor-widget-container\">\n\t\t\t\t\t\t\t\t\t\t\t\t\t\t\t\t<a href=\"http:\/\/festiwalrymkiewiczowski.pl\/2023\/wp-content\/uploads\/2023\/10\/Zegnam-swiecie-wesoly_01-1.jpg\" data-elementor-open-lightbox=\"yes\" data-elementor-lightbox-title=\"Zegnam-swiecie-wesoly_01 (1)\" data-e-action-hash=\"#elementor-action%3Aaction%3Dlightbox%26settings%3DeyJpZCI6NDE5MywidXJsIjoiaHR0cDpcL1wvZmVzdGl3YWxyeW1raWV3aWN6b3dza2kucGxcLzIwMjNcL3dwLWNvbnRlbnRcL3VwbG9hZHNcLzIwMjNcLzEwXC9aZWduYW0tc3dpZWNpZS13ZXNvbHlfMDEtMS5qcGcifQ%3D%3D\">\n\t\t\t\t\t\t\t<img fetchpriority=\"high\" decoding=\"async\" width=\"1448\" height=\"2048\" src=\"http:\/\/festiwalrymkiewiczowski.pl\/2023\/wp-content\/uploads\/2023\/10\/Zegnam-swiecie-wesoly_01-1.jpg\" class=\"attachment-full size-full wp-image-4193\" alt=\"\" srcset=\"http:\/\/festiwalrymkiewiczowski.pl\/2023\/wp-content\/uploads\/2023\/10\/Zegnam-swiecie-wesoly_01-1.jpg 1448w, http:\/\/festiwalrymkiewiczowski.pl\/2023\/wp-content\/uploads\/2023\/10\/Zegnam-swiecie-wesoly_01-1-1086x1536.jpg 1086w, http:\/\/festiwalrymkiewiczowski.pl\/2023\/wp-content\/uploads\/2023\/10\/Zegnam-swiecie-wesoly_01-1-8x12.jpg 8w\" sizes=\"(max-width: 1448px) 100vw, 1448px\" \/>\t\t\t\t\t\t\t\t<\/a>\n\t\t\t\t\t\t\t\t\t\t\t\t\t\t\t<\/div>\n\t\t\t\t<\/div>\n\t\t\t\t\t<\/div>\n\t\t<\/div>\n\t\t\t\t<div class=\"aux-parallax-section elementor-column elementor-col-50 elementor-top-column elementor-element elementor-element-f0ee2e0\" data-id=\"f0ee2e0\" data-element_type=\"column\">\n\t\t\t<div class=\"elementor-widget-wrap elementor-element-populated\">\n\t\t\t\t\t\t<div class=\"elementor-element elementor-element-949770e elementor-invisible elementor-widget elementor-widget-text-editor\" data-id=\"949770e\" data-element_type=\"widget\" data-settings=\"{&quot;_animation&quot;:&quot;fadeInRight&quot;}\" data-widget_type=\"text-editor.default\">\n\t\t\t\t<div class=\"elementor-widget-container\">\n\t\t\t\t\t\t\t\t\t\u017bEGNAM CI\u0118,<br>\nM\u00d3J \u015aWIECIE WESO\u0141Y\t\t\t\t\t\t\t\t<\/div>\n\t\t\t\t<\/div>\n\t\t\t\t<div class=\"elementor-element elementor-element-dbd3b37 elementor-invisible elementor-widget elementor-widget-text-editor\" data-id=\"dbd3b37\" data-element_type=\"widget\" data-settings=\"{&quot;_animation&quot;:&quot;fadeInRight&quot;}\" data-widget_type=\"text-editor.default\">\n\t\t\t\t<div class=\"elementor-widget-container\">\n\t\t\t\t\t\t\t\t\tWarsztaty tworzenia<br>\nosobistej pie\u015bni pogrzebowej\t\t\t\t\t\t\t\t<\/div>\n\t\t\t\t<\/div>\n\t\t\t\t<div class=\"elementor-element elementor-element-a97734f elementor-invisible elementor-widget elementor-widget-text-editor\" data-id=\"a97734f\" data-element_type=\"widget\" data-settings=\"{&quot;_animation&quot;:&quot;fadeInRight&quot;}\" data-widget_type=\"text-editor.default\">\n\t\t\t\t<div class=\"elementor-widget-container\">\n\t\t\t\t\t\t\t\t\t<b>8 LISTOPADA, g. 18:00<\/b><br>\nSiedziba Requiem Records\t\t\t\t\t\t\t\t<\/div>\n\t\t\t\t<\/div>\n\t\t\t\t<div class=\"elementor-element elementor-element-e2b9ef5 elementor-invisible elementor-widget elementor-widget-text-editor\" data-id=\"e2b9ef5\" data-element_type=\"widget\" data-settings=\"{&quot;_animation&quot;:&quot;fadeInRight&quot;}\" data-widget_type=\"text-editor.default\">\n\t\t\t\t<div class=\"elementor-widget-container\">\n\t\t\t\t\t\t\t\t\tKrakowskie Przedmie\u015bcie 64\t\t\t\t\t\t\t\t<\/div>\n\t\t\t\t<\/div>\n\t\t\t\t<div class=\"elementor-element elementor-element-d72bbed elementor-invisible elementor-widget elementor-widget-image\" data-id=\"d72bbed\" data-element_type=\"widget\" data-settings=\"{&quot;_animation&quot;:&quot;fadeInRight&quot;}\" data-widget_type=\"image.default\">\n\t\t\t\t<div class=\"elementor-widget-container\">\n\t\t\t\t\t\t\t\t\t\t\t\t\t\t\t<img decoding=\"async\" width=\"1474\" height=\"681\" src=\"http:\/\/festiwalrymkiewiczowski.pl\/2023\/wp-content\/uploads\/2023\/10\/RS.svg\" class=\"attachment-full size-full wp-image-3001\" alt=\"\" \/>\t\t\t\t\t\t\t\t\t\t\t\t\t\t\t<\/div>\n\t\t\t\t<\/div>\n\t\t\t\t<div class=\"elementor-element elementor-element-4aff088 elementor-invisible elementor-widget elementor-widget-aux_modern_button\" data-id=\"4aff088\" data-element_type=\"widget\" data-settings=\"{&quot;_animation&quot;:&quot;fadeInRight&quot;}\" data-widget_type=\"aux_modern_button.default\">\n\t\t\t\t<div class=\"elementor-widget-container\">\n\t\t\t\t\t    <div class=\"aux-modern-button-wrapper aux-modern-button-align-left\" >\n                    <a class=\"aux-modern-button aux-black aux-modern-button-md aux-modern-button-normal aux-modern-button-default aux-icon-\" href=\"https:\/\/app.evenea.pl\/event\/zegnamcie\/\" target=\"_blank\">\n                <div class=\"aux-overlay\"><\/div>\n                                    <div class=\"aux-icon\">\n                                            <\/div>\n                                <div class=\"aux-text\">\n<span class=\"aux-text-before\">pobierz wej\u015bci\u00f3wk\u0119<\/span>                <\/div>\n            <\/a>\n            \n    <\/div>\n\n    \t\t\t\t<\/div>\n\t\t\t\t<\/div>\n\t\t\t\t\t<\/div>\n\t\t<\/div>\n\t\t\t\t\t<\/div>\n\t\t<\/section>\n\t\t\t\t<section class=\"elementor-section elementor-top-section elementor-element elementor-element-599309c elementor-section-stretched elementor-section-boxed elementor-section-height-default elementor-section-height-default\" data-id=\"599309c\" data-element_type=\"section\" data-settings=\"{&quot;stretch_section&quot;:&quot;section-stretched&quot;,&quot;background_background&quot;:&quot;classic&quot;}\">\n\t\t\t\t\t\t\t<div class=\"elementor-background-overlay\"><\/div>\n\t\t\t\t\t\t\t<div class=\"elementor-container elementor-column-gap-default\">\n\t\t\t\t\t<div class=\"aux-parallax-section elementor-column elementor-col-100 elementor-top-column elementor-element elementor-element-240eae7\" data-id=\"240eae7\" data-element_type=\"column\">\n\t\t\t<div class=\"elementor-widget-wrap elementor-element-populated\">\n\t\t\t\t\t\t<div class=\"elementor-element elementor-element-30bedc9 elementor-widget elementor-widget-image\" data-id=\"30bedc9\" data-element_type=\"widget\" data-widget_type=\"image.default\">\n\t\t\t\t<div class=\"elementor-widget-container\">\n\t\t\t\t\t\t\t\t\t\t\t\t\t\t\t<img decoding=\"async\" width=\"467\" height=\"526\" src=\"http:\/\/festiwalrymkiewiczowski.pl\/2023\/wp-content\/uploads\/2023\/09\/purple_sign.png\" class=\"attachment-large size-large wp-image-1940\" alt=\"\" srcset=\"http:\/\/festiwalrymkiewiczowski.pl\/2023\/wp-content\/uploads\/2023\/09\/purple_sign.png 467w, http:\/\/festiwalrymkiewiczowski.pl\/2023\/wp-content\/uploads\/2023\/09\/purple_sign-11x12.png 11w\" sizes=\"(max-width: 467px) 100vw, 467px\" \/>\t\t\t\t\t\t\t\t\t\t\t\t\t\t\t<\/div>\n\t\t\t\t<\/div>\n\t\t\t\t<div class=\"elementor-element elementor-element-0933a83 elementor-invisible elementor-widget elementor-widget-text-editor\" data-id=\"0933a83\" data-element_type=\"widget\" data-settings=\"{&quot;_animation&quot;:&quot;fadeIn&quot;}\" data-widget_type=\"text-editor.default\">\n\t\t\t\t<div class=\"elementor-widget-container\">\n\t\t\t\t\t\t\t\t\tO warsztatach\t\t\t\t\t\t\t\t<\/div>\n\t\t\t\t<\/div>\n\t\t\t\t<div class=\"elementor-element elementor-element-898a116 elementor-widget__width-initial elementor-invisible elementor-widget elementor-widget-text-editor\" data-id=\"898a116\" data-element_type=\"widget\" data-settings=\"{&quot;_animation&quot;:&quot;fadeIn&quot;}\" data-widget_type=\"text-editor.default\">\n\t\t\t\t<div class=\"elementor-widget-container\">\n\t\t\t\t\t\t\t\t\t<p>Podczas warsztatu przyjrzymy si\u0119 jednej z najbardziej znanych w tradycji pie\u015bni zegarowych: \u201e\u017begnam ci\u0119, m\u00f3j \u015bwiecie weso\u0142y\u201d, w kt\u00f3rej wraz z wybijaniem kolejnych godzin zmar\u0142y cz\u0142owiek \u017cegna si\u0119 ze \u015bwiatem i wszystkim, co mu na \u015bwiecie bliskie. Pie\u015b\u0144 te \u015bpiewa\u0142o si\u0119 na pogrzebach i czuwaniach, poniek\u0105d w imieniu zmar\u0142ego.<\/p>\t\t\t\t\t\t\t\t<\/div>\n\t\t\t\t<\/div>\n\t\t\t\t<div class=\"elementor-element elementor-element-716c9be elementor-widget-divider--view-line elementor-widget elementor-widget-divider\" data-id=\"716c9be\" data-element_type=\"widget\" data-widget_type=\"divider.default\">\n\t\t\t\t<div class=\"elementor-widget-container\">\n\t\t\t\t\t\t\t<div class=\"elementor-divider\">\n\t\t\t<span class=\"elementor-divider-separator\">\n\t\t\t\t\t\t<\/span>\n\t\t<\/div>\n\t\t\t\t\t\t<\/div>\n\t\t\t\t<\/div>\n\t\t\t\t<div class=\"elementor-element elementor-element-41d7c57 elementor-widget__width-initial elementor-invisible elementor-widget elementor-widget-text-editor\" data-id=\"41d7c57\" data-element_type=\"widget\" data-settings=\"{&quot;_animation&quot;:&quot;fadeIn&quot;}\" data-widget_type=\"text-editor.default\">\n\t\t\t\t<div class=\"elementor-widget-container\">\n\t\t\t\t\t\t\t\t\t<p>Chcemy zaprosi\u0107 uczestnik\u00f3w do tego, \u017ceby potraktowali j\u0105 jak pie\u015b\u0144 wsp\u00f3\u0142czesnego cz\u0142owieka, niekoniecznie zakorzenionionego w jakiejkolwiek tradycji, kt\u00f3r\u0105 w jego imieniu mo\u017cemy za\u015bpiewa\u0107. Podczas warsztat\u00f3w nauczymy si\u0119 tej pie\u015bni, przyjrzymy si\u0119 jej strukturze i przywo\u0142ywanym w niej elementom. A potem pomy\u015blimy o naszych bliskich, o ich \u015bwiecie, o tym, co dla nich by\u0142o wa\u017cne, z czym \u2013 gdyby mogli \u2013 chcieliby si\u0119 po\u017cegna\u0107.<\/p><p>Zapraszamy osoby doros\u0142e, nie trzeba zna\u0107 ani lubi\u0107 muzyki tradycyjnej \u2013 ale mo\u017cna. Nie trzeba umie\u0107 \u015bpiewa\u0107, ani w og\u00f3le zna\u0107 si\u0119 na muzyce. Trzeba mie\u0107 tylko ch\u0119\u0107 do namys\u0142u i otwarto\u015b\u0107.<\/p><p><strong>Osoby, dla kt\u00f3rych do\u015bwiadczenie straty lub odchodzenia bliskiej osoby jest \u015bwie\u017ce lub w\u0142a\u015bnie teraz obecne prosz\u0119 o rozwa\u017cenie uczestnictwa. Zapraszam, bo wiem, \u017ce tego rodzaju praca mo\u017ce przynosi\u0107 ulg\u0119. Mo\u017ce si\u0119 jednak r\u00f3wnie dobrze okaza\u0107 czym\u015b nie do ud\u017awigni\u0119cia w danym momencie. <\/strong><\/p><p><strong>W razie pyta\u0144 lub w\u0105tpliwo\u015bci prosz\u0119 o kontakt <\/strong><strong>telefoniczny, tel. 513524139.<\/strong><\/p>\t\t\t\t\t\t\t\t<\/div>\n\t\t\t\t<\/div>\n\t\t\t\t<div class=\"elementor-element elementor-element-2638182 elementor-widget-divider--view-line elementor-widget elementor-widget-divider\" data-id=\"2638182\" data-element_type=\"widget\" data-widget_type=\"divider.default\">\n\t\t\t\t<div class=\"elementor-widget-container\">\n\t\t\t\t\t\t\t<div class=\"elementor-divider\">\n\t\t\t<span class=\"elementor-divider-separator\">\n\t\t\t\t\t\t<\/span>\n\t\t<\/div>\n\t\t\t\t\t\t<\/div>\n\t\t\t\t<\/div>\n\t\t\t\t<div class=\"elementor-element elementor-element-21ffa88 elementor-widget__width-initial elementor-invisible elementor-widget elementor-widget-text-editor\" data-id=\"21ffa88\" data-element_type=\"widget\" data-settings=\"{&quot;_animation&quot;:&quot;fadeIn&quot;}\" data-widget_type=\"text-editor.default\">\n\t\t\t\t<div class=\"elementor-widget-container\">\n\t\t\t\t\t\t\t\t\t<p><strong>Katarzyna Jackowska-Enemuo<\/strong> \u2013 antropolo\u017cka kultury, opowiadaczka historii, muzykantka, kompozytorka, pisarka. Muzyk\u0105 tradycyjn\u0105 i jej funkcj\u0105 wsp\u00f3\u0142cze\u015bnie zajmuje si\u0119 od 25 lat. Cz\u0142onkini kolektywu Instytut Dobrej \u015amierci. Prowadzi \u015bwieckie i osobiste ceremonie pogrzebowe. Wsp\u00f3\u0142za\u0142o\u017cycielka i wsp\u00f3\u0142prowadz\u0105ca inicjatywy Przemiany, w ramach kt\u00f3rej tworzy i prowadzi wsp\u00f3\u0142czesne, spersonalizowane obrz\u0119dy przej\u015bcia.<\/p>\t\t\t\t\t\t\t\t<\/div>\n\t\t\t\t<\/div>\n\t\t\t\t<div class=\"elementor-element elementor-element-255e48c elementor-widget-divider--view-line elementor-widget elementor-widget-divider\" data-id=\"255e48c\" data-element_type=\"widget\" data-widget_type=\"divider.default\">\n\t\t\t\t<div class=\"elementor-widget-container\">\n\t\t\t\t\t\t\t<div class=\"elementor-divider\">\n\t\t\t<span class=\"elementor-divider-separator\">\n\t\t\t\t\t\t<\/span>\n\t\t<\/div>\n\t\t\t\t\t\t<\/div>\n\t\t\t\t<\/div>\n\t\t\t\t<div class=\"elementor-element elementor-element-3ef0f21 elementor-widget__width-initial elementor-invisible elementor-widget elementor-widget-text-editor\" data-id=\"3ef0f21\" data-element_type=\"widget\" data-settings=\"{&quot;_animation&quot;:&quot;fadeIn&quot;}\" data-widget_type=\"text-editor.default\">\n\t\t\t\t<div class=\"elementor-widget-container\">\n\t\t\t\t\t\t\t\t\t<strong>Wst\u0119p biletowany<\/strong>\t\t\t\t\t\t\t\t<\/div>\n\t\t\t\t<\/div>\n\t\t\t\t\t<\/div>\n\t\t<\/div>\n\t\t\t\t\t<\/div>\n\t\t<\/section>\n\t\t\t\t<\/div>","protected":false},"excerpt":{"rendered":"<p>\u017bEGNAM CI\u0118, M\u00d3J \u015aWIECIE WESO\u0141YWarsztaty tworzenia osobistej pie\u015bni pogrzebowej8 LISTOPADA, g. 18:00 Siedziba Requiem RecordsKrakowskie Przedmie\u015bcie 64 pobierz wej\u015bci\u00f3wk\u0119 O warsztatach Podczas warsztatu przyjrzymy si\u0119 jednej z najbardziej znanych w tradycji pie\u015bni zegarowych: \u201e\u017begnam ci\u0119, m\u00f3j \u015bwiecie weso\u0142y\u201d, w kt\u00f3rej wraz z wybijaniem kolejnych godzin zmar\u0142y cz\u0142owiek \u017cegna si\u0119 ze \u015bwiatem i wszystkim, co mu [&hellip;]<\/p>","protected":false},"author":1,"featured_media":0,"parent":0,"menu_order":0,"comment_status":"closed","ping_status":"closed","template":"","meta":{"_monsterinsights_skip_tracking":false,"_monsterinsights_sitenote_active":false,"_monsterinsights_sitenote_note":"","_monsterinsights_sitenote_category":0,"footnotes":""},"class_list":["post-3615","page","type-page","status-publish","hentry"],"_links":{"self":[{"href":"http:\/\/festiwalrymkiewiczowski.pl\/2023\/en\/wp-json\/wp\/v2\/pages\/3615","targetHints":{"allow":["GET"]}}],"collection":[{"href":"http:\/\/festiwalrymkiewiczowski.pl\/2023\/en\/wp-json\/wp\/v2\/pages"}],"about":[{"href":"http:\/\/festiwalrymkiewiczowski.pl\/2023\/en\/wp-json\/wp\/v2\/types\/page"}],"author":[{"embeddable":true,"href":"http:\/\/festiwalrymkiewiczowski.pl\/2023\/en\/wp-json\/wp\/v2\/users\/1"}],"replies":[{"embeddable":true,"href":"http:\/\/festiwalrymkiewiczowski.pl\/2023\/en\/wp-json\/wp\/v2\/comments?post=3615"}],"version-history":[{"count":50,"href":"http:\/\/festiwalrymkiewiczowski.pl\/2023\/en\/wp-json\/wp\/v2\/pages\/3615\/revisions"}],"predecessor-version":[{"id":4205,"href":"http:\/\/festiwalrymkiewiczowski.pl\/2023\/en\/wp-json\/wp\/v2\/pages\/3615\/revisions\/4205"}],"wp:attachment":[{"href":"http:\/\/festiwalrymkiewiczowski.pl\/2023\/en\/wp-json\/wp\/v2\/media?parent=3615"}],"curies":[{"name":"wp","href":"https:\/\/api.w.org\/{rel}","templated":true}]}}