{"id":2603,"date":"2023-10-10T09:26:57","date_gmt":"2023-10-10T09:26:57","guid":{"rendered":"http:\/\/festiwalrymkiewiczowski.pl\/2023\/?page_id=2603"},"modified":"2023-10-13T08:07:15","modified_gmt":"2023-10-13T08:07:15","slug":"debaty","status":"publish","type":"page","link":"http:\/\/festiwalrymkiewiczowski.pl\/2023\/en\/debaty\/","title":{"rendered":"DEBATES"},"content":{"rendered":"<div data-elementor-type=\"wp-page\" data-elementor-id=\"2603\" class=\"elementor elementor-2603\">\n\t\t\t\t\t\t<section class=\"elementor-section elementor-top-section elementor-element elementor-element-439ee74 elementor-section-stretched elementor-section-boxed elementor-section-height-default elementor-section-height-default\" data-id=\"439ee74\" data-element_type=\"section\" data-settings=\"{&quot;stretch_section&quot;:&quot;section-stretched&quot;,&quot;background_background&quot;:&quot;classic&quot;}\">\n\t\t\t\t\t\t\t<div class=\"elementor-background-overlay\"><\/div>\n\t\t\t\t\t\t\t<div class=\"elementor-container elementor-column-gap-default\">\n\t\t\t\t\t<div class=\"aux-parallax-section elementor-column elementor-col-100 elementor-top-column elementor-element elementor-element-e9a1499\" data-id=\"e9a1499\" data-element_type=\"column\">\n\t\t\t<div class=\"elementor-widget-wrap elementor-element-populated\">\n\t\t\t\t\t\t<div class=\"elementor-element elementor-element-a2d3061 elementor-invisible elementor-widget elementor-widget-text-editor\" data-id=\"a2d3061\" data-element_type=\"widget\" data-settings=\"{&quot;_animation&quot;:&quot;fadeIn&quot;}\" data-widget_type=\"text-editor.default\">\n\t\t\t\t<div class=\"elementor-widget-container\">\n\t\t\t\t\t\t\t\t\t<p>DEBATES<\/p>\t\t\t\t\t\t\t\t<\/div>\n\t\t\t\t<\/div>\n\t\t\t\t\t<\/div>\n\t\t<\/div>\n\t\t\t\t\t<\/div>\n\t\t<\/section>\n\t\t\t\t<section class=\"elementor-section elementor-top-section elementor-element elementor-element-794742a elementor-section-stretched elementor-section-boxed elementor-section-height-default elementor-section-height-default\" data-id=\"794742a\" data-element_type=\"section\" data-settings=\"{&quot;stretch_section&quot;:&quot;section-stretched&quot;,&quot;background_background&quot;:&quot;classic&quot;}\">\n\t\t\t\t\t\t\t<div class=\"elementor-background-overlay\"><\/div>\n\t\t\t\t\t\t\t<div class=\"elementor-container elementor-column-gap-default\">\n\t\t\t\t\t<div class=\"aux-parallax-section elementor-column elementor-col-33 elementor-top-column elementor-element elementor-element-df0daa5\" data-id=\"df0daa5\" data-element_type=\"column\">\n\t\t\t<div class=\"elementor-widget-wrap elementor-element-populated\">\n\t\t\t\t\t\t<div class=\"elementor-element elementor-element-08deb55 elementor-invisible elementor-widget elementor-widget-text-editor\" data-id=\"08deb55\" data-element_type=\"widget\" data-settings=\"{&quot;_animation&quot;:&quot;fadeInLeft&quot;}\" data-widget_type=\"text-editor.default\">\n\t\t\t\t<div class=\"elementor-widget-container\">\n\t\t\t\t\t\t\t\t\tSortuj<br>tematycznie:\t\t\t\t\t\t\t\t<\/div>\n\t\t\t\t<\/div>\n\t\t\t\t<div class=\"elementor-element elementor-element-0b4aa7b elementor-widget__width-initial elementor-widget-mobile__width-initial elementor-invisible elementor-widget elementor-widget-aux_menu_box\" data-id=\"0b4aa7b\" data-element_type=\"widget\" data-settings=\"{&quot;_animation&quot;:&quot;fadeInLeft&quot;}\" data-widget_type=\"aux_menu_box.default\">\n\t\t\t\t<div class=\"elementor-widget-container\">\n\t\t\t\t\t<div class=\"aux-elementor-header-menu aux-nav-menu-element aux-nav-menu-element-0b4aa7b\"><div class=\"aux-burger-box\" data-target-panel=\"toggle-bar\" data-target-content=\".elementor-element-0b4aa7b .aux-master-menu\"><div class=\"aux-burger aux-custom-burger\"><\/div><\/div><!-- start master menu -->\n<nav id=\"master-menu-elementor-0b4aa7b\" class=\"menu-program-container\">\n\n\t<ul id=\"menu-program\" class=\"aux-master-menu aux-no-js aux-skin-classic aux-vertical\" data-type=\"vertical\"  data-switch-type=\"toggle\" data-switch-parent=\".elementor-element-0b4aa7b .aux-toggle-menu-bar\" data-switch-width=\"768\"  >\n\t\t<!-- start single menu -->\n\t\t<li id=\"menu-item-769\" class=\"menu-item menu-item-type-custom menu-item-object-custom menu-item-769 aux-menu-depth-0 aux-menu-root-1 aux-menu-item\">\n\t\t\t<a href=\"http:\/\/festiwalrymkiewiczowski.pl\/2023\/en\/spotkania\/\" class=\"aux-item-content\">\n\t\t\t\t<span class=\"aux-menu-label\">MEETING<\/span>\n\t\t\t<\/a>\n\t\t<\/li>\n\t\t<!-- end single menu -->\n\t\t<!-- start single menu -->\n\t\t<li id=\"menu-item-771\" class=\"menu-item menu-item-type-custom menu-item-object-custom menu-item-771 aux-menu-depth-0 aux-menu-root-2 aux-menu-item\">\n\t\t\t<a href=\"http:\/\/festiwalrymkiewiczowski.pl\/2023\/en\/debaty\/\" class=\"aux-item-content\">\n\t\t\t\t<span class=\"aux-menu-label\">DEBATES<\/span>\n\t\t\t<\/a>\n\t\t<\/li>\n\t\t<!-- end single menu -->\n\t\t<!-- start single menu -->\n\t\t<li id=\"menu-item-768\" class=\"menu-item menu-item-type-custom menu-item-object-custom menu-item-768 aux-menu-depth-0 aux-menu-root-3 aux-menu-item\">\n\t\t\t<a href=\"http:\/\/festiwalrymkiewiczowski.pl\/2023\/en\/wystawy\/\" class=\"aux-item-content\">\n\t\t\t\t<span class=\"aux-menu-label\">EXHIBITIONS<\/span>\n\t\t\t<\/a>\n\t\t<\/li>\n\t\t<!-- end single menu -->\n\t\t<!-- start single menu -->\n\t\t<li id=\"menu-item-772\" class=\"menu-item menu-item-type-custom menu-item-object-custom menu-item-772 aux-menu-depth-0 aux-menu-root-4 aux-menu-item\">\n\t\t\t<a href=\"http:\/\/festiwalrymkiewiczowski.pl\/2023\/en\/koncerty\/\" class=\"aux-item-content\">\n\t\t\t\t<span class=\"aux-menu-label\">CONCERTS<\/span>\n\t\t\t<\/a>\n\t\t<\/li>\n\t\t<!-- end single menu -->\n\t\t<!-- start single menu -->\n\t\t<li id=\"menu-item-770\" class=\"menu-item menu-item-type-custom menu-item-object-custom menu-item-770 aux-menu-depth-0 aux-menu-root-5 aux-menu-item\">\n\t\t\t<a href=\"http:\/\/festiwalrymkiewiczowski.pl\/2023\/en\/spektakle\/\" class=\"aux-item-content\">\n\t\t\t\t<span class=\"aux-menu-label\">PERFORMANCES<\/span>\n\t\t\t<\/a>\n\t\t<\/li>\n\t\t<!-- end single menu -->\n\t\t<!-- start single menu -->\n\t\t<li id=\"menu-item-1563\" class=\"menu-item menu-item-type-custom menu-item-object-custom menu-item-1563 aux-menu-depth-0 aux-menu-root-6 aux-menu-item\">\n\t\t\t<a href=\"http:\/\/festiwalrymkiewiczowski.pl\/2023\/en\/warsztaty\/\" class=\"aux-item-content\">\n\t\t\t\t<span class=\"aux-menu-label\">WORKSHOPS<\/span>\n\t\t\t<\/a>\n\t\t<\/li>\n\t\t<!-- end single menu -->\n\t\t<!-- start single menu -->\n\t\t<li id=\"menu-item-1564\" class=\"menu-item menu-item-type-custom menu-item-object-custom menu-item-1564 aux-menu-depth-0 aux-menu-root-7 aux-menu-item\">\n\t\t\t<a href=\"http:\/\/festiwalrymkiewiczowski.pl\/2023\/en\/konferencje\/\" class=\"aux-item-content\">\n\t\t\t\t<span class=\"aux-menu-label\">CONFERENCES<\/span>\n\t\t\t<\/a>\n\t\t<\/li>\n\t\t<!-- end single menu -->\n\t<\/ul>\n\n<\/nav>\n<!-- end master menu -->\n<div class=\"aux-toggle-menu-bar\"><\/div><\/div><style>@media only screen and (min-width: 769px) { .elementor-element-0b4aa7b .aux-burger-box { display: none } }<\/style>\t\t\t\t<\/div>\n\t\t\t\t<\/div>\n\t\t\t\t\t<\/div>\n\t\t<\/div>\n\t\t\t\t<div class=\"aux-parallax-section elementor-column elementor-col-66 elementor-top-column elementor-element elementor-element-83d8510 elementor-invisible\" data-id=\"83d8510\" data-element_type=\"column\" data-settings=\"{&quot;animation&quot;:&quot;fadeInRight&quot;}\">\n\t\t\t<div class=\"elementor-widget-wrap elementor-element-populated\">\n\t\t\t\t\t\t<section class=\"elementor-section elementor-inner-section elementor-element elementor-element-530e0be elementor-section-full_width elementor-section-content-middle elementor-section-height-default elementor-section-height-default\" data-id=\"530e0be\" data-element_type=\"section\" data-settings=\"{&quot;background_background&quot;:&quot;classic&quot;}\">\n\t\t\t\t\t\t<div class=\"elementor-container elementor-column-gap-extended\">\n\t\t\t\t\t<div class=\"aux-parallax-section elementor-column elementor-col-50 elementor-inner-column elementor-element elementor-element-f3ee96b\" data-id=\"f3ee96b\" data-element_type=\"column\" data-settings=\"{&quot;background_background&quot;:&quot;classic&quot;}\">\n\t\t\t<div class=\"elementor-widget-wrap elementor-element-populated\">\n\t\t\t\t\t<div class=\"elementor-background-overlay\"><\/div>\n\t\t\t\t\t\t<div class=\"elementor-element elementor-element-bd5a563 elementor-widget__width-initial elementor-widget elementor-widget-text-editor\" data-id=\"bd5a563\" data-element_type=\"widget\" data-widget_type=\"text-editor.default\">\n\t\t\t\t<div class=\"elementor-widget-container\">\n\t\t\t\t\t\t\t\t\t2 LISTOPADA\t\t\t\t\t\t\t\t<\/div>\n\t\t\t\t<\/div>\n\t\t\t\t<div class=\"elementor-element elementor-element-8d543b8 elementor-widget elementor-widget-text-editor\" data-id=\"8d543b8\" data-element_type=\"widget\" data-widget_type=\"text-editor.default\">\n\t\t\t\t<div class=\"elementor-widget-container\">\n\t\t\t\t\t\t\t\t\t<div class=\"elementor-element elementor-element-cdb0825 elementor-widget elementor-widget-text-editor animated fadeInRight\" data-id=\"cdb0825\" data-element_type=\"widget\" data-settings=\"{&quot;_animation&quot;:&quot;fadeInRight&quot;}\" data-widget_type=\"text-editor.default\"><div class=\"elementor-widget-container\">Sala Kolumnowa Wydzia\u0142u Historii UW, g. 17.00<\/div><\/div>\t\t\t\t\t\t\t\t<\/div>\n\t\t\t\t<\/div>\n\t\t\t\t\t<\/div>\n\t\t<\/div>\n\t\t\t\t<div class=\"aux-parallax-section elementor-column elementor-col-50 elementor-inner-column elementor-element elementor-element-f673938\" data-id=\"f673938\" data-element_type=\"column\" data-settings=\"{&quot;background_background&quot;:&quot;classic&quot;}\">\n\t\t\t<div class=\"elementor-widget-wrap elementor-element-populated\">\n\t\t\t\t\t\t<div class=\"elementor-element elementor-element-0c0a34e elementor-widget elementor-widget-text-editor\" data-id=\"0c0a34e\" data-element_type=\"widget\" data-widget_type=\"text-editor.default\">\n\t\t\t\t<div class=\"elementor-widget-container\">\n\t\t\t\t\t\t\t\t\t<div class=\"elementor-element elementor-element-cdb0825 elementor-widget elementor-widget-text-editor animated fadeInRight\" data-id=\"cdb0825\" data-element_type=\"widget\" data-settings=\"{&quot;_animation&quot;:&quot;fadeInRight&quot;}\" data-widget_type=\"text-editor.default\"><div class=\"elementor-widget-container\">DEBATA RYMKIEWICZOWSKA<br \/>Przemoc i polityka<\/div><\/div>\t\t\t\t\t\t\t\t<\/div>\n\t\t\t\t<\/div>\n\t\t\t\t<div class=\"elementor-element elementor-element-6975d89 elementor-invisible elementor-widget elementor-widget-aux_modern_button\" data-id=\"6975d89\" data-element_type=\"widget\" data-settings=\"{&quot;_animation&quot;:&quot;fadeIn&quot;}\" data-widget_type=\"aux_modern_button.default\">\n\t\t\t\t<div class=\"elementor-widget-container\">\n\t\t\t\t\t    <div class=\"aux-modern-button-wrapper aux-modern-button-align-center\" >\n                    <a class=\"aux-modern-button aux-white aux-modern-button-md aux-modern-button-normal aux-modern-button-outline aux-icon-\" href=\"http:\/\/festiwalrymkiewiczowski.pl\/2023\/en\/debata-rymkiewiczowska\/\">\n                <div class=\"aux-overlay\"><\/div>\n                                    <div class=\"aux-icon\">\n                                            <\/div>\n                                <div class=\"aux-text\">\n<span class=\"aux-text-before\">zobacz szczeg\u00f3\u0142y<\/span>                <\/div>\n            <\/a>\n            \n    <\/div>\n\n    \t\t\t\t<\/div>\n\t\t\t\t<\/div>\n\t\t\t\t\t<\/div>\n\t\t<\/div>\n\t\t\t\t\t<\/div>\n\t\t<\/section>\n\t\t\t\t<section class=\"elementor-section elementor-inner-section elementor-element elementor-element-a03923a elementor-section-full_width elementor-section-content-middle elementor-section-height-default elementor-section-height-default\" data-id=\"a03923a\" data-element_type=\"section\" data-settings=\"{&quot;background_background&quot;:&quot;classic&quot;}\">\n\t\t\t\t\t\t<div class=\"elementor-container elementor-column-gap-extended\">\n\t\t\t\t\t<div class=\"aux-parallax-section elementor-column elementor-col-50 elementor-inner-column elementor-element elementor-element-115ddf5\" data-id=\"115ddf5\" data-element_type=\"column\" data-settings=\"{&quot;background_background&quot;:&quot;classic&quot;}\">\n\t\t\t<div class=\"elementor-widget-wrap elementor-element-populated\">\n\t\t\t\t\t<div class=\"elementor-background-overlay\"><\/div>\n\t\t\t\t\t\t<div class=\"elementor-element elementor-element-0d252d7 elementor-widget__width-initial elementor-widget elementor-widget-text-editor\" data-id=\"0d252d7\" data-element_type=\"widget\" data-widget_type=\"text-editor.default\">\n\t\t\t\t<div class=\"elementor-widget-container\">\n\t\t\t\t\t\t\t\t\t9 LISTOPADA\t\t\t\t\t\t\t\t<\/div>\n\t\t\t\t<\/div>\n\t\t\t\t<div class=\"elementor-element elementor-element-2c9cc46 elementor-widget elementor-widget-text-editor\" data-id=\"2c9cc46\" data-element_type=\"widget\" data-widget_type=\"text-editor.default\">\n\t\t\t\t<div class=\"elementor-widget-container\">\n\t\t\t\t\t\t\t\t\t<div class=\"elementor-element elementor-element-cdb0825 elementor-widget elementor-widget-text-editor animated fadeInRight\" data-id=\"cdb0825\" data-element_type=\"widget\" data-settings=\"{&quot;_animation&quot;:&quot;fadeInRight&quot;}\" data-widget_type=\"text-editor.default\"><div class=\"elementor-widget-container\">Muzeum Literatury, g. 17.00<\/div><\/div>\t\t\t\t\t\t\t\t<\/div>\n\t\t\t\t<\/div>\n\t\t\t\t\t<\/div>\n\t\t<\/div>\n\t\t\t\t<div class=\"aux-parallax-section elementor-column elementor-col-50 elementor-inner-column elementor-element elementor-element-f71a63a\" data-id=\"f71a63a\" data-element_type=\"column\">\n\t\t\t<div class=\"elementor-widget-wrap elementor-element-populated\">\n\t\t\t\t\t\t<div class=\"elementor-element elementor-element-b6bd28d elementor-widget elementor-widget-text-editor\" data-id=\"b6bd28d\" data-element_type=\"widget\" data-widget_type=\"text-editor.default\">\n\t\t\t\t<div class=\"elementor-widget-container\">\n\t\t\t\t\t\t\t\t\t<div data-id=\"cdb0825\" data-element_type=\"widget\" data-settings=\"{&quot;_animation&quot;:&quot;fadeInRight&quot;}\" data-widget_type=\"text-editor.default\">DEBATA RYMKIEWICZOWSKA<br \/>Po co nam polonistyka?<\/div>\t\t\t\t\t\t\t\t<\/div>\n\t\t\t\t<\/div>\n\t\t\t\t<div class=\"elementor-element elementor-element-681c945 elementor-widget elementor-widget-image\" data-id=\"681c945\" data-element_type=\"widget\" data-widget_type=\"image.default\">\n\t\t\t\t<div class=\"elementor-widget-container\">\n\t\t\t\t\t\t\t\t\t\t\t\t\t\t\t<img fetchpriority=\"high\" decoding=\"async\" width=\"1395\" height=\"391\" src=\"http:\/\/festiwalrymkiewiczowski.pl\/2023\/wp-content\/uploads\/2023\/09\/muzeum_literatury_white.png\" class=\"attachment-full size-full wp-image-2054\" alt=\"\" srcset=\"http:\/\/festiwalrymkiewiczowski.pl\/2023\/wp-content\/uploads\/2023\/09\/muzeum_literatury_white.png 1395w, http:\/\/festiwalrymkiewiczowski.pl\/2023\/wp-content\/uploads\/2023\/09\/muzeum_literatury_white-18x5.png 18w\" sizes=\"(max-width: 1395px) 100vw, 1395px\" \/>\t\t\t\t\t\t\t\t\t\t\t\t\t\t\t<\/div>\n\t\t\t\t<\/div>\n\t\t\t\t<div class=\"elementor-element elementor-element-9ebd6c8 elementor-invisible elementor-widget elementor-widget-aux_modern_button\" data-id=\"9ebd6c8\" data-element_type=\"widget\" data-settings=\"{&quot;_animation&quot;:&quot;fadeIn&quot;}\" data-widget_type=\"aux_modern_button.default\">\n\t\t\t\t<div class=\"elementor-widget-container\">\n\t\t\t\t\t    <div class=\"aux-modern-button-wrapper aux-modern-button-align-center\" >\n                    <a class=\"aux-modern-button aux-white aux-modern-button-md aux-modern-button-normal aux-modern-button-outline aux-icon-\" href=\"http:\/\/festiwalrymkiewiczowski.pl\/2023\/en\/debata-rymkiewiczowska-2\/\">\n                <div class=\"aux-overlay\"><\/div>\n                                    <div class=\"aux-icon\">\n                                            <\/div>\n                                <div class=\"aux-text\">\n<span class=\"aux-text-before\">zobacz szczeg\u00f3\u0142y<\/span>                <\/div>\n            <\/a>\n            \n    <\/div>\n\n    \t\t\t\t<\/div>\n\t\t\t\t<\/div>\n\t\t\t\t\t<\/div>\n\t\t<\/div>\n\t\t\t\t\t<\/div>\n\t\t<\/section>\n\t\t\t\t\t<\/div>\n\t\t<\/div>\n\t\t\t\t\t<\/div>\n\t\t<\/section>\n\t\t\t\t<\/div>","protected":false},"excerpt":{"rendered":"<p>Debaty Sortujtematycznie: Spotkania Debaty Wystawy Koncerty Spektakle Warsztaty Konferencje 2 LISTOPADASala Kolumnowa Wydzia\u0142u Historii UW, g. 17.00DEBATA RYMKIEWICZOWSKAPrzemoc i polityka zobacz szczeg\u00f3\u0142y 9 LISTOPADAMuzeum Literatury, g. 17.00DEBATA RYMKIEWICZOWSKAPo co nam polonistyka? zobacz szczeg\u00f3\u0142y<\/p>","protected":false},"author":1,"featured_media":0,"parent":0,"menu_order":0,"comment_status":"closed","ping_status":"closed","template":"","meta":{"_monsterinsights_skip_tracking":false,"_monsterinsights_sitenote_active":false,"_monsterinsights_sitenote_note":"","_monsterinsights_sitenote_category":0,"footnotes":""},"class_list":["post-2603","page","type-page","status-publish","hentry"],"_links":{"self":[{"href":"http:\/\/festiwalrymkiewiczowski.pl\/2023\/en\/wp-json\/wp\/v2\/pages\/2603","targetHints":{"allow":["GET"]}}],"collection":[{"href":"http:\/\/festiwalrymkiewiczowski.pl\/2023\/en\/wp-json\/wp\/v2\/pages"}],"about":[{"href":"http:\/\/festiwalrymkiewiczowski.pl\/2023\/en\/wp-json\/wp\/v2\/types\/page"}],"author":[{"embeddable":true,"href":"http:\/\/festiwalrymkiewiczowski.pl\/2023\/en\/wp-json\/wp\/v2\/users\/1"}],"replies":[{"embeddable":true,"href":"http:\/\/festiwalrymkiewiczowski.pl\/2023\/en\/wp-json\/wp\/v2\/comments?post=2603"}],"version-history":[{"count":19,"href":"http:\/\/festiwalrymkiewiczowski.pl\/2023\/en\/wp-json\/wp\/v2\/pages\/2603\/revisions"}],"predecessor-version":[{"id":3471,"href":"http:\/\/festiwalrymkiewiczowski.pl\/2023\/en\/wp-json\/wp\/v2\/pages\/2603\/revisions\/3471"}],"wp:attachment":[{"href":"http:\/\/festiwalrymkiewiczowski.pl\/2023\/en\/wp-json\/wp\/v2\/media?parent=2603"}],"curies":[{"name":"wp","href":"https:\/\/api.w.org\/{rel}","templated":true}]}}